{"id":690,"date":"2024-09-25T18:31:29","date_gmt":"2024-09-25T10:31:29","guid":{"rendered":"https:\/\/custom-rugs.org\/services\/"},"modified":"2024-12-04T11:15:19","modified_gmt":"2024-12-04T03:15:19","slug":"services","status":"publish","type":"page","link":"https:\/\/custom-rugs.org\/tr\/services\/","title":{"rendered":"Hizmetler"},"content":{"rendered":"<div class=\"wp-block-uagb-container uagb-block-d074255c alignfull uagb-is-root-container\"><div class=\"uagb-container-inner-blocks-wrap\">\n<div class=\"wp-block-uagb-advanced-heading uagb-block-eaaaeb64\"><h1 class=\"uagb-heading-text\">\u00d6zel Hal\u0131 Hizmetleri<\/h1><p class=\"uagb-desc-text\">\u00c7in'in \u00f6nde gelen \u00f6zel kilim \u00fcreticisi ve tedarik\u00e7isiyiz. Talepleriniz \u00fczerine kilim tasarlayabiliriz.<\/p><\/div>\n<\/div><\/div>\n\n\n\n<div class=\"wp-block-uagb-container uagb-block-3fa8ff1d alignfull uagb-is-root-container\"><div class=\"uagb-container-inner-blocks-wrap\"><\/div><\/div>\n\n\n\n<div class=\"wp-block-uagb-container uagb-block-c2b40ed0 alignfull uagb-is-root-container\"><div class=\"uagb-container-inner-blocks-wrap\">\n<div class=\"wp-block-uagb-container uagb-block-dea82d95\">\n<div class=\"wp-block-uagb-info-box uagb-block-0cbd1e35 uagb-infobox__content-wrap  uagb-infobox_cta-type-all uagb-infobox-icon-above-title uagb-infobox-image-valign-top\"><a href=\"https:\/\/custom-rugs.org\/tr\/custom-rugs\/\" class=\"uagb-infobox-link-wrap uagb-infbox__link-to-all\" target=\"_blank\" aria-label=\"Bilgi Kutusu Ba\u011flant\u0131s\u0131\" rel=\"noopener noreferrer\" onclick=\"return true;\"><\/a><div class=\"uagb-ifb-content\"><div class=\"uagb-ifb-image-content\"><img decoding=\"async\" src=\"https:\/\/custom-rugs.org\/wp-content\/uploads\/2024\/09\/custom-rugs-picture-300x240.webp\" alt=\"\u00f6zel hal\u0131lar\" width=\"\" height=\"0\" loading=\"lazy\"\/><\/div><div class=\"uagb-ifb-title-wrap\"><h3 class=\"uagb-ifb-title\">\u00d6zel Hal\u0131lar<\/h3><\/div><p class=\"uagb-ifb-desc\">\u00c7e\u015fitli sekt\u00f6rlerdeki i\u015fletmelerin benzersiz ihtiya\u00e7lar\u0131n\u0131 kar\u015f\u0131layan \u0131smarlama hal\u0131lar yaratma konusunda uzman\u0131z.<\/p><div class=\"uagb-ifb-button-wrapper wp-block-button\"><\/div><\/div><\/div>\n<\/div>\n\n\n\n<div class=\"wp-block-uagb-info-box uagb-block-c6059027 uagb-infobox__content-wrap  uagb-infobox_cta-type-all uagb-infobox-icon-above-title uagb-infobox-image-valign-top\"><a href=\"https:\/\/custom-rugs.org\/tr\/custom-logo-rugs\/\" class=\"uagb-infobox-link-wrap uagb-infbox__link-to-all\" target=\"_blank\" aria-label=\"Bilgi Kutusu Ba\u011flant\u0131s\u0131\" rel=\"noopener noreferrer\" onclick=\"return true;\"><\/a><div class=\"uagb-ifb-content\"><div class=\"uagb-ifb-image-content\"><img decoding=\"async\" src=\"https:\/\/custom-rugs.org\/wp-content\/uploads\/2024\/09\/custom-logo-rugs-picture-300x200.jpg\" alt=\"\u00f6zel logo hal\u0131lar\" width=\"\" height=\"0\" loading=\"lazy\"\/><\/div><div class=\"uagb-ifb-title-wrap\"><h3 class=\"uagb-ifb-title\">\u00d6zel Logo Hal\u0131lar<\/h3><\/div><p class=\"uagb-ifb-desc\">\u0130ster m\u00fc\u015fterilerinizi ofisinizde kar\u015f\u0131lay\u0131n, ister perakende sat\u0131\u015f alan\u0131n\u0131z\u0131 geli\u015ftirin veya showroomunuza profesyonel bir dokunu\u015f kat\u0131n, \u00f6zel marka hal\u0131lar\u0131m\u0131z logonuzun \u00f6ne \u00e7\u0131kmas\u0131n\u0131 sa\u011flar.<\/p><div class=\"uagb-ifb-button-wrapper wp-block-button\"><\/div><\/div><\/div>\n\n\n\n<div class=\"wp-block-uagb-info-box uagb-block-68251469 uagb-infobox__content-wrap  uagb-infobox_cta-type-all uagb-infobox-icon-above-title uagb-infobox-image-valign-top\"><a href=\"https:\/\/custom-rugs.org\/tr\/custom-tufted-rugs\/\" class=\"uagb-infobox-link-wrap uagb-infbox__link-to-all\" target=\"_blank\" aria-label=\"Bilgi Kutusu Ba\u011flant\u0131s\u0131\" rel=\"noopener noreferrer\" onclick=\"return true;\"><\/a><div class=\"uagb-ifb-content\"><div class=\"uagb-ifb-image-content\"><img decoding=\"async\" src=\"https:\/\/custom-rugs.org\/wp-content\/uploads\/2024\/09\/Worker-Making-Custom-Tufted-Rug-300x200.jpg\" alt=\"\u00d6zel P\u00fcsk\u00fcll\u00fc Hal\u0131 Yapan \u0130\u015f\u00e7i\" width=\"\" height=\"0\" loading=\"lazy\"\/><\/div><div class=\"uagb-ifb-title-wrap\"><h3 class=\"uagb-ifb-title\">\u00d6zel P\u00fcsk\u00fcll\u00fc Hal\u0131lar<\/h3><\/div><p class=\"uagb-ifb-desc\">\u0130ster konut, ister ticari veya konaklama ama\u00e7l\u0131 kullan\u0131m i\u00e7in olsun, \u00f6zel p\u00fcsk\u00fcll\u00fc hal\u0131lar\u0131m\u0131z her projenin benzersiz gereksinimlerini kar\u015f\u0131lamak \u00fczere titizlikle tasarlan\u0131r.<\/p><div class=\"uagb-ifb-button-wrapper wp-block-button\"><\/div><\/div><\/div>\n<\/div><\/div>\n\n\n\n<div class=\"wp-block-uagb-container uagb-block-caf7e383 alignfull uagb-is-root-container\"><div class=\"uagb-container-inner-blocks-wrap\">\n<div class=\"wp-block-uagb-container uagb-block-c2aa4a3c\">\n<div class=\"wp-block-uagb-advanced-heading uagb-block-fcddc946\"><h3 class=\"uagb-heading-text\">Profesyonel \u00d6zel Hal\u0131 \u00dcreticisi<\/h3><p class=\"uagb-desc-text\">\u015eirketimiz, \u00f6zel ihtiya\u00e7lar\u0131n\u0131z\u0131 kar\u015f\u0131lamak i\u00e7in \u00f6zel olarak tasarlanm\u0131\u015f y\u00fcksek kaliteli, \u0131smarlama hal\u0131lar yaratma konusunda uzmanla\u015fm\u0131\u015ft\u0131r. Y\u0131llar\u0131n deneyimi ve yetenekli zanaatkarlardan olu\u015fan bir ekiple, vizyonunuzu hayata ge\u00e7irmek i\u00e7in geni\u015f bir malzeme, tasar\u0131m ve renk yelpazesi sunuyoruz. \u0130ster eviniz, ister ofisiniz veya ticari alan\u0131n\u0131z i\u00e7in benzersiz bir par\u00e7aya ihtiyac\u0131n\u0131z olsun, her hal\u0131n\u0131n hassasiyet ve \u00f6zenle haz\u0131rlanmas\u0131n\u0131 sa\u011fl\u0131yoruz.<\/p><\/div>\n<\/div>\n\n\n\n<div class=\"wp-block-uagb-container uagb-block-6be9d90e\">\n<div class=\"wp-block-uagb-image uagb-block-336e511d wp-block-uagb-image--layout-default wp-block-uagb-image--effect-static wp-block-uagb-image--align-none\"><figure class=\"wp-block-uagb-image__figure\"><img loading=\"lazy\" decoding=\"async\" srcset=\"https:\/\/custom-rugs.org\/wp-content\/uploads\/2024\/09\/custom-rugs-manufacturer-picture-1024x768.jpg ,https:\/\/custom-rugs.org\/wp-content\/uploads\/2024\/09\/custom-rugs-manufacturer-picture.jpg 780w, https:\/\/custom-rugs.org\/wp-content\/uploads\/2024\/09\/custom-rugs-manufacturer-picture.jpg 360w\" sizes=\"auto, (max-width: 480px) 150px\" src=\"https:\/\/custom-rugs.org\/wp-content\/uploads\/2024\/09\/custom-rugs-manufacturer-picture-1024x768.jpg\" alt=\"\u00f6zel hal\u0131 \u00fcreticisi\" class=\"uag-image-1708\" width=\"640\" height=\"804\" title=\"\u00f6zel hal\u0131 \u00fcreticisi resmi\" role=\"img\"\/><\/figure><\/div>\n<\/div>\n<\/div><\/div>\n\n\n\n<div class=\"wp-block-uagb-container uagb-block-98817835 alignfull uagb-is-root-container\"><div class=\"uagb-container-inner-blocks-wrap\">\n<div class=\"wp-block-uagb-advanced-heading uagb-block-0b207ee7\"><h3 class=\"uagb-heading-text\">\u00c7al\u0131\u015fma S\u00fcreci<\/h3><\/div>\n\n\n\n<div class=\"wp-block-uagb-container uagb-layout-grid uagb-block-9e4c5d71\">\n<div class=\"wp-block-uagb-info-box uagb-block-547a35f7 uagb-infobox__content-wrap  uagb-infobox-icon-above-title uagb-infobox-image-valign-top\"><div class=\"uagb-ifb-content\"><div class=\"uagb-ifb-title-wrap\"><span class=\"uagb-ifb-title-prefix\">01.<\/span><h4 class=\"uagb-ifb-title\">Kons\u00fcltasyon<\/h4><\/div><p class=\"uagb-ifb-desc\">\u0130htiya\u00e7lar\u0131n\u0131z\u0131 g\u00f6r\u00fc\u015fmek i\u00e7in bizimle ileti\u015fime ge\u00e7in. Logonuzu ve \u00f6zel gereksinimlerinizi g\u00f6zden ge\u00e7irece\u011fiz.<\/p><\/div><\/div>\n\n\n\n<div class=\"wp-block-uagb-info-box uagb-block-0c6ac32a uagb-infobox__content-wrap  uagb-infobox-icon-above-title uagb-infobox-image-valign-top\"><div class=\"uagb-ifb-content\"><div class=\"uagb-ifb-title-wrap\"><span class=\"uagb-ifb-title-prefix\">02.<\/span><h4 class=\"uagb-ifb-title\">Tasar\u0131m Kan\u0131t\u0131<\/h4><\/div><p class=\"uagb-ifb-desc\">Tasar\u0131mc\u0131lar\u0131m\u0131z, onay i\u00e7in \u00f6zel hal\u0131n\u0131z\u0131n bir provas\u0131n\u0131 olu\u015fturacakt\u0131r.<\/p><\/div><\/div>\n\n\n\n<div class=\"wp-block-uagb-info-box uagb-block-b8341c92 uagb-infobox__content-wrap  uagb-infobox-icon-above-title uagb-infobox-image-valign-top\"><div class=\"uagb-ifb-content\"><div class=\"uagb-ifb-title-wrap\"><span class=\"uagb-ifb-title-prefix\">03.<\/span><h4 class=\"uagb-ifb-title\">\u00dcretim<\/h4><\/div><p class=\"uagb-ifb-desc\">Onayland\u0131ktan sonra, hal\u0131n\u0131z\u0131 en kaliteli malzemeler ve teknikler kullanarak haz\u0131rlamaya ba\u015flayaca\u011f\u0131z.<\/p><\/div><\/div>\n\n\n\n<div class=\"wp-block-uagb-info-box uagb-block-71d9e5b6 uagb-infobox__content-wrap  uagb-infobox-icon-above-title uagb-infobox-image-valign-top\"><div class=\"uagb-ifb-content\"><div class=\"uagb-ifb-title-wrap\"><span class=\"uagb-ifb-title-prefix\">04.<\/span><h4 class=\"uagb-ifb-title\">Teslimat<\/h4><\/div><p class=\"uagb-ifb-desc\">\u00d6zel hal\u0131n\u0131z, mekan\u0131n\u0131zda bir etki yaratmaya haz\u0131r bir \u015fekilde size teslim edilecektir.<\/p><\/div><\/div>\n\n\n\n<div class=\"wp-block-uagb-info-box uagb-block-b1905e06 uagb-infobox__content-wrap  uagb-infobox-icon-above-title uagb-infobox-image-valign-top\"><div class=\"uagb-ifb-content\"><div class=\"uagb-ifb-title-wrap\"><span class=\"uagb-ifb-title-prefix\">00.<\/span><h4 class=\"uagb-ifb-title\">\u00d6zel Bir \u00c7al\u0131\u015fmaya m\u0131 \u0130htiyac\u0131n\u0131z Var?<\/h4><\/div><div class=\"uagb-ifb-button-wrapper wp-block-button\"><a href=\"https:\/\/custom-rugs.org\/tr\/contact\/\" target=\"_self\" onclick=\"return true;\" class=\"uagb-infobox-cta-link\" rel=\"noopener noreferrer\"><span class=\"uagb-inline-editing\">Hadi Konu\u015fal\u0131m<\/span><svg xmlns=\"https:\/\/www.w3.org\/2000\/svg\" viewbox=\"0 0 512 512\"><path d=\"M504.3 273.6l-112.1 104c-6.992 6.484-17.18 8.218-25.94 4.406c-8.758-3.812-14.42-12.45-14.42-21.1L351.9 288H32C14.33 288 .0002 273.7 .0002 255.1S14.33 224 32 224h319.9l0-72c0-9.547 5.66-18.19 14.42-22c8.754-3.809 18.95-2.075 25.94 4.41l112.1 104C514.6 247.9 514.6 264.1 504.3 273.6z\"><\/path><\/svg><\/a><\/div><\/div><\/div>\n<\/div>\n<\/div><\/div>","protected":false},"excerpt":{"rendered":"<p>\u00d6zel Kilim Hizmetleri \u00c7in'in \u00f6nde gelen \u00f6zel kilim \u00fcreticisi ve tedarik\u00e7isiyiz. Talepleriniz \u00fczerine kilim tasarlayabiliriz. Profesyonel \u00d6zel Hal\u0131 \u00dcreticisi \u015eirketimiz, \u00f6zel ihtiya\u00e7lar\u0131n\u0131z\u0131 kar\u015f\u0131lamak i\u00e7in \u00f6zel olarak tasarlanm\u0131\u015f y\u00fcksek kaliteli, \u00f6zel yap\u0131m hal\u0131lar olu\u015fturma konusunda uzmanla\u015fm\u0131\u015ft\u0131r. Y\u0131llar\u0131n tecr\u00fcbesi ve yetenekli zanaatkarlardan olu\u015fan bir ekiple, geni\u015f bir yelpazede [...]<\/p>","protected":false},"author":1,"featured_media":0,"parent":0,"menu_order":0,"comment_status":"closed","ping_status":"closed","template":"","meta":{"rank_math_lock_modified_date":false,"_uag_custom_page_level_css":"","site-sidebar-layout":"no-sidebar","site-content-layout":"plain-container","ast-site-content-layout":"normal-width-container","site-content-style":"unboxed","site-sidebar-style":"unboxed","ast-global-header-display":"","ast-banner-title-visibility":"","ast-main-header-display":"","ast-hfb-above-header-display":"","ast-hfb-below-header-display":"","ast-hfb-mobile-header-display":"","site-post-title":"disabled","ast-breadcrumbs-content":"","ast-featured-img":"disabled","footer-sml-layout":"","theme-transparent-header-meta":"enabled","adv-header-id-meta":"","stick-header-meta":"","header-above-stick-meta":"","header-main-stick-meta":"","header-below-stick-meta":"","astra-migrate-meta-layouts":"set","ast-page-background-enabled":"default","ast-page-background-meta":{"desktop":{"background-color":"","background-image":"","background-repeat":"repeat","background-position":"center center","background-size":"auto","background-attachment":"scroll","background-type":"","background-media":"","overlay-type":"","overlay-color":"","overlay-opacity":"","overlay-gradient":""},"tablet":{"background-color":"","background-image":"","background-repeat":"repeat","background-position":"center center","background-size":"auto","background-attachment":"scroll","background-type":"","background-media":"","overlay-type":"","overlay-color":"","overlay-opacity":"","overlay-gradient":""},"mobile":{"background-color":"","background-image":"","background-repeat":"repeat","background-position":"center center","background-size":"auto","background-attachment":"scroll","background-type":"","background-media":"","overlay-type":"","overlay-color":"","overlay-opacity":"","overlay-gradient":""}},"ast-content-background-meta":{"desktop":{"background-color":"var(--ast-global-color-5)","background-image":"","background-repeat":"repeat","background-position":"center center","background-size":"auto","background-attachment":"scroll","background-type":"","background-media":"","overlay-type":"","overlay-color":"","overlay-opacity":"","overlay-gradient":""},"tablet":{"background-color":"var(--ast-global-color-5)","background-image":"","background-repeat":"repeat","background-position":"center center","background-size":"auto","background-attachment":"scroll","background-type":"","background-media":"","overlay-type":"","overlay-color":"","overlay-opacity":"","overlay-gradient":""},"mobile":{"background-color":"var(--ast-global-color-5)","background-image":"","background-repeat":"repeat","background-position":"center center","background-size":"auto","background-attachment":"scroll","background-type":"","background-media":"","overlay-type":"","overlay-color":"","overlay-opacity":"","overlay-gradient":""}},"_joinchat":[],"footnotes":""},"class_list":["post-690","page","type-page","status-publish","hentry"],"uagb_featured_image_src":{"full":false,"thumbnail":false,"medium":false,"medium_large":false,"large":false,"1536x1536":false,"2048x2048":false,"trp-custom-language-flag":false,"crp_thumbnail":false},"uagb_author_info":{"display_name":"Custom Rugs","author_link":"https:\/\/custom-rugs.org\/tr\/author\/admin-hang\/"},"uagb_comment_info":0,"uagb_excerpt":"Custom Rugs Services\u200b We are the leading custom rugs manufacturer and supplier in China. We can design the rugs on your demands. Professional Custom Rugs Manufacturer Our company specializes in creating high-quality, custom-made rugs tailored to meet your specific needs. With years of experience and a team of skilled artisans, we offer a wide range&hellip;","_links":{"self":[{"href":"https:\/\/custom-rugs.org\/tr\/wp-json\/wp\/v2\/pages\/690","targetHints":{"allow":["GET"]}}],"collection":[{"href":"https:\/\/custom-rugs.org\/tr\/wp-json\/wp\/v2\/pages"}],"about":[{"href":"https:\/\/custom-rugs.org\/tr\/wp-json\/wp\/v2\/types\/page"}],"author":[{"embeddable":true,"href":"https:\/\/custom-rugs.org\/tr\/wp-json\/wp\/v2\/users\/1"}],"replies":[{"embeddable":true,"href":"https:\/\/custom-rugs.org\/tr\/wp-json\/wp\/v2\/comments?post=690"}],"version-history":[{"count":0,"href":"https:\/\/custom-rugs.org\/tr\/wp-json\/wp\/v2\/pages\/690\/revisions"}],"wp:attachment":[{"href":"https:\/\/custom-rugs.org\/tr\/wp-json\/wp\/v2\/media?parent=690"}],"curies":[{"name":"wp","href":"https:\/\/api.w.org\/{rel}","templated":true}]}}