{"id":2360,"date":"2024-12-03T19:57:54","date_gmt":"2024-12-03T11:57:54","guid":{"rendered":"https:\/\/custom-rugs.org\/?page_id=2360"},"modified":"2024-12-03T19:59:36","modified_gmt":"2024-12-03T11:59:36","slug":"mid-century-abstract-wool-rug-beige-contemporary-200x300cm","status":"publish","type":"page","link":"https:\/\/custom-rugs.org\/tr\/abstract-rugs\/mid-century-abstract-wool-rug-beige-contemporary-200x300cm\/","title":{"rendered":"Y\u00fczy\u0131l Ortas\u0131 Soyut Y\u00fcn Hal\u0131 | Bej \u00c7a\u011fda\u015f 200x300cm"},"content":{"rendered":"<div data-elementor-type=\"wp-page\" data-elementor-id=\"2360\" class=\"elementor elementor-2360\">\n\t\t\t\t<div class=\"elementor-element elementor-element-0e6c445 e-flex e-con-boxed e-con e-parent\" data-id=\"0e6c445\" data-element_type=\"container\">\n\t\t\t\t\t<div class=\"e-con-inner\">\n\t\t<div class=\"elementor-element elementor-element-2a9696d e-con-full e-flex e-con e-child\" data-id=\"2a9696d\" data-element_type=\"container\">\n\t\t\t\t<div class=\"elementor-element elementor-element-30bb642 elementor-widget elementor-widget-image\" data-id=\"30bb642\" data-element_type=\"widget\" data-widget_type=\"image.default\">\n\t\t\t\t<div class=\"elementor-widget-container\">\n\t\t\t\t\t\t\t\t\t\t\t\t\t<img fetchpriority=\"high\" decoding=\"async\" width=\"768\" height=\"768\" src=\"https:\/\/custom-rugs.org\/wp-content\/uploads\/2024\/12\/mid-century-abstract-beige-wool-rug-200x300cm-picture-768x768.jpg\" class=\"attachment-medium_large size-medium_large wp-image-2362\" alt=\"orta y\u00fczy\u0131l soyut bej y\u00fcn hal\u0131 200x300cm resim\" srcset=\"https:\/\/custom-rugs.org\/wp-content\/uploads\/2024\/12\/mid-century-abstract-beige-wool-rug-200x300cm-picture-768x768.jpg 768w, https:\/\/custom-rugs.org\/wp-content\/uploads\/2024\/12\/mid-century-abstract-beige-wool-rug-200x300cm-picture-300x300.jpg 300w, https:\/\/custom-rugs.org\/wp-content\/uploads\/2024\/12\/mid-century-abstract-beige-wool-rug-200x300cm-picture-1024x1024.jpg 1024w, https:\/\/custom-rugs.org\/wp-content\/uploads\/2024\/12\/mid-century-abstract-beige-wool-rug-200x300cm-picture-150x150.jpg 150w, https:\/\/custom-rugs.org\/wp-content\/uploads\/2024\/12\/mid-century-abstract-beige-wool-rug-200x300cm-picture-1536x1536.jpg 1536w, https:\/\/custom-rugs.org\/wp-content\/uploads\/2024\/12\/mid-century-abstract-beige-wool-rug-200x300cm-picture.jpg 1600w\" sizes=\"(max-width: 768px) 100vw, 768px\" \/>\t\t\t\t\t\t\t\t\t\t\t\t\t<\/div>\n\t\t\t\t<\/div>\n\t\t\t\t<\/div>\n\t\t<div class=\"elementor-element elementor-element-233bf87 e-con-full e-flex e-con e-child\" data-id=\"233bf87\" data-element_type=\"container\">\n\t\t\t\t<div class=\"elementor-element elementor-element-bb6c2d5 elementor-widget elementor-widget-shortcode\" data-id=\"bb6c2d5\" data-element_type=\"widget\" data-widget_type=\"shortcode.default\">\n\t\t\t\t<div class=\"elementor-widget-container\">\n\t\t\t\t\t<div class=\"elementor-shortcode\"><nav aria-label=\"ekmek k\u0131r\u0131nt\u0131lar\u0131\" class=\"rank-math-breadcrumb\"><p><span class=\"last\">Ev<\/span><\/p><\/nav><\/div>\n\t\t\t\t<\/div>\n\t\t\t\t<\/div>\n\t\t\t\t<div class=\"elementor-element elementor-element-aa43aa6 elementor-widget elementor-widget-heading\" data-id=\"aa43aa6\" data-element_type=\"widget\" data-widget_type=\"heading.default\">\n\t\t\t\t<div class=\"elementor-widget-container\">\n\t\t\t<h1 class=\"elementor-heading-title elementor-size-default\">Y\u00fczy\u0131l Ortas\u0131 Soyut Y\u00fcn Hal\u0131 | Bej \u00c7a\u011fda\u015f 200x300cm<\/h1>\t\t<\/div>\n\t\t\t\t<\/div>\n\t\t\t\t<div class=\"elementor-element elementor-element-a765536 elementor-widget elementor-widget-text-editor\" data-id=\"a765536\" data-element_type=\"widget\" data-widget_type=\"text-editor.default\">\n\t\t\t\t<div class=\"elementor-widget-container\">\n\t\t\t\t\t\t\t<ul><li>\u00dcst\u00fcn konfor i\u00e7in l\u00fcks Yeni Zelanda y\u00fcn\u00fc<\/li><li>Y\u00fczy\u0131l ortas\u0131 soyut \u00e7a\u011fda\u015f tasar\u0131m<\/li><li>Zamans\u0131z \u015f\u0131kl\u0131k i\u00e7in sofistike bej paleti<\/li><li>Ola\u011fan\u00fcst\u00fc kalite ve uzun \u00f6m\u00fcr i\u00e7in \u00f6zel tafting<\/li><li>Geni\u015f odalar i\u00e7in c\u00f6mert 200x300cm boyut<\/li><\/ul>\t\t\t\t\t\t<\/div>\n\t\t\t\t<\/div>\n\t\t\t\t<div class=\"elementor-element elementor-element-72f4d6f elementor-align-left elementor-widget elementor-widget-button\" data-id=\"72f4d6f\" data-element_type=\"widget\" data-widget_type=\"button.default\">\n\t\t\t\t<div class=\"elementor-widget-container\">\n\t\t\t\t\t<div class=\"elementor-button-wrapper\">\n\t\t\t<a class=\"elementor-button elementor-button-link elementor-size-sm\" href=\"https:\/\/custom-rugs.org\/tr\/contact\/\" target=\"_blank\">\n\t\t\t\t\t\t<span class=\"elementor-button-content-wrapper\">\n\t\t\t\t\t\t\t\t\t<span class=\"elementor-button-text\">Teklif \u0130steyin<\/span>\n\t\t\t\t\t<\/span>\n\t\t\t\t\t<\/a>\n\t\t<\/div>\n\t\t\t\t<\/div>\n\t\t\t\t<\/div>\n\t\t\t\t<\/div>\n\t\t\t\t\t<\/div>\n\t\t\t\t<\/div>\n\t\t<div class=\"elementor-element elementor-element-1068bab e-flex e-con-boxed e-con e-parent\" data-id=\"1068bab\" data-element_type=\"container\" data-settings=\"{&quot;background_background&quot;:&quot;classic&quot;}\">\n\t\t\t\t\t<div class=\"e-con-inner\">\n\t\t<div class=\"elementor-element elementor-element-44ecced e-con-full e-flex e-con e-child\" data-id=\"44ecced\" data-element_type=\"container\">\n\t\t\t\t<div class=\"elementor-element elementor-element-15d8f28 elementor-widget-divider--view-line elementor-widget elementor-widget-divider\" data-id=\"15d8f28\" data-element_type=\"widget\" data-widget_type=\"divider.default\">\n\t\t\t\t<div class=\"elementor-widget-container\">\n\t\t\t\t\t<div class=\"elementor-divider\">\n\t\t\t<span class=\"elementor-divider-separator\">\n\t\t\t\t\t\t<\/span>\n\t\t<\/div>\n\t\t\t\t<\/div>\n\t\t\t\t<\/div>\n\t\t\t\t<div class=\"elementor-element elementor-element-7a52425 elementor-widget elementor-widget-heading\" data-id=\"7a52425\" data-element_type=\"widget\" data-widget_type=\"heading.default\">\n\t\t\t\t<div class=\"elementor-widget-container\">\n\t\t\t<div class=\"elementor-heading-title elementor-size-default\">\u00dcr\u00fcn A\u00e7\u0131klamas\u0131<\/div>\t\t<\/div>\n\t\t\t\t<\/div>\n\t\t\t\t<div class=\"elementor-element elementor-element-2c8fb68 elementor-widget elementor-widget-text-editor\" data-id=\"2c8fb68\" data-element_type=\"widget\" data-widget_type=\"text-editor.default\">\n\t\t\t\t<div class=\"elementor-widget-container\">\n\t\t\t\t\t\t\t<p>Bu sofistike par\u00e7a, y\u00fczy\u0131l ortas\u0131 tasar\u0131m\u0131n\u0131n \u00e7a\u011fda\u015f bir yorumuna sahiptir.<br \/>Rahatlat\u0131c\u0131 bej tonlar\u0131nda ak\u0131\u015fkan soyut formlar sergileyin.<br \/>Retro esintili esteti\u011fin ve modern konforun m\u00fckemmel bir kar\u0131\u015f\u0131m\u0131n\u0131 sunar.<br \/>Ya\u015fam alan\u0131n\u0131z i\u00e7in \u00e7ok y\u00f6nl\u00fc ve zarif bir odak noktas\u0131 olu\u015fturun.<\/p><p><strong>Vurgulama<\/strong><\/p><ul><li>Y\u00fczy\u0131l ortas\u0131 modern sanattan ilham alan zarif soyut desen<\/li><li>Etkili bir duru\u015f i\u00e7in geni\u015f dikd\u00f6rtgen format (200x300cm)<\/li><li>Ayak alt\u0131nda \u00fcst\u00fcn konfor i\u00e7in yo\u011fun, l\u00fcks hav<\/li><li>\u00c7a\u011fda\u015f i\u00e7 mekanlara rafine, vintage esintili bir cazibe katmak i\u00e7in ideal<\/li><\/ul><p><strong>Taraf\u0131ndan tasarland\u0131<\/strong><\/p><ul><li>Oscar Lee<\/li><\/ul><p><strong>Boyut ve A\u011f\u0131rl\u0131k<\/strong><\/p><ul><li>200 x 300 cm \/ 6,5 x 9,8 feet (-\/+5cm veya 2 in\u00e7)<\/li><li>Kal\u0131nl\u0131k = 1,2 cm \/ 0,5 in\u00e7<\/li><li>31 kg \/ 68 pound<\/li><\/ul><p><strong>Malzeme<\/strong><\/p><ul><li>100% Yeni Zelanda y\u00fcn\u00fc<\/li><\/ul><p><strong>\u00dcretim Teslim S\u00fcresi<\/strong><\/p><p>Yaratt\u0131\u011f\u0131m\u0131z her hal\u0131 benzersiz bir \u015fekilde \u00f6zel olarak \u00fcretilmi\u015ftir.<\/p><ul><li>\u00dcretim s\u00fcresi: 15 - 20 i\u015f g\u00fcn\u00fc<\/li><li>Bu zaman dilimi sipari\u015finiz onayland\u0131ktan sonra ba\u015flar<\/li><li>Her bir hal\u0131 sizin spesifikasyonlar\u0131n\u0131za g\u00f6re \u00f6zel olarak haz\u0131rlan\u0131r<\/li><li>Zanaatkarlar\u0131m\u0131z s\u00fcrecin her ad\u0131m\u0131nda kaliteyi garanti eder<\/li><\/ul><p>L\u00fctfen unutmay\u0131n:<\/p><ul><li>\u00c7al\u0131\u015fma g\u00fcnlerine hafta sonlar\u0131 ve tatiller dahil de\u011fildir<\/li><li>Karma\u015f\u0131k tasar\u0131mlar ek s\u00fcre gerektirebilir<\/li><li>Acil sipari\u015fleri en k\u0131sa s\u00fcrede g\u00f6ndermek i\u00e7in elimizden geleni yapaca\u011f\u0131z<\/li><\/ul><p>T\u00fcr\u00fcn\u00fcn tek \u00f6rne\u011fi hal\u0131n\u0131z\u0131 yarat\u0131rken g\u00f6sterdi\u011finiz sab\u0131r i\u00e7in te\u015fekk\u00fcr ederiz.<br \/>Kaliteli i\u015f\u00e7ilik zaman al\u0131r, ancak beklemeye de\u011fece\u011fine s\u00f6z veriyoruz.<\/p>\t\t\t\t\t\t<\/div>\n\t\t\t\t<\/div>\n\t\t\t\t<\/div>\n\t\t\t\t\t<\/div>\n\t\t\t\t<\/div>\n\t\t\t\t<\/div>","protected":false},"excerpt":{"rendered":"<p>Y\u00fczy\u0131l Ortas\u0131 Soyut Y\u00fcn Hal\u0131 | Bej \u00c7a\u011fda\u015f 200x300cm \u00dcst\u00fcn konfor i\u00e7in l\u00fcks Yeni Zelanda y\u00fcn\u00fc Y\u00fczy\u0131l ortas\u0131 soyut \u00e7a\u011fda\u015f tasar\u0131m Zamans\u0131z zarafet i\u00e7in sofistike bej palet Ola\u011fan\u00fcst\u00fc kalite ve uzun \u00f6m\u00fcr i\u00e7in \u00f6zel p\u00fcsk\u00fcll\u00fc Geni\u015f odalar i\u00e7in c\u00f6mert 200x300cm boyut Teklif \u0130ste \u00dcr\u00fcn A\u00e7\u0131klamas\u0131 Bu sofistike par\u00e7a, y\u00fczy\u0131l ortas\u0131 tasar\u0131m\u0131n\u0131n \u00e7a\u011fda\u015f bir yorumuna sahiptir.<\/p>","protected":false},"author":1,"featured_media":2362,"parent":2236,"menu_order":0,"comment_status":"closed","ping_status":"closed","template":"","meta":{"rank_math_lock_modified_date":false,"_uag_custom_page_level_css":"","site-sidebar-layout":"no-sidebar","site-content-layout":"page-builder","ast-site-content-layout":"full-width-container","site-content-style":"default","site-sidebar-style":"default","ast-global-header-display":"","ast-banner-title-visibility":"","ast-main-header-display":"","ast-hfb-above-header-display":"","ast-hfb-below-header-display":"","ast-hfb-mobile-header-display":"","site-post-title":"disabled","ast-breadcrumbs-content":"","ast-featured-img":"disabled","footer-sml-layout":"","theme-transparent-header-meta":"","adv-header-id-meta":"","stick-header-meta":"","header-above-stick-meta":"","header-main-stick-meta":"","header-below-stick-meta":"","astra-migrate-meta-layouts":"set","ast-page-background-enabled":"default","ast-page-background-meta":{"desktop":{"background-color":"","background-image":"","background-repeat":"repeat","background-position":"center center","background-size":"auto","background-attachment":"scroll","background-type":"","background-media":"","overlay-type":"","overlay-color":"","overlay-opacity":"","overlay-gradient":""},"tablet":{"background-color":"","background-image":"","background-repeat":"repeat","background-position":"center center","background-size":"auto","background-attachment":"scroll","background-type":"","background-media":"","overlay-type":"","overlay-color":"","overlay-opacity":"","overlay-gradient":""},"mobile":{"background-color":"","background-image":"","background-repeat":"repeat","background-position":"center center","background-size":"auto","background-attachment":"scroll","background-type":"","background-media":"","overlay-type":"","overlay-color":"","overlay-opacity":"","overlay-gradient":""}},"ast-content-background-meta":{"desktop":{"background-color":"var(--ast-global-color-5)","background-image":"","background-repeat":"repeat","background-position":"center center","background-size":"auto","background-attachment":"scroll","background-type":"","background-media":"","overlay-type":"","overlay-color":"","overlay-opacity":"","overlay-gradient":""},"tablet":{"background-color":"var(--ast-global-color-5)","background-image":"","background-repeat":"repeat","background-position":"center center","background-size":"auto","background-attachment":"scroll","background-type":"","background-media":"","overlay-type":"","overlay-color":"","overlay-opacity":"","overlay-gradient":""},"mobile":{"background-color":"var(--ast-global-color-5)","background-image":"","background-repeat":"repeat","background-position":"center center","background-size":"auto","background-attachment":"scroll","background-type":"","background-media":"","overlay-type":"","overlay-color":"","overlay-opacity":"","overlay-gradient":""}},"_joinchat":[],"footnotes":""},"class_list":["post-2360","page","type-page","status-publish","has-post-thumbnail","hentry"],"uagb_featured_image_src":{"full":["https:\/\/custom-rugs.org\/wp-content\/uploads\/2024\/12\/mid-century-abstract-beige-wool-rug-200x300cm-picture.jpg",1600,1600,false],"thumbnail":["https:\/\/custom-rugs.org\/wp-content\/uploads\/2024\/12\/mid-century-abstract-beige-wool-rug-200x300cm-picture-150x150.jpg",150,150,true],"medium":["https:\/\/custom-rugs.org\/wp-content\/uploads\/2024\/12\/mid-century-abstract-beige-wool-rug-200x300cm-picture-300x300.jpg",300,300,true],"medium_large":["https:\/\/custom-rugs.org\/wp-content\/uploads\/2024\/12\/mid-century-abstract-beige-wool-rug-200x300cm-picture-768x768.jpg",768,768,true],"large":["https:\/\/custom-rugs.org\/wp-content\/uploads\/2024\/12\/mid-century-abstract-beige-wool-rug-200x300cm-picture-1024x1024.jpg",1024,1024,true],"1536x1536":["https:\/\/custom-rugs.org\/wp-content\/uploads\/2024\/12\/mid-century-abstract-beige-wool-rug-200x300cm-picture-1536x1536.jpg",1536,1536,true],"2048x2048":["https:\/\/custom-rugs.org\/wp-content\/uploads\/2024\/12\/mid-century-abstract-beige-wool-rug-200x300cm-picture.jpg",1600,1600,false],"trp-custom-language-flag":["https:\/\/custom-rugs.org\/wp-content\/uploads\/2024\/12\/mid-century-abstract-beige-wool-rug-200x300cm-picture.jpg",12,12,false],"crp_thumbnail":["https:\/\/custom-rugs.org\/wp-content\/uploads\/2024\/12\/mid-century-abstract-beige-wool-rug-200x300cm-picture-150x150.jpg",150,150,true]},"uagb_author_info":{"display_name":"Custom Rugs","author_link":"https:\/\/custom-rugs.org\/tr\/author\/admin-hang\/"},"uagb_comment_info":0,"uagb_excerpt":"Mid-Century Abstract Wool Rug | Beige Contemporary 200x300cm Luxurious New Zealand wool for ultimate comfort Mid-century abstract contemporary design Sophisticated beige palette for timeless elegance Custom tufted for exceptional quality and longevity Generous 200x300cm size for spacious rooms Ask a Quote Product Description This sophisticated piece features a contemporary interpretation of mid-century design.Showcase fluid abstract&hellip;","_links":{"self":[{"href":"https:\/\/custom-rugs.org\/tr\/wp-json\/wp\/v2\/pages\/2360","targetHints":{"allow":["GET"]}}],"collection":[{"href":"https:\/\/custom-rugs.org\/tr\/wp-json\/wp\/v2\/pages"}],"about":[{"href":"https:\/\/custom-rugs.org\/tr\/wp-json\/wp\/v2\/types\/page"}],"author":[{"embeddable":true,"href":"https:\/\/custom-rugs.org\/tr\/wp-json\/wp\/v2\/users\/1"}],"replies":[{"embeddable":true,"href":"https:\/\/custom-rugs.org\/tr\/wp-json\/wp\/v2\/comments?post=2360"}],"version-history":[{"count":0,"href":"https:\/\/custom-rugs.org\/tr\/wp-json\/wp\/v2\/pages\/2360\/revisions"}],"up":[{"embeddable":true,"href":"https:\/\/custom-rugs.org\/tr\/wp-json\/wp\/v2\/pages\/2236"}],"wp:featuredmedia":[{"embeddable":true,"href":"https:\/\/custom-rugs.org\/tr\/wp-json\/wp\/v2\/media\/2362"}],"wp:attachment":[{"href":"https:\/\/custom-rugs.org\/tr\/wp-json\/wp\/v2\/media?parent=2360"}],"curies":[{"name":"wp","href":"https:\/\/api.w.org\/{rel}","templated":true}]}}