{"id":2351,"date":"2024-12-03T19:52:01","date_gmt":"2024-12-03T11:52:01","guid":{"rendered":"https:\/\/custom-rugs.org\/?page_id=2351"},"modified":"2024-12-03T19:54:16","modified_gmt":"2024-12-03T11:54:16","slug":"custom-tufted-wool-rug-with-burgundy-accent-9x12","status":"publish","type":"page","link":"https:\/\/custom-rugs.org\/tr\/abstract-rugs\/custom-tufted-wool-rug-with-burgundy-accent-9x12\/","title":{"rendered":"Bordo Vurgulu \u00d6zel Tufted Y\u00fcn Hal\u0131, 9'x12\u2032"},"content":{"rendered":"<div data-elementor-type=\"wp-page\" data-elementor-id=\"2351\" class=\"elementor elementor-2351\">\n\t\t\t\t<div class=\"elementor-element elementor-element-31c08aa e-flex e-con-boxed e-con e-parent\" data-id=\"31c08aa\" data-element_type=\"container\">\n\t\t\t\t\t<div class=\"e-con-inner\">\n\t\t<div class=\"elementor-element elementor-element-ad04c7c e-con-full e-flex e-con e-child\" data-id=\"ad04c7c\" data-element_type=\"container\">\n\t\t\t\t<div class=\"elementor-element elementor-element-ab121e6 elementor-widget elementor-widget-image\" data-id=\"ab121e6\" data-element_type=\"widget\" data-widget_type=\"image.default\">\n\t\t\t\t<div class=\"elementor-widget-container\">\n\t\t\t\t\t\t\t\t\t\t\t\t\t<img fetchpriority=\"high\" decoding=\"async\" width=\"768\" height=\"768\" src=\"https:\/\/custom-rugs.org\/wp-content\/uploads\/2024\/12\/custom-tufted-wool-rug-brown-burgundy-stripe-9x12-picture-768x768.jpg\" class=\"attachment-medium_large size-medium_large wp-image-2353\" alt=\"\u00f6zel p\u00fcsk\u00fcll\u00fc y\u00fcn hal\u0131 kahverengi bordo \u015ferit 9x12\" srcset=\"https:\/\/custom-rugs.org\/wp-content\/uploads\/2024\/12\/custom-tufted-wool-rug-brown-burgundy-stripe-9x12-picture-768x768.jpg 768w, https:\/\/custom-rugs.org\/wp-content\/uploads\/2024\/12\/custom-tufted-wool-rug-brown-burgundy-stripe-9x12-picture-300x300.jpg 300w, https:\/\/custom-rugs.org\/wp-content\/uploads\/2024\/12\/custom-tufted-wool-rug-brown-burgundy-stripe-9x12-picture-1024x1024.jpg 1024w, https:\/\/custom-rugs.org\/wp-content\/uploads\/2024\/12\/custom-tufted-wool-rug-brown-burgundy-stripe-9x12-picture-150x150.jpg 150w, https:\/\/custom-rugs.org\/wp-content\/uploads\/2024\/12\/custom-tufted-wool-rug-brown-burgundy-stripe-9x12-picture-1536x1536.jpg 1536w, https:\/\/custom-rugs.org\/wp-content\/uploads\/2024\/12\/custom-tufted-wool-rug-brown-burgundy-stripe-9x12-picture.jpg 1600w\" sizes=\"(max-width: 768px) 100vw, 768px\" \/>\t\t\t\t\t\t\t\t\t\t\t\t\t<\/div>\n\t\t\t\t<\/div>\n\t\t\t\t<\/div>\n\t\t<div class=\"elementor-element elementor-element-72bab2e e-con-full e-flex e-con e-child\" data-id=\"72bab2e\" data-element_type=\"container\">\n\t\t\t\t<div class=\"elementor-element elementor-element-862430b elementor-widget elementor-widget-shortcode\" data-id=\"862430b\" data-element_type=\"widget\" data-widget_type=\"shortcode.default\">\n\t\t\t\t<div class=\"elementor-widget-container\">\n\t\t\t\t\t<div class=\"elementor-shortcode\"><nav aria-label=\"ekmek k\u0131r\u0131nt\u0131lar\u0131\" class=\"rank-math-breadcrumb\"><p><span class=\"last\">Ev<\/span><\/p><\/nav><\/div>\n\t\t\t\t<\/div>\n\t\t\t\t<\/div>\n\t\t\t\t<div class=\"elementor-element elementor-element-beee689 elementor-widget elementor-widget-heading\" data-id=\"beee689\" data-element_type=\"widget\" data-widget_type=\"heading.default\">\n\t\t\t\t<div class=\"elementor-widget-container\">\n\t\t\t<h1 class=\"elementor-heading-title elementor-size-default\">Bordo Vurgulu \u00d6zel Tufted Y\u00fcn Hal\u0131, 9'x12\u2032<\/h1>\t\t<\/div>\n\t\t\t\t<\/div>\n\t\t\t\t<div class=\"elementor-element elementor-element-83a2f17 elementor-widget elementor-widget-text-editor\" data-id=\"83a2f17\" data-element_type=\"widget\" data-widget_type=\"text-editor.default\">\n\t\t\t\t<div class=\"elementor-widget-container\">\n\t\t\t\t\t\t\t<ul><li>Yeni Zelanda y\u00fcn yap\u0131s\u0131<\/li><li>Kalite i\u00e7in \u00f6zel tafting<\/li><li>Bordo vurgulu zengin kahverengi taban<\/li><li>\u00c7a\u011fda\u015f diyagonal \u015ferit tasar\u0131m\u0131<\/li><li>Geni\u015f odalar i\u00e7in c\u00f6mert 9'x12\u2032 boyutlar\u0131<\/li><\/ul>\t\t\t\t\t\t<\/div>\n\t\t\t\t<\/div>\n\t\t\t\t<div class=\"elementor-element elementor-element-d6f625d elementor-align-left elementor-widget elementor-widget-button\" data-id=\"d6f625d\" data-element_type=\"widget\" data-widget_type=\"button.default\">\n\t\t\t\t<div class=\"elementor-widget-container\">\n\t\t\t\t\t<div class=\"elementor-button-wrapper\">\n\t\t\t<a class=\"elementor-button elementor-button-link elementor-size-sm\" href=\"https:\/\/custom-rugs.org\/tr\/contact\/\" target=\"_blank\">\n\t\t\t\t\t\t<span class=\"elementor-button-content-wrapper\">\n\t\t\t\t\t\t\t\t\t<span class=\"elementor-button-text\">Teklif \u0130steyin<\/span>\n\t\t\t\t\t<\/span>\n\t\t\t\t\t<\/a>\n\t\t<\/div>\n\t\t\t\t<\/div>\n\t\t\t\t<\/div>\n\t\t\t\t<\/div>\n\t\t\t\t\t<\/div>\n\t\t\t\t<\/div>\n\t\t<div class=\"elementor-element elementor-element-d399940 e-flex e-con-boxed e-con e-parent\" data-id=\"d399940\" data-element_type=\"container\" data-settings=\"{&quot;background_background&quot;:&quot;classic&quot;}\">\n\t\t\t\t\t<div class=\"e-con-inner\">\n\t\t<div class=\"elementor-element elementor-element-4a3b283 e-con-full e-flex e-con e-child\" data-id=\"4a3b283\" data-element_type=\"container\">\n\t\t\t\t<div class=\"elementor-element elementor-element-4b0467a elementor-widget-divider--view-line elementor-widget elementor-widget-divider\" data-id=\"4b0467a\" data-element_type=\"widget\" data-widget_type=\"divider.default\">\n\t\t\t\t<div class=\"elementor-widget-container\">\n\t\t\t\t\t<div class=\"elementor-divider\">\n\t\t\t<span class=\"elementor-divider-separator\">\n\t\t\t\t\t\t<\/span>\n\t\t<\/div>\n\t\t\t\t<\/div>\n\t\t\t\t<\/div>\n\t\t\t\t<div class=\"elementor-element elementor-element-cf55fd9 elementor-widget elementor-widget-heading\" data-id=\"cf55fd9\" data-element_type=\"widget\" data-widget_type=\"heading.default\">\n\t\t\t\t<div class=\"elementor-widget-container\">\n\t\t\t<div class=\"elementor-heading-title elementor-size-default\">\u00dcr\u00fcn A\u00e7\u0131klamas\u0131<\/div>\t\t<\/div>\n\t\t\t\t<\/div>\n\t\t\t\t<div class=\"elementor-element elementor-element-f27b4ae elementor-widget elementor-widget-text-editor\" data-id=\"f27b4ae\" data-element_type=\"widget\" data-widget_type=\"text-editor.default\">\n\t\t\t\t<div class=\"elementor-widget-container\">\n\t\t\t\t\t\t\t<p>\u00d6zel P\u00fcsk\u00fcll\u00fc Y\u00fcn Hal\u0131m\u0131z, i\u015f\u00e7ilik ve \u00e7a\u011fda\u015f tasar\u0131m\u0131n m\u00fckemmel dengesini temsil eder.<br \/>Do\u011fan\u0131n ince kontrastlar\u0131ndan esinlenilerek tasarlanan bu hal\u0131, zengin kahverengi taban\u0131 ile \u00e7arp\u0131c\u0131 bir \u015fekilde kesi\u015fen cesur bir bordo vurguya sahiptir.<br \/>Diyagonal \u015ferit hareket hissi yaratarak ya\u015fam alan\u0131n\u0131za derinlik ve ilgi katar.<\/p><p><strong>\u00a0\u00d6nemli noktalar:<\/strong><\/p><ul><li>Dayan\u0131kl\u0131l\u0131k ve yumu\u015fakl\u0131k i\u00e7in birinci s\u0131n\u0131f Yeni Zelanda y\u00fcn\u00fcnden el yap\u0131m\u0131<\/li><li>\u00d6zel tafting tekni\u011fi ola\u011fan\u00fcst\u00fc kalite ve doku sa\u011flar<\/li><li>Geni\u015f ya\u015fam alanlar\u0131 veya a\u00e7\u0131k konsept alanlar i\u00e7in uygun \u00e7ok y\u00f6nl\u00fc 9'x12\u2032 boyut<\/li><\/ul><p><strong>Boyut ve A\u011f\u0131rl\u0131k<\/strong><\/p><ul><li>270 x 370 cm \/ 9 x 12 feet (-\/+5cm veya 2 in\u00e7)<\/li><li>Kal\u0131nl\u0131k = 1,5 cm \/ 0,5 in\u00e7<\/li><li>55 kg \/ 121 pound<\/li><\/ul><p><strong>Malzeme<\/strong><\/p><ul><li>100% Yeni Zelanda y\u00fcn\u00fc<\/li><\/ul><p><strong>\u00dcretim Teslim S\u00fcresi<\/strong><\/p><p>Yaratt\u0131\u011f\u0131m\u0131z her hal\u0131 benzersiz bir \u015fekilde \u00f6zel olarak \u00fcretilmi\u015ftir.<\/p><ul><li>\u00dcretim s\u00fcresi: 15 - 20 i\u015f g\u00fcn\u00fc<\/li><li>Bu zaman dilimi sipari\u015finiz onayland\u0131ktan sonra ba\u015flar<\/li><li>Her bir hal\u0131 sizin spesifikasyonlar\u0131n\u0131za g\u00f6re \u00f6zel olarak haz\u0131rlan\u0131r<\/li><li>Zanaatkarlar\u0131m\u0131z s\u00fcrecin her ad\u0131m\u0131nda kaliteyi garanti eder<\/li><\/ul><p>L\u00fctfen unutmay\u0131n:<\/p><ul><li>\u00c7al\u0131\u015fma g\u00fcnlerine hafta sonlar\u0131 ve tatiller dahil de\u011fildir<\/li><li>Karma\u015f\u0131k tasar\u0131mlar ek s\u00fcre gerektirebilir<\/li><li>Acil sipari\u015fleri en k\u0131sa s\u00fcrede g\u00f6ndermek i\u00e7in elimizden geleni yapaca\u011f\u0131z<\/li><\/ul><p>T\u00fcr\u00fcn\u00fcn tek \u00f6rne\u011fi hal\u0131n\u0131z\u0131 yarat\u0131rken g\u00f6sterdi\u011finiz sab\u0131r i\u00e7in te\u015fekk\u00fcr ederiz.<br \/>Kaliteli i\u015f\u00e7ilik zaman al\u0131r, ancak beklemeye de\u011fece\u011fine s\u00f6z veriyoruz.<\/p>\t\t\t\t\t\t<\/div>\n\t\t\t\t<\/div>\n\t\t\t\t<\/div>\n\t\t\t\t\t<\/div>\n\t\t\t\t<\/div>\n\t\t\t\t<\/div>","protected":false},"excerpt":{"rendered":"<p>Custom Tufted Wool Rug with Burgundy Accent, 9\u2019x12\u2032 New Zealand wool construction Custom tufted for quality Rich brown base with burgundy accent Contemporary diagonal stripe design Generous 9\u2019x12\u2032 size for spacious rooms Ask a Quote Product Description Our Custom Tufted Wool Rug embodies the perfect balance of craftsmanship and contemporary design.Inspired by nature\u2019s subtle contrasts, [&hellip;]<\/p>","protected":false},"author":1,"featured_media":2353,"parent":2236,"menu_order":0,"comment_status":"closed","ping_status":"closed","template":"","meta":{"rank_math_lock_modified_date":false,"_uag_custom_page_level_css":"","site-sidebar-layout":"no-sidebar","site-content-layout":"page-builder","ast-site-content-layout":"full-width-container","site-content-style":"default","site-sidebar-style":"default","ast-global-header-display":"","ast-banner-title-visibility":"","ast-main-header-display":"","ast-hfb-above-header-display":"","ast-hfb-below-header-display":"","ast-hfb-mobile-header-display":"","site-post-title":"disabled","ast-breadcrumbs-content":"","ast-featured-img":"disabled","footer-sml-layout":"","theme-transparent-header-meta":"","adv-header-id-meta":"","stick-header-meta":"","header-above-stick-meta":"","header-main-stick-meta":"","header-below-stick-meta":"","astra-migrate-meta-layouts":"set","ast-page-background-enabled":"default","ast-page-background-meta":{"desktop":{"background-color":"","background-image":"","background-repeat":"repeat","background-position":"center center","background-size":"auto","background-attachment":"scroll","background-type":"","background-media":"","overlay-type":"","overlay-color":"","overlay-opacity":"","overlay-gradient":""},"tablet":{"background-color":"","background-image":"","background-repeat":"repeat","background-position":"center center","background-size":"auto","background-attachment":"scroll","background-type":"","background-media":"","overlay-type":"","overlay-color":"","overlay-opacity":"","overlay-gradient":""},"mobile":{"background-color":"","background-image":"","background-repeat":"repeat","background-position":"center center","background-size":"auto","background-attachment":"scroll","background-type":"","background-media":"","overlay-type":"","overlay-color":"","overlay-opacity":"","overlay-gradient":""}},"ast-content-background-meta":{"desktop":{"background-color":"var(--ast-global-color-5)","background-image":"","background-repeat":"repeat","background-position":"center center","background-size":"auto","background-attachment":"scroll","background-type":"","background-media":"","overlay-type":"","overlay-color":"","overlay-opacity":"","overlay-gradient":""},"tablet":{"background-color":"var(--ast-global-color-5)","background-image":"","background-repeat":"repeat","background-position":"center center","background-size":"auto","background-attachment":"scroll","background-type":"","background-media":"","overlay-type":"","overlay-color":"","overlay-opacity":"","overlay-gradient":""},"mobile":{"background-color":"var(--ast-global-color-5)","background-image":"","background-repeat":"repeat","background-position":"center center","background-size":"auto","background-attachment":"scroll","background-type":"","background-media":"","overlay-type":"","overlay-color":"","overlay-opacity":"","overlay-gradient":""}},"_joinchat":[],"footnotes":""},"class_list":["post-2351","page","type-page","status-publish","has-post-thumbnail","hentry"],"uagb_featured_image_src":{"full":["https:\/\/custom-rugs.org\/wp-content\/uploads\/2024\/12\/custom-tufted-wool-rug-brown-burgundy-stripe-9x12-picture.jpg",1600,1600,false],"thumbnail":["https:\/\/custom-rugs.org\/wp-content\/uploads\/2024\/12\/custom-tufted-wool-rug-brown-burgundy-stripe-9x12-picture-150x150.jpg",150,150,true],"medium":["https:\/\/custom-rugs.org\/wp-content\/uploads\/2024\/12\/custom-tufted-wool-rug-brown-burgundy-stripe-9x12-picture-300x300.jpg",300,300,true],"medium_large":["https:\/\/custom-rugs.org\/wp-content\/uploads\/2024\/12\/custom-tufted-wool-rug-brown-burgundy-stripe-9x12-picture-768x768.jpg",768,768,true],"large":["https:\/\/custom-rugs.org\/wp-content\/uploads\/2024\/12\/custom-tufted-wool-rug-brown-burgundy-stripe-9x12-picture-1024x1024.jpg",1024,1024,true],"1536x1536":["https:\/\/custom-rugs.org\/wp-content\/uploads\/2024\/12\/custom-tufted-wool-rug-brown-burgundy-stripe-9x12-picture-1536x1536.jpg",1536,1536,true],"2048x2048":["https:\/\/custom-rugs.org\/wp-content\/uploads\/2024\/12\/custom-tufted-wool-rug-brown-burgundy-stripe-9x12-picture.jpg",1600,1600,false],"trp-custom-language-flag":["https:\/\/custom-rugs.org\/wp-content\/uploads\/2024\/12\/custom-tufted-wool-rug-brown-burgundy-stripe-9x12-picture.jpg",12,12,false],"crp_thumbnail":["https:\/\/custom-rugs.org\/wp-content\/uploads\/2024\/12\/custom-tufted-wool-rug-brown-burgundy-stripe-9x12-picture-150x150.jpg",150,150,true]},"uagb_author_info":{"display_name":"Custom Rugs","author_link":"https:\/\/custom-rugs.org\/tr\/author\/admin-hang\/"},"uagb_comment_info":0,"uagb_excerpt":"Custom Tufted Wool Rug with Burgundy Accent, 9\u2019x12\u2032 New Zealand wool construction Custom tufted for quality Rich brown base with burgundy accent Contemporary diagonal stripe design Generous 9\u2019x12\u2032 size for spacious rooms Ask a Quote Product Description Our Custom Tufted Wool Rug embodies the perfect balance of craftsmanship and contemporary design.Inspired by nature\u2019s subtle contrasts,&hellip;","_links":{"self":[{"href":"https:\/\/custom-rugs.org\/tr\/wp-json\/wp\/v2\/pages\/2351","targetHints":{"allow":["GET"]}}],"collection":[{"href":"https:\/\/custom-rugs.org\/tr\/wp-json\/wp\/v2\/pages"}],"about":[{"href":"https:\/\/custom-rugs.org\/tr\/wp-json\/wp\/v2\/types\/page"}],"author":[{"embeddable":true,"href":"https:\/\/custom-rugs.org\/tr\/wp-json\/wp\/v2\/users\/1"}],"replies":[{"embeddable":true,"href":"https:\/\/custom-rugs.org\/tr\/wp-json\/wp\/v2\/comments?post=2351"}],"version-history":[{"count":0,"href":"https:\/\/custom-rugs.org\/tr\/wp-json\/wp\/v2\/pages\/2351\/revisions"}],"up":[{"embeddable":true,"href":"https:\/\/custom-rugs.org\/tr\/wp-json\/wp\/v2\/pages\/2236"}],"wp:featuredmedia":[{"embeddable":true,"href":"https:\/\/custom-rugs.org\/tr\/wp-json\/wp\/v2\/media\/2353"}],"wp:attachment":[{"href":"https:\/\/custom-rugs.org\/tr\/wp-json\/wp\/v2\/media?parent=2351"}],"curies":[{"name":"wp","href":"https:\/\/api.w.org\/{rel}","templated":true}]}}