{"id":2336,"date":"2024-12-03T19:20:26","date_gmt":"2024-12-03T11:20:26","guid":{"rendered":"https:\/\/custom-rugs.org\/?page_id=2336"},"modified":"2024-12-03T19:22:28","modified_gmt":"2024-12-03T11:22:28","slug":"chicago-skyline-custom-tufted-wool-rug-10x13-urban-art-decor","status":"publish","type":"page","link":"https:\/\/custom-rugs.org\/tr\/abstract-rugs\/chicago-skyline-custom-tufted-wool-rug-10x13-urban-art-decor\/","title":{"rendered":"Chicago Skyline \u00d6zel Tepeli Y\u00fcn Hal\u0131 10'x13\u2032 Urban Art Decor"},"content":{"rendered":"<div data-elementor-type=\"wp-page\" data-elementor-id=\"2336\" class=\"elementor elementor-2336\">\n\t\t\t\t<div class=\"elementor-element elementor-element-579d090 e-flex e-con-boxed e-con e-parent\" data-id=\"579d090\" data-element_type=\"container\">\n\t\t\t\t\t<div class=\"e-con-inner\">\n\t\t<div class=\"elementor-element elementor-element-a641fa8 e-con-full e-flex e-con e-child\" data-id=\"a641fa8\" data-element_type=\"container\">\n\t\t\t\t<div class=\"elementor-element elementor-element-0ff975f elementor-widget elementor-widget-image\" data-id=\"0ff975f\" data-element_type=\"widget\" data-widget_type=\"image.default\">\n\t\t\t\t<div class=\"elementor-widget-container\">\n\t\t\t\t\t\t\t\t\t\t\t\t\t<img fetchpriority=\"high\" decoding=\"async\" width=\"768\" height=\"768\" src=\"https:\/\/custom-rugs.org\/wp-content\/uploads\/2024\/12\/chicago-skyline-tufted-wool-rug-blue-orange-10x13-picture-768x768.jpg\" class=\"attachment-medium_large size-medium_large wp-image-2338\" alt=\"chicago skyline p\u00fcsk\u00fcll\u00fc y\u00fcn hal\u0131 mavi turuncu 10x13\" srcset=\"https:\/\/custom-rugs.org\/wp-content\/uploads\/2024\/12\/chicago-skyline-tufted-wool-rug-blue-orange-10x13-picture-768x768.jpg 768w, https:\/\/custom-rugs.org\/wp-content\/uploads\/2024\/12\/chicago-skyline-tufted-wool-rug-blue-orange-10x13-picture-300x300.jpg 300w, https:\/\/custom-rugs.org\/wp-content\/uploads\/2024\/12\/chicago-skyline-tufted-wool-rug-blue-orange-10x13-picture-1024x1024.jpg 1024w, https:\/\/custom-rugs.org\/wp-content\/uploads\/2024\/12\/chicago-skyline-tufted-wool-rug-blue-orange-10x13-picture-150x150.jpg 150w, https:\/\/custom-rugs.org\/wp-content\/uploads\/2024\/12\/chicago-skyline-tufted-wool-rug-blue-orange-10x13-picture-1536x1536.jpg 1536w, https:\/\/custom-rugs.org\/wp-content\/uploads\/2024\/12\/chicago-skyline-tufted-wool-rug-blue-orange-10x13-picture.jpg 1600w\" sizes=\"(max-width: 768px) 100vw, 768px\" \/>\t\t\t\t\t\t\t\t\t\t\t\t\t<\/div>\n\t\t\t\t<\/div>\n\t\t\t\t<\/div>\n\t\t<div class=\"elementor-element elementor-element-e8c09e8 e-con-full e-flex e-con e-child\" data-id=\"e8c09e8\" data-element_type=\"container\">\n\t\t\t\t<div class=\"elementor-element elementor-element-a0af468 elementor-widget elementor-widget-shortcode\" data-id=\"a0af468\" data-element_type=\"widget\" data-widget_type=\"shortcode.default\">\n\t\t\t\t<div class=\"elementor-widget-container\">\n\t\t\t\t\t<div class=\"elementor-shortcode\"><nav aria-label=\"ekmek k\u0131r\u0131nt\u0131lar\u0131\" class=\"rank-math-breadcrumb\"><p><span class=\"last\">Ev<\/span><\/p><\/nav><\/div>\n\t\t\t\t<\/div>\n\t\t\t\t<\/div>\n\t\t\t\t<div class=\"elementor-element elementor-element-d5de4b3 elementor-widget elementor-widget-heading\" data-id=\"d5de4b3\" data-element_type=\"widget\" data-widget_type=\"heading.default\">\n\t\t\t\t<div class=\"elementor-widget-container\">\n\t\t\t<h1 class=\"elementor-heading-title elementor-size-default\">Chicago Skyline \u00d6zel Tepeli Y\u00fcn Hal\u0131 10'x13\u2032 Urban Art Decor<\/h1>\t\t<\/div>\n\t\t\t\t<\/div>\n\t\t\t\t<div class=\"elementor-element elementor-element-d14d594 elementor-widget elementor-widget-text-editor\" data-id=\"d14d594\" data-element_type=\"widget\" data-widget_type=\"text-editor.default\">\n\t\t\t\t<div class=\"elementor-widget-container\">\n\t\t\t\t\t\t\t<ul><li>Yeni Zelanda y\u00fcn\u00fc \u00f6zel p\u00fcsk\u00fcll\u00fc hal\u0131<\/li><li>G\u00f6kdelenlerle Chicago sil\u00fcet tasar\u0131m\u0131<\/li><li>Canl\u0131 mavi ve turuncu renk paleti<\/li><li>Geni\u015f odalar i\u00e7in 10'x13\u2032 boyutlar\u0131nda<\/li><li>Modern evler i\u00e7in benzersiz kentsel sanat eseri<\/li><\/ul>\t\t\t\t\t\t<\/div>\n\t\t\t\t<\/div>\n\t\t\t\t<div class=\"elementor-element elementor-element-e33061c elementor-align-left elementor-widget elementor-widget-button\" data-id=\"e33061c\" data-element_type=\"widget\" data-widget_type=\"button.default\">\n\t\t\t\t<div class=\"elementor-widget-container\">\n\t\t\t\t\t<div class=\"elementor-button-wrapper\">\n\t\t\t<a class=\"elementor-button elementor-button-link elementor-size-sm\" href=\"https:\/\/custom-rugs.org\/tr\/contact\/\" target=\"_blank\">\n\t\t\t\t\t\t<span class=\"elementor-button-content-wrapper\">\n\t\t\t\t\t\t\t\t\t<span class=\"elementor-button-text\">Teklif \u0130steyin<\/span>\n\t\t\t\t\t<\/span>\n\t\t\t\t\t<\/a>\n\t\t<\/div>\n\t\t\t\t<\/div>\n\t\t\t\t<\/div>\n\t\t\t\t<\/div>\n\t\t\t\t\t<\/div>\n\t\t\t\t<\/div>\n\t\t<div class=\"elementor-element elementor-element-a778565 e-flex e-con-boxed e-con e-parent\" data-id=\"a778565\" data-element_type=\"container\" data-settings=\"{&quot;background_background&quot;:&quot;classic&quot;}\">\n\t\t\t\t\t<div class=\"e-con-inner\">\n\t\t<div class=\"elementor-element elementor-element-b5f8de0 e-con-full e-flex e-con e-child\" data-id=\"b5f8de0\" data-element_type=\"container\">\n\t\t\t\t<div class=\"elementor-element elementor-element-c5e189a elementor-widget-divider--view-line elementor-widget elementor-widget-divider\" data-id=\"c5e189a\" data-element_type=\"widget\" data-widget_type=\"divider.default\">\n\t\t\t\t<div class=\"elementor-widget-container\">\n\t\t\t\t\t<div class=\"elementor-divider\">\n\t\t\t<span class=\"elementor-divider-separator\">\n\t\t\t\t\t\t<\/span>\n\t\t<\/div>\n\t\t\t\t<\/div>\n\t\t\t\t<\/div>\n\t\t\t\t<div class=\"elementor-element elementor-element-2c9180b elementor-widget elementor-widget-heading\" data-id=\"2c9180b\" data-element_type=\"widget\" data-widget_type=\"heading.default\">\n\t\t\t\t<div class=\"elementor-widget-container\">\n\t\t\t<div class=\"elementor-heading-title elementor-size-default\">\u00dcr\u00fcn A\u00e7\u0131klamas\u0131<\/div>\t\t<\/div>\n\t\t\t\t<\/div>\n\t\t\t\t<div class=\"elementor-element elementor-element-7639033 elementor-widget elementor-widget-text-editor\" data-id=\"7639033\" data-element_type=\"widget\" data-widget_type=\"text-editor.default\">\n\t\t\t\t<div class=\"elementor-widget-container\">\n\t\t\t\t\t\t\t<p>Chicago Skyline \u00d6zel P\u00fcsk\u00fcll\u00fc Hal\u0131, Windy City'nin ikonik mimarisinin \u00f6z\u00fcn\u00fc \u00e7arp\u0131c\u0131 bir zemin sanat eserinde yakal\u0131yor.<br \/>Birinci s\u0131n\u0131f Yeni Zelanda y\u00fcn\u00fcnden \u00fcretilen bu hal\u0131, Chicago'nun \u00fcnl\u00fc g\u00f6kdelenlerinin siluetini canl\u0131 bir g\u00fcn bat\u0131m\u0131 g\u00f6ky\u00fcz\u00fcne kar\u015f\u0131 sergileyerek her ya\u015fam alan\u0131nda cesur bir ifade yarat\u0131yor.<\/p><p><strong>\u00d6nemli noktalar:<\/strong><\/p><ul><li>Dayan\u0131kl\u0131l\u0131k ve yumu\u015fakl\u0131k i\u00e7in l\u00fcks Yeni Zelanda y\u00fcn\u00fcnden elde tafting<\/li><li>Kentsel g\u00fcn bat\u0131mlar\u0131ndan esinlenen \u00e7arp\u0131c\u0131 mavi ve turuncu renk \u015femas\u0131<\/li><li>Oturma odalar\u0131n\u0131 veya a\u00e7\u0131k alanlar\u0131 sabitlemek i\u00e7in m\u00fckemmel 10'x13\u2032 boyutunda<\/li><\/ul>\t\t\t\t\t\t<\/div>\n\t\t\t\t<\/div>\n\t\t\t\t<\/div>\n\t\t\t\t\t<\/div>\n\t\t\t\t<\/div>\n\t\t\t\t<\/div>","protected":false},"excerpt":{"rendered":"<p>Chicago Skyline \u00d6zel P\u00fcsk\u00fcll\u00fc Y\u00fcn Hal\u0131 10\u2019x13\u2032 Kentsel Sanat Dekoru Yeni Zelanda y\u00fcn\u00fc \u00f6zel p\u00fcsk\u00fcll\u00fc hal\u0131 G\u00f6kdelenlerle Chicago sil\u00fceti tasar\u0131m\u0131 Canl\u0131 mavi ve turuncu renk paleti Geni\u015f odalar i\u00e7in b\u00fcy\u00fck 10\u2019x13\u2032 boyut Modern evler i\u00e7in benzersiz kentsel sanat eseri Teklif \u0130ste \u00dcr\u00fcn A\u00e7\u0131klamas\u0131 Chicago Skyline \u00d6zel P\u00fcsk\u00fcll\u00fc Hal\u0131, [...] \u00f6z\u00fcn\u00fc yakalar.<\/p>","protected":false},"author":1,"featured_media":2338,"parent":2236,"menu_order":0,"comment_status":"closed","ping_status":"closed","template":"","meta":{"rank_math_lock_modified_date":false,"_uag_custom_page_level_css":"","site-sidebar-layout":"no-sidebar","site-content-layout":"page-builder","ast-site-content-layout":"full-width-container","site-content-style":"default","site-sidebar-style":"default","ast-global-header-display":"","ast-banner-title-visibility":"","ast-main-header-display":"","ast-hfb-above-header-display":"","ast-hfb-below-header-display":"","ast-hfb-mobile-header-display":"","site-post-title":"disabled","ast-breadcrumbs-content":"","ast-featured-img":"disabled","footer-sml-layout":"","theme-transparent-header-meta":"","adv-header-id-meta":"","stick-header-meta":"","header-above-stick-meta":"","header-main-stick-meta":"","header-below-stick-meta":"","astra-migrate-meta-layouts":"set","ast-page-background-enabled":"default","ast-page-background-meta":{"desktop":{"background-color":"","background-image":"","background-repeat":"repeat","background-position":"center center","background-size":"auto","background-attachment":"scroll","background-type":"","background-media":"","overlay-type":"","overlay-color":"","overlay-opacity":"","overlay-gradient":""},"tablet":{"background-color":"","background-image":"","background-repeat":"repeat","background-position":"center center","background-size":"auto","background-attachment":"scroll","background-type":"","background-media":"","overlay-type":"","overlay-color":"","overlay-opacity":"","overlay-gradient":""},"mobile":{"background-color":"","background-image":"","background-repeat":"repeat","background-position":"center center","background-size":"auto","background-attachment":"scroll","background-type":"","background-media":"","overlay-type":"","overlay-color":"","overlay-opacity":"","overlay-gradient":""}},"ast-content-background-meta":{"desktop":{"background-color":"var(--ast-global-color-5)","background-image":"","background-repeat":"repeat","background-position":"center center","background-size":"auto","background-attachment":"scroll","background-type":"","background-media":"","overlay-type":"","overlay-color":"","overlay-opacity":"","overlay-gradient":""},"tablet":{"background-color":"var(--ast-global-color-5)","background-image":"","background-repeat":"repeat","background-position":"center center","background-size":"auto","background-attachment":"scroll","background-type":"","background-media":"","overlay-type":"","overlay-color":"","overlay-opacity":"","overlay-gradient":""},"mobile":{"background-color":"var(--ast-global-color-5)","background-image":"","background-repeat":"repeat","background-position":"center center","background-size":"auto","background-attachment":"scroll","background-type":"","background-media":"","overlay-type":"","overlay-color":"","overlay-opacity":"","overlay-gradient":""}},"_joinchat":[],"footnotes":""},"class_list":["post-2336","page","type-page","status-publish","has-post-thumbnail","hentry"],"uagb_featured_image_src":{"full":["https:\/\/custom-rugs.org\/wp-content\/uploads\/2024\/12\/chicago-skyline-tufted-wool-rug-blue-orange-10x13-picture.jpg",1600,1600,false],"thumbnail":["https:\/\/custom-rugs.org\/wp-content\/uploads\/2024\/12\/chicago-skyline-tufted-wool-rug-blue-orange-10x13-picture-150x150.jpg",150,150,true],"medium":["https:\/\/custom-rugs.org\/wp-content\/uploads\/2024\/12\/chicago-skyline-tufted-wool-rug-blue-orange-10x13-picture-300x300.jpg",300,300,true],"medium_large":["https:\/\/custom-rugs.org\/wp-content\/uploads\/2024\/12\/chicago-skyline-tufted-wool-rug-blue-orange-10x13-picture-768x768.jpg",768,768,true],"large":["https:\/\/custom-rugs.org\/wp-content\/uploads\/2024\/12\/chicago-skyline-tufted-wool-rug-blue-orange-10x13-picture-1024x1024.jpg",1024,1024,true],"1536x1536":["https:\/\/custom-rugs.org\/wp-content\/uploads\/2024\/12\/chicago-skyline-tufted-wool-rug-blue-orange-10x13-picture-1536x1536.jpg",1536,1536,true],"2048x2048":["https:\/\/custom-rugs.org\/wp-content\/uploads\/2024\/12\/chicago-skyline-tufted-wool-rug-blue-orange-10x13-picture.jpg",1600,1600,false],"trp-custom-language-flag":["https:\/\/custom-rugs.org\/wp-content\/uploads\/2024\/12\/chicago-skyline-tufted-wool-rug-blue-orange-10x13-picture.jpg",12,12,false],"crp_thumbnail":["https:\/\/custom-rugs.org\/wp-content\/uploads\/2024\/12\/chicago-skyline-tufted-wool-rug-blue-orange-10x13-picture-150x150.jpg",150,150,true]},"uagb_author_info":{"display_name":"Custom Rugs","author_link":"https:\/\/custom-rugs.org\/tr\/author\/admin-hang\/"},"uagb_comment_info":0,"uagb_excerpt":"Chicago Skyline Custom Tufted Wool Rug 10\u2019x13\u2032 Urban Art Decor New Zealand wool custom tufted rug Chicago skyline design with skyscrapers Vibrant blue and orange color palette Large 10\u2019x13\u2032 size for spacious rooms Unique urban art piece for modern homes Ask a Quote Product Description The Chicago Skyline Custom Tufted Rug captures the essence of&hellip;","_links":{"self":[{"href":"https:\/\/custom-rugs.org\/tr\/wp-json\/wp\/v2\/pages\/2336","targetHints":{"allow":["GET"]}}],"collection":[{"href":"https:\/\/custom-rugs.org\/tr\/wp-json\/wp\/v2\/pages"}],"about":[{"href":"https:\/\/custom-rugs.org\/tr\/wp-json\/wp\/v2\/types\/page"}],"author":[{"embeddable":true,"href":"https:\/\/custom-rugs.org\/tr\/wp-json\/wp\/v2\/users\/1"}],"replies":[{"embeddable":true,"href":"https:\/\/custom-rugs.org\/tr\/wp-json\/wp\/v2\/comments?post=2336"}],"version-history":[{"count":0,"href":"https:\/\/custom-rugs.org\/tr\/wp-json\/wp\/v2\/pages\/2336\/revisions"}],"up":[{"embeddable":true,"href":"https:\/\/custom-rugs.org\/tr\/wp-json\/wp\/v2\/pages\/2236"}],"wp:featuredmedia":[{"embeddable":true,"href":"https:\/\/custom-rugs.org\/tr\/wp-json\/wp\/v2\/media\/2338"}],"wp:attachment":[{"href":"https:\/\/custom-rugs.org\/tr\/wp-json\/wp\/v2\/media?parent=2336"}],"curies":[{"name":"wp","href":"https:\/\/api.w.org\/{rel}","templated":true}]}}