{"id":2321,"date":"2024-12-03T19:11:38","date_gmt":"2024-12-03T11:11:38","guid":{"rendered":"https:\/\/custom-rugs.org\/?page_id=2321"},"modified":"2024-12-03T19:13:31","modified_gmt":"2024-12-03T11:13:31","slug":"botanical-mandala-wool-rug-sage-green-tribal-design-8x10-hand-tufted","status":"publish","type":"page","link":"https:\/\/custom-rugs.org\/tr\/abstract-rugs\/botanical-mandala-wool-rug-sage-green-tribal-design-8x10-hand-tufted\/","title":{"rendered":"Botanik Mandala Y\u00fcn Hal\u0131 - Ada\u00e7ay\u0131 Ye\u015fili Tribal Tasar\u0131m, 8\u00d710\u2032 El Dokumas\u0131"},"content":{"rendered":"<div data-elementor-type=\"wp-page\" data-elementor-id=\"2321\" class=\"elementor elementor-2321\">\n\t\t\t\t<div class=\"elementor-element elementor-element-26efadc e-flex e-con-boxed e-con e-parent\" data-id=\"26efadc\" data-element_type=\"container\">\n\t\t\t\t\t<div class=\"e-con-inner\">\n\t\t<div class=\"elementor-element elementor-element-12f3647 e-con-full e-flex e-con e-child\" data-id=\"12f3647\" data-element_type=\"container\">\n\t\t\t\t<div class=\"elementor-element elementor-element-b8c4511 elementor-widget elementor-widget-image\" data-id=\"b8c4511\" data-element_type=\"widget\" data-widget_type=\"image.default\">\n\t\t\t\t<div class=\"elementor-widget-container\">\n\t\t\t\t\t\t\t\t\t\t\t\t\t<img fetchpriority=\"high\" decoding=\"async\" width=\"768\" height=\"768\" src=\"https:\/\/custom-rugs.org\/wp-content\/uploads\/2024\/12\/hand-tufted-wool-mandala-sage-green-tribal-8x10-picture-768x768.jpg\" class=\"attachment-medium_large size-medium_large wp-image-2323\" alt=\"el tufting y\u00fcn mandala ada\u00e7ay\u0131 ye\u015fili tribal 8x10\" srcset=\"https:\/\/custom-rugs.org\/wp-content\/uploads\/2024\/12\/hand-tufted-wool-mandala-sage-green-tribal-8x10-picture-768x768.jpg 768w, https:\/\/custom-rugs.org\/wp-content\/uploads\/2024\/12\/hand-tufted-wool-mandala-sage-green-tribal-8x10-picture-300x300.jpg 300w, https:\/\/custom-rugs.org\/wp-content\/uploads\/2024\/12\/hand-tufted-wool-mandala-sage-green-tribal-8x10-picture-1024x1024.jpg 1024w, https:\/\/custom-rugs.org\/wp-content\/uploads\/2024\/12\/hand-tufted-wool-mandala-sage-green-tribal-8x10-picture-150x150.jpg 150w, https:\/\/custom-rugs.org\/wp-content\/uploads\/2024\/12\/hand-tufted-wool-mandala-sage-green-tribal-8x10-picture-1536x1536.jpg 1536w, https:\/\/custom-rugs.org\/wp-content\/uploads\/2024\/12\/hand-tufted-wool-mandala-sage-green-tribal-8x10-picture.jpg 1600w\" sizes=\"(max-width: 768px) 100vw, 768px\" \/>\t\t\t\t\t\t\t\t\t\t\t\t\t<\/div>\n\t\t\t\t<\/div>\n\t\t\t\t<\/div>\n\t\t<div class=\"elementor-element elementor-element-b5fe7c3 e-con-full e-flex e-con e-child\" data-id=\"b5fe7c3\" data-element_type=\"container\">\n\t\t\t\t<div class=\"elementor-element elementor-element-af2d5f4 elementor-widget elementor-widget-shortcode\" data-id=\"af2d5f4\" data-element_type=\"widget\" data-widget_type=\"shortcode.default\">\n\t\t\t\t<div class=\"elementor-widget-container\">\n\t\t\t\t\t<div class=\"elementor-shortcode\"><nav aria-label=\"ekmek k\u0131r\u0131nt\u0131lar\u0131\" class=\"rank-math-breadcrumb\"><p><span class=\"last\">Ev<\/span><\/p><\/nav><\/div>\n\t\t\t\t<\/div>\n\t\t\t\t<\/div>\n\t\t\t\t<div class=\"elementor-element elementor-element-9751e31 elementor-widget elementor-widget-heading\" data-id=\"9751e31\" data-element_type=\"widget\" data-widget_type=\"heading.default\">\n\t\t\t\t<div class=\"elementor-widget-container\">\n\t\t\t<h1 class=\"elementor-heading-title elementor-size-default\">Botanik Mandala Y\u00fcn Hal\u0131 - Ada\u00e7ay\u0131 Ye\u015fili Tribal Tasar\u0131m, 8\u00d710\u2032 El Dokumas\u0131<\/h1>\t\t<\/div>\n\t\t\t\t<\/div>\n\t\t\t\t<div class=\"elementor-element elementor-element-463f34f elementor-widget elementor-widget-text-editor\" data-id=\"463f34f\" data-element_type=\"widget\" data-widget_type=\"text-editor.default\">\n\t\t\t\t<div class=\"elementor-widget-container\">\n\t\t\t\t\t\t\t<ul><li>Kal\u0131c\u0131 g\u00fczellik i\u00e7in birinci s\u0131n\u0131f Yeni Zelanda y\u00fcn\u00fc el p\u00fcsk\u00fcl\u00fc<\/li><li>De\u011fi\u015fen ada\u00e7ay\u0131 ve zeytin tonlar\u0131nda tekrar eden mandala deseni<\/li><li>Karma\u015f\u0131k \u00e7i\u00e7ek madalyonlar\u0131 b\u00fcy\u00fcleyici bir ritim yarat\u0131r<\/li><li>Dama tahtas\u0131 arka plan ince derinlik varyasyonu ekler<\/li><li>Geleneksel kabile motifleri modern tarzda yeniden tasarland\u0131<\/li><\/ul>\t\t\t\t\t\t<\/div>\n\t\t\t\t<\/div>\n\t\t\t\t<div class=\"elementor-element elementor-element-d932d01 elementor-align-left elementor-widget elementor-widget-button\" data-id=\"d932d01\" data-element_type=\"widget\" data-widget_type=\"button.default\">\n\t\t\t\t<div class=\"elementor-widget-container\">\n\t\t\t\t\t<div class=\"elementor-button-wrapper\">\n\t\t\t<a class=\"elementor-button elementor-button-link elementor-size-sm\" href=\"https:\/\/custom-rugs.org\/tr\/contact\/\" target=\"_blank\">\n\t\t\t\t\t\t<span class=\"elementor-button-content-wrapper\">\n\t\t\t\t\t\t\t\t\t<span class=\"elementor-button-text\">Teklif \u0130steyin<\/span>\n\t\t\t\t\t<\/span>\n\t\t\t\t\t<\/a>\n\t\t<\/div>\n\t\t\t\t<\/div>\n\t\t\t\t<\/div>\n\t\t\t\t<\/div>\n\t\t\t\t\t<\/div>\n\t\t\t\t<\/div>\n\t\t<div class=\"elementor-element elementor-element-924a62a e-flex e-con-boxed e-con e-parent\" data-id=\"924a62a\" data-element_type=\"container\" data-settings=\"{&quot;background_background&quot;:&quot;classic&quot;}\">\n\t\t\t\t\t<div class=\"e-con-inner\">\n\t\t<div class=\"elementor-element elementor-element-140133b e-con-full e-flex e-con e-child\" data-id=\"140133b\" data-element_type=\"container\">\n\t\t\t\t<div class=\"elementor-element elementor-element-29161b5 elementor-widget-divider--view-line elementor-widget elementor-widget-divider\" data-id=\"29161b5\" data-element_type=\"widget\" data-widget_type=\"divider.default\">\n\t\t\t\t<div class=\"elementor-widget-container\">\n\t\t\t\t\t<div class=\"elementor-divider\">\n\t\t\t<span class=\"elementor-divider-separator\">\n\t\t\t\t\t\t<\/span>\n\t\t<\/div>\n\t\t\t\t<\/div>\n\t\t\t\t<\/div>\n\t\t\t\t<div class=\"elementor-element elementor-element-ff0d178 elementor-widget elementor-widget-heading\" data-id=\"ff0d178\" data-element_type=\"widget\" data-widget_type=\"heading.default\">\n\t\t\t\t<div class=\"elementor-widget-container\">\n\t\t\t<div class=\"elementor-heading-title elementor-size-default\">\u00dcr\u00fcn A\u00e7\u0131klamas\u0131<\/div>\t\t<\/div>\n\t\t\t\t<\/div>\n\t\t\t\t<div class=\"elementor-element elementor-element-002557a elementor-widget elementor-widget-text-editor\" data-id=\"002557a\" data-element_type=\"widget\" data-widget_type=\"text-editor.default\">\n\t\t\t\t<div class=\"elementor-widget-container\">\n\t\t\t\t\t\t\t<p>Orman Mandalas\u0131, kadim kabile bilgeli\u011finden ve botanik zarafetten ilham al\u0131yor.<br \/>Karma\u015f\u0131k g\u00fcne\u015f patlamas\u0131 madalyonlar\u0131, ada\u00e7ay\u0131 ve zeytin ye\u015fili kareler boyunca \u00e7i\u00e7ek a\u00e7arak meditatif bir ritim yarat\u0131r.<br \/>Her bir mandala deseni, do\u011fan\u0131n kutsal geometrisini yans\u0131tan hassas detaylar sergiliyor.<\/p><p><strong>\u00d6NEML\u0130 NOKTALAR:<\/strong><\/p><ul><li>Birinci s\u0131n\u0131f Yeni Zelanda y\u00fcn\u00fc kullan\u0131larak ustal\u0131kla elde dokunmu\u015ftur<\/li><li>Modern tarzda geleneksel mandala desenleri i\u00e7erir<\/li><li>\u00d6zel boyutlarda ve ki\u015fiselle\u015ftirilmi\u015f renk varyasyonlar\u0131nda mevcuttur<\/li><\/ul><p><strong>Boyut ve A\u011f\u0131rl\u0131k<\/strong><\/p><ul><li>240 x 300 cm \/ 8 x 10 feet (-\/+5 cm veya 2 in\u00e7)<\/li><li>Kal\u0131nl\u0131k = 1,5 cm \/ 0,5 in\u00e7<\/li><li>41 kg \/ 90 pound<\/li><\/ul><p><strong>Malzeme<\/strong><\/p><ul><li>100% Yeni Zelanda y\u00fcn\u00fc<\/li><\/ul><p><strong>\u00dcretim Teslim S\u00fcresi<\/strong><\/p><p>Yaratt\u0131\u011f\u0131m\u0131z her hal\u0131 benzersiz bir \u015fekilde \u00f6zel olarak \u00fcretilmi\u015ftir.<\/p><ul><li>\u00dcretim s\u00fcresi: 15 - 20 i\u015f g\u00fcn\u00fc<\/li><li>Bu zaman dilimi sipari\u015finiz onayland\u0131ktan sonra ba\u015flar<\/li><li>Her bir hal\u0131 sizin spesifikasyonlar\u0131n\u0131za g\u00f6re \u00f6zel olarak haz\u0131rlan\u0131r<\/li><li>Zanaatkarlar\u0131m\u0131z s\u00fcrecin her ad\u0131m\u0131nda kaliteyi garanti eder<\/li><\/ul><p>L\u00fctfen unutmay\u0131n:<\/p><ul><li>\u00c7al\u0131\u015fma g\u00fcnlerine hafta sonlar\u0131 ve tatiller dahil de\u011fildir<\/li><li>Karma\u015f\u0131k tasar\u0131mlar ek s\u00fcre gerektirebilir<\/li><li>Acil sipari\u015fleri en k\u0131sa s\u00fcrede g\u00f6ndermek i\u00e7in elimizden geleni yapaca\u011f\u0131z<\/li><\/ul><p>T\u00fcr\u00fcn\u00fcn tek \u00f6rne\u011fi hal\u0131n\u0131z\u0131 yarat\u0131rken g\u00f6sterdi\u011finiz sab\u0131r i\u00e7in te\u015fekk\u00fcr ederiz.<br \/>Kaliteli i\u015f\u00e7ilik zaman al\u0131r, ancak beklemeye de\u011fece\u011fine s\u00f6z veriyoruz.<\/p>\t\t\t\t\t\t<\/div>\n\t\t\t\t<\/div>\n\t\t\t\t<\/div>\n\t\t\t\t\t<\/div>\n\t\t\t\t<\/div>\n\t\t\t\t<\/div>","protected":false},"excerpt":{"rendered":"<p>Botanical Mandala Wool Rug \u2013 Sage Green Tribal Design, 8\u00d710\u2032 Hand-Tufted Premium New Zealand wool hand-tufted for lasting beauty Repeating mandala pattern in varying sage and olive tones Intricate floral medallions create mesmerizing rhythm Checkerboard background adds subtle depth variation Traditional tribal motifs reimagined in modern style Ask a Quote Product Description Forest Mandalas draws [&hellip;]<\/p>","protected":false},"author":1,"featured_media":2323,"parent":2236,"menu_order":0,"comment_status":"closed","ping_status":"closed","template":"","meta":{"rank_math_lock_modified_date":false,"_uag_custom_page_level_css":"","site-sidebar-layout":"no-sidebar","site-content-layout":"page-builder","ast-site-content-layout":"full-width-container","site-content-style":"default","site-sidebar-style":"default","ast-global-header-display":"","ast-banner-title-visibility":"","ast-main-header-display":"","ast-hfb-above-header-display":"","ast-hfb-below-header-display":"","ast-hfb-mobile-header-display":"","site-post-title":"disabled","ast-breadcrumbs-content":"","ast-featured-img":"disabled","footer-sml-layout":"","theme-transparent-header-meta":"","adv-header-id-meta":"","stick-header-meta":"","header-above-stick-meta":"","header-main-stick-meta":"","header-below-stick-meta":"","astra-migrate-meta-layouts":"set","ast-page-background-enabled":"default","ast-page-background-meta":{"desktop":{"background-color":"","background-image":"","background-repeat":"repeat","background-position":"center center","background-size":"auto","background-attachment":"scroll","background-type":"","background-media":"","overlay-type":"","overlay-color":"","overlay-opacity":"","overlay-gradient":""},"tablet":{"background-color":"","background-image":"","background-repeat":"repeat","background-position":"center center","background-size":"auto","background-attachment":"scroll","background-type":"","background-media":"","overlay-type":"","overlay-color":"","overlay-opacity":"","overlay-gradient":""},"mobile":{"background-color":"","background-image":"","background-repeat":"repeat","background-position":"center center","background-size":"auto","background-attachment":"scroll","background-type":"","background-media":"","overlay-type":"","overlay-color":"","overlay-opacity":"","overlay-gradient":""}},"ast-content-background-meta":{"desktop":{"background-color":"var(--ast-global-color-5)","background-image":"","background-repeat":"repeat","background-position":"center center","background-size":"auto","background-attachment":"scroll","background-type":"","background-media":"","overlay-type":"","overlay-color":"","overlay-opacity":"","overlay-gradient":""},"tablet":{"background-color":"var(--ast-global-color-5)","background-image":"","background-repeat":"repeat","background-position":"center center","background-size":"auto","background-attachment":"scroll","background-type":"","background-media":"","overlay-type":"","overlay-color":"","overlay-opacity":"","overlay-gradient":""},"mobile":{"background-color":"var(--ast-global-color-5)","background-image":"","background-repeat":"repeat","background-position":"center center","background-size":"auto","background-attachment":"scroll","background-type":"","background-media":"","overlay-type":"","overlay-color":"","overlay-opacity":"","overlay-gradient":""}},"_joinchat":[],"footnotes":""},"class_list":["post-2321","page","type-page","status-publish","has-post-thumbnail","hentry"],"uagb_featured_image_src":{"full":["https:\/\/custom-rugs.org\/wp-content\/uploads\/2024\/12\/hand-tufted-wool-mandala-sage-green-tribal-8x10-picture.jpg",1600,1600,false],"thumbnail":["https:\/\/custom-rugs.org\/wp-content\/uploads\/2024\/12\/hand-tufted-wool-mandala-sage-green-tribal-8x10-picture-150x150.jpg",150,150,true],"medium":["https:\/\/custom-rugs.org\/wp-content\/uploads\/2024\/12\/hand-tufted-wool-mandala-sage-green-tribal-8x10-picture-300x300.jpg",300,300,true],"medium_large":["https:\/\/custom-rugs.org\/wp-content\/uploads\/2024\/12\/hand-tufted-wool-mandala-sage-green-tribal-8x10-picture-768x768.jpg",768,768,true],"large":["https:\/\/custom-rugs.org\/wp-content\/uploads\/2024\/12\/hand-tufted-wool-mandala-sage-green-tribal-8x10-picture-1024x1024.jpg",1024,1024,true],"1536x1536":["https:\/\/custom-rugs.org\/wp-content\/uploads\/2024\/12\/hand-tufted-wool-mandala-sage-green-tribal-8x10-picture-1536x1536.jpg",1536,1536,true],"2048x2048":["https:\/\/custom-rugs.org\/wp-content\/uploads\/2024\/12\/hand-tufted-wool-mandala-sage-green-tribal-8x10-picture.jpg",1600,1600,false],"trp-custom-language-flag":["https:\/\/custom-rugs.org\/wp-content\/uploads\/2024\/12\/hand-tufted-wool-mandala-sage-green-tribal-8x10-picture.jpg",12,12,false],"crp_thumbnail":["https:\/\/custom-rugs.org\/wp-content\/uploads\/2024\/12\/hand-tufted-wool-mandala-sage-green-tribal-8x10-picture-150x150.jpg",150,150,true]},"uagb_author_info":{"display_name":"Custom Rugs","author_link":"https:\/\/custom-rugs.org\/tr\/author\/admin-hang\/"},"uagb_comment_info":0,"uagb_excerpt":"Botanical Mandala Wool Rug \u2013 Sage Green Tribal Design, 8\u00d710\u2032 Hand-Tufted Premium New Zealand wool hand-tufted for lasting beauty Repeating mandala pattern in varying sage and olive tones Intricate floral medallions create mesmerizing rhythm Checkerboard background adds subtle depth variation Traditional tribal motifs reimagined in modern style Ask a Quote Product Description Forest Mandalas draws&hellip;","_links":{"self":[{"href":"https:\/\/custom-rugs.org\/tr\/wp-json\/wp\/v2\/pages\/2321","targetHints":{"allow":["GET"]}}],"collection":[{"href":"https:\/\/custom-rugs.org\/tr\/wp-json\/wp\/v2\/pages"}],"about":[{"href":"https:\/\/custom-rugs.org\/tr\/wp-json\/wp\/v2\/types\/page"}],"author":[{"embeddable":true,"href":"https:\/\/custom-rugs.org\/tr\/wp-json\/wp\/v2\/users\/1"}],"replies":[{"embeddable":true,"href":"https:\/\/custom-rugs.org\/tr\/wp-json\/wp\/v2\/comments?post=2321"}],"version-history":[{"count":0,"href":"https:\/\/custom-rugs.org\/tr\/wp-json\/wp\/v2\/pages\/2321\/revisions"}],"up":[{"embeddable":true,"href":"https:\/\/custom-rugs.org\/tr\/wp-json\/wp\/v2\/pages\/2236"}],"wp:featuredmedia":[{"embeddable":true,"href":"https:\/\/custom-rugs.org\/tr\/wp-json\/wp\/v2\/media\/2323"}],"wp:attachment":[{"href":"https:\/\/custom-rugs.org\/tr\/wp-json\/wp\/v2\/media?parent=2321"}],"curies":[{"name":"wp","href":"https:\/\/api.w.org\/{rel}","templated":true}]}}