{"id":2303,"date":"2024-12-03T18:51:56","date_gmt":"2024-12-03T10:51:56","guid":{"rendered":"https:\/\/custom-rugs.org\/?page_id=2303"},"modified":"2024-12-03T18:54:52","modified_gmt":"2024-12-03T10:54:52","slug":"abstract-topographic-wool-area-rug-hand-tufted-9x12-sand-ivory","status":"publish","type":"page","link":"https:\/\/custom-rugs.org\/tr\/abstract-rugs\/abstract-topographic-wool-area-rug-hand-tufted-9x12-sand-ivory\/","title":{"rendered":"Soyut Topografik Y\u00fcn Alan Hal\u0131s\u0131, El Dokumas\u0131, 9\u00d712\u2032, Kum &amp; Fildi\u015fi"},"content":{"rendered":"<div data-elementor-type=\"wp-page\" data-elementor-id=\"2303\" class=\"elementor elementor-2303\">\n\t\t\t\t<div class=\"elementor-element elementor-element-6bec815 e-flex e-con-boxed e-con e-parent\" data-id=\"6bec815\" data-element_type=\"container\">\n\t\t\t\t\t<div class=\"e-con-inner\">\n\t\t<div class=\"elementor-element elementor-element-cebaf40 e-con-full e-flex e-con e-child\" data-id=\"cebaf40\" data-element_type=\"container\">\n\t\t\t\t<div class=\"elementor-element elementor-element-2460cb0 elementor-widget elementor-widget-image\" data-id=\"2460cb0\" data-element_type=\"widget\" data-widget_type=\"image.default\">\n\t\t\t\t<div class=\"elementor-widget-container\">\n\t\t\t\t\t\t\t\t\t\t\t\t\t<img fetchpriority=\"high\" decoding=\"async\" width=\"768\" height=\"768\" src=\"https:\/\/custom-rugs.org\/wp-content\/uploads\/2024\/12\/topographic-pattern-wool-rug-sand-ivory-9x12-tufted-picture-768x768.jpg\" class=\"attachment-medium_large size-medium_large wp-image-2305\" alt=\"topografik desen y\u00fcn hal\u0131 kum fildi\u015fi 9x12 tufted\" srcset=\"https:\/\/custom-rugs.org\/wp-content\/uploads\/2024\/12\/topographic-pattern-wool-rug-sand-ivory-9x12-tufted-picture-768x768.jpg 768w, https:\/\/custom-rugs.org\/wp-content\/uploads\/2024\/12\/topographic-pattern-wool-rug-sand-ivory-9x12-tufted-picture-300x300.jpg 300w, https:\/\/custom-rugs.org\/wp-content\/uploads\/2024\/12\/topographic-pattern-wool-rug-sand-ivory-9x12-tufted-picture-1024x1024.jpg 1024w, https:\/\/custom-rugs.org\/wp-content\/uploads\/2024\/12\/topographic-pattern-wool-rug-sand-ivory-9x12-tufted-picture-150x150.jpg 150w, https:\/\/custom-rugs.org\/wp-content\/uploads\/2024\/12\/topographic-pattern-wool-rug-sand-ivory-9x12-tufted-picture-1536x1536.jpg 1536w, https:\/\/custom-rugs.org\/wp-content\/uploads\/2024\/12\/topographic-pattern-wool-rug-sand-ivory-9x12-tufted-picture.jpg 1600w\" sizes=\"(max-width: 768px) 100vw, 768px\" \/>\t\t\t\t\t\t\t\t\t\t\t\t\t<\/div>\n\t\t\t\t<\/div>\n\t\t\t\t<\/div>\n\t\t<div class=\"elementor-element elementor-element-07c745d e-con-full e-flex e-con e-child\" data-id=\"07c745d\" data-element_type=\"container\">\n\t\t\t\t<div class=\"elementor-element elementor-element-0b89d65 elementor-widget elementor-widget-shortcode\" data-id=\"0b89d65\" data-element_type=\"widget\" data-widget_type=\"shortcode.default\">\n\t\t\t\t<div class=\"elementor-widget-container\">\n\t\t\t\t\t<div class=\"elementor-shortcode\"><nav aria-label=\"ekmek k\u0131r\u0131nt\u0131lar\u0131\" class=\"rank-math-breadcrumb\"><p><span class=\"last\">Ev<\/span><\/p><\/nav><\/div>\n\t\t\t\t<\/div>\n\t\t\t\t<\/div>\n\t\t\t\t<div class=\"elementor-element elementor-element-345ac27 elementor-widget elementor-widget-heading\" data-id=\"345ac27\" data-element_type=\"widget\" data-widget_type=\"heading.default\">\n\t\t\t\t<div class=\"elementor-widget-container\">\n\t\t\t<h1 class=\"elementor-heading-title elementor-size-default\">Soyut Topografik Y\u00fcn Alan Hal\u0131s\u0131, El Dokumas\u0131, 9\u00d712\u2032, Kum &amp; Fildi\u015fi<\/h1>\t\t<\/div>\n\t\t\t\t<\/div>\n\t\t\t\t<div class=\"elementor-element elementor-element-24a63c3 elementor-widget elementor-widget-text-editor\" data-id=\"24a63c3\" data-element_type=\"widget\" data-widget_type=\"text-editor.default\">\n\t\t\t\t<div class=\"elementor-widget-container\">\n\t\t\t\t\t\t\t<ul><li>Ola\u011fan\u00fcst\u00fc yumu\u015fakl\u0131k ve dayan\u0131kl\u0131l\u0131k i\u00e7in Yeni Zelanda y\u00fcn\u00fc el p\u00fcsk\u00fcl\u00fc<\/li><li>Kum tonlar\u0131nda ak\u0131c\u0131 kontur \u00e7izgileri ile organik topografik desen<\/li><li>\u00c7ok seviyeli oyma doku \u00e7arp\u0131c\u0131 g\u00f6rsel boyutlar yarat\u0131r<\/li><li>Simetrik madalyondan ilham alan tasar\u0131m zamans\u0131z bir \u00e7ekicilik sunar<\/li><li>\u00c7a\u011fda\u015f sanat ve geleneksel el i\u015f\u00e7ili\u011finin kusursuz kar\u0131\u015f\u0131m\u0131<\/li><\/ul>\t\t\t\t\t\t<\/div>\n\t\t\t\t<\/div>\n\t\t\t\t<div class=\"elementor-element elementor-element-efa55df elementor-align-left elementor-widget elementor-widget-button\" data-id=\"efa55df\" data-element_type=\"widget\" data-widget_type=\"button.default\">\n\t\t\t\t<div class=\"elementor-widget-container\">\n\t\t\t\t\t<div class=\"elementor-button-wrapper\">\n\t\t\t<a class=\"elementor-button elementor-button-link elementor-size-sm\" href=\"https:\/\/custom-rugs.org\/tr\/contact\/\" target=\"_blank\">\n\t\t\t\t\t\t<span class=\"elementor-button-content-wrapper\">\n\t\t\t\t\t\t\t\t\t<span class=\"elementor-button-text\">Teklif \u0130steyin<\/span>\n\t\t\t\t\t<\/span>\n\t\t\t\t\t<\/a>\n\t\t<\/div>\n\t\t\t\t<\/div>\n\t\t\t\t<\/div>\n\t\t\t\t<\/div>\n\t\t\t\t\t<\/div>\n\t\t\t\t<\/div>\n\t\t<div class=\"elementor-element elementor-element-fa12669 e-flex e-con-boxed e-con e-parent\" data-id=\"fa12669\" data-element_type=\"container\" data-settings=\"{&quot;background_background&quot;:&quot;classic&quot;}\">\n\t\t\t\t\t<div class=\"e-con-inner\">\n\t\t<div class=\"elementor-element elementor-element-029fe79 e-con-full e-flex e-con e-child\" data-id=\"029fe79\" data-element_type=\"container\">\n\t\t\t\t<div class=\"elementor-element elementor-element-d486c05 elementor-widget-divider--view-line elementor-widget elementor-widget-divider\" data-id=\"d486c05\" data-element_type=\"widget\" data-widget_type=\"divider.default\">\n\t\t\t\t<div class=\"elementor-widget-container\">\n\t\t\t\t\t<div class=\"elementor-divider\">\n\t\t\t<span class=\"elementor-divider-separator\">\n\t\t\t\t\t\t<\/span>\n\t\t<\/div>\n\t\t\t\t<\/div>\n\t\t\t\t<\/div>\n\t\t\t\t<div class=\"elementor-element elementor-element-892458b elementor-widget elementor-widget-heading\" data-id=\"892458b\" data-element_type=\"widget\" data-widget_type=\"heading.default\">\n\t\t\t\t<div class=\"elementor-widget-container\">\n\t\t\t<div class=\"elementor-heading-title elementor-size-default\">\u00dcr\u00fcn A\u00e7\u0131klamas\u0131<\/div>\t\t<\/div>\n\t\t\t\t<\/div>\n\t\t\t\t<div class=\"elementor-element elementor-element-d900d10 elementor-widget elementor-widget-text-editor\" data-id=\"d900d10\" data-element_type=\"widget\" data-widget_type=\"text-editor.default\">\n\t\t\t\t<div class=\"elementor-widget-container\">\n\t\t\t\t\t\t\t<p>Do\u011fa, bu b\u00fcy\u00fcleyici el dokumas\u0131 \u015faheserde sanatla bulu\u015fuyor.<br \/>Topografik haritalardan ve organik olu\u015fumlardan ilham alan e\u015fmerkezli desenler, uyumlu kum ve fildi\u015fi tonlar\u0131nda y\u00fczey boyunca ak\u0131yor.<br \/>Her bir oyma \u00e7izgi b\u00fcy\u00fcleyici bir derinlik yaratarak zeminleri sofistike bir huzur manzaras\u0131na d\u00f6n\u00fc\u015ft\u00fcr\u00fcr.<\/p><p><strong>\u00d6NEML\u0130 NOKTALAR:<\/strong><\/p><ul><li>Birinci s\u0131n\u0131f Yeni Zelanda y\u00fcn\u00fc kullan\u0131larak yetenekli zanaatkarlar taraf\u0131ndan elde dokunmu\u015ftur<\/li><li>\u00c7ok seviyeli dokuya sahip oymal\u0131 kontur desenlerine sahiptir<\/li><li>\u00d6zel boyutlarda ve \u0131smarlama renk kombinasyonlar\u0131nda mevcuttur<\/li><\/ul><p><strong>Boyut ve A\u011f\u0131rl\u0131k<\/strong><\/p><ul><li>270 x 370 cm \/ 9 x 12 feet (-\/+5 cm veya 2 in\u00e7)<\/li><li>Kal\u0131nl\u0131k = 1,5 cm \/ 0,5 in\u00e7<\/li><li>55 kg \/ 121 pound<\/li><\/ul><p><strong>Malzeme<\/strong><\/p><ul><li>100% Yeni Zelanda y\u00fcn\u00fc<\/li><\/ul><p><strong>\u00dcretim Teslim S\u00fcresi<\/strong><\/p><p>Yaratt\u0131\u011f\u0131m\u0131z her hal\u0131 benzersiz bir \u015fekilde \u00f6zel olarak \u00fcretilmi\u015ftir.<\/p><ul><li>\u00dcretim s\u00fcresi: 15 - 20 i\u015f g\u00fcn\u00fc<\/li><li>Bu zaman dilimi sipari\u015finiz onayland\u0131ktan sonra ba\u015flar<\/li><li>Her bir hal\u0131 sizin spesifikasyonlar\u0131n\u0131za g\u00f6re \u00f6zel olarak haz\u0131rlan\u0131r<\/li><li>Zanaatkarlar\u0131m\u0131z s\u00fcrecin her ad\u0131m\u0131nda kaliteyi garanti eder<\/li><\/ul><p>L\u00fctfen unutmay\u0131n:<\/p><ul><li>\u00c7al\u0131\u015fma g\u00fcnlerine hafta sonlar\u0131 ve tatiller dahil de\u011fildir<\/li><li>Karma\u015f\u0131k tasar\u0131mlar ek s\u00fcre gerektirebilir<\/li><li>Acil sipari\u015fleri en k\u0131sa s\u00fcrede g\u00f6ndermek i\u00e7in elimizden geleni yapaca\u011f\u0131z<\/li><\/ul><p>T\u00fcr\u00fcn\u00fcn tek \u00f6rne\u011fi hal\u0131n\u0131z\u0131 yarat\u0131rken g\u00f6sterdi\u011finiz sab\u0131r i\u00e7in te\u015fekk\u00fcr ederiz.<br \/>Kaliteli i\u015f\u00e7ilik zaman al\u0131r, ancak beklemeye de\u011fece\u011fine s\u00f6z veriyoruz.<\/p>\t\t\t\t\t\t<\/div>\n\t\t\t\t<\/div>\n\t\t\t\t<\/div>\n\t\t\t\t\t<\/div>\n\t\t\t\t<\/div>\n\t\t\t\t<\/div>","protected":false},"excerpt":{"rendered":"<p>Abstract Topographic Wool Area Rug, Hand-Tufted, 9\u00d712\u2032, Sand &amp; Ivory New Zealand wool hand-tufted for exceptional softness and durability Organic topographic pattern with flowing contour lines in sand tones Multi-level carved texture creates stunning visual dimension Symmetrical medallion-inspired design offers timeless appeal Seamless blend of contemporary art and traditional craftsmanship Ask a Quote Product Description [&hellip;]<\/p>","protected":false},"author":1,"featured_media":2305,"parent":2236,"menu_order":0,"comment_status":"closed","ping_status":"closed","template":"","meta":{"rank_math_lock_modified_date":false,"_uag_custom_page_level_css":"","site-sidebar-layout":"no-sidebar","site-content-layout":"page-builder","ast-site-content-layout":"full-width-container","site-content-style":"default","site-sidebar-style":"default","ast-global-header-display":"","ast-banner-title-visibility":"","ast-main-header-display":"","ast-hfb-above-header-display":"","ast-hfb-below-header-display":"","ast-hfb-mobile-header-display":"","site-post-title":"disabled","ast-breadcrumbs-content":"","ast-featured-img":"disabled","footer-sml-layout":"","theme-transparent-header-meta":"","adv-header-id-meta":"","stick-header-meta":"","header-above-stick-meta":"","header-main-stick-meta":"","header-below-stick-meta":"","astra-migrate-meta-layouts":"set","ast-page-background-enabled":"default","ast-page-background-meta":{"desktop":{"background-color":"","background-image":"","background-repeat":"repeat","background-position":"center center","background-size":"auto","background-attachment":"scroll","background-type":"","background-media":"","overlay-type":"","overlay-color":"","overlay-opacity":"","overlay-gradient":""},"tablet":{"background-color":"","background-image":"","background-repeat":"repeat","background-position":"center center","background-size":"auto","background-attachment":"scroll","background-type":"","background-media":"","overlay-type":"","overlay-color":"","overlay-opacity":"","overlay-gradient":""},"mobile":{"background-color":"","background-image":"","background-repeat":"repeat","background-position":"center center","background-size":"auto","background-attachment":"scroll","background-type":"","background-media":"","overlay-type":"","overlay-color":"","overlay-opacity":"","overlay-gradient":""}},"ast-content-background-meta":{"desktop":{"background-color":"var(--ast-global-color-5)","background-image":"","background-repeat":"repeat","background-position":"center center","background-size":"auto","background-attachment":"scroll","background-type":"","background-media":"","overlay-type":"","overlay-color":"","overlay-opacity":"","overlay-gradient":""},"tablet":{"background-color":"var(--ast-global-color-5)","background-image":"","background-repeat":"repeat","background-position":"center center","background-size":"auto","background-attachment":"scroll","background-type":"","background-media":"","overlay-type":"","overlay-color":"","overlay-opacity":"","overlay-gradient":""},"mobile":{"background-color":"var(--ast-global-color-5)","background-image":"","background-repeat":"repeat","background-position":"center center","background-size":"auto","background-attachment":"scroll","background-type":"","background-media":"","overlay-type":"","overlay-color":"","overlay-opacity":"","overlay-gradient":""}},"_joinchat":[],"footnotes":""},"class_list":["post-2303","page","type-page","status-publish","has-post-thumbnail","hentry"],"uagb_featured_image_src":{"full":["https:\/\/custom-rugs.org\/wp-content\/uploads\/2024\/12\/topographic-pattern-wool-rug-sand-ivory-9x12-tufted-picture.jpg",1600,1600,false],"thumbnail":["https:\/\/custom-rugs.org\/wp-content\/uploads\/2024\/12\/topographic-pattern-wool-rug-sand-ivory-9x12-tufted-picture-150x150.jpg",150,150,true],"medium":["https:\/\/custom-rugs.org\/wp-content\/uploads\/2024\/12\/topographic-pattern-wool-rug-sand-ivory-9x12-tufted-picture-300x300.jpg",300,300,true],"medium_large":["https:\/\/custom-rugs.org\/wp-content\/uploads\/2024\/12\/topographic-pattern-wool-rug-sand-ivory-9x12-tufted-picture-768x768.jpg",768,768,true],"large":["https:\/\/custom-rugs.org\/wp-content\/uploads\/2024\/12\/topographic-pattern-wool-rug-sand-ivory-9x12-tufted-picture-1024x1024.jpg",1024,1024,true],"1536x1536":["https:\/\/custom-rugs.org\/wp-content\/uploads\/2024\/12\/topographic-pattern-wool-rug-sand-ivory-9x12-tufted-picture-1536x1536.jpg",1536,1536,true],"2048x2048":["https:\/\/custom-rugs.org\/wp-content\/uploads\/2024\/12\/topographic-pattern-wool-rug-sand-ivory-9x12-tufted-picture.jpg",1600,1600,false],"trp-custom-language-flag":["https:\/\/custom-rugs.org\/wp-content\/uploads\/2024\/12\/topographic-pattern-wool-rug-sand-ivory-9x12-tufted-picture.jpg",12,12,false],"crp_thumbnail":["https:\/\/custom-rugs.org\/wp-content\/uploads\/2024\/12\/topographic-pattern-wool-rug-sand-ivory-9x12-tufted-picture-150x150.jpg",150,150,true]},"uagb_author_info":{"display_name":"Custom Rugs","author_link":"https:\/\/custom-rugs.org\/tr\/author\/admin-hang\/"},"uagb_comment_info":0,"uagb_excerpt":"Abstract Topographic Wool Area Rug, Hand-Tufted, 9\u00d712\u2032, Sand &amp; Ivory New Zealand wool hand-tufted for exceptional softness and durability Organic topographic pattern with flowing contour lines in sand tones Multi-level carved texture creates stunning visual dimension Symmetrical medallion-inspired design offers timeless appeal Seamless blend of contemporary art and traditional craftsmanship Ask a Quote Product Description&hellip;","_links":{"self":[{"href":"https:\/\/custom-rugs.org\/tr\/wp-json\/wp\/v2\/pages\/2303","targetHints":{"allow":["GET"]}}],"collection":[{"href":"https:\/\/custom-rugs.org\/tr\/wp-json\/wp\/v2\/pages"}],"about":[{"href":"https:\/\/custom-rugs.org\/tr\/wp-json\/wp\/v2\/types\/page"}],"author":[{"embeddable":true,"href":"https:\/\/custom-rugs.org\/tr\/wp-json\/wp\/v2\/users\/1"}],"replies":[{"embeddable":true,"href":"https:\/\/custom-rugs.org\/tr\/wp-json\/wp\/v2\/comments?post=2303"}],"version-history":[{"count":0,"href":"https:\/\/custom-rugs.org\/tr\/wp-json\/wp\/v2\/pages\/2303\/revisions"}],"up":[{"embeddable":true,"href":"https:\/\/custom-rugs.org\/tr\/wp-json\/wp\/v2\/pages\/2236"}],"wp:featuredmedia":[{"embeddable":true,"href":"https:\/\/custom-rugs.org\/tr\/wp-json\/wp\/v2\/media\/2305"}],"wp:attachment":[{"href":"https:\/\/custom-rugs.org\/tr\/wp-json\/wp\/v2\/media?parent=2303"}],"curies":[{"name":"wp","href":"https:\/\/api.w.org\/{rel}","templated":true}]}}