{"id":2276,"date":"2024-12-03T17:59:35","date_gmt":"2024-12-03T09:59:35","guid":{"rendered":"https:\/\/custom-rugs.org\/?page_id=2276"},"modified":"2024-12-03T18:03:33","modified_gmt":"2024-12-03T10:03:33","slug":"abstract-green-pebble-square-tufted-wool-rug-8x8","status":"publish","type":"page","link":"https:\/\/custom-rugs.org\/tr\/abstract-rugs\/abstract-green-pebble-square-tufted-wool-rug-8x8\/","title":{"rendered":"Soyut Ye\u015fil \u00c7ak\u0131l Kare Tufted Y\u00fcn Hal\u0131 8'x8\u2032"},"content":{"rendered":"<div data-elementor-type=\"wp-page\" data-elementor-id=\"2276\" class=\"elementor elementor-2276\">\n\t\t\t\t<div class=\"elementor-element elementor-element-a28fd1b e-flex e-con-boxed e-con e-parent\" data-id=\"a28fd1b\" data-element_type=\"container\">\n\t\t\t\t\t<div class=\"e-con-inner\">\n\t\t<div class=\"elementor-element elementor-element-640d517 e-con-full e-flex e-con e-child\" data-id=\"640d517\" data-element_type=\"container\">\n\t\t\t\t<div class=\"elementor-element elementor-element-d52d9c2 elementor-widget elementor-widget-image\" data-id=\"d52d9c2\" data-element_type=\"widget\" data-widget_type=\"image.default\">\n\t\t\t\t<div class=\"elementor-widget-container\">\n\t\t\t\t\t\t\t\t\t\t\t\t\t<img fetchpriority=\"high\" decoding=\"async\" width=\"768\" height=\"768\" src=\"https:\/\/custom-rugs.org\/wp-content\/uploads\/2024\/12\/abstract-pebble-tufted-wool-rug-green-8x8-picture-768x768.jpg\" class=\"attachment-medium_large size-medium_large wp-image-2278\" alt=\"soyut \u00e7ak\u0131l p\u00fcsk\u00fcll\u00fc y\u00fcn hal\u0131 ye\u015fil 8x8\" srcset=\"https:\/\/custom-rugs.org\/wp-content\/uploads\/2024\/12\/abstract-pebble-tufted-wool-rug-green-8x8-picture-768x768.jpg 768w, https:\/\/custom-rugs.org\/wp-content\/uploads\/2024\/12\/abstract-pebble-tufted-wool-rug-green-8x8-picture-300x300.jpg 300w, https:\/\/custom-rugs.org\/wp-content\/uploads\/2024\/12\/abstract-pebble-tufted-wool-rug-green-8x8-picture-1024x1024.jpg 1024w, https:\/\/custom-rugs.org\/wp-content\/uploads\/2024\/12\/abstract-pebble-tufted-wool-rug-green-8x8-picture-150x150.jpg 150w, https:\/\/custom-rugs.org\/wp-content\/uploads\/2024\/12\/abstract-pebble-tufted-wool-rug-green-8x8-picture-1536x1536.jpg 1536w, https:\/\/custom-rugs.org\/wp-content\/uploads\/2024\/12\/abstract-pebble-tufted-wool-rug-green-8x8-picture.jpg 1600w\" sizes=\"(max-width: 768px) 100vw, 768px\" \/>\t\t\t\t\t\t\t\t\t\t\t\t\t<\/div>\n\t\t\t\t<\/div>\n\t\t\t\t<\/div>\n\t\t<div class=\"elementor-element elementor-element-20799d2 e-con-full e-flex e-con e-child\" data-id=\"20799d2\" data-element_type=\"container\">\n\t\t\t\t<div class=\"elementor-element elementor-element-bfa2569 elementor-widget elementor-widget-shortcode\" data-id=\"bfa2569\" data-element_type=\"widget\" data-widget_type=\"shortcode.default\">\n\t\t\t\t<div class=\"elementor-widget-container\">\n\t\t\t\t\t<div class=\"elementor-shortcode\"><nav aria-label=\"ekmek k\u0131r\u0131nt\u0131lar\u0131\" class=\"rank-math-breadcrumb\"><p><span class=\"last\">Ev<\/span><\/p><\/nav><\/div>\n\t\t\t\t<\/div>\n\t\t\t\t<\/div>\n\t\t\t\t<div class=\"elementor-element elementor-element-92f9f61 elementor-widget elementor-widget-heading\" data-id=\"92f9f61\" data-element_type=\"widget\" data-widget_type=\"heading.default\">\n\t\t\t\t<div class=\"elementor-widget-container\">\n\t\t\t<h1 class=\"elementor-heading-title elementor-size-default\">Soyut Ye\u015fil \u00c7ak\u0131l Kare Tufted Y\u00fcn Hal\u0131 8'x8\u2032<\/h1>\t\t<\/div>\n\t\t\t\t<\/div>\n\t\t\t\t<div class=\"elementor-element elementor-element-38a8962 elementor-widget elementor-widget-text-editor\" data-id=\"38a8962\" data-element_type=\"widget\" data-widget_type=\"text-editor.default\">\n\t\t\t\t<div class=\"elementor-widget-container\">\n\t\t\t\t\t\t\t<ul><li>Soyut \u00e7ak\u0131l ta\u015f\u0131 tasar\u0131ml\u0131 \u00f6zel p\u00fcsk\u00fcll\u00fc hal\u0131<\/li><li>Birinci s\u0131n\u0131f Yeni Zelanda y\u00fcn\u00fcnden \u00fcretilmi\u015ftir<\/li><li>Detaylara titizlikle dikkat edilerek el yap\u0131m\u0131<\/li><li>\u00c7ok y\u00f6nl\u00fc yerle\u015ftirme i\u00e7in kare 8'x8\u2032 boyut<\/li><li>Do\u011fal ambiyans i\u00e7in rahatlat\u0131c\u0131 ye\u015fil tonlar<\/li><\/ul>\t\t\t\t\t\t<\/div>\n\t\t\t\t<\/div>\n\t\t\t\t<div class=\"elementor-element elementor-element-802af05 elementor-align-left elementor-widget elementor-widget-button\" data-id=\"802af05\" data-element_type=\"widget\" data-widget_type=\"button.default\">\n\t\t\t\t<div class=\"elementor-widget-container\">\n\t\t\t\t\t<div class=\"elementor-button-wrapper\">\n\t\t\t<a class=\"elementor-button elementor-button-link elementor-size-sm\" href=\"https:\/\/custom-rugs.org\/tr\/contact\/\" target=\"_blank\">\n\t\t\t\t\t\t<span class=\"elementor-button-content-wrapper\">\n\t\t\t\t\t\t\t\t\t<span class=\"elementor-button-text\">Teklif \u0130steyin<\/span>\n\t\t\t\t\t<\/span>\n\t\t\t\t\t<\/a>\n\t\t<\/div>\n\t\t\t\t<\/div>\n\t\t\t\t<\/div>\n\t\t\t\t<\/div>\n\t\t\t\t\t<\/div>\n\t\t\t\t<\/div>\n\t\t<div class=\"elementor-element elementor-element-06d1c72 e-flex e-con-boxed e-con e-parent\" data-id=\"06d1c72\" data-element_type=\"container\" data-settings=\"{&quot;background_background&quot;:&quot;classic&quot;}\">\n\t\t\t\t\t<div class=\"e-con-inner\">\n\t\t<div class=\"elementor-element elementor-element-8de751b e-con-full e-flex e-con e-child\" data-id=\"8de751b\" data-element_type=\"container\">\n\t\t\t\t<div class=\"elementor-element elementor-element-79b495e elementor-widget-divider--view-line elementor-widget elementor-widget-divider\" data-id=\"79b495e\" data-element_type=\"widget\" data-widget_type=\"divider.default\">\n\t\t\t\t<div class=\"elementor-widget-container\">\n\t\t\t\t\t<div class=\"elementor-divider\">\n\t\t\t<span class=\"elementor-divider-separator\">\n\t\t\t\t\t\t<\/span>\n\t\t<\/div>\n\t\t\t\t<\/div>\n\t\t\t\t<\/div>\n\t\t\t\t<div class=\"elementor-element elementor-element-e4e3222 elementor-widget elementor-widget-heading\" data-id=\"e4e3222\" data-element_type=\"widget\" data-widget_type=\"heading.default\">\n\t\t\t\t<div class=\"elementor-widget-container\">\n\t\t\t<div class=\"elementor-heading-title elementor-size-default\">\u00dcr\u00fcn A\u00e7\u0131klamas\u0131<\/div>\t\t<\/div>\n\t\t\t\t<\/div>\n\t\t\t\t<div class=\"elementor-element elementor-element-8275923 elementor-widget elementor-widget-text-editor\" data-id=\"8275923\" data-element_type=\"widget\" data-widget_type=\"text-editor.default\">\n\t\t\t\t<div class=\"elementor-widget-container\">\n\t\t\t\t\t\t\t<p>Soyut \u00c7ak\u0131l Y\u00fcn Hal\u0131m\u0131z, do\u011fada bulunan yumu\u015fak, organik \u015fekillerden ilham al\u0131yor.<br \/>Birinci s\u0131n\u0131f Yeni Zelanda y\u00fcn\u00fcnden ustal\u0131kla \u00fcretilen bu \u00f6zel p\u00fcsk\u00fcll\u00fc par\u00e7a, ya\u015fam alan\u0131n\u0131za dingin bir zarafet dokunu\u015fu getiriyor.<br \/>Ye\u015filin farkl\u0131 tonlar\u0131ndaki karma\u015f\u0131k \u00e7ak\u0131l ta\u015f\u0131 benzeri desen, odan\u0131z\u0131n tasar\u0131m\u0131n\u0131 topraklamak i\u00e7in m\u00fckemmel, sakinle\u015ftirici ancak g\u00f6rsel olarak ilgi \u00e7ekici bir odak noktas\u0131 olu\u015fturur.<\/p><p><strong>\u00d6nemli noktalar:<\/strong><\/p><ul><li>L\u00fcks konfor ve dayan\u0131kl\u0131l\u0131k i\u00e7in birinci s\u0131n\u0131f Yeni Zelanda y\u00fcn\u00fc kullan\u0131larak el yap\u0131m\u0131 olarak \u00fcretilmi\u015ftir<\/li><li>\u00d6zel p\u00fcsk\u00fcll\u00fc yap\u0131, ola\u011fan\u00fcst\u00fc kalite ve benzersiz karakter sa\u011flar<\/li><li>\u00c7ok y\u00f6nl\u00fc 8'x8\u2032 kare boyutu, oturma alanlar\u0131n\u0131 tan\u0131mlamak veya yatak odas\u0131 merkezi olarak idealdir<\/li><\/ul>\t\t\t\t\t\t<\/div>\n\t\t\t\t<\/div>\n\t\t\t\t<\/div>\n\t\t\t\t\t<\/div>\n\t\t\t\t<\/div>\n\t\t\t\t<\/div>","protected":false},"excerpt":{"rendered":"<p>Abstract Green Pebble Square Tufted Wool Rug 8\u2019x8\u2032 Custom tufted rug with abstract pebble design Crafted from premium New Zealand wool Handmade with meticulous attention to detail Square 8\u2019x8\u2032 size for versatile placement Soothing green tones for natural ambiance Ask a Quote Product Description Our Abstract Pebble Wool Rug draws inspiration from the gentle, organic [&hellip;]<\/p>","protected":false},"author":1,"featured_media":2278,"parent":2236,"menu_order":0,"comment_status":"closed","ping_status":"closed","template":"","meta":{"rank_math_lock_modified_date":false,"_uag_custom_page_level_css":"","site-sidebar-layout":"no-sidebar","site-content-layout":"page-builder","ast-site-content-layout":"full-width-container","site-content-style":"default","site-sidebar-style":"default","ast-global-header-display":"","ast-banner-title-visibility":"","ast-main-header-display":"","ast-hfb-above-header-display":"","ast-hfb-below-header-display":"","ast-hfb-mobile-header-display":"","site-post-title":"disabled","ast-breadcrumbs-content":"","ast-featured-img":"disabled","footer-sml-layout":"","theme-transparent-header-meta":"","adv-header-id-meta":"","stick-header-meta":"","header-above-stick-meta":"","header-main-stick-meta":"","header-below-stick-meta":"","astra-migrate-meta-layouts":"set","ast-page-background-enabled":"default","ast-page-background-meta":{"desktop":{"background-color":"","background-image":"","background-repeat":"repeat","background-position":"center center","background-size":"auto","background-attachment":"scroll","background-type":"","background-media":"","overlay-type":"","overlay-color":"","overlay-opacity":"","overlay-gradient":""},"tablet":{"background-color":"","background-image":"","background-repeat":"repeat","background-position":"center center","background-size":"auto","background-attachment":"scroll","background-type":"","background-media":"","overlay-type":"","overlay-color":"","overlay-opacity":"","overlay-gradient":""},"mobile":{"background-color":"","background-image":"","background-repeat":"repeat","background-position":"center center","background-size":"auto","background-attachment":"scroll","background-type":"","background-media":"","overlay-type":"","overlay-color":"","overlay-opacity":"","overlay-gradient":""}},"ast-content-background-meta":{"desktop":{"background-color":"var(--ast-global-color-5)","background-image":"","background-repeat":"repeat","background-position":"center center","background-size":"auto","background-attachment":"scroll","background-type":"","background-media":"","overlay-type":"","overlay-color":"","overlay-opacity":"","overlay-gradient":""},"tablet":{"background-color":"var(--ast-global-color-5)","background-image":"","background-repeat":"repeat","background-position":"center center","background-size":"auto","background-attachment":"scroll","background-type":"","background-media":"","overlay-type":"","overlay-color":"","overlay-opacity":"","overlay-gradient":""},"mobile":{"background-color":"var(--ast-global-color-5)","background-image":"","background-repeat":"repeat","background-position":"center center","background-size":"auto","background-attachment":"scroll","background-type":"","background-media":"","overlay-type":"","overlay-color":"","overlay-opacity":"","overlay-gradient":""}},"_joinchat":[],"footnotes":""},"class_list":["post-2276","page","type-page","status-publish","has-post-thumbnail","hentry"],"uagb_featured_image_src":{"full":["https:\/\/custom-rugs.org\/wp-content\/uploads\/2024\/12\/abstract-pebble-tufted-wool-rug-green-8x8-picture.jpg",1600,1600,false],"thumbnail":["https:\/\/custom-rugs.org\/wp-content\/uploads\/2024\/12\/abstract-pebble-tufted-wool-rug-green-8x8-picture-150x150.jpg",150,150,true],"medium":["https:\/\/custom-rugs.org\/wp-content\/uploads\/2024\/12\/abstract-pebble-tufted-wool-rug-green-8x8-picture-300x300.jpg",300,300,true],"medium_large":["https:\/\/custom-rugs.org\/wp-content\/uploads\/2024\/12\/abstract-pebble-tufted-wool-rug-green-8x8-picture-768x768.jpg",768,768,true],"large":["https:\/\/custom-rugs.org\/wp-content\/uploads\/2024\/12\/abstract-pebble-tufted-wool-rug-green-8x8-picture-1024x1024.jpg",1024,1024,true],"1536x1536":["https:\/\/custom-rugs.org\/wp-content\/uploads\/2024\/12\/abstract-pebble-tufted-wool-rug-green-8x8-picture-1536x1536.jpg",1536,1536,true],"2048x2048":["https:\/\/custom-rugs.org\/wp-content\/uploads\/2024\/12\/abstract-pebble-tufted-wool-rug-green-8x8-picture.jpg",1600,1600,false],"trp-custom-language-flag":["https:\/\/custom-rugs.org\/wp-content\/uploads\/2024\/12\/abstract-pebble-tufted-wool-rug-green-8x8-picture.jpg",12,12,false],"crp_thumbnail":["https:\/\/custom-rugs.org\/wp-content\/uploads\/2024\/12\/abstract-pebble-tufted-wool-rug-green-8x8-picture-150x150.jpg",150,150,true]},"uagb_author_info":{"display_name":"Custom Rugs","author_link":"https:\/\/custom-rugs.org\/tr\/author\/admin-hang\/"},"uagb_comment_info":0,"uagb_excerpt":"Abstract Green Pebble Square Tufted Wool Rug 8\u2019x8\u2032 Custom tufted rug with abstract pebble design Crafted from premium New Zealand wool Handmade with meticulous attention to detail Square 8\u2019x8\u2032 size for versatile placement Soothing green tones for natural ambiance Ask a Quote Product Description Our Abstract Pebble Wool Rug draws inspiration from the gentle, organic&hellip;","_links":{"self":[{"href":"https:\/\/custom-rugs.org\/tr\/wp-json\/wp\/v2\/pages\/2276","targetHints":{"allow":["GET"]}}],"collection":[{"href":"https:\/\/custom-rugs.org\/tr\/wp-json\/wp\/v2\/pages"}],"about":[{"href":"https:\/\/custom-rugs.org\/tr\/wp-json\/wp\/v2\/types\/page"}],"author":[{"embeddable":true,"href":"https:\/\/custom-rugs.org\/tr\/wp-json\/wp\/v2\/users\/1"}],"replies":[{"embeddable":true,"href":"https:\/\/custom-rugs.org\/tr\/wp-json\/wp\/v2\/comments?post=2276"}],"version-history":[{"count":0,"href":"https:\/\/custom-rugs.org\/tr\/wp-json\/wp\/v2\/pages\/2276\/revisions"}],"up":[{"embeddable":true,"href":"https:\/\/custom-rugs.org\/tr\/wp-json\/wp\/v2\/pages\/2236"}],"wp:featuredmedia":[{"embeddable":true,"href":"https:\/\/custom-rugs.org\/tr\/wp-json\/wp\/v2\/media\/2278"}],"wp:attachment":[{"href":"https:\/\/custom-rugs.org\/tr\/wp-json\/wp\/v2\/media?parent=2276"}],"curies":[{"name":"wp","href":"https:\/\/api.w.org\/{rel}","templated":true}]}}