{"id":2261,"date":"2024-12-03T17:52:51","date_gmt":"2024-12-03T09:52:51","guid":{"rendered":"https:\/\/custom-rugs.org\/?page_id=2261"},"modified":"2024-12-03T17:56:10","modified_gmt":"2024-12-03T09:56:10","slug":"abstract-geometric-wool-rug-modern-triangle-pattern-8x10-custom-tufted","status":"publish","type":"page","link":"https:\/\/custom-rugs.org\/tr\/abstract-rugs\/abstract-geometric-wool-rug-modern-triangle-pattern-8x10-custom-tufted\/","title":{"rendered":"Soyut Geometrik Y\u00fcn Hal\u0131 - Modern \u00dc\u00e7gen Desen, 8\u00d710\u2032 \u00d6zel P\u00fcsk\u00fcll\u00fc"},"content":{"rendered":"<div data-elementor-type=\"wp-page\" data-elementor-id=\"2261\" class=\"elementor elementor-2261\">\n\t\t\t\t<div class=\"elementor-element elementor-element-7d84c7f e-flex e-con-boxed e-con e-parent\" data-id=\"7d84c7f\" data-element_type=\"container\">\n\t\t\t\t\t<div class=\"e-con-inner\">\n\t\t<div class=\"elementor-element elementor-element-bb5f356 e-con-full e-flex e-con e-child\" data-id=\"bb5f356\" data-element_type=\"container\">\n\t\t\t\t<div class=\"elementor-element elementor-element-23d225c elementor-widget elementor-widget-image\" data-id=\"23d225c\" data-element_type=\"widget\" data-widget_type=\"image.default\">\n\t\t\t\t<div class=\"elementor-widget-container\">\n\t\t\t\t\t\t\t\t\t\t\t\t\t<img fetchpriority=\"high\" decoding=\"async\" width=\"768\" height=\"768\" src=\"https:\/\/custom-rugs.org\/wp-content\/uploads\/2024\/12\/tufted-wool-geometric-rug-red-purple-lime-8x10-picture-768x768.jpg\" class=\"attachment-medium_large size-medium_large wp-image-2263\" alt=\"tufted y\u00fcn geometri\u0307k hali kirmizi mor ki\u0307remi\u0307t 8x10\" srcset=\"https:\/\/custom-rugs.org\/wp-content\/uploads\/2024\/12\/tufted-wool-geometric-rug-red-purple-lime-8x10-picture-768x768.jpg 768w, https:\/\/custom-rugs.org\/wp-content\/uploads\/2024\/12\/tufted-wool-geometric-rug-red-purple-lime-8x10-picture-300x300.jpg 300w, https:\/\/custom-rugs.org\/wp-content\/uploads\/2024\/12\/tufted-wool-geometric-rug-red-purple-lime-8x10-picture-1024x1024.jpg 1024w, https:\/\/custom-rugs.org\/wp-content\/uploads\/2024\/12\/tufted-wool-geometric-rug-red-purple-lime-8x10-picture-150x150.jpg 150w, https:\/\/custom-rugs.org\/wp-content\/uploads\/2024\/12\/tufted-wool-geometric-rug-red-purple-lime-8x10-picture-1536x1536.jpg 1536w, https:\/\/custom-rugs.org\/wp-content\/uploads\/2024\/12\/tufted-wool-geometric-rug-red-purple-lime-8x10-picture.jpg 1600w\" sizes=\"(max-width: 768px) 100vw, 768px\" \/>\t\t\t\t\t\t\t\t\t\t\t\t\t<\/div>\n\t\t\t\t<\/div>\n\t\t\t\t<\/div>\n\t\t<div class=\"elementor-element elementor-element-69c567e e-con-full e-flex e-con e-child\" data-id=\"69c567e\" data-element_type=\"container\">\n\t\t\t\t<div class=\"elementor-element elementor-element-0fcf8a8 elementor-widget elementor-widget-shortcode\" data-id=\"0fcf8a8\" data-element_type=\"widget\" data-widget_type=\"shortcode.default\">\n\t\t\t\t<div class=\"elementor-widget-container\">\n\t\t\t\t\t<div class=\"elementor-shortcode\"><nav aria-label=\"ekmek k\u0131r\u0131nt\u0131lar\u0131\" class=\"rank-math-breadcrumb\"><p><span class=\"last\">Ev<\/span><\/p><\/nav><\/div>\n\t\t\t\t<\/div>\n\t\t\t\t<\/div>\n\t\t\t\t<div class=\"elementor-element elementor-element-54f7626 elementor-widget elementor-widget-heading\" data-id=\"54f7626\" data-element_type=\"widget\" data-widget_type=\"heading.default\">\n\t\t\t\t<div class=\"elementor-widget-container\">\n\t\t\t<h1 class=\"elementor-heading-title elementor-size-default\">Soyut Geometrik Y\u00fcn Hal\u0131 - Modern \u00dc\u00e7gen Desen, 8\u00d710\u2032 \u00d6zel P\u00fcsk\u00fcll\u00fc<\/h1>\t\t<\/div>\n\t\t\t\t<\/div>\n\t\t\t\t<div class=\"elementor-element elementor-element-f00fa15 elementor-widget elementor-widget-text-editor\" data-id=\"f00fa15\" data-element_type=\"widget\" data-widget_type=\"text-editor.default\">\n\t\t\t\t<div class=\"elementor-widget-container\">\n\t\t\t\t\t\t\t<ul><li>\u00dcst\u00fcn dayan\u0131kl\u0131l\u0131k i\u00e7in \u00f6zel p\u00fcsk\u00fcll\u00fc birinci s\u0131n\u0131f Yeni Zelanda y\u00fcn\u00fc<\/li><li>Canl\u0131 k\u0131rm\u0131z\u0131, mor ve limon rengi \u00fc\u00e7genlerden olu\u015fan cesur geometrik tasar\u0131m<\/li><li>Dinamik soyut desen \u00e7arp\u0131c\u0131 g\u00f6rsel hareket yarat\u0131r<\/li><li>Modern ya\u015fam alanlar\u0131 i\u00e7in m\u00fckemmel pel\u00fc\u015f hav y\u00fcksekli\u011fi<\/li><li>Her bir hal\u0131, benzersiz bir karakter i\u00e7in yetenekli zanaatkarlar taraf\u0131ndan el i\u015f\u00e7ili\u011fiyle \u00fcretilmi\u015ftir<\/li><\/ul>\t\t\t\t\t\t<\/div>\n\t\t\t\t<\/div>\n\t\t\t\t<div class=\"elementor-element elementor-element-6e33a19 elementor-align-left elementor-widget elementor-widget-button\" data-id=\"6e33a19\" data-element_type=\"widget\" data-widget_type=\"button.default\">\n\t\t\t\t<div class=\"elementor-widget-container\">\n\t\t\t\t\t<div class=\"elementor-button-wrapper\">\n\t\t\t<a class=\"elementor-button elementor-button-link elementor-size-sm\" href=\"https:\/\/custom-rugs.org\/tr\/contact\/\" target=\"_blank\">\n\t\t\t\t\t\t<span class=\"elementor-button-content-wrapper\">\n\t\t\t\t\t\t\t\t\t<span class=\"elementor-button-text\">Teklif \u0130steyin<\/span>\n\t\t\t\t\t<\/span>\n\t\t\t\t\t<\/a>\n\t\t<\/div>\n\t\t\t\t<\/div>\n\t\t\t\t<\/div>\n\t\t\t\t<\/div>\n\t\t\t\t\t<\/div>\n\t\t\t\t<\/div>\n\t\t<div class=\"elementor-element elementor-element-0b870c1 e-flex e-con-boxed e-con e-parent\" data-id=\"0b870c1\" data-element_type=\"container\" data-settings=\"{&quot;background_background&quot;:&quot;classic&quot;}\">\n\t\t\t\t\t<div class=\"e-con-inner\">\n\t\t<div class=\"elementor-element elementor-element-c5e6091 e-con-full e-flex e-con e-child\" data-id=\"c5e6091\" data-element_type=\"container\">\n\t\t\t\t<div class=\"elementor-element elementor-element-fab30c6 elementor-widget-divider--view-line elementor-widget elementor-widget-divider\" data-id=\"fab30c6\" data-element_type=\"widget\" data-widget_type=\"divider.default\">\n\t\t\t\t<div class=\"elementor-widget-container\">\n\t\t\t\t\t<div class=\"elementor-divider\">\n\t\t\t<span class=\"elementor-divider-separator\">\n\t\t\t\t\t\t<\/span>\n\t\t<\/div>\n\t\t\t\t<\/div>\n\t\t\t\t<\/div>\n\t\t\t\t<div class=\"elementor-element elementor-element-04b1747 elementor-widget elementor-widget-heading\" data-id=\"04b1747\" data-element_type=\"widget\" data-widget_type=\"heading.default\">\n\t\t\t\t<div class=\"elementor-widget-container\">\n\t\t\t<div class=\"elementor-heading-title elementor-size-default\">\u00dcr\u00fcn A\u00e7\u0131klamas\u0131<\/div>\t\t<\/div>\n\t\t\t\t<\/div>\n\t\t\t\t<div class=\"elementor-element elementor-element-86d8eef elementor-widget elementor-widget-text-editor\" data-id=\"86d8eef\" data-element_type=\"widget\" data-widget_type=\"text-editor.default\">\n\t\t\t\t<div class=\"elementor-widget-container\">\n\t\t\t\t\t\t\t<p>Prism Dance, geometrik hassasiyet ve sanatsal spontanl\u0131\u011f\u0131n cesur kesi\u015fiminden ortaya \u00e7\u0131k\u0131yor.<br \/>Zaman i\u00e7inde donmu\u015f bir kaleydoskop gibi, k\u0131rm\u0131z\u0131, mor ve limon ye\u015fili canl\u0131 \u00fc\u00e7genler, bozulmam\u0131\u015f bir tuval \u00fczerinde enerjik bir dans yarat\u0131yor.<br \/>Bu \u00f6zel p\u00fcsk\u00fcll\u00fc alan hal\u0131s\u0131, ya\u015fam alan\u0131n\u0131za \u00e7a\u011fda\u015f sanatsal bir ifade getiriyor.<\/p><p><strong>\u00d6NEML\u0130 NOKTALAR:<\/strong><\/p><ul><li>Birinci s\u0131n\u0131f Yeni Zelanda y\u00fcn\u00fc kullan\u0131larak yetenekli zanaatkarlar taraf\u0131ndan \u00f6zel olarak \u00fcretilmi\u015ftir<\/li><li>Hassas a\u00e7\u0131sal \u015fekillerle dinamik geometrik desene sahiptir<\/li><li>Birden fazla boyutta ve \u00f6zel renk varyasyonlar\u0131nda mevcuttur<\/li><\/ul><p><strong>Boyut ve A\u011f\u0131rl\u0131k<\/strong><\/p><ul><li>240 x 300 cm \/ 8 x 10 feet (-\/+5 cm veya 2 in\u00e7)<\/li><li>Kal\u0131nl\u0131k = 1,5 cm \/ 0,5 in\u00e7<\/li><li>41 kg \/ 90 pound<\/li><\/ul><p><strong>Malzeme<\/strong><\/p><ul><li>100% Yeni Zelanda y\u00fcn\u00fc<\/li><\/ul><p><strong>\u00dcretim Teslim S\u00fcresi<\/strong><\/p><p>Yaratt\u0131\u011f\u0131m\u0131z her hal\u0131 benzersiz bir \u015fekilde \u00f6zel olarak \u00fcretilmi\u015ftir.<\/p><ul><li>\u00dcretim s\u00fcresi: 15 - 20 i\u015f g\u00fcn\u00fc<\/li><li>Bu zaman dilimi sipari\u015finiz onayland\u0131ktan sonra ba\u015flar<\/li><li>Her bir hal\u0131 sizin spesifikasyonlar\u0131n\u0131za g\u00f6re \u00f6zel olarak haz\u0131rlan\u0131r<\/li><li>Zanaatkarlar\u0131m\u0131z s\u00fcrecin her ad\u0131m\u0131nda kaliteyi garanti eder<\/li><\/ul><p>L\u00fctfen unutmay\u0131n:<\/p><ul><li>\u00c7al\u0131\u015fma g\u00fcnlerine hafta sonlar\u0131 ve tatiller dahil de\u011fildir<\/li><li>Karma\u015f\u0131k tasar\u0131mlar ek s\u00fcre gerektirebilir<\/li><li>Acil sipari\u015fleri en k\u0131sa s\u00fcrede g\u00f6ndermek i\u00e7in elimizden geleni yapaca\u011f\u0131z<\/li><\/ul><p>T\u00fcr\u00fcn\u00fcn tek \u00f6rne\u011fi hal\u0131n\u0131z\u0131 yarat\u0131rken g\u00f6sterdi\u011finiz sab\u0131r i\u00e7in te\u015fekk\u00fcr ederiz.<br \/>Kaliteli i\u015f\u00e7ilik zaman al\u0131r, ancak beklemeye de\u011fece\u011fine s\u00f6z veriyoruz.<\/p>\t\t\t\t\t\t<\/div>\n\t\t\t\t<\/div>\n\t\t\t\t<\/div>\n\t\t\t\t\t<\/div>\n\t\t\t\t<\/div>\n\t\t\t\t<\/div>","protected":false},"excerpt":{"rendered":"<p>Abstract Geometric Wool Rug \u2013 Modern Triangle Pattern, 8\u00d710\u2032 Custom Tufted Premium New Zealand wool custom tufted for superior durability Bold geometric design with vibrant red, purple, and lime triangles Dynamic abstract pattern creates striking visual movement Plush pile height perfect for modern living spaces Each rug handcrafted by skilled artisans for unique character Ask [&hellip;]<\/p>","protected":false},"author":1,"featured_media":2263,"parent":2236,"menu_order":0,"comment_status":"closed","ping_status":"closed","template":"","meta":{"rank_math_lock_modified_date":false,"_uag_custom_page_level_css":"","site-sidebar-layout":"no-sidebar","site-content-layout":"page-builder","ast-site-content-layout":"full-width-container","site-content-style":"default","site-sidebar-style":"default","ast-global-header-display":"","ast-banner-title-visibility":"","ast-main-header-display":"","ast-hfb-above-header-display":"","ast-hfb-below-header-display":"","ast-hfb-mobile-header-display":"","site-post-title":"disabled","ast-breadcrumbs-content":"","ast-featured-img":"disabled","footer-sml-layout":"","theme-transparent-header-meta":"","adv-header-id-meta":"","stick-header-meta":"","header-above-stick-meta":"","header-main-stick-meta":"","header-below-stick-meta":"","astra-migrate-meta-layouts":"set","ast-page-background-enabled":"default","ast-page-background-meta":{"desktop":{"background-color":"","background-image":"","background-repeat":"repeat","background-position":"center center","background-size":"auto","background-attachment":"scroll","background-type":"","background-media":"","overlay-type":"","overlay-color":"","overlay-opacity":"","overlay-gradient":""},"tablet":{"background-color":"","background-image":"","background-repeat":"repeat","background-position":"center center","background-size":"auto","background-attachment":"scroll","background-type":"","background-media":"","overlay-type":"","overlay-color":"","overlay-opacity":"","overlay-gradient":""},"mobile":{"background-color":"","background-image":"","background-repeat":"repeat","background-position":"center center","background-size":"auto","background-attachment":"scroll","background-type":"","background-media":"","overlay-type":"","overlay-color":"","overlay-opacity":"","overlay-gradient":""}},"ast-content-background-meta":{"desktop":{"background-color":"var(--ast-global-color-5)","background-image":"","background-repeat":"repeat","background-position":"center center","background-size":"auto","background-attachment":"scroll","background-type":"","background-media":"","overlay-type":"","overlay-color":"","overlay-opacity":"","overlay-gradient":""},"tablet":{"background-color":"var(--ast-global-color-5)","background-image":"","background-repeat":"repeat","background-position":"center center","background-size":"auto","background-attachment":"scroll","background-type":"","background-media":"","overlay-type":"","overlay-color":"","overlay-opacity":"","overlay-gradient":""},"mobile":{"background-color":"var(--ast-global-color-5)","background-image":"","background-repeat":"repeat","background-position":"center center","background-size":"auto","background-attachment":"scroll","background-type":"","background-media":"","overlay-type":"","overlay-color":"","overlay-opacity":"","overlay-gradient":""}},"_joinchat":[],"footnotes":""},"class_list":["post-2261","page","type-page","status-publish","has-post-thumbnail","hentry"],"uagb_featured_image_src":{"full":["https:\/\/custom-rugs.org\/wp-content\/uploads\/2024\/12\/tufted-wool-geometric-rug-red-purple-lime-8x10-picture.jpg",1600,1600,false],"thumbnail":["https:\/\/custom-rugs.org\/wp-content\/uploads\/2024\/12\/tufted-wool-geometric-rug-red-purple-lime-8x10-picture-150x150.jpg",150,150,true],"medium":["https:\/\/custom-rugs.org\/wp-content\/uploads\/2024\/12\/tufted-wool-geometric-rug-red-purple-lime-8x10-picture-300x300.jpg",300,300,true],"medium_large":["https:\/\/custom-rugs.org\/wp-content\/uploads\/2024\/12\/tufted-wool-geometric-rug-red-purple-lime-8x10-picture-768x768.jpg",768,768,true],"large":["https:\/\/custom-rugs.org\/wp-content\/uploads\/2024\/12\/tufted-wool-geometric-rug-red-purple-lime-8x10-picture-1024x1024.jpg",1024,1024,true],"1536x1536":["https:\/\/custom-rugs.org\/wp-content\/uploads\/2024\/12\/tufted-wool-geometric-rug-red-purple-lime-8x10-picture-1536x1536.jpg",1536,1536,true],"2048x2048":["https:\/\/custom-rugs.org\/wp-content\/uploads\/2024\/12\/tufted-wool-geometric-rug-red-purple-lime-8x10-picture.jpg",1600,1600,false],"trp-custom-language-flag":["https:\/\/custom-rugs.org\/wp-content\/uploads\/2024\/12\/tufted-wool-geometric-rug-red-purple-lime-8x10-picture.jpg",12,12,false],"crp_thumbnail":["https:\/\/custom-rugs.org\/wp-content\/uploads\/2024\/12\/tufted-wool-geometric-rug-red-purple-lime-8x10-picture-150x150.jpg",150,150,true]},"uagb_author_info":{"display_name":"Custom Rugs","author_link":"https:\/\/custom-rugs.org\/tr\/author\/admin-hang\/"},"uagb_comment_info":0,"uagb_excerpt":"Abstract Geometric Wool Rug \u2013 Modern Triangle Pattern, 8\u00d710\u2032 Custom Tufted Premium New Zealand wool custom tufted for superior durability Bold geometric design with vibrant red, purple, and lime triangles Dynamic abstract pattern creates striking visual movement Plush pile height perfect for modern living spaces Each rug handcrafted by skilled artisans for unique character Ask&hellip;","_links":{"self":[{"href":"https:\/\/custom-rugs.org\/tr\/wp-json\/wp\/v2\/pages\/2261","targetHints":{"allow":["GET"]}}],"collection":[{"href":"https:\/\/custom-rugs.org\/tr\/wp-json\/wp\/v2\/pages"}],"about":[{"href":"https:\/\/custom-rugs.org\/tr\/wp-json\/wp\/v2\/types\/page"}],"author":[{"embeddable":true,"href":"https:\/\/custom-rugs.org\/tr\/wp-json\/wp\/v2\/users\/1"}],"replies":[{"embeddable":true,"href":"https:\/\/custom-rugs.org\/tr\/wp-json\/wp\/v2\/comments?post=2261"}],"version-history":[{"count":0,"href":"https:\/\/custom-rugs.org\/tr\/wp-json\/wp\/v2\/pages\/2261\/revisions"}],"up":[{"embeddable":true,"href":"https:\/\/custom-rugs.org\/tr\/wp-json\/wp\/v2\/pages\/2236"}],"wp:featuredmedia":[{"embeddable":true,"href":"https:\/\/custom-rugs.org\/tr\/wp-json\/wp\/v2\/media\/2263"}],"wp:attachment":[{"href":"https:\/\/custom-rugs.org\/tr\/wp-json\/wp\/v2\/media?parent=2261"}],"curies":[{"name":"wp","href":"https:\/\/api.w.org\/{rel}","templated":true}]}}