{"id":690,"date":"2024-09-25T18:31:29","date_gmt":"2024-09-25T10:31:29","guid":{"rendered":"https:\/\/custom-rugs.org\/services\/"},"modified":"2024-12-04T11:15:19","modified_gmt":"2024-12-04T03:15:19","slug":"services","status":"publish","type":"page","link":"https:\/\/custom-rugs.org\/pl\/services\/","title":{"rendered":"Us\u0142ugi"},"content":{"rendered":"<div class=\"wp-block-uagb-container uagb-block-d074255c alignfull uagb-is-root-container\"><div class=\"uagb-container-inner-blocks-wrap\">\n<div class=\"wp-block-uagb-advanced-heading uagb-block-eaaaeb64\"><h1 class=\"uagb-heading-text\">Us\u0142ugi w zakresie dywan\u00f3w na zam\u00f3wienie<\/h1><p class=\"uagb-desc-text\">Jeste\u015bmy wiod\u0105cym producentem i dostawc\u0105 dywan\u00f3w na zam\u00f3wienie w Chinach. Mo\u017cemy zaprojektowa\u0107 dywany zgodnie z Twoimi wymaganiami.<\/p><\/div>\n<\/div><\/div>\n\n\n\n<div class=\"wp-block-uagb-container uagb-block-3fa8ff1d alignfull uagb-is-root-container\"><div class=\"uagb-container-inner-blocks-wrap\"><\/div><\/div>\n\n\n\n<div class=\"wp-block-uagb-container uagb-block-c2b40ed0 alignfull uagb-is-root-container\"><div class=\"uagb-container-inner-blocks-wrap\">\n<div class=\"wp-block-uagb-container uagb-block-dea82d95\">\n<div class=\"wp-block-uagb-info-box uagb-block-0cbd1e35 uagb-infobox__content-wrap  uagb-infobox_cta-type-all uagb-infobox-icon-above-title uagb-infobox-image-valign-top\"><a href=\"https:\/\/custom-rugs.org\/pl\/custom-rugs\/\" class=\"uagb-infobox-link-wrap uagb-infbox__link-to-all\" target=\"_blank\" aria-label=\"Infobox Link\" rel=\"noopener noreferrer\" onclick=\"return true;\"><\/a><div class=\"uagb-ifb-content\"><div class=\"uagb-ifb-image-content\"><img decoding=\"async\" src=\"https:\/\/custom-rugs.org\/wp-content\/uploads\/2024\/09\/custom-rugs-picture-300x240.webp\" alt=\"dywany na zam\u00f3wienie\" width=\"\" height=\"0\" loading=\"lazy\"\/><\/div><div class=\"uagb-ifb-title-wrap\"><h3 class=\"uagb-ifb-title\">Dywaniki na zam\u00f3wienie<\/h3><\/div><p class=\"uagb-ifb-desc\">Specjalizujemy si\u0119 w tworzeniu dywan\u00f3w na zam\u00f3wienie, kt\u00f3re spe\u0142niaj\u0105 unikalne potrzeby firm z r\u00f3\u017cnych bran\u017c.<\/p><div class=\"uagb-ifb-button-wrapper wp-block-button\"><\/div><\/div><\/div>\n<\/div>\n\n\n\n<div class=\"wp-block-uagb-info-box uagb-block-c6059027 uagb-infobox__content-wrap  uagb-infobox_cta-type-all uagb-infobox-icon-above-title uagb-infobox-image-valign-top\"><a href=\"https:\/\/custom-rugs.org\/pl\/custom-logo-rugs\/\" class=\"uagb-infobox-link-wrap uagb-infbox__link-to-all\" target=\"_blank\" aria-label=\"Infobox Link\" rel=\"noopener noreferrer\" onclick=\"return true;\"><\/a><div class=\"uagb-ifb-content\"><div class=\"uagb-ifb-image-content\"><img decoding=\"async\" src=\"https:\/\/custom-rugs.org\/wp-content\/uploads\/2024\/09\/custom-logo-rugs-picture-300x200.jpg\" alt=\"niestandardowe dywaniki z logo\" width=\"\" height=\"0\" loading=\"lazy\"\/><\/div><div class=\"uagb-ifb-title-wrap\"><h3 class=\"uagb-ifb-title\">Dywaniki z logo na zam\u00f3wienie<\/h3><\/div><p class=\"uagb-ifb-desc\">Niezale\u017cnie od tego, czy witasz klient\u00f3w w swoim biurze, ulepszasz swoj\u0105 przestrze\u0144 handlow\u0105, czy te\u017c dodajesz profesjonalnego charakteru swojemu salonowi wystawowemu, nasze niestandardowe dywaniki marki zapewni\u0105, \u017ce Twoje logo b\u0119dzie si\u0119 wyr\u00f3\u017cnia\u0107.<\/p><div class=\"uagb-ifb-button-wrapper wp-block-button\"><\/div><\/div><\/div>\n\n\n\n<div class=\"wp-block-uagb-info-box uagb-block-68251469 uagb-infobox__content-wrap  uagb-infobox_cta-type-all uagb-infobox-icon-above-title uagb-infobox-image-valign-top\"><a href=\"https:\/\/custom-rugs.org\/pl\/custom-tufted-rugs\/\" class=\"uagb-infobox-link-wrap uagb-infbox__link-to-all\" target=\"_blank\" aria-label=\"Infobox Link\" rel=\"noopener noreferrer\" onclick=\"return true;\"><\/a><div class=\"uagb-ifb-content\"><div class=\"uagb-ifb-image-content\"><img decoding=\"async\" src=\"https:\/\/custom-rugs.org\/wp-content\/uploads\/2024\/09\/Worker-Making-Custom-Tufted-Rug-300x200.jpg\" alt=\"Pracownik wykonuj\u0105cy dywan na zam\u00f3wienie\" width=\"\" height=\"0\" loading=\"lazy\"\/><\/div><div class=\"uagb-ifb-title-wrap\"><h3 class=\"uagb-ifb-title\">Dywany tuftowane na zam\u00f3wienie<\/h3><\/div><p class=\"uagb-ifb-desc\">Niezale\u017cnie od tego, czy s\u0105 przeznaczone do u\u017cytku mieszkalnego, komercyjnego czy hotelarskiego, nasze niestandardowe tuftowane dywany s\u0105 starannie zaprojektowane, aby spe\u0142ni\u0107 unikalne wymagania ka\u017cdego projektu.<\/p><div class=\"uagb-ifb-button-wrapper wp-block-button\"><\/div><\/div><\/div>\n<\/div><\/div>\n\n\n\n<div class=\"wp-block-uagb-container uagb-block-caf7e383 alignfull uagb-is-root-container\"><div class=\"uagb-container-inner-blocks-wrap\">\n<div class=\"wp-block-uagb-container uagb-block-c2aa4a3c\">\n<div class=\"wp-block-uagb-advanced-heading uagb-block-fcddc946\"><h3 class=\"uagb-heading-text\">Profesjonalny producent dywan\u00f3w na zam\u00f3wienie<\/h3><p class=\"uagb-desc-text\">Nasza firma specjalizuje si\u0119 w tworzeniu wysokiej jako\u015bci, niestandardowych dywan\u00f3w dostosowanych do konkretnych potrzeb. Dzi\u0119ki wieloletniemu do\u015bwiadczeniu i zespo\u0142owi wykwalifikowanych rzemie\u015blnik\u00f3w oferujemy szerok\u0105 gam\u0119 materia\u0142\u00f3w, wzor\u00f3w i kolor\u00f3w, aby urzeczywistni\u0107 Twoj\u0105 wizj\u0119. Niezale\u017cnie od tego, czy potrzebujesz unikalnego elementu do domu, biura czy przestrzeni komercyjnej, zapewniamy, \u017ce ka\u017cdy dywan jest wykonany z precyzj\u0105 i staranno\u015bci\u0105.<\/p><\/div>\n<\/div>\n\n\n\n<div class=\"wp-block-uagb-container uagb-block-6be9d90e\">\n<div class=\"wp-block-uagb-image uagb-block-336e511d wp-block-uagb-image--layout-default wp-block-uagb-image--effect-static wp-block-uagb-image--align-none\"><figure class=\"wp-block-uagb-image__figure\"><img loading=\"lazy\" decoding=\"async\" srcset=\"https:\/\/custom-rugs.org\/wp-content\/uploads\/2024\/09\/custom-rugs-manufacturer-picture-1024x768.jpg ,https:\/\/custom-rugs.org\/wp-content\/uploads\/2024\/09\/custom-rugs-manufacturer-picture.jpg 780w, https:\/\/custom-rugs.org\/wp-content\/uploads\/2024\/09\/custom-rugs-manufacturer-picture.jpg 360w\" sizes=\"auto, (max-width: 480px) 150px\" src=\"https:\/\/custom-rugs.org\/wp-content\/uploads\/2024\/09\/custom-rugs-manufacturer-picture-1024x768.jpg\" alt=\"producent dywan\u00f3w na zam\u00f3wienie\" class=\"uag-image-1708\" width=\"640\" height=\"804\" title=\"producent dywan\u00f3w na zam\u00f3wienie zdj\u0119cie\" role=\"img\"\/><\/figure><\/div>\n<\/div>\n<\/div><\/div>\n\n\n\n<div class=\"wp-block-uagb-container uagb-block-98817835 alignfull uagb-is-root-container\"><div class=\"uagb-container-inner-blocks-wrap\">\n<div class=\"wp-block-uagb-advanced-heading uagb-block-0b207ee7\"><h3 class=\"uagb-heading-text\">Proces roboczy<\/h3><\/div>\n\n\n\n<div class=\"wp-block-uagb-container uagb-layout-grid uagb-block-9e4c5d71\">\n<div class=\"wp-block-uagb-info-box uagb-block-547a35f7 uagb-infobox__content-wrap  uagb-infobox-icon-above-title uagb-infobox-image-valign-top\"><div class=\"uagb-ifb-content\"><div class=\"uagb-ifb-title-wrap\"><span class=\"uagb-ifb-title-prefix\">01.<\/span><h4 class=\"uagb-ifb-title\">Konsultacje<\/h4><\/div><p class=\"uagb-ifb-desc\">Skontaktuj si\u0119 z nami, aby om\u00f3wi\u0107 swoje potrzeby. Zapoznamy si\u0119 z Twoim logo i wszelkimi konkretnymi wymaganiami.<\/p><\/div><\/div>\n\n\n\n<div class=\"wp-block-uagb-info-box uagb-block-0c6ac32a uagb-infobox__content-wrap  uagb-infobox-icon-above-title uagb-infobox-image-valign-top\"><div class=\"uagb-ifb-content\"><div class=\"uagb-ifb-title-wrap\"><span class=\"uagb-ifb-title-prefix\">02.<\/span><h4 class=\"uagb-ifb-title\">Dow\u00f3d projektu<\/h4><\/div><p class=\"uagb-ifb-desc\">Nasi projektanci stworz\u0105 wersj\u0119 pr\u00f3bn\u0105 niestandardowego dywanu do zatwierdzenia.<\/p><\/div><\/div>\n\n\n\n<div class=\"wp-block-uagb-info-box uagb-block-b8341c92 uagb-infobox__content-wrap  uagb-infobox-icon-above-title uagb-infobox-image-valign-top\"><div class=\"uagb-ifb-content\"><div class=\"uagb-ifb-title-wrap\"><span class=\"uagb-ifb-title-prefix\">03.<\/span><h4 class=\"uagb-ifb-title\">Produkcja<\/h4><\/div><p class=\"uagb-ifb-desc\">Po zatwierdzeniu rozpoczniemy tworzenie dywanu przy u\u017cyciu najwy\u017cszej jako\u015bci materia\u0142\u00f3w i technik.<\/p><\/div><\/div>\n\n\n\n<div class=\"wp-block-uagb-info-box uagb-block-71d9e5b6 uagb-infobox__content-wrap  uagb-infobox-icon-above-title uagb-infobox-image-valign-top\"><div class=\"uagb-ifb-content\"><div class=\"uagb-ifb-title-wrap\"><span class=\"uagb-ifb-title-prefix\">04.<\/span><h4 class=\"uagb-ifb-title\">Dostawa<\/h4><\/div><p class=\"uagb-ifb-desc\">Tw\u00f3j niestandardowy dywan zostanie dostarczony do Ciebie, gotowy do wywarcia wp\u0142ywu na Twoj\u0105 przestrze\u0144.<\/p><\/div><\/div>\n\n\n\n<div class=\"wp-block-uagb-info-box uagb-block-b1905e06 uagb-infobox__content-wrap  uagb-infobox-icon-above-title uagb-infobox-image-valign-top\"><div class=\"uagb-ifb-content\"><div class=\"uagb-ifb-title-wrap\"><span class=\"uagb-ifb-title-prefix\">00.<\/span><h4 class=\"uagb-ifb-title\">Potrzebujesz niestandardowej pracy?<\/h4><\/div><div class=\"uagb-ifb-button-wrapper wp-block-button\"><a href=\"https:\/\/custom-rugs.org\/pl\/contact\/\" target=\"_self\" onclick=\"return true;\" class=\"uagb-infobox-cta-link\" rel=\"noopener noreferrer\"><span class=\"uagb-inline-editing\">Porozmawiajmy<\/span><svg xmlns=\"https:\/\/www.w3.org\/2000\/svg\" viewbox=\"0 0 512 512\"><path d=\"M504.3 273.6l-112.1 104c-6.992 6.484-17.18 8.218-25.94 4.406c-8.758-3.812-14.42-12.45-14.42-21.1L351.9 288H32C14.33 288 .0002 273.7 .0002 255.1S14.33 224 32 224h319.9l0-72c0-9.547 5.66-18.19 14.42-22c8.754-3.809 18.95-2.075 25.94 4.41l112.1 104C514.6 247.9 514.6 264.1 504.3 273.6z\"><\/path><\/svg><\/a><\/div><\/div><\/div>\n<\/div>\n<\/div><\/div>","protected":false},"excerpt":{"rendered":"<p>Dywany na zam\u00f3wienie Jeste\u015bmy wiod\u0105cym producentem i dostawc\u0105 dywan\u00f3w na zam\u00f3wienie w Chinach. Mo\u017cemy zaprojektowa\u0107 dywany zgodnie z Twoimi wymaganiami. Profesjonalny producent dywan\u00f3w na zam\u00f3wienie Nasza firma specjalizuje si\u0119 w tworzeniu wysokiej jako\u015bci dywan\u00f3w na zam\u00f3wienie dostosowanych do konkretnych potrzeb. Dzi\u0119ki wieloletniemu do\u015bwiadczeniu i zespo\u0142owi wykwalifikowanych rzemie\u015blnik\u00f3w oferujemy szerok\u0105 gam\u0119 [...]<\/p>","protected":false},"author":1,"featured_media":0,"parent":0,"menu_order":0,"comment_status":"closed","ping_status":"closed","template":"","meta":{"rank_math_lock_modified_date":false,"_uag_custom_page_level_css":"","site-sidebar-layout":"no-sidebar","site-content-layout":"plain-container","ast-site-content-layout":"normal-width-container","site-content-style":"unboxed","site-sidebar-style":"unboxed","ast-global-header-display":"","ast-banner-title-visibility":"","ast-main-header-display":"","ast-hfb-above-header-display":"","ast-hfb-below-header-display":"","ast-hfb-mobile-header-display":"","site-post-title":"disabled","ast-breadcrumbs-content":"","ast-featured-img":"disabled","footer-sml-layout":"","theme-transparent-header-meta":"enabled","adv-header-id-meta":"","stick-header-meta":"","header-above-stick-meta":"","header-main-stick-meta":"","header-below-stick-meta":"","astra-migrate-meta-layouts":"set","ast-page-background-enabled":"default","ast-page-background-meta":{"desktop":{"background-color":"","background-image":"","background-repeat":"repeat","background-position":"center center","background-size":"auto","background-attachment":"scroll","background-type":"","background-media":"","overlay-type":"","overlay-color":"","overlay-opacity":"","overlay-gradient":""},"tablet":{"background-color":"","background-image":"","background-repeat":"repeat","background-position":"center center","background-size":"auto","background-attachment":"scroll","background-type":"","background-media":"","overlay-type":"","overlay-color":"","overlay-opacity":"","overlay-gradient":""},"mobile":{"background-color":"","background-image":"","background-repeat":"repeat","background-position":"center center","background-size":"auto","background-attachment":"scroll","background-type":"","background-media":"","overlay-type":"","overlay-color":"","overlay-opacity":"","overlay-gradient":""}},"ast-content-background-meta":{"desktop":{"background-color":"var(--ast-global-color-5)","background-image":"","background-repeat":"repeat","background-position":"center center","background-size":"auto","background-attachment":"scroll","background-type":"","background-media":"","overlay-type":"","overlay-color":"","overlay-opacity":"","overlay-gradient":""},"tablet":{"background-color":"var(--ast-global-color-5)","background-image":"","background-repeat":"repeat","background-position":"center center","background-size":"auto","background-attachment":"scroll","background-type":"","background-media":"","overlay-type":"","overlay-color":"","overlay-opacity":"","overlay-gradient":""},"mobile":{"background-color":"var(--ast-global-color-5)","background-image":"","background-repeat":"repeat","background-position":"center center","background-size":"auto","background-attachment":"scroll","background-type":"","background-media":"","overlay-type":"","overlay-color":"","overlay-opacity":"","overlay-gradient":""}},"_joinchat":[],"footnotes":""},"class_list":["post-690","page","type-page","status-publish","hentry"],"uagb_featured_image_src":{"full":false,"thumbnail":false,"medium":false,"medium_large":false,"large":false,"1536x1536":false,"2048x2048":false,"trp-custom-language-flag":false,"crp_thumbnail":false},"uagb_author_info":{"display_name":"Custom Rugs","author_link":"https:\/\/custom-rugs.org\/pl\/author\/admin-hang\/"},"uagb_comment_info":0,"uagb_excerpt":"Custom Rugs Services\u200b We are the leading custom rugs manufacturer and supplier in China. We can design the rugs on your demands. Professional Custom Rugs Manufacturer Our company specializes in creating high-quality, custom-made rugs tailored to meet your specific needs. With years of experience and a team of skilled artisans, we offer a wide range&hellip;","_links":{"self":[{"href":"https:\/\/custom-rugs.org\/pl\/wp-json\/wp\/v2\/pages\/690","targetHints":{"allow":["GET"]}}],"collection":[{"href":"https:\/\/custom-rugs.org\/pl\/wp-json\/wp\/v2\/pages"}],"about":[{"href":"https:\/\/custom-rugs.org\/pl\/wp-json\/wp\/v2\/types\/page"}],"author":[{"embeddable":true,"href":"https:\/\/custom-rugs.org\/pl\/wp-json\/wp\/v2\/users\/1"}],"replies":[{"embeddable":true,"href":"https:\/\/custom-rugs.org\/pl\/wp-json\/wp\/v2\/comments?post=690"}],"version-history":[{"count":0,"href":"https:\/\/custom-rugs.org\/pl\/wp-json\/wp\/v2\/pages\/690\/revisions"}],"wp:attachment":[{"href":"https:\/\/custom-rugs.org\/pl\/wp-json\/wp\/v2\/media?parent=690"}],"curies":[{"name":"wp","href":"https:\/\/api.w.org\/{rel}","templated":true}]}}