{"id":2360,"date":"2024-12-03T19:57:54","date_gmt":"2024-12-03T11:57:54","guid":{"rendered":"https:\/\/custom-rugs.org\/?page_id=2360"},"modified":"2024-12-03T19:59:36","modified_gmt":"2024-12-03T11:59:36","slug":"mid-century-abstract-wool-rug-beige-contemporary-200x300cm","status":"publish","type":"page","link":"https:\/\/custom-rugs.org\/pl\/abstract-rugs\/mid-century-abstract-wool-rug-beige-contemporary-200x300cm\/","title":{"rendered":"\u015aredniowieczny abstrakcyjny dywan we\u0142niany | be\u017cowy wsp\u00f3\u0142czesny 200x300cm"},"content":{"rendered":"<div data-elementor-type=\"wp-page\" data-elementor-id=\"2360\" class=\"elementor elementor-2360\">\n\t\t\t\t<div class=\"elementor-element elementor-element-0e6c445 e-flex e-con-boxed e-con e-parent\" data-id=\"0e6c445\" data-element_type=\"container\">\n\t\t\t\t\t<div class=\"e-con-inner\">\n\t\t<div class=\"elementor-element elementor-element-2a9696d e-con-full e-flex e-con e-child\" data-id=\"2a9696d\" data-element_type=\"container\">\n\t\t\t\t<div class=\"elementor-element elementor-element-30bb642 elementor-widget elementor-widget-image\" data-id=\"30bb642\" data-element_type=\"widget\" data-widget_type=\"image.default\">\n\t\t\t\t<div class=\"elementor-widget-container\">\n\t\t\t\t\t\t\t\t\t\t\t\t\t<img fetchpriority=\"high\" decoding=\"async\" width=\"768\" height=\"768\" src=\"https:\/\/custom-rugs.org\/wp-content\/uploads\/2024\/12\/mid-century-abstract-beige-wool-rug-200x300cm-picture-768x768.jpg\" class=\"attachment-medium_large size-medium_large wp-image-2362\" alt=\"abstrakcyjny be\u017cowy we\u0142niany dywan z po\u0142owy wieku 200x300cm zdj\u0119cie\" srcset=\"https:\/\/custom-rugs.org\/wp-content\/uploads\/2024\/12\/mid-century-abstract-beige-wool-rug-200x300cm-picture-768x768.jpg 768w, https:\/\/custom-rugs.org\/wp-content\/uploads\/2024\/12\/mid-century-abstract-beige-wool-rug-200x300cm-picture-300x300.jpg 300w, https:\/\/custom-rugs.org\/wp-content\/uploads\/2024\/12\/mid-century-abstract-beige-wool-rug-200x300cm-picture-1024x1024.jpg 1024w, https:\/\/custom-rugs.org\/wp-content\/uploads\/2024\/12\/mid-century-abstract-beige-wool-rug-200x300cm-picture-150x150.jpg 150w, https:\/\/custom-rugs.org\/wp-content\/uploads\/2024\/12\/mid-century-abstract-beige-wool-rug-200x300cm-picture-1536x1536.jpg 1536w, https:\/\/custom-rugs.org\/wp-content\/uploads\/2024\/12\/mid-century-abstract-beige-wool-rug-200x300cm-picture.jpg 1600w\" sizes=\"(max-width: 768px) 100vw, 768px\" \/>\t\t\t\t\t\t\t\t\t\t\t\t\t<\/div>\n\t\t\t\t<\/div>\n\t\t\t\t<\/div>\n\t\t<div class=\"elementor-element elementor-element-233bf87 e-con-full e-flex e-con e-child\" data-id=\"233bf87\" data-element_type=\"container\">\n\t\t\t\t<div class=\"elementor-element elementor-element-bb6c2d5 elementor-widget elementor-widget-shortcode\" data-id=\"bb6c2d5\" data-element_type=\"widget\" data-widget_type=\"shortcode.default\">\n\t\t\t\t<div class=\"elementor-widget-container\">\n\t\t\t\t\t<div class=\"elementor-shortcode\"><nav aria-label=\"bu\u0142ka tarta\" class=\"rank-math-breadcrumb\"><p><span class=\"last\">Strona g\u0142\u00f3wna<\/span><\/p><\/nav><\/div>\n\t\t\t\t<\/div>\n\t\t\t\t<\/div>\n\t\t\t\t<div class=\"elementor-element elementor-element-aa43aa6 elementor-widget elementor-widget-heading\" data-id=\"aa43aa6\" data-element_type=\"widget\" data-widget_type=\"heading.default\">\n\t\t\t\t<div class=\"elementor-widget-container\">\n\t\t\t<h1 class=\"elementor-heading-title elementor-size-default\">\u015aredniowieczny abstrakcyjny dywan we\u0142niany | be\u017cowy wsp\u00f3\u0142czesny 200x300cm<\/h1>\t\t<\/div>\n\t\t\t\t<\/div>\n\t\t\t\t<div class=\"elementor-element elementor-element-a765536 elementor-widget elementor-widget-text-editor\" data-id=\"a765536\" data-element_type=\"widget\" data-widget_type=\"text-editor.default\">\n\t\t\t\t<div class=\"elementor-widget-container\">\n\t\t\t\t\t\t\t<ul><li>Luksusowa we\u0142na nowozelandzka zapewniaj\u0105ca najwy\u017cszy komfort<\/li><li>Wsp\u00f3\u0142czesny abstrakcyjny design z po\u0142owy wieku<\/li><li>Wyrafinowana be\u017cowa paleta dla ponadczasowej elegancji<\/li><li>Niestandardowe tuftowanie zapewnia wyj\u0105tkow\u0105 jako\u015b\u0107 i trwa\u0142o\u015b\u0107<\/li><li>Du\u017cy rozmiar 200x300 cm dla przestronnych pomieszcze\u0144<\/li><\/ul>\t\t\t\t\t\t<\/div>\n\t\t\t\t<\/div>\n\t\t\t\t<div class=\"elementor-element elementor-element-72f4d6f elementor-align-left elementor-widget elementor-widget-button\" data-id=\"72f4d6f\" data-element_type=\"widget\" data-widget_type=\"button.default\">\n\t\t\t\t<div class=\"elementor-widget-container\">\n\t\t\t\t\t<div class=\"elementor-button-wrapper\">\n\t\t\t<a class=\"elementor-button elementor-button-link elementor-size-sm\" href=\"https:\/\/custom-rugs.org\/pl\/contact\/\" target=\"_blank\">\n\t\t\t\t\t\t<span class=\"elementor-button-content-wrapper\">\n\t\t\t\t\t\t\t\t\t<span class=\"elementor-button-text\">Zapytaj o wycen\u0119<\/span>\n\t\t\t\t\t<\/span>\n\t\t\t\t\t<\/a>\n\t\t<\/div>\n\t\t\t\t<\/div>\n\t\t\t\t<\/div>\n\t\t\t\t<\/div>\n\t\t\t\t\t<\/div>\n\t\t\t\t<\/div>\n\t\t<div class=\"elementor-element elementor-element-1068bab e-flex e-con-boxed e-con e-parent\" data-id=\"1068bab\" data-element_type=\"container\" data-settings=\"{&quot;background_background&quot;:&quot;classic&quot;}\">\n\t\t\t\t\t<div class=\"e-con-inner\">\n\t\t<div class=\"elementor-element elementor-element-44ecced e-con-full e-flex e-con e-child\" data-id=\"44ecced\" data-element_type=\"container\">\n\t\t\t\t<div class=\"elementor-element elementor-element-15d8f28 elementor-widget-divider--view-line elementor-widget elementor-widget-divider\" data-id=\"15d8f28\" data-element_type=\"widget\" data-widget_type=\"divider.default\">\n\t\t\t\t<div class=\"elementor-widget-container\">\n\t\t\t\t\t<div class=\"elementor-divider\">\n\t\t\t<span class=\"elementor-divider-separator\">\n\t\t\t\t\t\t<\/span>\n\t\t<\/div>\n\t\t\t\t<\/div>\n\t\t\t\t<\/div>\n\t\t\t\t<div class=\"elementor-element elementor-element-7a52425 elementor-widget elementor-widget-heading\" data-id=\"7a52425\" data-element_type=\"widget\" data-widget_type=\"heading.default\">\n\t\t\t\t<div class=\"elementor-widget-container\">\n\t\t\t<div class=\"elementor-heading-title elementor-size-default\">Opis produktu<\/div>\t\t<\/div>\n\t\t\t\t<\/div>\n\t\t\t\t<div class=\"elementor-element elementor-element-2c8fb68 elementor-widget elementor-widget-text-editor\" data-id=\"2c8fb68\" data-element_type=\"widget\" data-widget_type=\"text-editor.default\">\n\t\t\t\t<div class=\"elementor-widget-container\">\n\t\t\t\t\t\t\t<p>Ten wyrafinowany mebel to wsp\u00f3\u0142czesna interpretacja wzornictwa z po\u0142owy ubieg\u0142ego wieku.<br \/>Zaprezentuj p\u0142ynne abstrakcyjne formy w koj\u0105cych be\u017cowych odcieniach.<br \/>Oferuje idealne po\u0142\u0105czenie estetyki inspirowanej stylem retro i nowoczesnego komfortu.<br \/>Stw\u00f3rz wszechstronny i elegancki punkt centralny w swoim salonie.<\/p><p><strong>Pod\u015bwietlenie<\/strong><\/p><ul><li>Elegancki abstrakcyjny wz\u00f3r inspirowany sztuk\u0105 nowoczesn\u0105 po\u0142owy wieku<\/li><li>Du\u017cy prostok\u0105tny format (200x300 cm) zapewniaj\u0105cy efektown\u0105 prezencj\u0119<\/li><li>G\u0119ste, luksusowe runo zapewnia najwy\u017cszy komfort pod stopami<\/li><li>Idealny do dodania odrobiny wyrafinowanego, inspirowanego stylem vintage uroku do wsp\u00f3\u0142czesnych wn\u0119trz.<\/li><\/ul><p><strong>Zaprojektowany przez<\/strong><\/p><ul><li>Oscar Lee<\/li><\/ul><p><strong>Wymiary i waga<\/strong><\/p><ul><li>200 x 300 cm \/ 6,5 x 9,8 stopy (-\/+5 cm lub 2 cale)<\/li><li>Grubo\u015b\u0107 = 1,2 cm \/ 0,5 cala<\/li><li>31 kg \/ 68 funt\u00f3w<\/li><\/ul><p><strong>Materia\u0142<\/strong><\/p><ul><li>100% We\u0142na nowozelandzka<\/li><\/ul><p><strong>Czas realizacji produkcji<\/strong><\/p><p>Ka\u017cdy tworzony przez nas dywan jest wykonywany na indywidualne zam\u00f3wienie.<\/p><ul><li>Czas produkcji: 15 - 20 dni roboczych<\/li><li>Okres ten rozpoczyna si\u0119 po potwierdzeniu zam\u00f3wienia<\/li><li>Ka\u017cdy dywan jest wykonany specjalnie wed\u0142ug specyfikacji klienta<\/li><li>Nasi rzemie\u015blnicy zapewniaj\u0105 jako\u015b\u0107 na ka\u017cdym etapie procesu<\/li><\/ul><p>Uwaga:<\/p><ul><li>Dni robocze nie obejmuj\u0105 weekend\u00f3w i \u015bwi\u0105t<\/li><li>Z\u0142o\u017cone projekty mog\u0105 wymaga\u0107 dodatkowego czasu<\/li><li>Postaramy si\u0119 jak najszybciej wys\u0142a\u0107 pilne zam\u00f3wienia<\/li><\/ul><p>Dzi\u0119kujemy za cierpliwo\u015b\u0107 podczas tworzenia jedynego w swoim rodzaju dywanu.<br \/>Wysokiej jako\u015bci rzemios\u0142o wymaga czasu, ale obiecujemy, \u017ce warto czeka\u0107.<\/p>\t\t\t\t\t\t<\/div>\n\t\t\t\t<\/div>\n\t\t\t\t<\/div>\n\t\t\t\t\t<\/div>\n\t\t\t\t<\/div>\n\t\t\t\t<\/div>","protected":false},"excerpt":{"rendered":"<p>Mid-Century Abstract Wool Rug | Beige Contemporary 200x300cm Luxurious New Zealand wool for ultimate comfort Mid-century abstract contemporary design Sophisticated beige palette for timeless elegance Custom tufted for exceptional quality and longevity Generous 200x300cm size for spacious rooms Ask a Quote Product Description This sophisticated piece features a contemporary interpretation of mid-century design.Showcase fluid abstract [&hellip;]<\/p>","protected":false},"author":1,"featured_media":2362,"parent":2236,"menu_order":0,"comment_status":"closed","ping_status":"closed","template":"","meta":{"rank_math_lock_modified_date":false,"_uag_custom_page_level_css":"","site-sidebar-layout":"no-sidebar","site-content-layout":"page-builder","ast-site-content-layout":"full-width-container","site-content-style":"default","site-sidebar-style":"default","ast-global-header-display":"","ast-banner-title-visibility":"","ast-main-header-display":"","ast-hfb-above-header-display":"","ast-hfb-below-header-display":"","ast-hfb-mobile-header-display":"","site-post-title":"disabled","ast-breadcrumbs-content":"","ast-featured-img":"disabled","footer-sml-layout":"","theme-transparent-header-meta":"","adv-header-id-meta":"","stick-header-meta":"","header-above-stick-meta":"","header-main-stick-meta":"","header-below-stick-meta":"","astra-migrate-meta-layouts":"set","ast-page-background-enabled":"default","ast-page-background-meta":{"desktop":{"background-color":"","background-image":"","background-repeat":"repeat","background-position":"center center","background-size":"auto","background-attachment":"scroll","background-type":"","background-media":"","overlay-type":"","overlay-color":"","overlay-opacity":"","overlay-gradient":""},"tablet":{"background-color":"","background-image":"","background-repeat":"repeat","background-position":"center center","background-size":"auto","background-attachment":"scroll","background-type":"","background-media":"","overlay-type":"","overlay-color":"","overlay-opacity":"","overlay-gradient":""},"mobile":{"background-color":"","background-image":"","background-repeat":"repeat","background-position":"center center","background-size":"auto","background-attachment":"scroll","background-type":"","background-media":"","overlay-type":"","overlay-color":"","overlay-opacity":"","overlay-gradient":""}},"ast-content-background-meta":{"desktop":{"background-color":"var(--ast-global-color-5)","background-image":"","background-repeat":"repeat","background-position":"center center","background-size":"auto","background-attachment":"scroll","background-type":"","background-media":"","overlay-type":"","overlay-color":"","overlay-opacity":"","overlay-gradient":""},"tablet":{"background-color":"var(--ast-global-color-5)","background-image":"","background-repeat":"repeat","background-position":"center center","background-size":"auto","background-attachment":"scroll","background-type":"","background-media":"","overlay-type":"","overlay-color":"","overlay-opacity":"","overlay-gradient":""},"mobile":{"background-color":"var(--ast-global-color-5)","background-image":"","background-repeat":"repeat","background-position":"center center","background-size":"auto","background-attachment":"scroll","background-type":"","background-media":"","overlay-type":"","overlay-color":"","overlay-opacity":"","overlay-gradient":""}},"_joinchat":[],"footnotes":""},"class_list":["post-2360","page","type-page","status-publish","has-post-thumbnail","hentry"],"uagb_featured_image_src":{"full":["https:\/\/custom-rugs.org\/wp-content\/uploads\/2024\/12\/mid-century-abstract-beige-wool-rug-200x300cm-picture.jpg",1600,1600,false],"thumbnail":["https:\/\/custom-rugs.org\/wp-content\/uploads\/2024\/12\/mid-century-abstract-beige-wool-rug-200x300cm-picture-150x150.jpg",150,150,true],"medium":["https:\/\/custom-rugs.org\/wp-content\/uploads\/2024\/12\/mid-century-abstract-beige-wool-rug-200x300cm-picture-300x300.jpg",300,300,true],"medium_large":["https:\/\/custom-rugs.org\/wp-content\/uploads\/2024\/12\/mid-century-abstract-beige-wool-rug-200x300cm-picture-768x768.jpg",768,768,true],"large":["https:\/\/custom-rugs.org\/wp-content\/uploads\/2024\/12\/mid-century-abstract-beige-wool-rug-200x300cm-picture-1024x1024.jpg",1024,1024,true],"1536x1536":["https:\/\/custom-rugs.org\/wp-content\/uploads\/2024\/12\/mid-century-abstract-beige-wool-rug-200x300cm-picture-1536x1536.jpg",1536,1536,true],"2048x2048":["https:\/\/custom-rugs.org\/wp-content\/uploads\/2024\/12\/mid-century-abstract-beige-wool-rug-200x300cm-picture.jpg",1600,1600,false],"trp-custom-language-flag":["https:\/\/custom-rugs.org\/wp-content\/uploads\/2024\/12\/mid-century-abstract-beige-wool-rug-200x300cm-picture.jpg",12,12,false],"crp_thumbnail":["https:\/\/custom-rugs.org\/wp-content\/uploads\/2024\/12\/mid-century-abstract-beige-wool-rug-200x300cm-picture-150x150.jpg",150,150,true]},"uagb_author_info":{"display_name":"Custom Rugs","author_link":"https:\/\/custom-rugs.org\/pl\/author\/admin-hang\/"},"uagb_comment_info":0,"uagb_excerpt":"Mid-Century Abstract Wool Rug | Beige Contemporary 200x300cm Luxurious New Zealand wool for ultimate comfort Mid-century abstract contemporary design Sophisticated beige palette for timeless elegance Custom tufted for exceptional quality and longevity Generous 200x300cm size for spacious rooms Ask a Quote Product Description This sophisticated piece features a contemporary interpretation of mid-century design.Showcase fluid abstract&hellip;","_links":{"self":[{"href":"https:\/\/custom-rugs.org\/pl\/wp-json\/wp\/v2\/pages\/2360","targetHints":{"allow":["GET"]}}],"collection":[{"href":"https:\/\/custom-rugs.org\/pl\/wp-json\/wp\/v2\/pages"}],"about":[{"href":"https:\/\/custom-rugs.org\/pl\/wp-json\/wp\/v2\/types\/page"}],"author":[{"embeddable":true,"href":"https:\/\/custom-rugs.org\/pl\/wp-json\/wp\/v2\/users\/1"}],"replies":[{"embeddable":true,"href":"https:\/\/custom-rugs.org\/pl\/wp-json\/wp\/v2\/comments?post=2360"}],"version-history":[{"count":0,"href":"https:\/\/custom-rugs.org\/pl\/wp-json\/wp\/v2\/pages\/2360\/revisions"}],"up":[{"embeddable":true,"href":"https:\/\/custom-rugs.org\/pl\/wp-json\/wp\/v2\/pages\/2236"}],"wp:featuredmedia":[{"embeddable":true,"href":"https:\/\/custom-rugs.org\/pl\/wp-json\/wp\/v2\/media\/2362"}],"wp:attachment":[{"href":"https:\/\/custom-rugs.org\/pl\/wp-json\/wp\/v2\/media?parent=2360"}],"curies":[{"name":"wp","href":"https:\/\/api.w.org\/{rel}","templated":true}]}}