{"id":2351,"date":"2024-12-03T19:52:01","date_gmt":"2024-12-03T11:52:01","guid":{"rendered":"https:\/\/custom-rugs.org\/?page_id=2351"},"modified":"2024-12-03T19:54:16","modified_gmt":"2024-12-03T11:54:16","slug":"custom-tufted-wool-rug-with-burgundy-accent-9x12","status":"publish","type":"page","link":"https:\/\/custom-rugs.org\/pl\/abstract-rugs\/custom-tufted-wool-rug-with-burgundy-accent-9x12\/","title":{"rendered":"Tuftowany we\u0142niany dywan z bordowym akcentem, 9'x12'"},"content":{"rendered":"<div data-elementor-type=\"wp-page\" data-elementor-id=\"2351\" class=\"elementor elementor-2351\">\n\t\t\t\t<div class=\"elementor-element elementor-element-31c08aa e-flex e-con-boxed e-con e-parent\" data-id=\"31c08aa\" data-element_type=\"container\">\n\t\t\t\t\t<div class=\"e-con-inner\">\n\t\t<div class=\"elementor-element elementor-element-ad04c7c e-con-full e-flex e-con e-child\" data-id=\"ad04c7c\" data-element_type=\"container\">\n\t\t\t\t<div class=\"elementor-element elementor-element-ab121e6 elementor-widget elementor-widget-image\" data-id=\"ab121e6\" data-element_type=\"widget\" data-widget_type=\"image.default\">\n\t\t\t\t<div class=\"elementor-widget-container\">\n\t\t\t\t\t\t\t\t\t\t\t\t\t<img fetchpriority=\"high\" decoding=\"async\" width=\"768\" height=\"768\" src=\"https:\/\/custom-rugs.org\/wp-content\/uploads\/2024\/12\/custom-tufted-wool-rug-brown-burgundy-stripe-9x12-picture-768x768.jpg\" class=\"attachment-medium_large size-medium_large wp-image-2353\" alt=\"niestandardowy tuftowany we\u0142niany dywan br\u0105zowy bordowy pasek 9x12\" srcset=\"https:\/\/custom-rugs.org\/wp-content\/uploads\/2024\/12\/custom-tufted-wool-rug-brown-burgundy-stripe-9x12-picture-768x768.jpg 768w, https:\/\/custom-rugs.org\/wp-content\/uploads\/2024\/12\/custom-tufted-wool-rug-brown-burgundy-stripe-9x12-picture-300x300.jpg 300w, https:\/\/custom-rugs.org\/wp-content\/uploads\/2024\/12\/custom-tufted-wool-rug-brown-burgundy-stripe-9x12-picture-1024x1024.jpg 1024w, https:\/\/custom-rugs.org\/wp-content\/uploads\/2024\/12\/custom-tufted-wool-rug-brown-burgundy-stripe-9x12-picture-150x150.jpg 150w, https:\/\/custom-rugs.org\/wp-content\/uploads\/2024\/12\/custom-tufted-wool-rug-brown-burgundy-stripe-9x12-picture-1536x1536.jpg 1536w, https:\/\/custom-rugs.org\/wp-content\/uploads\/2024\/12\/custom-tufted-wool-rug-brown-burgundy-stripe-9x12-picture.jpg 1600w\" sizes=\"(max-width: 768px) 100vw, 768px\" \/>\t\t\t\t\t\t\t\t\t\t\t\t\t<\/div>\n\t\t\t\t<\/div>\n\t\t\t\t<\/div>\n\t\t<div class=\"elementor-element elementor-element-72bab2e e-con-full e-flex e-con e-child\" data-id=\"72bab2e\" data-element_type=\"container\">\n\t\t\t\t<div class=\"elementor-element elementor-element-862430b elementor-widget elementor-widget-shortcode\" data-id=\"862430b\" data-element_type=\"widget\" data-widget_type=\"shortcode.default\">\n\t\t\t\t<div class=\"elementor-widget-container\">\n\t\t\t\t\t<div class=\"elementor-shortcode\"><nav aria-label=\"bu\u0142ka tarta\" class=\"rank-math-breadcrumb\"><p><span class=\"last\">Strona g\u0142\u00f3wna<\/span><\/p><\/nav><\/div>\n\t\t\t\t<\/div>\n\t\t\t\t<\/div>\n\t\t\t\t<div class=\"elementor-element elementor-element-beee689 elementor-widget elementor-widget-heading\" data-id=\"beee689\" data-element_type=\"widget\" data-widget_type=\"heading.default\">\n\t\t\t\t<div class=\"elementor-widget-container\">\n\t\t\t<h1 class=\"elementor-heading-title elementor-size-default\">Tuftowany we\u0142niany dywan z bordowym akcentem, 9'x12'<\/h1>\t\t<\/div>\n\t\t\t\t<\/div>\n\t\t\t\t<div class=\"elementor-element elementor-element-83a2f17 elementor-widget elementor-widget-text-editor\" data-id=\"83a2f17\" data-element_type=\"widget\" data-widget_type=\"text-editor.default\">\n\t\t\t\t<div class=\"elementor-widget-container\">\n\t\t\t\t\t\t\t<ul><li>Konstrukcja z nowozelandzkiej we\u0142ny<\/li><li>Niestandardowe tuftowanie zapewniaj\u0105ce wysok\u0105 jako\u015b\u0107<\/li><li>Bogata br\u0105zowa podstawa z bordowym akcentem<\/li><li>Nowoczesny wz\u00f3r w uko\u015bne paski<\/li><li>Du\u017cy rozmiar 9'x12' dla przestronnych pomieszcze\u0144<\/li><\/ul>\t\t\t\t\t\t<\/div>\n\t\t\t\t<\/div>\n\t\t\t\t<div class=\"elementor-element elementor-element-d6f625d elementor-align-left elementor-widget elementor-widget-button\" data-id=\"d6f625d\" data-element_type=\"widget\" data-widget_type=\"button.default\">\n\t\t\t\t<div class=\"elementor-widget-container\">\n\t\t\t\t\t<div class=\"elementor-button-wrapper\">\n\t\t\t<a class=\"elementor-button elementor-button-link elementor-size-sm\" href=\"https:\/\/custom-rugs.org\/pl\/contact\/\" target=\"_blank\">\n\t\t\t\t\t\t<span class=\"elementor-button-content-wrapper\">\n\t\t\t\t\t\t\t\t\t<span class=\"elementor-button-text\">Zapytaj o wycen\u0119<\/span>\n\t\t\t\t\t<\/span>\n\t\t\t\t\t<\/a>\n\t\t<\/div>\n\t\t\t\t<\/div>\n\t\t\t\t<\/div>\n\t\t\t\t<\/div>\n\t\t\t\t\t<\/div>\n\t\t\t\t<\/div>\n\t\t<div class=\"elementor-element elementor-element-d399940 e-flex e-con-boxed e-con e-parent\" data-id=\"d399940\" data-element_type=\"container\" data-settings=\"{&quot;background_background&quot;:&quot;classic&quot;}\">\n\t\t\t\t\t<div class=\"e-con-inner\">\n\t\t<div class=\"elementor-element elementor-element-4a3b283 e-con-full e-flex e-con e-child\" data-id=\"4a3b283\" data-element_type=\"container\">\n\t\t\t\t<div class=\"elementor-element elementor-element-4b0467a elementor-widget-divider--view-line elementor-widget elementor-widget-divider\" data-id=\"4b0467a\" data-element_type=\"widget\" data-widget_type=\"divider.default\">\n\t\t\t\t<div class=\"elementor-widget-container\">\n\t\t\t\t\t<div class=\"elementor-divider\">\n\t\t\t<span class=\"elementor-divider-separator\">\n\t\t\t\t\t\t<\/span>\n\t\t<\/div>\n\t\t\t\t<\/div>\n\t\t\t\t<\/div>\n\t\t\t\t<div class=\"elementor-element elementor-element-cf55fd9 elementor-widget elementor-widget-heading\" data-id=\"cf55fd9\" data-element_type=\"widget\" data-widget_type=\"heading.default\">\n\t\t\t\t<div class=\"elementor-widget-container\">\n\t\t\t<div class=\"elementor-heading-title elementor-size-default\">Opis produktu<\/div>\t\t<\/div>\n\t\t\t\t<\/div>\n\t\t\t\t<div class=\"elementor-element elementor-element-f27b4ae elementor-widget elementor-widget-text-editor\" data-id=\"f27b4ae\" data-element_type=\"widget\" data-widget_type=\"text-editor.default\">\n\t\t\t\t<div class=\"elementor-widget-container\">\n\t\t\t\t\t\t\t<p>Nasz niestandardowy we\u0142niany dywan Tufted Wool to idealne po\u0142\u0105czenie kunsztu i nowoczesnego wzornictwa.<br \/>Zainspirowany subtelnymi kontrastami natury, ten dywan ma bogat\u0105 br\u0105zow\u0105 baz\u0119 dramatycznie przecinan\u0105 odwa\u017cnym bordowym akcentem.<br \/>Uko\u015bny pasek tworzy poczucie ruchu, dodaj\u0105c g\u0142\u0119bi i zainteresowania do przestrzeni \u017cyciowej.<\/p><p><strong>\u00a0Najwa\u017cniejsze wydarzenia:<\/strong><\/p><ul><li>R\u0119cznie wykonane z najwy\u017cszej jako\u015bci we\u0142ny nowozelandzkiej, zapewniaj\u0105cej trwa\u0142o\u015b\u0107 i mi\u0119kko\u015b\u0107.<\/li><li>Niestandardowa technika tuftingu zapewnia wyj\u0105tkow\u0105 jako\u015b\u0107 i tekstur\u0119.<\/li><li>Wszechstronny rozmiar 9'x12' nadaje si\u0119 do du\u017cych przestrzeni mieszkalnych lub otwartych przestrzeni koncepcyjnych<\/li><\/ul><p><strong>Wymiary i waga<\/strong><\/p><ul><li>270 x 370 cm \/ 9 x 12 st\u00f3p (-\/+5 cm lub 2 cale)<\/li><li>Grubo\u015b\u0107 = 1,5 cm \/ 0,5 cala<\/li><li>55 kg \/ 121 funt\u00f3w<\/li><\/ul><p><strong>Materia\u0142<\/strong><\/p><ul><li>100% We\u0142na nowozelandzka<\/li><\/ul><p><strong>Czas realizacji produkcji<\/strong><\/p><p>Ka\u017cdy tworzony przez nas dywan jest wykonywany na indywidualne zam\u00f3wienie.<\/p><ul><li>Czas produkcji: 15 - 20 dni roboczych<\/li><li>Okres ten rozpoczyna si\u0119 po potwierdzeniu zam\u00f3wienia<\/li><li>Ka\u017cdy dywan jest wykonany specjalnie wed\u0142ug specyfikacji klienta<\/li><li>Nasi rzemie\u015blnicy zapewniaj\u0105 jako\u015b\u0107 na ka\u017cdym etapie procesu<\/li><\/ul><p>Uwaga:<\/p><ul><li>Dni robocze nie obejmuj\u0105 weekend\u00f3w i \u015bwi\u0105t<\/li><li>Z\u0142o\u017cone projekty mog\u0105 wymaga\u0107 dodatkowego czasu<\/li><li>Postaramy si\u0119 jak najszybciej wys\u0142a\u0107 pilne zam\u00f3wienia<\/li><\/ul><p>Dzi\u0119kujemy za cierpliwo\u015b\u0107 podczas tworzenia jedynego w swoim rodzaju dywanu.<br \/>Wysokiej jako\u015bci rzemios\u0142o wymaga czasu, ale obiecujemy, \u017ce warto czeka\u0107.<\/p>\t\t\t\t\t\t<\/div>\n\t\t\t\t<\/div>\n\t\t\t\t<\/div>\n\t\t\t\t\t<\/div>\n\t\t\t\t<\/div>\n\t\t\t\t<\/div>","protected":false},"excerpt":{"rendered":"<p>Niestandardowy tuftowany we\u0142niany dywan z bordowym akcentem, 9\u2019x12\u2019 Konstrukcja z we\u0142ny nowozelandzkiej Niestandardowe tuftowanie dla jako\u015bci Bogata br\u0105zowa podstawa z bordowym akcentem Wsp\u00f3\u0142czesny wz\u00f3r w uko\u015bne paski Du\u017cy rozmiar 9'x12' do przestronnych pomieszcze\u0144 Zapytaj o wycen\u0119 Opis produktu Nasz niestandardowy tuftowany we\u0142niany dywan uosabia idealn\u0105 r\u00f3wnowag\u0119 mi\u0119dzy kunsztem a wsp\u00f3\u0142czesnym designem, inspirowany subtelnymi kontrastami natury, [...]<\/p>","protected":false},"author":1,"featured_media":2353,"parent":2236,"menu_order":0,"comment_status":"closed","ping_status":"closed","template":"","meta":{"rank_math_lock_modified_date":false,"_uag_custom_page_level_css":"","site-sidebar-layout":"no-sidebar","site-content-layout":"page-builder","ast-site-content-layout":"full-width-container","site-content-style":"default","site-sidebar-style":"default","ast-global-header-display":"","ast-banner-title-visibility":"","ast-main-header-display":"","ast-hfb-above-header-display":"","ast-hfb-below-header-display":"","ast-hfb-mobile-header-display":"","site-post-title":"disabled","ast-breadcrumbs-content":"","ast-featured-img":"disabled","footer-sml-layout":"","theme-transparent-header-meta":"","adv-header-id-meta":"","stick-header-meta":"","header-above-stick-meta":"","header-main-stick-meta":"","header-below-stick-meta":"","astra-migrate-meta-layouts":"set","ast-page-background-enabled":"default","ast-page-background-meta":{"desktop":{"background-color":"","background-image":"","background-repeat":"repeat","background-position":"center center","background-size":"auto","background-attachment":"scroll","background-type":"","background-media":"","overlay-type":"","overlay-color":"","overlay-opacity":"","overlay-gradient":""},"tablet":{"background-color":"","background-image":"","background-repeat":"repeat","background-position":"center center","background-size":"auto","background-attachment":"scroll","background-type":"","background-media":"","overlay-type":"","overlay-color":"","overlay-opacity":"","overlay-gradient":""},"mobile":{"background-color":"","background-image":"","background-repeat":"repeat","background-position":"center center","background-size":"auto","background-attachment":"scroll","background-type":"","background-media":"","overlay-type":"","overlay-color":"","overlay-opacity":"","overlay-gradient":""}},"ast-content-background-meta":{"desktop":{"background-color":"var(--ast-global-color-5)","background-image":"","background-repeat":"repeat","background-position":"center center","background-size":"auto","background-attachment":"scroll","background-type":"","background-media":"","overlay-type":"","overlay-color":"","overlay-opacity":"","overlay-gradient":""},"tablet":{"background-color":"var(--ast-global-color-5)","background-image":"","background-repeat":"repeat","background-position":"center center","background-size":"auto","background-attachment":"scroll","background-type":"","background-media":"","overlay-type":"","overlay-color":"","overlay-opacity":"","overlay-gradient":""},"mobile":{"background-color":"var(--ast-global-color-5)","background-image":"","background-repeat":"repeat","background-position":"center center","background-size":"auto","background-attachment":"scroll","background-type":"","background-media":"","overlay-type":"","overlay-color":"","overlay-opacity":"","overlay-gradient":""}},"_joinchat":[],"footnotes":""},"class_list":["post-2351","page","type-page","status-publish","has-post-thumbnail","hentry"],"uagb_featured_image_src":{"full":["https:\/\/custom-rugs.org\/wp-content\/uploads\/2024\/12\/custom-tufted-wool-rug-brown-burgundy-stripe-9x12-picture.jpg",1600,1600,false],"thumbnail":["https:\/\/custom-rugs.org\/wp-content\/uploads\/2024\/12\/custom-tufted-wool-rug-brown-burgundy-stripe-9x12-picture-150x150.jpg",150,150,true],"medium":["https:\/\/custom-rugs.org\/wp-content\/uploads\/2024\/12\/custom-tufted-wool-rug-brown-burgundy-stripe-9x12-picture-300x300.jpg",300,300,true],"medium_large":["https:\/\/custom-rugs.org\/wp-content\/uploads\/2024\/12\/custom-tufted-wool-rug-brown-burgundy-stripe-9x12-picture-768x768.jpg",768,768,true],"large":["https:\/\/custom-rugs.org\/wp-content\/uploads\/2024\/12\/custom-tufted-wool-rug-brown-burgundy-stripe-9x12-picture-1024x1024.jpg",1024,1024,true],"1536x1536":["https:\/\/custom-rugs.org\/wp-content\/uploads\/2024\/12\/custom-tufted-wool-rug-brown-burgundy-stripe-9x12-picture-1536x1536.jpg",1536,1536,true],"2048x2048":["https:\/\/custom-rugs.org\/wp-content\/uploads\/2024\/12\/custom-tufted-wool-rug-brown-burgundy-stripe-9x12-picture.jpg",1600,1600,false],"trp-custom-language-flag":["https:\/\/custom-rugs.org\/wp-content\/uploads\/2024\/12\/custom-tufted-wool-rug-brown-burgundy-stripe-9x12-picture.jpg",12,12,false],"crp_thumbnail":["https:\/\/custom-rugs.org\/wp-content\/uploads\/2024\/12\/custom-tufted-wool-rug-brown-burgundy-stripe-9x12-picture-150x150.jpg",150,150,true]},"uagb_author_info":{"display_name":"Custom Rugs","author_link":"https:\/\/custom-rugs.org\/pl\/author\/admin-hang\/"},"uagb_comment_info":0,"uagb_excerpt":"Custom Tufted Wool Rug with Burgundy Accent, 9\u2019x12\u2032 New Zealand wool construction Custom tufted for quality Rich brown base with burgundy accent Contemporary diagonal stripe design Generous 9\u2019x12\u2032 size for spacious rooms Ask a Quote Product Description Our Custom Tufted Wool Rug embodies the perfect balance of craftsmanship and contemporary design.Inspired by nature\u2019s subtle contrasts,&hellip;","_links":{"self":[{"href":"https:\/\/custom-rugs.org\/pl\/wp-json\/wp\/v2\/pages\/2351","targetHints":{"allow":["GET"]}}],"collection":[{"href":"https:\/\/custom-rugs.org\/pl\/wp-json\/wp\/v2\/pages"}],"about":[{"href":"https:\/\/custom-rugs.org\/pl\/wp-json\/wp\/v2\/types\/page"}],"author":[{"embeddable":true,"href":"https:\/\/custom-rugs.org\/pl\/wp-json\/wp\/v2\/users\/1"}],"replies":[{"embeddable":true,"href":"https:\/\/custom-rugs.org\/pl\/wp-json\/wp\/v2\/comments?post=2351"}],"version-history":[{"count":0,"href":"https:\/\/custom-rugs.org\/pl\/wp-json\/wp\/v2\/pages\/2351\/revisions"}],"up":[{"embeddable":true,"href":"https:\/\/custom-rugs.org\/pl\/wp-json\/wp\/v2\/pages\/2236"}],"wp:featuredmedia":[{"embeddable":true,"href":"https:\/\/custom-rugs.org\/pl\/wp-json\/wp\/v2\/media\/2353"}],"wp:attachment":[{"href":"https:\/\/custom-rugs.org\/pl\/wp-json\/wp\/v2\/media?parent=2351"}],"curies":[{"name":"wp","href":"https:\/\/api.w.org\/{rel}","templated":true}]}}