{"id":2321,"date":"2024-12-03T19:11:38","date_gmt":"2024-12-03T11:11:38","guid":{"rendered":"https:\/\/custom-rugs.org\/?page_id=2321"},"modified":"2024-12-03T19:13:31","modified_gmt":"2024-12-03T11:13:31","slug":"botanical-mandala-wool-rug-sage-green-tribal-design-8x10-hand-tufted","status":"publish","type":"page","link":"https:\/\/custom-rugs.org\/pl\/abstract-rugs\/botanical-mandala-wool-rug-sage-green-tribal-design-8x10-hand-tufted\/","title":{"rendered":"Dywan we\u0142niany Botanical Mandala - Sage Green Tribal Design, 8\u00d710\u2032, r\u0119cznie tkany"},"content":{"rendered":"<div data-elementor-type=\"wp-page\" data-elementor-id=\"2321\" class=\"elementor elementor-2321\">\n\t\t\t\t<div class=\"elementor-element elementor-element-26efadc e-flex e-con-boxed e-con e-parent\" data-id=\"26efadc\" data-element_type=\"container\">\n\t\t\t\t\t<div class=\"e-con-inner\">\n\t\t<div class=\"elementor-element elementor-element-12f3647 e-con-full e-flex e-con e-child\" data-id=\"12f3647\" data-element_type=\"container\">\n\t\t\t\t<div class=\"elementor-element elementor-element-b8c4511 elementor-widget elementor-widget-image\" data-id=\"b8c4511\" data-element_type=\"widget\" data-widget_type=\"image.default\">\n\t\t\t\t<div class=\"elementor-widget-container\">\n\t\t\t\t\t\t\t\t\t\t\t\t\t<img fetchpriority=\"high\" decoding=\"async\" width=\"768\" height=\"768\" src=\"https:\/\/custom-rugs.org\/wp-content\/uploads\/2024\/12\/hand-tufted-wool-mandala-sage-green-tribal-8x10-picture-768x768.jpg\" class=\"attachment-medium_large size-medium_large wp-image-2323\" alt=\"r\u0119cznie tkana we\u0142niana mandala sza\u0142wiowa ziele\u0144 plemienna 8x10\" srcset=\"https:\/\/custom-rugs.org\/wp-content\/uploads\/2024\/12\/hand-tufted-wool-mandala-sage-green-tribal-8x10-picture-768x768.jpg 768w, https:\/\/custom-rugs.org\/wp-content\/uploads\/2024\/12\/hand-tufted-wool-mandala-sage-green-tribal-8x10-picture-300x300.jpg 300w, https:\/\/custom-rugs.org\/wp-content\/uploads\/2024\/12\/hand-tufted-wool-mandala-sage-green-tribal-8x10-picture-1024x1024.jpg 1024w, https:\/\/custom-rugs.org\/wp-content\/uploads\/2024\/12\/hand-tufted-wool-mandala-sage-green-tribal-8x10-picture-150x150.jpg 150w, https:\/\/custom-rugs.org\/wp-content\/uploads\/2024\/12\/hand-tufted-wool-mandala-sage-green-tribal-8x10-picture-1536x1536.jpg 1536w, https:\/\/custom-rugs.org\/wp-content\/uploads\/2024\/12\/hand-tufted-wool-mandala-sage-green-tribal-8x10-picture.jpg 1600w\" sizes=\"(max-width: 768px) 100vw, 768px\" \/>\t\t\t\t\t\t\t\t\t\t\t\t\t<\/div>\n\t\t\t\t<\/div>\n\t\t\t\t<\/div>\n\t\t<div class=\"elementor-element elementor-element-b5fe7c3 e-con-full e-flex e-con e-child\" data-id=\"b5fe7c3\" data-element_type=\"container\">\n\t\t\t\t<div class=\"elementor-element elementor-element-af2d5f4 elementor-widget elementor-widget-shortcode\" data-id=\"af2d5f4\" data-element_type=\"widget\" data-widget_type=\"shortcode.default\">\n\t\t\t\t<div class=\"elementor-widget-container\">\n\t\t\t\t\t<div class=\"elementor-shortcode\"><nav aria-label=\"bu\u0142ka tarta\" class=\"rank-math-breadcrumb\"><p><span class=\"last\">Strona g\u0142\u00f3wna<\/span><\/p><\/nav><\/div>\n\t\t\t\t<\/div>\n\t\t\t\t<\/div>\n\t\t\t\t<div class=\"elementor-element elementor-element-9751e31 elementor-widget elementor-widget-heading\" data-id=\"9751e31\" data-element_type=\"widget\" data-widget_type=\"heading.default\">\n\t\t\t\t<div class=\"elementor-widget-container\">\n\t\t\t<h1 class=\"elementor-heading-title elementor-size-default\">Dywan we\u0142niany Botanical Mandala - Sage Green Tribal Design, 8\u00d710\u2032, r\u0119cznie tkany<\/h1>\t\t<\/div>\n\t\t\t\t<\/div>\n\t\t\t\t<div class=\"elementor-element elementor-element-463f34f elementor-widget elementor-widget-text-editor\" data-id=\"463f34f\" data-element_type=\"widget\" data-widget_type=\"text-editor.default\">\n\t\t\t\t<div class=\"elementor-widget-container\">\n\t\t\t\t\t\t\t<ul><li>Najwy\u017cszej jako\u015bci nowozelandzka we\u0142na r\u0119cznie tkana dla trwa\u0142ego pi\u0119kna<\/li><li>Powtarzaj\u0105cy si\u0119 wz\u00f3r mandali w r\u00f3\u017cnych odcieniach sza\u0142wii i oliwki<\/li><li>Misterne kwiatowe medaliony tworz\u0105 hipnotyzuj\u0105cy rytm<\/li><li>T\u0142o w szachownic\u0119 dodaje subtelnego zr\u00f3\u017cnicowania g\u0142\u0119bi<\/li><li>Tradycyjne motywy plemienne w nowoczesnym stylu<\/li><\/ul>\t\t\t\t\t\t<\/div>\n\t\t\t\t<\/div>\n\t\t\t\t<div class=\"elementor-element elementor-element-d932d01 elementor-align-left elementor-widget elementor-widget-button\" data-id=\"d932d01\" data-element_type=\"widget\" data-widget_type=\"button.default\">\n\t\t\t\t<div class=\"elementor-widget-container\">\n\t\t\t\t\t<div class=\"elementor-button-wrapper\">\n\t\t\t<a class=\"elementor-button elementor-button-link elementor-size-sm\" href=\"https:\/\/custom-rugs.org\/pl\/contact\/\" target=\"_blank\">\n\t\t\t\t\t\t<span class=\"elementor-button-content-wrapper\">\n\t\t\t\t\t\t\t\t\t<span class=\"elementor-button-text\">Zapytaj o wycen\u0119<\/span>\n\t\t\t\t\t<\/span>\n\t\t\t\t\t<\/a>\n\t\t<\/div>\n\t\t\t\t<\/div>\n\t\t\t\t<\/div>\n\t\t\t\t<\/div>\n\t\t\t\t\t<\/div>\n\t\t\t\t<\/div>\n\t\t<div class=\"elementor-element elementor-element-924a62a e-flex e-con-boxed e-con e-parent\" data-id=\"924a62a\" data-element_type=\"container\" data-settings=\"{&quot;background_background&quot;:&quot;classic&quot;}\">\n\t\t\t\t\t<div class=\"e-con-inner\">\n\t\t<div class=\"elementor-element elementor-element-140133b e-con-full e-flex e-con e-child\" data-id=\"140133b\" data-element_type=\"container\">\n\t\t\t\t<div class=\"elementor-element elementor-element-29161b5 elementor-widget-divider--view-line elementor-widget elementor-widget-divider\" data-id=\"29161b5\" data-element_type=\"widget\" data-widget_type=\"divider.default\">\n\t\t\t\t<div class=\"elementor-widget-container\">\n\t\t\t\t\t<div class=\"elementor-divider\">\n\t\t\t<span class=\"elementor-divider-separator\">\n\t\t\t\t\t\t<\/span>\n\t\t<\/div>\n\t\t\t\t<\/div>\n\t\t\t\t<\/div>\n\t\t\t\t<div class=\"elementor-element elementor-element-ff0d178 elementor-widget elementor-widget-heading\" data-id=\"ff0d178\" data-element_type=\"widget\" data-widget_type=\"heading.default\">\n\t\t\t\t<div class=\"elementor-widget-container\">\n\t\t\t<div class=\"elementor-heading-title elementor-size-default\">Opis produktu<\/div>\t\t<\/div>\n\t\t\t\t<\/div>\n\t\t\t\t<div class=\"elementor-element elementor-element-002557a elementor-widget elementor-widget-text-editor\" data-id=\"002557a\" data-element_type=\"widget\" data-widget_type=\"text-editor.default\">\n\t\t\t\t<div class=\"elementor-widget-container\">\n\t\t\t\t\t\t\t<p>Forest Mandalas czerpie inspiracj\u0119 ze staro\u017cytnej m\u0105dro\u015bci plemiennej i botanicznego wdzi\u0119ku.<br \/>Skomplikowane medaliony s\u0142oneczne rozkwitaj\u0105 w naprzemiennych kwadratach sza\u0142wii i oliwkowej zieleni, tworz\u0105c medytacyjny rytm.<br \/>Ka\u017cdy wz\u00f3r mandali przedstawia delikatne detale, kt\u00f3re odzwierciedlaj\u0105 \u015bwi\u0119t\u0105 geometri\u0119 natury.<\/p><p><strong>NAJWA\u017bNIEJSZE:<\/strong><\/p><ul><li>Fachowo r\u0119cznie tkana przy u\u017cyciu najwy\u017cszej jako\u015bci we\u0142ny nowozelandzkiej<\/li><li>Zawiera tradycyjne wzory mandali w nowoczesnym stylu<\/li><li>Dost\u0119pne w niestandardowych rozmiarach i spersonalizowanych wariantach kolorystycznych<\/li><\/ul><p><strong>Wymiary i waga<\/strong><\/p><ul><li>240 x 300 cm \/ 8 x 10 st\u00f3p (-\/+5 cm lub 2 cale)<\/li><li>Grubo\u015b\u0107 = 1,5 cm \/ 0,5 cala<\/li><li>41 kg \/ 90 funt\u00f3w<\/li><\/ul><p><strong>Materia\u0142<\/strong><\/p><ul><li>100% We\u0142na nowozelandzka<\/li><\/ul><p><strong>Czas realizacji produkcji<\/strong><\/p><p>Ka\u017cdy tworzony przez nas dywan jest wykonywany na indywidualne zam\u00f3wienie.<\/p><ul><li>Czas produkcji: 15 - 20 dni roboczych<\/li><li>Okres ten rozpoczyna si\u0119 po potwierdzeniu zam\u00f3wienia<\/li><li>Ka\u017cdy dywan jest wykonany specjalnie wed\u0142ug specyfikacji klienta<\/li><li>Nasi rzemie\u015blnicy zapewniaj\u0105 jako\u015b\u0107 na ka\u017cdym etapie procesu<\/li><\/ul><p>Uwaga:<\/p><ul><li>Dni robocze nie obejmuj\u0105 weekend\u00f3w i \u015bwi\u0105t<\/li><li>Z\u0142o\u017cone projekty mog\u0105 wymaga\u0107 dodatkowego czasu<\/li><li>Postaramy si\u0119 jak najszybciej wys\u0142a\u0107 pilne zam\u00f3wienia<\/li><\/ul><p>Dzi\u0119kujemy za cierpliwo\u015b\u0107 podczas tworzenia jedynego w swoim rodzaju dywanu.<br \/>Wysokiej jako\u015bci rzemios\u0142o wymaga czasu, ale obiecujemy, \u017ce warto czeka\u0107.<\/p>\t\t\t\t\t\t<\/div>\n\t\t\t\t<\/div>\n\t\t\t\t<\/div>\n\t\t\t\t\t<\/div>\n\t\t\t\t<\/div>\n\t\t\t\t<\/div>","protected":false},"excerpt":{"rendered":"<p>Botanical Mandala Wool Rug \u2013 Sage Green Tribal Design, 8\u00d710\u2032 Hand-Tufted Premium New Zealand wool hand-tufted for lasting beauty Repeating mandala pattern in varying sage and olive tones Intricate floral medallions create mesmerizing rhythm Checkerboard background adds subtle depth variation Traditional tribal motifs reimagined in modern style Ask a Quote Product Description Forest Mandalas draws [&hellip;]<\/p>","protected":false},"author":1,"featured_media":2323,"parent":2236,"menu_order":0,"comment_status":"closed","ping_status":"closed","template":"","meta":{"rank_math_lock_modified_date":false,"_uag_custom_page_level_css":"","site-sidebar-layout":"no-sidebar","site-content-layout":"page-builder","ast-site-content-layout":"full-width-container","site-content-style":"default","site-sidebar-style":"default","ast-global-header-display":"","ast-banner-title-visibility":"","ast-main-header-display":"","ast-hfb-above-header-display":"","ast-hfb-below-header-display":"","ast-hfb-mobile-header-display":"","site-post-title":"disabled","ast-breadcrumbs-content":"","ast-featured-img":"disabled","footer-sml-layout":"","theme-transparent-header-meta":"","adv-header-id-meta":"","stick-header-meta":"","header-above-stick-meta":"","header-main-stick-meta":"","header-below-stick-meta":"","astra-migrate-meta-layouts":"set","ast-page-background-enabled":"default","ast-page-background-meta":{"desktop":{"background-color":"","background-image":"","background-repeat":"repeat","background-position":"center center","background-size":"auto","background-attachment":"scroll","background-type":"","background-media":"","overlay-type":"","overlay-color":"","overlay-opacity":"","overlay-gradient":""},"tablet":{"background-color":"","background-image":"","background-repeat":"repeat","background-position":"center center","background-size":"auto","background-attachment":"scroll","background-type":"","background-media":"","overlay-type":"","overlay-color":"","overlay-opacity":"","overlay-gradient":""},"mobile":{"background-color":"","background-image":"","background-repeat":"repeat","background-position":"center center","background-size":"auto","background-attachment":"scroll","background-type":"","background-media":"","overlay-type":"","overlay-color":"","overlay-opacity":"","overlay-gradient":""}},"ast-content-background-meta":{"desktop":{"background-color":"var(--ast-global-color-5)","background-image":"","background-repeat":"repeat","background-position":"center center","background-size":"auto","background-attachment":"scroll","background-type":"","background-media":"","overlay-type":"","overlay-color":"","overlay-opacity":"","overlay-gradient":""},"tablet":{"background-color":"var(--ast-global-color-5)","background-image":"","background-repeat":"repeat","background-position":"center center","background-size":"auto","background-attachment":"scroll","background-type":"","background-media":"","overlay-type":"","overlay-color":"","overlay-opacity":"","overlay-gradient":""},"mobile":{"background-color":"var(--ast-global-color-5)","background-image":"","background-repeat":"repeat","background-position":"center center","background-size":"auto","background-attachment":"scroll","background-type":"","background-media":"","overlay-type":"","overlay-color":"","overlay-opacity":"","overlay-gradient":""}},"_joinchat":[],"footnotes":""},"class_list":["post-2321","page","type-page","status-publish","has-post-thumbnail","hentry"],"uagb_featured_image_src":{"full":["https:\/\/custom-rugs.org\/wp-content\/uploads\/2024\/12\/hand-tufted-wool-mandala-sage-green-tribal-8x10-picture.jpg",1600,1600,false],"thumbnail":["https:\/\/custom-rugs.org\/wp-content\/uploads\/2024\/12\/hand-tufted-wool-mandala-sage-green-tribal-8x10-picture-150x150.jpg",150,150,true],"medium":["https:\/\/custom-rugs.org\/wp-content\/uploads\/2024\/12\/hand-tufted-wool-mandala-sage-green-tribal-8x10-picture-300x300.jpg",300,300,true],"medium_large":["https:\/\/custom-rugs.org\/wp-content\/uploads\/2024\/12\/hand-tufted-wool-mandala-sage-green-tribal-8x10-picture-768x768.jpg",768,768,true],"large":["https:\/\/custom-rugs.org\/wp-content\/uploads\/2024\/12\/hand-tufted-wool-mandala-sage-green-tribal-8x10-picture-1024x1024.jpg",1024,1024,true],"1536x1536":["https:\/\/custom-rugs.org\/wp-content\/uploads\/2024\/12\/hand-tufted-wool-mandala-sage-green-tribal-8x10-picture-1536x1536.jpg",1536,1536,true],"2048x2048":["https:\/\/custom-rugs.org\/wp-content\/uploads\/2024\/12\/hand-tufted-wool-mandala-sage-green-tribal-8x10-picture.jpg",1600,1600,false],"trp-custom-language-flag":["https:\/\/custom-rugs.org\/wp-content\/uploads\/2024\/12\/hand-tufted-wool-mandala-sage-green-tribal-8x10-picture.jpg",12,12,false],"crp_thumbnail":["https:\/\/custom-rugs.org\/wp-content\/uploads\/2024\/12\/hand-tufted-wool-mandala-sage-green-tribal-8x10-picture-150x150.jpg",150,150,true]},"uagb_author_info":{"display_name":"Custom Rugs","author_link":"https:\/\/custom-rugs.org\/pl\/author\/admin-hang\/"},"uagb_comment_info":0,"uagb_excerpt":"Botanical Mandala Wool Rug \u2013 Sage Green Tribal Design, 8\u00d710\u2032 Hand-Tufted Premium New Zealand wool hand-tufted for lasting beauty Repeating mandala pattern in varying sage and olive tones Intricate floral medallions create mesmerizing rhythm Checkerboard background adds subtle depth variation Traditional tribal motifs reimagined in modern style Ask a Quote Product Description Forest Mandalas draws&hellip;","_links":{"self":[{"href":"https:\/\/custom-rugs.org\/pl\/wp-json\/wp\/v2\/pages\/2321","targetHints":{"allow":["GET"]}}],"collection":[{"href":"https:\/\/custom-rugs.org\/pl\/wp-json\/wp\/v2\/pages"}],"about":[{"href":"https:\/\/custom-rugs.org\/pl\/wp-json\/wp\/v2\/types\/page"}],"author":[{"embeddable":true,"href":"https:\/\/custom-rugs.org\/pl\/wp-json\/wp\/v2\/users\/1"}],"replies":[{"embeddable":true,"href":"https:\/\/custom-rugs.org\/pl\/wp-json\/wp\/v2\/comments?post=2321"}],"version-history":[{"count":0,"href":"https:\/\/custom-rugs.org\/pl\/wp-json\/wp\/v2\/pages\/2321\/revisions"}],"up":[{"embeddable":true,"href":"https:\/\/custom-rugs.org\/pl\/wp-json\/wp\/v2\/pages\/2236"}],"wp:featuredmedia":[{"embeddable":true,"href":"https:\/\/custom-rugs.org\/pl\/wp-json\/wp\/v2\/media\/2323"}],"wp:attachment":[{"href":"https:\/\/custom-rugs.org\/pl\/wp-json\/wp\/v2\/media?parent=2321"}],"curies":[{"name":"wp","href":"https:\/\/api.w.org\/{rel}","templated":true}]}}