{"id":2309,"date":"2024-12-03T18:56:39","date_gmt":"2024-12-03T10:56:39","guid":{"rendered":"https:\/\/custom-rugs.org\/?page_id=2309"},"modified":"2024-12-03T18:59:16","modified_gmt":"2024-12-03T10:59:16","slug":"atomic-age-wool-area-rug-hand-tufted-8x10-blush-pearl","status":"publish","type":"page","link":"https:\/\/custom-rugs.org\/pl\/abstract-rugs\/atomic-age-wool-area-rug-hand-tufted-8x10-blush-pearl\/","title":{"rendered":"Dywanik we\u0142niany Atomic Age, r\u0119cznie tkany, 8\u00d710\u2032, Blush &amp; Pearl"},"content":{"rendered":"<div data-elementor-type=\"wp-page\" data-elementor-id=\"2309\" class=\"elementor elementor-2309\">\n\t\t\t\t<div class=\"elementor-element elementor-element-7219fa4 e-flex e-con-boxed e-con e-parent\" data-id=\"7219fa4\" data-element_type=\"container\">\n\t\t\t\t\t<div class=\"e-con-inner\">\n\t\t<div class=\"elementor-element elementor-element-19226d2 e-con-full e-flex e-con e-child\" data-id=\"19226d2\" data-element_type=\"container\">\n\t\t\t\t<div class=\"elementor-element elementor-element-094d68c elementor-widget elementor-widget-image\" data-id=\"094d68c\" data-element_type=\"widget\" data-widget_type=\"image.default\">\n\t\t\t\t<div class=\"elementor-widget-container\">\n\t\t\t\t\t\t\t\t\t\t\t\t\t<img fetchpriority=\"high\" decoding=\"async\" width=\"768\" height=\"768\" src=\"https:\/\/custom-rugs.org\/wp-content\/uploads\/2024\/12\/atomic-pattern-wool-rug-blush-pearl-8x10-tufted-picture-768x768.jpg\" class=\"attachment-medium_large size-medium_large wp-image-2311\" alt=\"we\u0142niany dywan atomic wz\u00f3r blush pearl 8x10 tuftowany\" srcset=\"https:\/\/custom-rugs.org\/wp-content\/uploads\/2024\/12\/atomic-pattern-wool-rug-blush-pearl-8x10-tufted-picture-768x768.jpg 768w, https:\/\/custom-rugs.org\/wp-content\/uploads\/2024\/12\/atomic-pattern-wool-rug-blush-pearl-8x10-tufted-picture-300x300.jpg 300w, https:\/\/custom-rugs.org\/wp-content\/uploads\/2024\/12\/atomic-pattern-wool-rug-blush-pearl-8x10-tufted-picture-1024x1024.jpg 1024w, https:\/\/custom-rugs.org\/wp-content\/uploads\/2024\/12\/atomic-pattern-wool-rug-blush-pearl-8x10-tufted-picture-150x150.jpg 150w, https:\/\/custom-rugs.org\/wp-content\/uploads\/2024\/12\/atomic-pattern-wool-rug-blush-pearl-8x10-tufted-picture-1536x1536.jpg 1536w, https:\/\/custom-rugs.org\/wp-content\/uploads\/2024\/12\/atomic-pattern-wool-rug-blush-pearl-8x10-tufted-picture.jpg 1600w\" sizes=\"(max-width: 768px) 100vw, 768px\" \/>\t\t\t\t\t\t\t\t\t\t\t\t\t<\/div>\n\t\t\t\t<\/div>\n\t\t\t\t<\/div>\n\t\t<div class=\"elementor-element elementor-element-fe012dd e-con-full e-flex e-con e-child\" data-id=\"fe012dd\" data-element_type=\"container\">\n\t\t\t\t<div class=\"elementor-element elementor-element-442dd16 elementor-widget elementor-widget-shortcode\" data-id=\"442dd16\" data-element_type=\"widget\" data-widget_type=\"shortcode.default\">\n\t\t\t\t<div class=\"elementor-widget-container\">\n\t\t\t\t\t<div class=\"elementor-shortcode\"><nav aria-label=\"bu\u0142ka tarta\" class=\"rank-math-breadcrumb\"><p><span class=\"last\">Strona g\u0142\u00f3wna<\/span><\/p><\/nav><\/div>\n\t\t\t\t<\/div>\n\t\t\t\t<\/div>\n\t\t\t\t<div class=\"elementor-element elementor-element-2b607b2 elementor-widget elementor-widget-heading\" data-id=\"2b607b2\" data-element_type=\"widget\" data-widget_type=\"heading.default\">\n\t\t\t\t<div class=\"elementor-widget-container\">\n\t\t\t<h1 class=\"elementor-heading-title elementor-size-default\">Dywanik we\u0142niany Atomic Age, r\u0119cznie tkany, 8\u00d710\u2032, Blush &amp; Pearl<\/h1>\t\t<\/div>\n\t\t\t\t<\/div>\n\t\t\t\t<div class=\"elementor-element elementor-element-9c8a1de elementor-widget elementor-widget-text-editor\" data-id=\"9c8a1de\" data-element_type=\"widget\" data-widget_type=\"text-editor.default\">\n\t\t\t\t<div class=\"elementor-widget-container\">\n\t\t\t\t\t\t\t<ul><li>Najwy\u017cszej jako\u015bci we\u0142na nowozelandzka r\u0119cznie tkana z motywami atomowymi w stylu retro<\/li><li>Zabawne orbitalne wzory w delikatnym r\u00f3\u017cu z per\u0142owymi akcentami<\/li><li>Rze\u017abiona tekstura tworzy wymiarowy urok z po\u0142owy wieku<\/li><li>P\u0142ywaj\u0105ce projekty molekularne oferuj\u0105 wyrafinowanie w stylu vintage<\/li><li>Subtelne kreskowane detale podkre\u015blaj\u0105 autentyczno\u015b\u0107 epoki<\/li><\/ul>\t\t\t\t\t\t<\/div>\n\t\t\t\t<\/div>\n\t\t\t\t<div class=\"elementor-element elementor-element-4f5fa1f elementor-align-left elementor-widget elementor-widget-button\" data-id=\"4f5fa1f\" data-element_type=\"widget\" data-widget_type=\"button.default\">\n\t\t\t\t<div class=\"elementor-widget-container\">\n\t\t\t\t\t<div class=\"elementor-button-wrapper\">\n\t\t\t<a class=\"elementor-button elementor-button-link elementor-size-sm\" href=\"https:\/\/custom-rugs.org\/pl\/contact\/\" target=\"_blank\">\n\t\t\t\t\t\t<span class=\"elementor-button-content-wrapper\">\n\t\t\t\t\t\t\t\t\t<span class=\"elementor-button-text\">Zapytaj o wycen\u0119<\/span>\n\t\t\t\t\t<\/span>\n\t\t\t\t\t<\/a>\n\t\t<\/div>\n\t\t\t\t<\/div>\n\t\t\t\t<\/div>\n\t\t\t\t<\/div>\n\t\t\t\t\t<\/div>\n\t\t\t\t<\/div>\n\t\t<div class=\"elementor-element elementor-element-8f621e6 e-flex e-con-boxed e-con e-parent\" data-id=\"8f621e6\" data-element_type=\"container\" data-settings=\"{&quot;background_background&quot;:&quot;classic&quot;}\">\n\t\t\t\t\t<div class=\"e-con-inner\">\n\t\t<div class=\"elementor-element elementor-element-2833596 e-con-full e-flex e-con e-child\" data-id=\"2833596\" data-element_type=\"container\">\n\t\t\t\t<div class=\"elementor-element elementor-element-78b72fb elementor-widget-divider--view-line elementor-widget elementor-widget-divider\" data-id=\"78b72fb\" data-element_type=\"widget\" data-widget_type=\"divider.default\">\n\t\t\t\t<div class=\"elementor-widget-container\">\n\t\t\t\t\t<div class=\"elementor-divider\">\n\t\t\t<span class=\"elementor-divider-separator\">\n\t\t\t\t\t\t<\/span>\n\t\t<\/div>\n\t\t\t\t<\/div>\n\t\t\t\t<\/div>\n\t\t\t\t<div class=\"elementor-element elementor-element-a6e8efe elementor-widget elementor-widget-heading\" data-id=\"a6e8efe\" data-element_type=\"widget\" data-widget_type=\"heading.default\">\n\t\t\t\t<div class=\"elementor-widget-container\">\n\t\t\t<div class=\"elementor-heading-title elementor-size-default\">Opis produktu<\/div>\t\t<\/div>\n\t\t\t\t<\/div>\n\t\t\t\t<div class=\"elementor-element elementor-element-1ab2ad8 elementor-widget elementor-widget-text-editor\" data-id=\"1ab2ad8\" data-element_type=\"widget\" data-widget_type=\"text-editor.default\">\n\t\t\t\t<div class=\"elementor-widget-container\">\n\t\t\t\t\t\t\t<p>Cofnij si\u0119 do optymistycznej ery atomowego designu dzi\u0119ki tej uroczej kreacji inspirowanej stylem mid-century.<br \/>Kapry\u015bne motywy molekularne unosz\u0105 si\u0119 na delikatnym r\u00f3\u017cowym p\u0142\u00f3tnie, a per\u0142owe akcenty dodaj\u0105 eterycznego wymiaru.<br \/>Ka\u017cdy rze\u017abiony orbitalny wz\u00f3r oddaje zabawnego ducha designu lat 50-tych, wnosz\u0105c wyrafinowanie retro do nowoczesnych przestrzeni.<\/p><p><strong>NAJWA\u017bNIEJSZE:<\/strong><\/p><ul><li>R\u0119cznie tkany przez wykwalifikowanych rzemie\u015blnik\u00f3w przy u\u017cyciu najwy\u017cszej jako\u015bci we\u0142ny nowozelandzkiej<\/li><li>Zawiera autentyczne wzory z epoki atomowej z rze\u017abionymi detalami<\/li><li>Dost\u0119pne w niestandardowych rozmiarach i kolorach inspirowanych stylem vintage<\/li><\/ul><p><strong>Wymiary i waga<\/strong><\/p><ul><li>240 x 300 cm \/ 8 x 10 st\u00f3p (-\/+5 cm lub 2 cale)<\/li><li>Grubo\u015b\u0107 = 1,5 cm \/ 0,5 cala<\/li><li>41 kg \/ 90 funt\u00f3w<\/li><\/ul><p><strong>Materia\u0142<\/strong><\/p><ul><li>100% We\u0142na nowozelandzka<\/li><\/ul><p><strong>Czas realizacji produkcji<\/strong><\/p><p>Ka\u017cdy tworzony przez nas dywan jest wykonywany na indywidualne zam\u00f3wienie.<\/p><ul><li>Czas produkcji: 15 - 20 dni roboczych<\/li><li>Okres ten rozpoczyna si\u0119 po potwierdzeniu zam\u00f3wienia<\/li><li>Ka\u017cdy dywan jest wykonany specjalnie wed\u0142ug specyfikacji klienta<\/li><li>Nasi rzemie\u015blnicy zapewniaj\u0105 jako\u015b\u0107 na ka\u017cdym etapie procesu<\/li><\/ul><p>Uwaga:<\/p><ul><li>Dni robocze nie obejmuj\u0105 weekend\u00f3w i \u015bwi\u0105t<\/li><li>Z\u0142o\u017cone projekty mog\u0105 wymaga\u0107 dodatkowego czasu<\/li><li>Postaramy si\u0119 jak najszybciej wys\u0142a\u0107 pilne zam\u00f3wienia<\/li><\/ul><p>Dzi\u0119kujemy za cierpliwo\u015b\u0107 podczas tworzenia jedynego w swoim rodzaju dywanu.<br \/>Wysokiej jako\u015bci rzemios\u0142o wymaga czasu, ale obiecujemy, \u017ce warto czeka\u0107.<\/p>\t\t\t\t\t\t<\/div>\n\t\t\t\t<\/div>\n\t\t\t\t<\/div>\n\t\t\t\t\t<\/div>\n\t\t\t\t<\/div>\n\t\t\t\t<\/div>","protected":false},"excerpt":{"rendered":"<p>Atomic Age Wool Area Rug, Hand-Tufted, 8\u00d710\u2032, Blush &amp; Pearl Premium New Zealand wool hand-tufted with retro atomic motifs Playful orbital patterns in soft blush pink with pearl accents Carved texture creates dimensional mid-century charm Floating molecular designs offer vintage sophistication Subtle hatched details enhance period authenticity Ask a Quote Product Description Journey back to [&hellip;]<\/p>","protected":false},"author":1,"featured_media":2311,"parent":2236,"menu_order":0,"comment_status":"closed","ping_status":"closed","template":"","meta":{"rank_math_lock_modified_date":false,"_uag_custom_page_level_css":"","site-sidebar-layout":"no-sidebar","site-content-layout":"page-builder","ast-site-content-layout":"full-width-container","site-content-style":"default","site-sidebar-style":"default","ast-global-header-display":"","ast-banner-title-visibility":"","ast-main-header-display":"","ast-hfb-above-header-display":"","ast-hfb-below-header-display":"","ast-hfb-mobile-header-display":"","site-post-title":"disabled","ast-breadcrumbs-content":"","ast-featured-img":"disabled","footer-sml-layout":"","theme-transparent-header-meta":"","adv-header-id-meta":"","stick-header-meta":"","header-above-stick-meta":"","header-main-stick-meta":"","header-below-stick-meta":"","astra-migrate-meta-layouts":"set","ast-page-background-enabled":"default","ast-page-background-meta":{"desktop":{"background-color":"","background-image":"","background-repeat":"repeat","background-position":"center center","background-size":"auto","background-attachment":"scroll","background-type":"","background-media":"","overlay-type":"","overlay-color":"","overlay-opacity":"","overlay-gradient":""},"tablet":{"background-color":"","background-image":"","background-repeat":"repeat","background-position":"center center","background-size":"auto","background-attachment":"scroll","background-type":"","background-media":"","overlay-type":"","overlay-color":"","overlay-opacity":"","overlay-gradient":""},"mobile":{"background-color":"","background-image":"","background-repeat":"repeat","background-position":"center center","background-size":"auto","background-attachment":"scroll","background-type":"","background-media":"","overlay-type":"","overlay-color":"","overlay-opacity":"","overlay-gradient":""}},"ast-content-background-meta":{"desktop":{"background-color":"var(--ast-global-color-5)","background-image":"","background-repeat":"repeat","background-position":"center center","background-size":"auto","background-attachment":"scroll","background-type":"","background-media":"","overlay-type":"","overlay-color":"","overlay-opacity":"","overlay-gradient":""},"tablet":{"background-color":"var(--ast-global-color-5)","background-image":"","background-repeat":"repeat","background-position":"center center","background-size":"auto","background-attachment":"scroll","background-type":"","background-media":"","overlay-type":"","overlay-color":"","overlay-opacity":"","overlay-gradient":""},"mobile":{"background-color":"var(--ast-global-color-5)","background-image":"","background-repeat":"repeat","background-position":"center center","background-size":"auto","background-attachment":"scroll","background-type":"","background-media":"","overlay-type":"","overlay-color":"","overlay-opacity":"","overlay-gradient":""}},"_joinchat":[],"footnotes":""},"class_list":["post-2309","page","type-page","status-publish","has-post-thumbnail","hentry"],"uagb_featured_image_src":{"full":["https:\/\/custom-rugs.org\/wp-content\/uploads\/2024\/12\/atomic-pattern-wool-rug-blush-pearl-8x10-tufted-picture.jpg",1600,1600,false],"thumbnail":["https:\/\/custom-rugs.org\/wp-content\/uploads\/2024\/12\/atomic-pattern-wool-rug-blush-pearl-8x10-tufted-picture-150x150.jpg",150,150,true],"medium":["https:\/\/custom-rugs.org\/wp-content\/uploads\/2024\/12\/atomic-pattern-wool-rug-blush-pearl-8x10-tufted-picture-300x300.jpg",300,300,true],"medium_large":["https:\/\/custom-rugs.org\/wp-content\/uploads\/2024\/12\/atomic-pattern-wool-rug-blush-pearl-8x10-tufted-picture-768x768.jpg",768,768,true],"large":["https:\/\/custom-rugs.org\/wp-content\/uploads\/2024\/12\/atomic-pattern-wool-rug-blush-pearl-8x10-tufted-picture-1024x1024.jpg",1024,1024,true],"1536x1536":["https:\/\/custom-rugs.org\/wp-content\/uploads\/2024\/12\/atomic-pattern-wool-rug-blush-pearl-8x10-tufted-picture-1536x1536.jpg",1536,1536,true],"2048x2048":["https:\/\/custom-rugs.org\/wp-content\/uploads\/2024\/12\/atomic-pattern-wool-rug-blush-pearl-8x10-tufted-picture.jpg",1600,1600,false],"trp-custom-language-flag":["https:\/\/custom-rugs.org\/wp-content\/uploads\/2024\/12\/atomic-pattern-wool-rug-blush-pearl-8x10-tufted-picture.jpg",12,12,false],"crp_thumbnail":["https:\/\/custom-rugs.org\/wp-content\/uploads\/2024\/12\/atomic-pattern-wool-rug-blush-pearl-8x10-tufted-picture-150x150.jpg",150,150,true]},"uagb_author_info":{"display_name":"Custom Rugs","author_link":"https:\/\/custom-rugs.org\/pl\/author\/admin-hang\/"},"uagb_comment_info":0,"uagb_excerpt":"Atomic Age Wool Area Rug, Hand-Tufted, 8\u00d710\u2032, Blush &amp; Pearl Premium New Zealand wool hand-tufted with retro atomic motifs Playful orbital patterns in soft blush pink with pearl accents Carved texture creates dimensional mid-century charm Floating molecular designs offer vintage sophistication Subtle hatched details enhance period authenticity Ask a Quote Product Description Journey back to&hellip;","_links":{"self":[{"href":"https:\/\/custom-rugs.org\/pl\/wp-json\/wp\/v2\/pages\/2309","targetHints":{"allow":["GET"]}}],"collection":[{"href":"https:\/\/custom-rugs.org\/pl\/wp-json\/wp\/v2\/pages"}],"about":[{"href":"https:\/\/custom-rugs.org\/pl\/wp-json\/wp\/v2\/types\/page"}],"author":[{"embeddable":true,"href":"https:\/\/custom-rugs.org\/pl\/wp-json\/wp\/v2\/users\/1"}],"replies":[{"embeddable":true,"href":"https:\/\/custom-rugs.org\/pl\/wp-json\/wp\/v2\/comments?post=2309"}],"version-history":[{"count":0,"href":"https:\/\/custom-rugs.org\/pl\/wp-json\/wp\/v2\/pages\/2309\/revisions"}],"up":[{"embeddable":true,"href":"https:\/\/custom-rugs.org\/pl\/wp-json\/wp\/v2\/pages\/2236"}],"wp:featuredmedia":[{"embeddable":true,"href":"https:\/\/custom-rugs.org\/pl\/wp-json\/wp\/v2\/media\/2311"}],"wp:attachment":[{"href":"https:\/\/custom-rugs.org\/pl\/wp-json\/wp\/v2\/media?parent=2309"}],"curies":[{"name":"wp","href":"https:\/\/api.w.org\/{rel}","templated":true}]}}