{"id":2303,"date":"2024-12-03T18:51:56","date_gmt":"2024-12-03T10:51:56","guid":{"rendered":"https:\/\/custom-rugs.org\/?page_id=2303"},"modified":"2024-12-03T18:54:52","modified_gmt":"2024-12-03T10:54:52","slug":"abstract-topographic-wool-area-rug-hand-tufted-9x12-sand-ivory","status":"publish","type":"page","link":"https:\/\/custom-rugs.org\/pl\/abstract-rugs\/abstract-topographic-wool-area-rug-hand-tufted-9x12-sand-ivory\/","title":{"rendered":"We\u0142niany dywan Abstract Topographic, r\u0119cznie tkany, 9\u00d712\u2032, piasek i ko\u015b\u0107 s\u0142oniowa"},"content":{"rendered":"<div data-elementor-type=\"wp-page\" data-elementor-id=\"2303\" class=\"elementor elementor-2303\">\n\t\t\t\t<div class=\"elementor-element elementor-element-6bec815 e-flex e-con-boxed e-con e-parent\" data-id=\"6bec815\" data-element_type=\"container\">\n\t\t\t\t\t<div class=\"e-con-inner\">\n\t\t<div class=\"elementor-element elementor-element-cebaf40 e-con-full e-flex e-con e-child\" data-id=\"cebaf40\" data-element_type=\"container\">\n\t\t\t\t<div class=\"elementor-element elementor-element-2460cb0 elementor-widget elementor-widget-image\" data-id=\"2460cb0\" data-element_type=\"widget\" data-widget_type=\"image.default\">\n\t\t\t\t<div class=\"elementor-widget-container\">\n\t\t\t\t\t\t\t\t\t\t\t\t\t<img fetchpriority=\"high\" decoding=\"async\" width=\"768\" height=\"768\" src=\"https:\/\/custom-rugs.org\/wp-content\/uploads\/2024\/12\/topographic-pattern-wool-rug-sand-ivory-9x12-tufted-picture-768x768.jpg\" class=\"attachment-medium_large size-medium_large wp-image-2305\" alt=\"topograficzny wz\u00f3r we\u0142niany dywan piasek ko\u015b\u0107 s\u0142oniowa 9x12 tuftowany\" srcset=\"https:\/\/custom-rugs.org\/wp-content\/uploads\/2024\/12\/topographic-pattern-wool-rug-sand-ivory-9x12-tufted-picture-768x768.jpg 768w, https:\/\/custom-rugs.org\/wp-content\/uploads\/2024\/12\/topographic-pattern-wool-rug-sand-ivory-9x12-tufted-picture-300x300.jpg 300w, https:\/\/custom-rugs.org\/wp-content\/uploads\/2024\/12\/topographic-pattern-wool-rug-sand-ivory-9x12-tufted-picture-1024x1024.jpg 1024w, https:\/\/custom-rugs.org\/wp-content\/uploads\/2024\/12\/topographic-pattern-wool-rug-sand-ivory-9x12-tufted-picture-150x150.jpg 150w, https:\/\/custom-rugs.org\/wp-content\/uploads\/2024\/12\/topographic-pattern-wool-rug-sand-ivory-9x12-tufted-picture-1536x1536.jpg 1536w, https:\/\/custom-rugs.org\/wp-content\/uploads\/2024\/12\/topographic-pattern-wool-rug-sand-ivory-9x12-tufted-picture.jpg 1600w\" sizes=\"(max-width: 768px) 100vw, 768px\" \/>\t\t\t\t\t\t\t\t\t\t\t\t\t<\/div>\n\t\t\t\t<\/div>\n\t\t\t\t<\/div>\n\t\t<div class=\"elementor-element elementor-element-07c745d e-con-full e-flex e-con e-child\" data-id=\"07c745d\" data-element_type=\"container\">\n\t\t\t\t<div class=\"elementor-element elementor-element-0b89d65 elementor-widget elementor-widget-shortcode\" data-id=\"0b89d65\" data-element_type=\"widget\" data-widget_type=\"shortcode.default\">\n\t\t\t\t<div class=\"elementor-widget-container\">\n\t\t\t\t\t<div class=\"elementor-shortcode\"><nav aria-label=\"bu\u0142ka tarta\" class=\"rank-math-breadcrumb\"><p><span class=\"last\">Strona g\u0142\u00f3wna<\/span><\/p><\/nav><\/div>\n\t\t\t\t<\/div>\n\t\t\t\t<\/div>\n\t\t\t\t<div class=\"elementor-element elementor-element-345ac27 elementor-widget elementor-widget-heading\" data-id=\"345ac27\" data-element_type=\"widget\" data-widget_type=\"heading.default\">\n\t\t\t\t<div class=\"elementor-widget-container\">\n\t\t\t<h1 class=\"elementor-heading-title elementor-size-default\">We\u0142niany dywan Abstract Topographic, r\u0119cznie tkany, 9\u00d712\u2032, piasek i ko\u015b\u0107 s\u0142oniowa<\/h1>\t\t<\/div>\n\t\t\t\t<\/div>\n\t\t\t\t<div class=\"elementor-element elementor-element-24a63c3 elementor-widget elementor-widget-text-editor\" data-id=\"24a63c3\" data-element_type=\"widget\" data-widget_type=\"text-editor.default\">\n\t\t\t\t<div class=\"elementor-widget-container\">\n\t\t\t\t\t\t\t<ul><li>R\u0119cznie tkana we\u0142na nowozelandzka zapewnia wyj\u0105tkow\u0105 mi\u0119kko\u015b\u0107 i trwa\u0142o\u015b\u0107<\/li><li>Organiczny wz\u00f3r topograficzny z p\u0142ynnymi liniami konturowymi w odcieniach piasku<\/li><li>Wielopoziomowa rze\u017abiona tekstura tworzy osza\u0142amiaj\u0105cy wymiar wizualny<\/li><li>Symetryczny design inspirowany medalionem oferuje ponadczasowy urok<\/li><li>P\u0142ynne po\u0142\u0105czenie sztuki wsp\u00f3\u0142czesnej i tradycyjnego rzemios\u0142a<\/li><\/ul>\t\t\t\t\t\t<\/div>\n\t\t\t\t<\/div>\n\t\t\t\t<div class=\"elementor-element elementor-element-efa55df elementor-align-left elementor-widget elementor-widget-button\" data-id=\"efa55df\" data-element_type=\"widget\" data-widget_type=\"button.default\">\n\t\t\t\t<div class=\"elementor-widget-container\">\n\t\t\t\t\t<div class=\"elementor-button-wrapper\">\n\t\t\t<a class=\"elementor-button elementor-button-link elementor-size-sm\" href=\"https:\/\/custom-rugs.org\/pl\/contact\/\" target=\"_blank\">\n\t\t\t\t\t\t<span class=\"elementor-button-content-wrapper\">\n\t\t\t\t\t\t\t\t\t<span class=\"elementor-button-text\">Zapytaj o wycen\u0119<\/span>\n\t\t\t\t\t<\/span>\n\t\t\t\t\t<\/a>\n\t\t<\/div>\n\t\t\t\t<\/div>\n\t\t\t\t<\/div>\n\t\t\t\t<\/div>\n\t\t\t\t\t<\/div>\n\t\t\t\t<\/div>\n\t\t<div class=\"elementor-element elementor-element-fa12669 e-flex e-con-boxed e-con e-parent\" data-id=\"fa12669\" data-element_type=\"container\" data-settings=\"{&quot;background_background&quot;:&quot;classic&quot;}\">\n\t\t\t\t\t<div class=\"e-con-inner\">\n\t\t<div class=\"elementor-element elementor-element-029fe79 e-con-full e-flex e-con e-child\" data-id=\"029fe79\" data-element_type=\"container\">\n\t\t\t\t<div class=\"elementor-element elementor-element-d486c05 elementor-widget-divider--view-line elementor-widget elementor-widget-divider\" data-id=\"d486c05\" data-element_type=\"widget\" data-widget_type=\"divider.default\">\n\t\t\t\t<div class=\"elementor-widget-container\">\n\t\t\t\t\t<div class=\"elementor-divider\">\n\t\t\t<span class=\"elementor-divider-separator\">\n\t\t\t\t\t\t<\/span>\n\t\t<\/div>\n\t\t\t\t<\/div>\n\t\t\t\t<\/div>\n\t\t\t\t<div class=\"elementor-element elementor-element-892458b elementor-widget elementor-widget-heading\" data-id=\"892458b\" data-element_type=\"widget\" data-widget_type=\"heading.default\">\n\t\t\t\t<div class=\"elementor-widget-container\">\n\t\t\t<div class=\"elementor-heading-title elementor-size-default\">Opis produktu<\/div>\t\t<\/div>\n\t\t\t\t<\/div>\n\t\t\t\t<div class=\"elementor-element elementor-element-d900d10 elementor-widget elementor-widget-text-editor\" data-id=\"d900d10\" data-element_type=\"widget\" data-widget_type=\"text-editor.default\">\n\t\t\t\t<div class=\"elementor-widget-container\">\n\t\t\t\t\t\t\t<p>Natura spotyka si\u0119 z artyzmem w tym urzekaj\u0105cym, r\u0119cznie tkanym arcydziele.<br \/>Zainspirowane mapami topograficznymi i formacjami organicznymi, koncentryczne wzory przep\u0142ywaj\u0105 przez powierzchni\u0119 w harmonijnych odcieniach piasku i ko\u015bci s\u0142oniowej.<br \/>Ka\u017cda wyrze\u017abiona linia tworzy hipnotyzuj\u0105c\u0105 g\u0142\u0119bi\u0119, przekszta\u0142caj\u0105c pod\u0142ogi w krajobrazy wyrafinowanego spokoju.<\/p><p><strong>NAJWA\u017bNIEJSZE:<\/strong><\/p><ul><li>R\u0119cznie tkany przez wykwalifikowanych rzemie\u015blnik\u00f3w przy u\u017cyciu najwy\u017cszej jako\u015bci we\u0142ny nowozelandzkiej<\/li><li>Posiada rze\u017abione kontury z wielopoziomow\u0105 tekstur\u0105<\/li><li>Dost\u0119pne w niestandardowych rozmiarach i niestandardowych kombinacjach kolorystycznych<\/li><\/ul><p><strong>Wymiary i waga<\/strong><\/p><ul><li>270 x 370 cm \/ 9 x 12 st\u00f3p (-\/+5 cm lub 2 cale)<\/li><li>Grubo\u015b\u0107 = 1,5 cm \/ 0,5 cala<\/li><li>55 kg \/ 121 funt\u00f3w<\/li><\/ul><p><strong>Materia\u0142<\/strong><\/p><ul><li>100% We\u0142na nowozelandzka<\/li><\/ul><p><strong>Czas realizacji produkcji<\/strong><\/p><p>Ka\u017cdy tworzony przez nas dywan jest wykonywany na indywidualne zam\u00f3wienie.<\/p><ul><li>Czas produkcji: 15 - 20 dni roboczych<\/li><li>Okres ten rozpoczyna si\u0119 po potwierdzeniu zam\u00f3wienia<\/li><li>Ka\u017cdy dywan jest wykonany specjalnie wed\u0142ug specyfikacji klienta<\/li><li>Nasi rzemie\u015blnicy zapewniaj\u0105 jako\u015b\u0107 na ka\u017cdym etapie procesu<\/li><\/ul><p>Uwaga:<\/p><ul><li>Dni robocze nie obejmuj\u0105 weekend\u00f3w i \u015bwi\u0105t<\/li><li>Z\u0142o\u017cone projekty mog\u0105 wymaga\u0107 dodatkowego czasu<\/li><li>Postaramy si\u0119 jak najszybciej wys\u0142a\u0107 pilne zam\u00f3wienia<\/li><\/ul><p>Dzi\u0119kujemy za cierpliwo\u015b\u0107 podczas tworzenia jedynego w swoim rodzaju dywanu.<br \/>Wysokiej jako\u015bci rzemios\u0142o wymaga czasu, ale obiecujemy, \u017ce warto czeka\u0107.<\/p>\t\t\t\t\t\t<\/div>\n\t\t\t\t<\/div>\n\t\t\t\t<\/div>\n\t\t\t\t\t<\/div>\n\t\t\t\t<\/div>\n\t\t\t\t<\/div>","protected":false},"excerpt":{"rendered":"<p>Abstract Topographic Wool Area Rug, Hand-Tufted, 9\u00d712\u2032, Sand &amp; Ivory Nowozelandzka we\u0142na r\u0119cznie tkana dla wyj\u0105tkowej mi\u0119kko\u015bci i trwa\u0142o\u015bci Organiczny wz\u00f3r topograficzny z p\u0142ynnymi liniami konturowymi w odcieniach piasku Wielopoziomowa rze\u017abiona tekstura tworzy osza\u0142amiaj\u0105cy wymiar wizualny Symetryczny wz\u00f3r inspirowany medalionem oferuje ponadczasowy urok P\u0142ynne po\u0142\u0105czenie sztuki wsp\u00f3\u0142czesnej i tradycyjnego rzemios\u0142a Zapytaj o wycen\u0119 Opis produktu [...]<\/p>","protected":false},"author":1,"featured_media":2305,"parent":2236,"menu_order":0,"comment_status":"closed","ping_status":"closed","template":"","meta":{"rank_math_lock_modified_date":false,"_uag_custom_page_level_css":"","site-sidebar-layout":"no-sidebar","site-content-layout":"page-builder","ast-site-content-layout":"full-width-container","site-content-style":"default","site-sidebar-style":"default","ast-global-header-display":"","ast-banner-title-visibility":"","ast-main-header-display":"","ast-hfb-above-header-display":"","ast-hfb-below-header-display":"","ast-hfb-mobile-header-display":"","site-post-title":"disabled","ast-breadcrumbs-content":"","ast-featured-img":"disabled","footer-sml-layout":"","theme-transparent-header-meta":"","adv-header-id-meta":"","stick-header-meta":"","header-above-stick-meta":"","header-main-stick-meta":"","header-below-stick-meta":"","astra-migrate-meta-layouts":"set","ast-page-background-enabled":"default","ast-page-background-meta":{"desktop":{"background-color":"","background-image":"","background-repeat":"repeat","background-position":"center center","background-size":"auto","background-attachment":"scroll","background-type":"","background-media":"","overlay-type":"","overlay-color":"","overlay-opacity":"","overlay-gradient":""},"tablet":{"background-color":"","background-image":"","background-repeat":"repeat","background-position":"center center","background-size":"auto","background-attachment":"scroll","background-type":"","background-media":"","overlay-type":"","overlay-color":"","overlay-opacity":"","overlay-gradient":""},"mobile":{"background-color":"","background-image":"","background-repeat":"repeat","background-position":"center center","background-size":"auto","background-attachment":"scroll","background-type":"","background-media":"","overlay-type":"","overlay-color":"","overlay-opacity":"","overlay-gradient":""}},"ast-content-background-meta":{"desktop":{"background-color":"var(--ast-global-color-5)","background-image":"","background-repeat":"repeat","background-position":"center center","background-size":"auto","background-attachment":"scroll","background-type":"","background-media":"","overlay-type":"","overlay-color":"","overlay-opacity":"","overlay-gradient":""},"tablet":{"background-color":"var(--ast-global-color-5)","background-image":"","background-repeat":"repeat","background-position":"center center","background-size":"auto","background-attachment":"scroll","background-type":"","background-media":"","overlay-type":"","overlay-color":"","overlay-opacity":"","overlay-gradient":""},"mobile":{"background-color":"var(--ast-global-color-5)","background-image":"","background-repeat":"repeat","background-position":"center center","background-size":"auto","background-attachment":"scroll","background-type":"","background-media":"","overlay-type":"","overlay-color":"","overlay-opacity":"","overlay-gradient":""}},"_joinchat":[],"footnotes":""},"class_list":["post-2303","page","type-page","status-publish","has-post-thumbnail","hentry"],"uagb_featured_image_src":{"full":["https:\/\/custom-rugs.org\/wp-content\/uploads\/2024\/12\/topographic-pattern-wool-rug-sand-ivory-9x12-tufted-picture.jpg",1600,1600,false],"thumbnail":["https:\/\/custom-rugs.org\/wp-content\/uploads\/2024\/12\/topographic-pattern-wool-rug-sand-ivory-9x12-tufted-picture-150x150.jpg",150,150,true],"medium":["https:\/\/custom-rugs.org\/wp-content\/uploads\/2024\/12\/topographic-pattern-wool-rug-sand-ivory-9x12-tufted-picture-300x300.jpg",300,300,true],"medium_large":["https:\/\/custom-rugs.org\/wp-content\/uploads\/2024\/12\/topographic-pattern-wool-rug-sand-ivory-9x12-tufted-picture-768x768.jpg",768,768,true],"large":["https:\/\/custom-rugs.org\/wp-content\/uploads\/2024\/12\/topographic-pattern-wool-rug-sand-ivory-9x12-tufted-picture-1024x1024.jpg",1024,1024,true],"1536x1536":["https:\/\/custom-rugs.org\/wp-content\/uploads\/2024\/12\/topographic-pattern-wool-rug-sand-ivory-9x12-tufted-picture-1536x1536.jpg",1536,1536,true],"2048x2048":["https:\/\/custom-rugs.org\/wp-content\/uploads\/2024\/12\/topographic-pattern-wool-rug-sand-ivory-9x12-tufted-picture.jpg",1600,1600,false],"trp-custom-language-flag":["https:\/\/custom-rugs.org\/wp-content\/uploads\/2024\/12\/topographic-pattern-wool-rug-sand-ivory-9x12-tufted-picture.jpg",12,12,false],"crp_thumbnail":["https:\/\/custom-rugs.org\/wp-content\/uploads\/2024\/12\/topographic-pattern-wool-rug-sand-ivory-9x12-tufted-picture-150x150.jpg",150,150,true]},"uagb_author_info":{"display_name":"Custom Rugs","author_link":"https:\/\/custom-rugs.org\/pl\/author\/admin-hang\/"},"uagb_comment_info":0,"uagb_excerpt":"Abstract Topographic Wool Area Rug, Hand-Tufted, 9\u00d712\u2032, Sand &amp; Ivory New Zealand wool hand-tufted for exceptional softness and durability Organic topographic pattern with flowing contour lines in sand tones Multi-level carved texture creates stunning visual dimension Symmetrical medallion-inspired design offers timeless appeal Seamless blend of contemporary art and traditional craftsmanship Ask a Quote Product Description&hellip;","_links":{"self":[{"href":"https:\/\/custom-rugs.org\/pl\/wp-json\/wp\/v2\/pages\/2303","targetHints":{"allow":["GET"]}}],"collection":[{"href":"https:\/\/custom-rugs.org\/pl\/wp-json\/wp\/v2\/pages"}],"about":[{"href":"https:\/\/custom-rugs.org\/pl\/wp-json\/wp\/v2\/types\/page"}],"author":[{"embeddable":true,"href":"https:\/\/custom-rugs.org\/pl\/wp-json\/wp\/v2\/users\/1"}],"replies":[{"embeddable":true,"href":"https:\/\/custom-rugs.org\/pl\/wp-json\/wp\/v2\/comments?post=2303"}],"version-history":[{"count":0,"href":"https:\/\/custom-rugs.org\/pl\/wp-json\/wp\/v2\/pages\/2303\/revisions"}],"up":[{"embeddable":true,"href":"https:\/\/custom-rugs.org\/pl\/wp-json\/wp\/v2\/pages\/2236"}],"wp:featuredmedia":[{"embeddable":true,"href":"https:\/\/custom-rugs.org\/pl\/wp-json\/wp\/v2\/media\/2305"}],"wp:attachment":[{"href":"https:\/\/custom-rugs.org\/pl\/wp-json\/wp\/v2\/media?parent=2303"}],"curies":[{"name":"wp","href":"https:\/\/api.w.org\/{rel}","templated":true}]}}