{"id":2297,"date":"2024-12-03T18:48:22","date_gmt":"2024-12-03T10:48:22","guid":{"rendered":"https:\/\/custom-rugs.org\/?page_id=2297"},"modified":"2024-12-03T18:50:48","modified_gmt":"2024-12-03T10:50:48","slug":"abstract-spiral-brown-tufted-wool-rug-9x12","status":"publish","type":"page","link":"https:\/\/custom-rugs.org\/pl\/abstract-rugs\/abstract-spiral-brown-tufted-wool-rug-9x12\/","title":{"rendered":"Abstract Spiral Brown Tufted Wool Rug 9'x12'"},"content":{"rendered":"<div data-elementor-type=\"wp-page\" data-elementor-id=\"2297\" class=\"elementor elementor-2297\">\n\t\t\t\t<div class=\"elementor-element elementor-element-af9c614 e-flex e-con-boxed e-con e-parent\" data-id=\"af9c614\" data-element_type=\"container\">\n\t\t\t\t\t<div class=\"e-con-inner\">\n\t\t<div class=\"elementor-element elementor-element-a5bfc32 e-con-full e-flex e-con e-child\" data-id=\"a5bfc32\" data-element_type=\"container\">\n\t\t\t\t<div class=\"elementor-element elementor-element-3371f27 elementor-widget elementor-widget-image\" data-id=\"3371f27\" data-element_type=\"widget\" data-widget_type=\"image.default\">\n\t\t\t\t<div class=\"elementor-widget-container\">\n\t\t\t\t\t\t\t\t\t\t\t\t\t<img fetchpriority=\"high\" decoding=\"async\" width=\"768\" height=\"768\" src=\"https:\/\/custom-rugs.org\/wp-content\/uploads\/2024\/12\/abstract-spiral-tufted-wool-rug-brown-9x12-picture-768x768.jpg\" class=\"attachment-medium_large size-medium_large wp-image-2299\" alt=\"abstrakcyjna spirala tuftowany we\u0142niany dywan br\u0105zowy 9x12\" srcset=\"https:\/\/custom-rugs.org\/wp-content\/uploads\/2024\/12\/abstract-spiral-tufted-wool-rug-brown-9x12-picture-768x768.jpg 768w, https:\/\/custom-rugs.org\/wp-content\/uploads\/2024\/12\/abstract-spiral-tufted-wool-rug-brown-9x12-picture-300x300.jpg 300w, https:\/\/custom-rugs.org\/wp-content\/uploads\/2024\/12\/abstract-spiral-tufted-wool-rug-brown-9x12-picture-1024x1024.jpg 1024w, https:\/\/custom-rugs.org\/wp-content\/uploads\/2024\/12\/abstract-spiral-tufted-wool-rug-brown-9x12-picture-150x150.jpg 150w, https:\/\/custom-rugs.org\/wp-content\/uploads\/2024\/12\/abstract-spiral-tufted-wool-rug-brown-9x12-picture-1536x1536.jpg 1536w, https:\/\/custom-rugs.org\/wp-content\/uploads\/2024\/12\/abstract-spiral-tufted-wool-rug-brown-9x12-picture.jpg 1600w\" sizes=\"(max-width: 768px) 100vw, 768px\" \/>\t\t\t\t\t\t\t\t\t\t\t\t\t<\/div>\n\t\t\t\t<\/div>\n\t\t\t\t<\/div>\n\t\t<div class=\"elementor-element elementor-element-064a072 e-con-full e-flex e-con e-child\" data-id=\"064a072\" data-element_type=\"container\">\n\t\t\t\t<div class=\"elementor-element elementor-element-42e034e elementor-widget elementor-widget-shortcode\" data-id=\"42e034e\" data-element_type=\"widget\" data-widget_type=\"shortcode.default\">\n\t\t\t\t<div class=\"elementor-widget-container\">\n\t\t\t\t\t<div class=\"elementor-shortcode\"><nav aria-label=\"bu\u0142ka tarta\" class=\"rank-math-breadcrumb\"><p><span class=\"last\">Strona g\u0142\u00f3wna<\/span><\/p><\/nav><\/div>\n\t\t\t\t<\/div>\n\t\t\t\t<\/div>\n\t\t\t\t<div class=\"elementor-element elementor-element-b03693e elementor-widget elementor-widget-heading\" data-id=\"b03693e\" data-element_type=\"widget\" data-widget_type=\"heading.default\">\n\t\t\t\t<div class=\"elementor-widget-container\">\n\t\t\t<h1 class=\"elementor-heading-title elementor-size-default\">Abstract Spiral Brown Tufted Wool Rug 9'x12'<\/h1>\t\t<\/div>\n\t\t\t\t<\/div>\n\t\t\t\t<div class=\"elementor-element elementor-element-7011850 elementor-widget elementor-widget-text-editor\" data-id=\"7011850\" data-element_type=\"widget\" data-widget_type=\"text-editor.default\">\n\t\t\t\t<div class=\"elementor-widget-container\">\n\t\t\t\t\t\t\t<ul><li>Niestandardowy tuftowany dywan z abstrakcyjnym spiralnym wzorem<\/li><li>Wykonane z najwy\u017cszej jako\u015bci we\u0142ny nowozelandzkiej<\/li><li>R\u0119czne wykonanie z dba\u0142o\u015bci\u0105 o szczeg\u00f3\u0142y<\/li><li>Du\u017cy rozmiar 9'x12' dla przestronnych pomieszcze\u0144<\/li><li>Bogate odcienie br\u0105zu dla eleganckiego wystroju<\/li><\/ul>\t\t\t\t\t\t<\/div>\n\t\t\t\t<\/div>\n\t\t\t\t<div class=\"elementor-element elementor-element-13c5a7a elementor-align-left elementor-widget elementor-widget-button\" data-id=\"13c5a7a\" data-element_type=\"widget\" data-widget_type=\"button.default\">\n\t\t\t\t<div class=\"elementor-widget-container\">\n\t\t\t\t\t<div class=\"elementor-button-wrapper\">\n\t\t\t<a class=\"elementor-button elementor-button-link elementor-size-sm\" href=\"https:\/\/custom-rugs.org\/pl\/contact\/\" target=\"_blank\">\n\t\t\t\t\t\t<span class=\"elementor-button-content-wrapper\">\n\t\t\t\t\t\t\t\t\t<span class=\"elementor-button-text\">Zapytaj o wycen\u0119<\/span>\n\t\t\t\t\t<\/span>\n\t\t\t\t\t<\/a>\n\t\t<\/div>\n\t\t\t\t<\/div>\n\t\t\t\t<\/div>\n\t\t\t\t<\/div>\n\t\t\t\t\t<\/div>\n\t\t\t\t<\/div>\n\t\t<div class=\"elementor-element elementor-element-829e142 e-flex e-con-boxed e-con e-parent\" data-id=\"829e142\" data-element_type=\"container\" data-settings=\"{&quot;background_background&quot;:&quot;classic&quot;}\">\n\t\t\t\t\t<div class=\"e-con-inner\">\n\t\t<div class=\"elementor-element elementor-element-60bf82e e-con-full e-flex e-con e-child\" data-id=\"60bf82e\" data-element_type=\"container\">\n\t\t\t\t<div class=\"elementor-element elementor-element-0b9657d elementor-widget-divider--view-line elementor-widget elementor-widget-divider\" data-id=\"0b9657d\" data-element_type=\"widget\" data-widget_type=\"divider.default\">\n\t\t\t\t<div class=\"elementor-widget-container\">\n\t\t\t\t\t<div class=\"elementor-divider\">\n\t\t\t<span class=\"elementor-divider-separator\">\n\t\t\t\t\t\t<\/span>\n\t\t<\/div>\n\t\t\t\t<\/div>\n\t\t\t\t<\/div>\n\t\t\t\t<div class=\"elementor-element elementor-element-fb2b172 elementor-widget elementor-widget-heading\" data-id=\"fb2b172\" data-element_type=\"widget\" data-widget_type=\"heading.default\">\n\t\t\t\t<div class=\"elementor-widget-container\">\n\t\t\t<div class=\"elementor-heading-title elementor-size-default\">Opis produktu<\/div>\t\t<\/div>\n\t\t\t\t<\/div>\n\t\t\t\t<div class=\"elementor-element elementor-element-6611392 elementor-widget elementor-widget-text-editor\" data-id=\"6611392\" data-element_type=\"widget\" data-widget_type=\"text-editor.default\">\n\t\t\t\t<div class=\"elementor-widget-container\">\n\t\t\t\t\t\t\t<p>Nasz dywan Abstract Spiral Wool Rug wy\u0142ania si\u0119 z gry formy i tekstury, inspirowanej hipnotyzuj\u0105cymi wzorami natury.<br \/>To wykonane na zam\u00f3wienie arcydzie\u0142o, wykonane z najwy\u017cszej jako\u015bci we\u0142ny nowozelandzkiej, wnosi odrobin\u0119 organicznej elegancji do Twojej przestrzeni \u017cyciowej.<br \/>Skomplikowany spiralny wz\u00f3r w r\u00f3\u017cnych odcieniach br\u0105zu tworzy urzekaj\u0105cy wizualny rytm, zach\u0119caj\u0105c do kontemplacji i podziwu.<\/p><p><strong>Najwa\u017cniejsze wydarzenia:<\/strong><\/p><ul><li>R\u0119cznie wykonane z najwy\u017cszej jako\u015bci we\u0142ny nowozelandzkiej, zapewniaj\u0105cej trwa\u0142o\u015b\u0107 i mi\u0119kko\u015b\u0107.<\/li><li>Wykonana na zam\u00f3wienie konstrukcja zapewnia wyj\u0105tkow\u0105 jako\u015b\u0107 i niepowtarzalny charakter.<\/li><li>Wszechstronny rozmiar 9'x12' idealny do zakotwiczenia du\u017cych salon\u00f3w lub sypialni<\/li><\/ul>\t\t\t\t\t\t<\/div>\n\t\t\t\t<\/div>\n\t\t\t\t<\/div>\n\t\t\t\t\t<\/div>\n\t\t\t\t<\/div>\n\t\t\t\t<\/div>","protected":false},"excerpt":{"rendered":"<p>Abstract Spiral Brown Tufted Wool Rug 9\u2019x12\u2019 Niestandardowy tuftowany dywan z abstrakcyjnym spiralnym wzorem Wykonany z najwy\u017cszej jako\u015bci we\u0142ny nowozelandzkiej R\u0119cznie wykonany z dba\u0142o\u015bci\u0105 o szczeg\u00f3\u0142y Du\u017cy rozmiar 9'x12' do przestronnych pomieszcze\u0144 Bogate br\u0105zowe odcienie do eleganckiego wystroju Zapytaj o wycen\u0119 Opis produktu Nasz dywan Abstract Spiral Wool Rug wy\u0142ania si\u0119 z gry formy i tekstury, [...]<\/p>","protected":false},"author":1,"featured_media":2299,"parent":2236,"menu_order":0,"comment_status":"closed","ping_status":"closed","template":"","meta":{"rank_math_lock_modified_date":false,"_uag_custom_page_level_css":"","site-sidebar-layout":"no-sidebar","site-content-layout":"page-builder","ast-site-content-layout":"full-width-container","site-content-style":"default","site-sidebar-style":"default","ast-global-header-display":"","ast-banner-title-visibility":"","ast-main-header-display":"","ast-hfb-above-header-display":"","ast-hfb-below-header-display":"","ast-hfb-mobile-header-display":"","site-post-title":"disabled","ast-breadcrumbs-content":"","ast-featured-img":"disabled","footer-sml-layout":"","theme-transparent-header-meta":"","adv-header-id-meta":"","stick-header-meta":"","header-above-stick-meta":"","header-main-stick-meta":"","header-below-stick-meta":"","astra-migrate-meta-layouts":"set","ast-page-background-enabled":"default","ast-page-background-meta":{"desktop":{"background-color":"","background-image":"","background-repeat":"repeat","background-position":"center center","background-size":"auto","background-attachment":"scroll","background-type":"","background-media":"","overlay-type":"","overlay-color":"","overlay-opacity":"","overlay-gradient":""},"tablet":{"background-color":"","background-image":"","background-repeat":"repeat","background-position":"center center","background-size":"auto","background-attachment":"scroll","background-type":"","background-media":"","overlay-type":"","overlay-color":"","overlay-opacity":"","overlay-gradient":""},"mobile":{"background-color":"","background-image":"","background-repeat":"repeat","background-position":"center center","background-size":"auto","background-attachment":"scroll","background-type":"","background-media":"","overlay-type":"","overlay-color":"","overlay-opacity":"","overlay-gradient":""}},"ast-content-background-meta":{"desktop":{"background-color":"var(--ast-global-color-5)","background-image":"","background-repeat":"repeat","background-position":"center center","background-size":"auto","background-attachment":"scroll","background-type":"","background-media":"","overlay-type":"","overlay-color":"","overlay-opacity":"","overlay-gradient":""},"tablet":{"background-color":"var(--ast-global-color-5)","background-image":"","background-repeat":"repeat","background-position":"center center","background-size":"auto","background-attachment":"scroll","background-type":"","background-media":"","overlay-type":"","overlay-color":"","overlay-opacity":"","overlay-gradient":""},"mobile":{"background-color":"var(--ast-global-color-5)","background-image":"","background-repeat":"repeat","background-position":"center center","background-size":"auto","background-attachment":"scroll","background-type":"","background-media":"","overlay-type":"","overlay-color":"","overlay-opacity":"","overlay-gradient":""}},"_joinchat":[],"footnotes":""},"class_list":["post-2297","page","type-page","status-publish","has-post-thumbnail","hentry"],"uagb_featured_image_src":{"full":["https:\/\/custom-rugs.org\/wp-content\/uploads\/2024\/12\/abstract-spiral-tufted-wool-rug-brown-9x12-picture.jpg",1600,1600,false],"thumbnail":["https:\/\/custom-rugs.org\/wp-content\/uploads\/2024\/12\/abstract-spiral-tufted-wool-rug-brown-9x12-picture-150x150.jpg",150,150,true],"medium":["https:\/\/custom-rugs.org\/wp-content\/uploads\/2024\/12\/abstract-spiral-tufted-wool-rug-brown-9x12-picture-300x300.jpg",300,300,true],"medium_large":["https:\/\/custom-rugs.org\/wp-content\/uploads\/2024\/12\/abstract-spiral-tufted-wool-rug-brown-9x12-picture-768x768.jpg",768,768,true],"large":["https:\/\/custom-rugs.org\/wp-content\/uploads\/2024\/12\/abstract-spiral-tufted-wool-rug-brown-9x12-picture-1024x1024.jpg",1024,1024,true],"1536x1536":["https:\/\/custom-rugs.org\/wp-content\/uploads\/2024\/12\/abstract-spiral-tufted-wool-rug-brown-9x12-picture-1536x1536.jpg",1536,1536,true],"2048x2048":["https:\/\/custom-rugs.org\/wp-content\/uploads\/2024\/12\/abstract-spiral-tufted-wool-rug-brown-9x12-picture.jpg",1600,1600,false],"trp-custom-language-flag":["https:\/\/custom-rugs.org\/wp-content\/uploads\/2024\/12\/abstract-spiral-tufted-wool-rug-brown-9x12-picture.jpg",12,12,false],"crp_thumbnail":["https:\/\/custom-rugs.org\/wp-content\/uploads\/2024\/12\/abstract-spiral-tufted-wool-rug-brown-9x12-picture-150x150.jpg",150,150,true]},"uagb_author_info":{"display_name":"Custom Rugs","author_link":"https:\/\/custom-rugs.org\/pl\/author\/admin-hang\/"},"uagb_comment_info":0,"uagb_excerpt":"Abstract Spiral Brown Tufted Wool Rug 9\u2019x12\u2032 Custom tufted rug with abstract spiral design Made from premium New Zealand wool Handcrafted with attention to detail Large 9\u2019x12\u2032 size for spacious rooms Rich brown tones for elegant decor Ask a Quote Product Description Our Abstract Spiral Wool Rug emerges from the interplay of form and texture,&hellip;","_links":{"self":[{"href":"https:\/\/custom-rugs.org\/pl\/wp-json\/wp\/v2\/pages\/2297","targetHints":{"allow":["GET"]}}],"collection":[{"href":"https:\/\/custom-rugs.org\/pl\/wp-json\/wp\/v2\/pages"}],"about":[{"href":"https:\/\/custom-rugs.org\/pl\/wp-json\/wp\/v2\/types\/page"}],"author":[{"embeddable":true,"href":"https:\/\/custom-rugs.org\/pl\/wp-json\/wp\/v2\/users\/1"}],"replies":[{"embeddable":true,"href":"https:\/\/custom-rugs.org\/pl\/wp-json\/wp\/v2\/comments?post=2297"}],"version-history":[{"count":0,"href":"https:\/\/custom-rugs.org\/pl\/wp-json\/wp\/v2\/pages\/2297\/revisions"}],"up":[{"embeddable":true,"href":"https:\/\/custom-rugs.org\/pl\/wp-json\/wp\/v2\/pages\/2236"}],"wp:featuredmedia":[{"embeddable":true,"href":"https:\/\/custom-rugs.org\/pl\/wp-json\/wp\/v2\/media\/2299"}],"wp:attachment":[{"href":"https:\/\/custom-rugs.org\/pl\/wp-json\/wp\/v2\/media?parent=2297"}],"curies":[{"name":"wp","href":"https:\/\/api.w.org\/{rel}","templated":true}]}}