{"id":2261,"date":"2024-12-03T17:52:51","date_gmt":"2024-12-03T09:52:51","guid":{"rendered":"https:\/\/custom-rugs.org\/?page_id=2261"},"modified":"2024-12-03T17:56:10","modified_gmt":"2024-12-03T09:56:10","slug":"abstract-geometric-wool-rug-modern-triangle-pattern-8x10-custom-tufted","status":"publish","type":"page","link":"https:\/\/custom-rugs.org\/pl\/abstract-rugs\/abstract-geometric-wool-rug-modern-triangle-pattern-8x10-custom-tufted\/","title":{"rendered":"Abstrakcyjny geometryczny dywan we\u0142niany - nowoczesny wz\u00f3r tr\u00f3jk\u0105ta, 8\u00d710\u2032 Tuftowany na zam\u00f3wienie"},"content":{"rendered":"<div data-elementor-type=\"wp-page\" data-elementor-id=\"2261\" class=\"elementor elementor-2261\">\n\t\t\t\t<div class=\"elementor-element elementor-element-7d84c7f e-flex e-con-boxed e-con e-parent\" data-id=\"7d84c7f\" data-element_type=\"container\">\n\t\t\t\t\t<div class=\"e-con-inner\">\n\t\t<div class=\"elementor-element elementor-element-bb5f356 e-con-full e-flex e-con e-child\" data-id=\"bb5f356\" data-element_type=\"container\">\n\t\t\t\t<div class=\"elementor-element elementor-element-23d225c elementor-widget elementor-widget-image\" data-id=\"23d225c\" data-element_type=\"widget\" data-widget_type=\"image.default\">\n\t\t\t\t<div class=\"elementor-widget-container\">\n\t\t\t\t\t\t\t\t\t\t\t\t\t<img fetchpriority=\"high\" decoding=\"async\" width=\"768\" height=\"768\" src=\"https:\/\/custom-rugs.org\/wp-content\/uploads\/2024\/12\/tufted-wool-geometric-rug-red-purple-lime-8x10-picture-768x768.jpg\" class=\"attachment-medium_large size-medium_large wp-image-2263\" alt=\"tuftowany we\u0142niany dywan geometryczny czerwony fioletowy limonka 8x10\" srcset=\"https:\/\/custom-rugs.org\/wp-content\/uploads\/2024\/12\/tufted-wool-geometric-rug-red-purple-lime-8x10-picture-768x768.jpg 768w, https:\/\/custom-rugs.org\/wp-content\/uploads\/2024\/12\/tufted-wool-geometric-rug-red-purple-lime-8x10-picture-300x300.jpg 300w, https:\/\/custom-rugs.org\/wp-content\/uploads\/2024\/12\/tufted-wool-geometric-rug-red-purple-lime-8x10-picture-1024x1024.jpg 1024w, https:\/\/custom-rugs.org\/wp-content\/uploads\/2024\/12\/tufted-wool-geometric-rug-red-purple-lime-8x10-picture-150x150.jpg 150w, https:\/\/custom-rugs.org\/wp-content\/uploads\/2024\/12\/tufted-wool-geometric-rug-red-purple-lime-8x10-picture-1536x1536.jpg 1536w, https:\/\/custom-rugs.org\/wp-content\/uploads\/2024\/12\/tufted-wool-geometric-rug-red-purple-lime-8x10-picture.jpg 1600w\" sizes=\"(max-width: 768px) 100vw, 768px\" \/>\t\t\t\t\t\t\t\t\t\t\t\t\t<\/div>\n\t\t\t\t<\/div>\n\t\t\t\t<\/div>\n\t\t<div class=\"elementor-element elementor-element-69c567e e-con-full e-flex e-con e-child\" data-id=\"69c567e\" data-element_type=\"container\">\n\t\t\t\t<div class=\"elementor-element elementor-element-0fcf8a8 elementor-widget elementor-widget-shortcode\" data-id=\"0fcf8a8\" data-element_type=\"widget\" data-widget_type=\"shortcode.default\">\n\t\t\t\t<div class=\"elementor-widget-container\">\n\t\t\t\t\t<div class=\"elementor-shortcode\"><nav aria-label=\"bu\u0142ka tarta\" class=\"rank-math-breadcrumb\"><p><span class=\"last\">Strona g\u0142\u00f3wna<\/span><\/p><\/nav><\/div>\n\t\t\t\t<\/div>\n\t\t\t\t<\/div>\n\t\t\t\t<div class=\"elementor-element elementor-element-54f7626 elementor-widget elementor-widget-heading\" data-id=\"54f7626\" data-element_type=\"widget\" data-widget_type=\"heading.default\">\n\t\t\t\t<div class=\"elementor-widget-container\">\n\t\t\t<h1 class=\"elementor-heading-title elementor-size-default\">Abstrakcyjny geometryczny dywan we\u0142niany - nowoczesny wz\u00f3r tr\u00f3jk\u0105ta, 8\u00d710\u2032 Tuftowany na zam\u00f3wienie<\/h1>\t\t<\/div>\n\t\t\t\t<\/div>\n\t\t\t\t<div class=\"elementor-element elementor-element-f00fa15 elementor-widget elementor-widget-text-editor\" data-id=\"f00fa15\" data-element_type=\"widget\" data-widget_type=\"text-editor.default\">\n\t\t\t\t<div class=\"elementor-widget-container\">\n\t\t\t\t\t\t\t<ul><li>Najwy\u017cszej jako\u015bci we\u0142na nowozelandzka tuftowana na zam\u00f3wienie dla zapewnienia najwy\u017cszej trwa\u0142o\u015bci<\/li><li>Odwa\u017cny geometryczny wz\u00f3r z \u017cywymi czerwonymi, fioletowymi i limonkowymi tr\u00f3jk\u0105tami<\/li><li>Dynamiczny abstrakcyjny wz\u00f3r tworzy uderzaj\u0105cy ruch wizualny<\/li><li>Wysoko\u015b\u0107 mi\u0119kkiego w\u0142osia idealna do nowoczesnych przestrzeni mieszkalnych<\/li><li>Ka\u017cdy dywan zosta\u0142 wykonany r\u0119cznie przez wykwalifikowanych rzemie\u015blnik\u00f3w, aby nada\u0107 mu niepowtarzalny charakter.<\/li><\/ul>\t\t\t\t\t\t<\/div>\n\t\t\t\t<\/div>\n\t\t\t\t<div class=\"elementor-element elementor-element-6e33a19 elementor-align-left elementor-widget elementor-widget-button\" data-id=\"6e33a19\" data-element_type=\"widget\" data-widget_type=\"button.default\">\n\t\t\t\t<div class=\"elementor-widget-container\">\n\t\t\t\t\t<div class=\"elementor-button-wrapper\">\n\t\t\t<a class=\"elementor-button elementor-button-link elementor-size-sm\" href=\"https:\/\/custom-rugs.org\/pl\/contact\/\" target=\"_blank\">\n\t\t\t\t\t\t<span class=\"elementor-button-content-wrapper\">\n\t\t\t\t\t\t\t\t\t<span class=\"elementor-button-text\">Zapytaj o wycen\u0119<\/span>\n\t\t\t\t\t<\/span>\n\t\t\t\t\t<\/a>\n\t\t<\/div>\n\t\t\t\t<\/div>\n\t\t\t\t<\/div>\n\t\t\t\t<\/div>\n\t\t\t\t\t<\/div>\n\t\t\t\t<\/div>\n\t\t<div class=\"elementor-element elementor-element-0b870c1 e-flex e-con-boxed e-con e-parent\" data-id=\"0b870c1\" data-element_type=\"container\" data-settings=\"{&quot;background_background&quot;:&quot;classic&quot;}\">\n\t\t\t\t\t<div class=\"e-con-inner\">\n\t\t<div class=\"elementor-element elementor-element-c5e6091 e-con-full e-flex e-con e-child\" data-id=\"c5e6091\" data-element_type=\"container\">\n\t\t\t\t<div class=\"elementor-element elementor-element-fab30c6 elementor-widget-divider--view-line elementor-widget elementor-widget-divider\" data-id=\"fab30c6\" data-element_type=\"widget\" data-widget_type=\"divider.default\">\n\t\t\t\t<div class=\"elementor-widget-container\">\n\t\t\t\t\t<div class=\"elementor-divider\">\n\t\t\t<span class=\"elementor-divider-separator\">\n\t\t\t\t\t\t<\/span>\n\t\t<\/div>\n\t\t\t\t<\/div>\n\t\t\t\t<\/div>\n\t\t\t\t<div class=\"elementor-element elementor-element-04b1747 elementor-widget elementor-widget-heading\" data-id=\"04b1747\" data-element_type=\"widget\" data-widget_type=\"heading.default\">\n\t\t\t\t<div class=\"elementor-widget-container\">\n\t\t\t<div class=\"elementor-heading-title elementor-size-default\">Opis produktu<\/div>\t\t<\/div>\n\t\t\t\t<\/div>\n\t\t\t\t<div class=\"elementor-element elementor-element-86d8eef elementor-widget elementor-widget-text-editor\" data-id=\"86d8eef\" data-element_type=\"widget\" data-widget_type=\"text-editor.default\">\n\t\t\t\t<div class=\"elementor-widget-container\">\n\t\t\t\t\t\t\t<p>Prism Dance wy\u0142ania si\u0119 z odwa\u017cnego skrzy\u017cowania geometrycznej precyzji i artystycznej spontaniczno\u015bci.<br \/>Niczym kalejdoskop zamro\u017cony w czasie, \u017cywe tr\u00f3jk\u0105ty w kolorze czerwonym, fioletowym i limonkowym tworz\u0105 energiczny taniec na nieskazitelnym p\u0142\u00f3tnie.<br \/>Ten niestandardowy tuftowany dywan wnosi wsp\u00f3\u0142czesn\u0105 artystyczn\u0105 ekspresj\u0119 do Twojej przestrzeni \u017cyciowej.<\/p><p><strong>NAJWA\u017bNIEJSZE:<\/strong><\/p><ul><li>Tuftowane na zam\u00f3wienie przez wykwalifikowanych rzemie\u015blnik\u00f3w przy u\u017cyciu najwy\u017cszej jako\u015bci we\u0142ny nowozelandzkiej<\/li><li>Posiada dynamiczny geometryczny wz\u00f3r z precyzyjnymi kanciastymi kszta\u0142tami<\/li><li>Dost\u0119pne w wielu rozmiarach i niestandardowych wariantach kolorystycznych<\/li><\/ul><p><strong>Wymiary i waga<\/strong><\/p><ul><li>240 x 300 cm \/ 8 x 10 st\u00f3p (-\/+5 cm lub 2 cale)<\/li><li>Grubo\u015b\u0107 = 1,5 cm \/ 0,5 cala<\/li><li>41 kg \/ 90 funt\u00f3w<\/li><\/ul><p><strong>Materia\u0142<\/strong><\/p><ul><li>100% We\u0142na nowozelandzka<\/li><\/ul><p><strong>Czas realizacji produkcji<\/strong><\/p><p>Ka\u017cdy tworzony przez nas dywan jest wykonywany na indywidualne zam\u00f3wienie.<\/p><ul><li>Czas produkcji: 15 - 20 dni roboczych<\/li><li>Okres ten rozpoczyna si\u0119 po potwierdzeniu zam\u00f3wienia<\/li><li>Ka\u017cdy dywan jest wykonany specjalnie wed\u0142ug specyfikacji klienta<\/li><li>Nasi rzemie\u015blnicy zapewniaj\u0105 jako\u015b\u0107 na ka\u017cdym etapie procesu<\/li><\/ul><p>Uwaga:<\/p><ul><li>Dni robocze nie obejmuj\u0105 weekend\u00f3w i \u015bwi\u0105t<\/li><li>Z\u0142o\u017cone projekty mog\u0105 wymaga\u0107 dodatkowego czasu<\/li><li>Postaramy si\u0119 jak najszybciej wys\u0142a\u0107 pilne zam\u00f3wienia<\/li><\/ul><p>Dzi\u0119kujemy za cierpliwo\u015b\u0107 podczas tworzenia jedynego w swoim rodzaju dywanu.<br \/>Wysokiej jako\u015bci rzemios\u0142o wymaga czasu, ale obiecujemy, \u017ce warto czeka\u0107.<\/p>\t\t\t\t\t\t<\/div>\n\t\t\t\t<\/div>\n\t\t\t\t<\/div>\n\t\t\t\t\t<\/div>\n\t\t\t\t<\/div>\n\t\t\t\t<\/div>","protected":false},"excerpt":{"rendered":"<p>Abstrakcyjny geometryczny dywan we\u0142niany - nowoczesny wz\u00f3r tr\u00f3jk\u0105ta, 8\u00d710\u2032 Tuftowany na zam\u00f3wienie Najwy\u017cszej jako\u015bci we\u0142na nowozelandzka tuftowana na zam\u00f3wienie dla doskona\u0142ej trwa\u0142o\u015bci Odwa\u017cny geometryczny wz\u00f3r z \u017cywymi czerwonymi, fioletowymi i limonkowymi tr\u00f3jk\u0105tami Dynamiczny abstrakcyjny wz\u00f3r tworzy uderzaj\u0105cy ruch wizualny Wysoko\u015b\u0107 mi\u0119kkiego w\u0142osia idealna do nowoczesnych przestrzeni mieszkalnych Ka\u017cdy dywan wykonany r\u0119cznie przez wykwalifikowanych rzemie\u015blnik\u00f3w dla unikalnego charakteru Zapytaj [...]<\/p>","protected":false},"author":1,"featured_media":2263,"parent":2236,"menu_order":0,"comment_status":"closed","ping_status":"closed","template":"","meta":{"rank_math_lock_modified_date":false,"_uag_custom_page_level_css":"","site-sidebar-layout":"no-sidebar","site-content-layout":"page-builder","ast-site-content-layout":"full-width-container","site-content-style":"default","site-sidebar-style":"default","ast-global-header-display":"","ast-banner-title-visibility":"","ast-main-header-display":"","ast-hfb-above-header-display":"","ast-hfb-below-header-display":"","ast-hfb-mobile-header-display":"","site-post-title":"disabled","ast-breadcrumbs-content":"","ast-featured-img":"disabled","footer-sml-layout":"","theme-transparent-header-meta":"","adv-header-id-meta":"","stick-header-meta":"","header-above-stick-meta":"","header-main-stick-meta":"","header-below-stick-meta":"","astra-migrate-meta-layouts":"set","ast-page-background-enabled":"default","ast-page-background-meta":{"desktop":{"background-color":"","background-image":"","background-repeat":"repeat","background-position":"center center","background-size":"auto","background-attachment":"scroll","background-type":"","background-media":"","overlay-type":"","overlay-color":"","overlay-opacity":"","overlay-gradient":""},"tablet":{"background-color":"","background-image":"","background-repeat":"repeat","background-position":"center center","background-size":"auto","background-attachment":"scroll","background-type":"","background-media":"","overlay-type":"","overlay-color":"","overlay-opacity":"","overlay-gradient":""},"mobile":{"background-color":"","background-image":"","background-repeat":"repeat","background-position":"center center","background-size":"auto","background-attachment":"scroll","background-type":"","background-media":"","overlay-type":"","overlay-color":"","overlay-opacity":"","overlay-gradient":""}},"ast-content-background-meta":{"desktop":{"background-color":"var(--ast-global-color-5)","background-image":"","background-repeat":"repeat","background-position":"center center","background-size":"auto","background-attachment":"scroll","background-type":"","background-media":"","overlay-type":"","overlay-color":"","overlay-opacity":"","overlay-gradient":""},"tablet":{"background-color":"var(--ast-global-color-5)","background-image":"","background-repeat":"repeat","background-position":"center center","background-size":"auto","background-attachment":"scroll","background-type":"","background-media":"","overlay-type":"","overlay-color":"","overlay-opacity":"","overlay-gradient":""},"mobile":{"background-color":"var(--ast-global-color-5)","background-image":"","background-repeat":"repeat","background-position":"center center","background-size":"auto","background-attachment":"scroll","background-type":"","background-media":"","overlay-type":"","overlay-color":"","overlay-opacity":"","overlay-gradient":""}},"_joinchat":[],"footnotes":""},"class_list":["post-2261","page","type-page","status-publish","has-post-thumbnail","hentry"],"uagb_featured_image_src":{"full":["https:\/\/custom-rugs.org\/wp-content\/uploads\/2024\/12\/tufted-wool-geometric-rug-red-purple-lime-8x10-picture.jpg",1600,1600,false],"thumbnail":["https:\/\/custom-rugs.org\/wp-content\/uploads\/2024\/12\/tufted-wool-geometric-rug-red-purple-lime-8x10-picture-150x150.jpg",150,150,true],"medium":["https:\/\/custom-rugs.org\/wp-content\/uploads\/2024\/12\/tufted-wool-geometric-rug-red-purple-lime-8x10-picture-300x300.jpg",300,300,true],"medium_large":["https:\/\/custom-rugs.org\/wp-content\/uploads\/2024\/12\/tufted-wool-geometric-rug-red-purple-lime-8x10-picture-768x768.jpg",768,768,true],"large":["https:\/\/custom-rugs.org\/wp-content\/uploads\/2024\/12\/tufted-wool-geometric-rug-red-purple-lime-8x10-picture-1024x1024.jpg",1024,1024,true],"1536x1536":["https:\/\/custom-rugs.org\/wp-content\/uploads\/2024\/12\/tufted-wool-geometric-rug-red-purple-lime-8x10-picture-1536x1536.jpg",1536,1536,true],"2048x2048":["https:\/\/custom-rugs.org\/wp-content\/uploads\/2024\/12\/tufted-wool-geometric-rug-red-purple-lime-8x10-picture.jpg",1600,1600,false],"trp-custom-language-flag":["https:\/\/custom-rugs.org\/wp-content\/uploads\/2024\/12\/tufted-wool-geometric-rug-red-purple-lime-8x10-picture.jpg",12,12,false],"crp_thumbnail":["https:\/\/custom-rugs.org\/wp-content\/uploads\/2024\/12\/tufted-wool-geometric-rug-red-purple-lime-8x10-picture-150x150.jpg",150,150,true]},"uagb_author_info":{"display_name":"Custom Rugs","author_link":"https:\/\/custom-rugs.org\/pl\/author\/admin-hang\/"},"uagb_comment_info":0,"uagb_excerpt":"Abstract Geometric Wool Rug \u2013 Modern Triangle Pattern, 8\u00d710\u2032 Custom Tufted Premium New Zealand wool custom tufted for superior durability Bold geometric design with vibrant red, purple, and lime triangles Dynamic abstract pattern creates striking visual movement Plush pile height perfect for modern living spaces Each rug handcrafted by skilled artisans for unique character Ask&hellip;","_links":{"self":[{"href":"https:\/\/custom-rugs.org\/pl\/wp-json\/wp\/v2\/pages\/2261","targetHints":{"allow":["GET"]}}],"collection":[{"href":"https:\/\/custom-rugs.org\/pl\/wp-json\/wp\/v2\/pages"}],"about":[{"href":"https:\/\/custom-rugs.org\/pl\/wp-json\/wp\/v2\/types\/page"}],"author":[{"embeddable":true,"href":"https:\/\/custom-rugs.org\/pl\/wp-json\/wp\/v2\/users\/1"}],"replies":[{"embeddable":true,"href":"https:\/\/custom-rugs.org\/pl\/wp-json\/wp\/v2\/comments?post=2261"}],"version-history":[{"count":0,"href":"https:\/\/custom-rugs.org\/pl\/wp-json\/wp\/v2\/pages\/2261\/revisions"}],"up":[{"embeddable":true,"href":"https:\/\/custom-rugs.org\/pl\/wp-json\/wp\/v2\/pages\/2236"}],"wp:featuredmedia":[{"embeddable":true,"href":"https:\/\/custom-rugs.org\/pl\/wp-json\/wp\/v2\/media\/2263"}],"wp:attachment":[{"href":"https:\/\/custom-rugs.org\/pl\/wp-json\/wp\/v2\/media?parent=2261"}],"curies":[{"name":"wp","href":"https:\/\/api.w.org\/{rel}","templated":true}]}}