{"id":2241,"date":"2024-12-03T17:39:43","date_gmt":"2024-12-03T09:39:43","guid":{"rendered":"https:\/\/custom-rugs.org\/?page_id=2241"},"modified":"2024-12-03T17:55:54","modified_gmt":"2024-12-03T09:55:54","slug":"70s-retro-geometric-wool-area-rug-hand-tufted-6x9-mauve-plum","status":"publish","type":"page","link":"https:\/\/custom-rugs.org\/pl\/abstract-rugs\/70s-retro-geometric-wool-area-rug-hand-tufted-6x9-mauve-plum\/","title":{"rendered":"Geometryczny we\u0142niany dywan z lat 70-tych, r\u0119cznie tkany, 6\u00d79\u2032, fioletowo-\u015bliwkowy"},"content":{"rendered":"<div data-elementor-type=\"wp-page\" data-elementor-id=\"2241\" class=\"elementor elementor-2241\">\n\t\t\t\t<div class=\"elementor-element elementor-element-717757d e-flex e-con-boxed e-con e-parent\" data-id=\"717757d\" data-element_type=\"container\">\n\t\t\t\t\t<div class=\"e-con-inner\">\n\t\t<div class=\"elementor-element elementor-element-286e4d8 e-con-full e-flex e-con e-child\" data-id=\"286e4d8\" data-element_type=\"container\">\n\t\t\t\t<div class=\"elementor-element elementor-element-61ecc93 elementor-widget elementor-widget-image\" data-id=\"61ecc93\" data-element_type=\"widget\" data-widget_type=\"image.default\">\n\t\t\t\t<div class=\"elementor-widget-container\">\n\t\t\t\t\t\t\t\t\t\t\t\t\t<img fetchpriority=\"high\" decoding=\"async\" width=\"768\" height=\"768\" src=\"https:\/\/custom-rugs.org\/wp-content\/uploads\/2024\/12\/retro-geometric-wool-rug-mauve-plum-6x9-tufted-picture-768x768.jpg\" class=\"attachment-medium_large size-medium_large wp-image-2243\" alt=\"retro geometryczny dywan we\u0142niany fioletowy \u015bliwkowy 6x9 tuftowany\" srcset=\"https:\/\/custom-rugs.org\/wp-content\/uploads\/2024\/12\/retro-geometric-wool-rug-mauve-plum-6x9-tufted-picture-768x768.jpg 768w, https:\/\/custom-rugs.org\/wp-content\/uploads\/2024\/12\/retro-geometric-wool-rug-mauve-plum-6x9-tufted-picture-300x300.jpg 300w, https:\/\/custom-rugs.org\/wp-content\/uploads\/2024\/12\/retro-geometric-wool-rug-mauve-plum-6x9-tufted-picture-1024x1024.jpg 1024w, https:\/\/custom-rugs.org\/wp-content\/uploads\/2024\/12\/retro-geometric-wool-rug-mauve-plum-6x9-tufted-picture-150x150.jpg 150w, https:\/\/custom-rugs.org\/wp-content\/uploads\/2024\/12\/retro-geometric-wool-rug-mauve-plum-6x9-tufted-picture-1536x1536.jpg 1536w, https:\/\/custom-rugs.org\/wp-content\/uploads\/2024\/12\/retro-geometric-wool-rug-mauve-plum-6x9-tufted-picture.jpg 1600w\" sizes=\"(max-width: 768px) 100vw, 768px\" \/>\t\t\t\t\t\t\t\t\t\t\t\t\t<\/div>\n\t\t\t\t<\/div>\n\t\t\t\t<\/div>\n\t\t<div class=\"elementor-element elementor-element-319da4d e-con-full e-flex e-con e-child\" data-id=\"319da4d\" data-element_type=\"container\">\n\t\t\t\t<div class=\"elementor-element elementor-element-abd7e4c elementor-widget elementor-widget-shortcode\" data-id=\"abd7e4c\" data-element_type=\"widget\" data-widget_type=\"shortcode.default\">\n\t\t\t\t<div class=\"elementor-widget-container\">\n\t\t\t\t\t<div class=\"elementor-shortcode\"><nav aria-label=\"bu\u0142ka tarta\" class=\"rank-math-breadcrumb\"><p><span class=\"last\">Strona g\u0142\u00f3wna<\/span><\/p><\/nav><\/div>\n\t\t\t\t<\/div>\n\t\t\t\t<\/div>\n\t\t\t\t<div class=\"elementor-element elementor-element-a4bdd09 elementor-widget elementor-widget-heading\" data-id=\"a4bdd09\" data-element_type=\"widget\" data-widget_type=\"heading.default\">\n\t\t\t\t<div class=\"elementor-widget-container\">\n\t\t\t<h1 class=\"elementor-heading-title elementor-size-default\">Geometryczny we\u0142niany dywan z lat 70-tych, r\u0119cznie tkany, 6\u00d79\u2032, fioletowo-\u015bliwkowy<\/h1>\t\t<\/div>\n\t\t\t\t<\/div>\n\t\t\t\t<div class=\"elementor-element elementor-element-472532b elementor-widget elementor-widget-text-editor\" data-id=\"472532b\" data-element_type=\"widget\" data-widget_type=\"text-editor.default\">\n\t\t\t\t<div class=\"elementor-widget-container\">\n\t\t\t\t\t\t\t<ul><li>Najwy\u017cszej jako\u015bci nowozelandzka we\u0142na r\u0119cznie tkana w stylu vintage lat 70.<\/li><li>Odwa\u017cne prostok\u0105tne wzory w kolorze fioletowym z g\u0142\u0119bokimi \u015bliwkowymi akcentami<\/li><li>Rze\u017abione geometryczne kszta\u0142ty tworz\u0105 wyrafinowany efekt warstwowy<\/li><li>P\u0142ywaj\u0105ce ramki retro zapewniaj\u0105 dynamiczny ruch wizualny<\/li><li>Wariacje tonalne dodaj\u0105 g\u0142\u0119bi minimalistycznemu wzornictwu<\/li><\/ul>\t\t\t\t\t\t<\/div>\n\t\t\t\t<\/div>\n\t\t\t\t<div class=\"elementor-element elementor-element-46ac2ca elementor-align-left elementor-widget elementor-widget-button\" data-id=\"46ac2ca\" data-element_type=\"widget\" data-widget_type=\"button.default\">\n\t\t\t\t<div class=\"elementor-widget-container\">\n\t\t\t\t\t<div class=\"elementor-button-wrapper\">\n\t\t\t<a class=\"elementor-button elementor-button-link elementor-size-sm\" href=\"https:\/\/custom-rugs.org\/pl\/contact\/\" target=\"_blank\">\n\t\t\t\t\t\t<span class=\"elementor-button-content-wrapper\">\n\t\t\t\t\t\t\t\t\t<span class=\"elementor-button-text\">Zapytaj o wycen\u0119<\/span>\n\t\t\t\t\t<\/span>\n\t\t\t\t\t<\/a>\n\t\t<\/div>\n\t\t\t\t<\/div>\n\t\t\t\t<\/div>\n\t\t\t\t<\/div>\n\t\t\t\t\t<\/div>\n\t\t\t\t<\/div>\n\t\t<div class=\"elementor-element elementor-element-01e85ae e-flex e-con-boxed e-con e-parent\" data-id=\"01e85ae\" data-element_type=\"container\" data-settings=\"{&quot;background_background&quot;:&quot;classic&quot;}\">\n\t\t\t\t\t<div class=\"e-con-inner\">\n\t\t<div class=\"elementor-element elementor-element-b2355fd e-con-full e-flex e-con e-child\" data-id=\"b2355fd\" data-element_type=\"container\">\n\t\t\t\t<div class=\"elementor-element elementor-element-1005a65 elementor-widget-divider--view-line elementor-widget elementor-widget-divider\" data-id=\"1005a65\" data-element_type=\"widget\" data-widget_type=\"divider.default\">\n\t\t\t\t<div class=\"elementor-widget-container\">\n\t\t\t\t\t<div class=\"elementor-divider\">\n\t\t\t<span class=\"elementor-divider-separator\">\n\t\t\t\t\t\t<\/span>\n\t\t<\/div>\n\t\t\t\t<\/div>\n\t\t\t\t<\/div>\n\t\t\t\t<div class=\"elementor-element elementor-element-7a90534 elementor-widget elementor-widget-heading\" data-id=\"7a90534\" data-element_type=\"widget\" data-widget_type=\"heading.default\">\n\t\t\t\t<div class=\"elementor-widget-container\">\n\t\t\t<div class=\"elementor-heading-title elementor-size-default\">Opis produktu<\/div>\t\t<\/div>\n\t\t\t\t<\/div>\n\t\t\t\t<div class=\"elementor-element elementor-element-e6659a9 elementor-widget elementor-widget-text-editor\" data-id=\"e6659a9\" data-element_type=\"widget\" data-widget_type=\"text-editor.default\">\n\t\t\t\t<div class=\"elementor-widget-container\">\n\t\t\t\t\t\t\t<p>Celebruj\u0105c odwa\u017cne wyrafinowanie wzornictwa lat 70-tych, ten rzemie\u015blniczy element oddaje epok\u0119 nieustraszonego stylu.<br \/>P\u0142ywaj\u0105ce prostok\u0105tne ramki w kolorze fioletowym i g\u0142\u0119bokiej \u015bliwki tworz\u0105 uderzaj\u0105c\u0105 architektoniczn\u0105 prezencj\u0119.<br \/>Ka\u017cdy wyrze\u017abiony detal wzmacnia wzajemne oddzia\u0142ywanie wymiar\u00f3w, wprowadzaj\u0105c nowoczesny styl vintage do wsp\u00f3\u0142czesnych przestrzeni.<\/p><p><strong>NAJWA\u017bNIEJSZE:<\/strong><\/p><ul><li>R\u0119cznie tkana przez do\u015bwiadczonych rzemie\u015blnik\u00f3w przy u\u017cyciu najwy\u017cszej jako\u015bci we\u0142ny nowozelandzkiej<\/li><li>Kultowe geometryczne wzory z lat 70. z rze\u017abionymi detalami<\/li><li>Dost\u0119pne w niestandardowych rozmiarach i kolorach inspirowanych epok\u0105<\/li><\/ul><p><strong>Wymiary i waga<\/strong><\/p><ul><li>180 x 270 cm \/ 6 x 9 st\u00f3p (-\/+5 cm lub 2 cale)<\/li><li>Grubo\u015b\u0107 = 1,5 cm \/ 0,5 cala<\/li><li>28 kg \/ 61 funt\u00f3w<\/li><\/ul><p><strong>Materia\u0142<\/strong><\/p><ul><li>100% We\u0142na nowozelandzka<\/li><\/ul><p><strong>Czas realizacji produkcji<\/strong><\/p><p>Ka\u017cdy tworzony przez nas dywan jest wykonywany na indywidualne zam\u00f3wienie.<\/p><ul><li>Czas produkcji: 15 - 20 dni roboczych<\/li><li>Okres ten rozpoczyna si\u0119 po potwierdzeniu zam\u00f3wienia<\/li><li>Ka\u017cdy dywan jest wykonany specjalnie wed\u0142ug specyfikacji klienta<\/li><li>Nasi rzemie\u015blnicy zapewniaj\u0105 jako\u015b\u0107 na ka\u017cdym etapie procesu<\/li><\/ul><p>Uwaga:<\/p><ul><li>Dni robocze nie obejmuj\u0105 weekend\u00f3w i \u015bwi\u0105t<\/li><li>Z\u0142o\u017cone projekty mog\u0105 wymaga\u0107 dodatkowego czasu<\/li><li>Postaramy si\u0119 jak najszybciej wys\u0142a\u0107 pilne zam\u00f3wienia<\/li><\/ul><p>Dzi\u0119kujemy za cierpliwo\u015b\u0107 podczas tworzenia jedynego w swoim rodzaju dywanu.<br \/>Wysokiej jako\u015bci rzemios\u0142o wymaga czasu, ale obiecujemy, \u017ce warto czeka\u0107.<\/p>\t\t\t\t\t\t<\/div>\n\t\t\t\t<\/div>\n\t\t\t\t<\/div>\n\t\t\t\t\t<\/div>\n\t\t\t\t<\/div>\n\t\t\t\t<\/div>","protected":false},"excerpt":{"rendered":"<p>70s Retro Geometric Wool Area Rug, Hand-Tufted, 6\u00d79\u2032, Mauve &amp; Plum Premium New Zealand wool hand-tufted with vintage 70s design Bold rectangular patterns in mauve with deep plum accents Carved geometric shapes create sophisticated layered effect Floating retro frames offer dynamic visual movement Tonal variations add depth to minimalist design Ask a Quote Product Description [&hellip;]<\/p>","protected":false},"author":1,"featured_media":2243,"parent":2236,"menu_order":0,"comment_status":"closed","ping_status":"closed","template":"","meta":{"rank_math_lock_modified_date":false,"_uag_custom_page_level_css":"","site-sidebar-layout":"no-sidebar","site-content-layout":"page-builder","ast-site-content-layout":"full-width-container","site-content-style":"default","site-sidebar-style":"default","ast-global-header-display":"","ast-banner-title-visibility":"","ast-main-header-display":"","ast-hfb-above-header-display":"","ast-hfb-below-header-display":"","ast-hfb-mobile-header-display":"","site-post-title":"disabled","ast-breadcrumbs-content":"","ast-featured-img":"disabled","footer-sml-layout":"","theme-transparent-header-meta":"","adv-header-id-meta":"","stick-header-meta":"","header-above-stick-meta":"","header-main-stick-meta":"","header-below-stick-meta":"","astra-migrate-meta-layouts":"set","ast-page-background-enabled":"default","ast-page-background-meta":{"desktop":{"background-color":"","background-image":"","background-repeat":"repeat","background-position":"center center","background-size":"auto","background-attachment":"scroll","background-type":"","background-media":"","overlay-type":"","overlay-color":"","overlay-opacity":"","overlay-gradient":""},"tablet":{"background-color":"","background-image":"","background-repeat":"repeat","background-position":"center center","background-size":"auto","background-attachment":"scroll","background-type":"","background-media":"","overlay-type":"","overlay-color":"","overlay-opacity":"","overlay-gradient":""},"mobile":{"background-color":"","background-image":"","background-repeat":"repeat","background-position":"center center","background-size":"auto","background-attachment":"scroll","background-type":"","background-media":"","overlay-type":"","overlay-color":"","overlay-opacity":"","overlay-gradient":""}},"ast-content-background-meta":{"desktop":{"background-color":"var(--ast-global-color-5)","background-image":"","background-repeat":"repeat","background-position":"center center","background-size":"auto","background-attachment":"scroll","background-type":"","background-media":"","overlay-type":"","overlay-color":"","overlay-opacity":"","overlay-gradient":""},"tablet":{"background-color":"var(--ast-global-color-5)","background-image":"","background-repeat":"repeat","background-position":"center center","background-size":"auto","background-attachment":"scroll","background-type":"","background-media":"","overlay-type":"","overlay-color":"","overlay-opacity":"","overlay-gradient":""},"mobile":{"background-color":"var(--ast-global-color-5)","background-image":"","background-repeat":"repeat","background-position":"center center","background-size":"auto","background-attachment":"scroll","background-type":"","background-media":"","overlay-type":"","overlay-color":"","overlay-opacity":"","overlay-gradient":""}},"_joinchat":[],"footnotes":""},"class_list":["post-2241","page","type-page","status-publish","has-post-thumbnail","hentry"],"uagb_featured_image_src":{"full":["https:\/\/custom-rugs.org\/wp-content\/uploads\/2024\/12\/retro-geometric-wool-rug-mauve-plum-6x9-tufted-picture.jpg",1600,1600,false],"thumbnail":["https:\/\/custom-rugs.org\/wp-content\/uploads\/2024\/12\/retro-geometric-wool-rug-mauve-plum-6x9-tufted-picture-150x150.jpg",150,150,true],"medium":["https:\/\/custom-rugs.org\/wp-content\/uploads\/2024\/12\/retro-geometric-wool-rug-mauve-plum-6x9-tufted-picture-300x300.jpg",300,300,true],"medium_large":["https:\/\/custom-rugs.org\/wp-content\/uploads\/2024\/12\/retro-geometric-wool-rug-mauve-plum-6x9-tufted-picture-768x768.jpg",768,768,true],"large":["https:\/\/custom-rugs.org\/wp-content\/uploads\/2024\/12\/retro-geometric-wool-rug-mauve-plum-6x9-tufted-picture-1024x1024.jpg",1024,1024,true],"1536x1536":["https:\/\/custom-rugs.org\/wp-content\/uploads\/2024\/12\/retro-geometric-wool-rug-mauve-plum-6x9-tufted-picture-1536x1536.jpg",1536,1536,true],"2048x2048":["https:\/\/custom-rugs.org\/wp-content\/uploads\/2024\/12\/retro-geometric-wool-rug-mauve-plum-6x9-tufted-picture.jpg",1600,1600,false],"trp-custom-language-flag":["https:\/\/custom-rugs.org\/wp-content\/uploads\/2024\/12\/retro-geometric-wool-rug-mauve-plum-6x9-tufted-picture.jpg",12,12,false],"crp_thumbnail":["https:\/\/custom-rugs.org\/wp-content\/uploads\/2024\/12\/retro-geometric-wool-rug-mauve-plum-6x9-tufted-picture-150x150.jpg",150,150,true]},"uagb_author_info":{"display_name":"Custom Rugs","author_link":"https:\/\/custom-rugs.org\/pl\/author\/admin-hang\/"},"uagb_comment_info":0,"uagb_excerpt":"70s Retro Geometric Wool Area Rug, Hand-Tufted, 6\u00d79\u2032, Mauve &amp; Plum Premium New Zealand wool hand-tufted with vintage 70s design Bold rectangular patterns in mauve with deep plum accents Carved geometric shapes create sophisticated layered effect Floating retro frames offer dynamic visual movement Tonal variations add depth to minimalist design Ask a Quote Product Description&hellip;","_links":{"self":[{"href":"https:\/\/custom-rugs.org\/pl\/wp-json\/wp\/v2\/pages\/2241","targetHints":{"allow":["GET"]}}],"collection":[{"href":"https:\/\/custom-rugs.org\/pl\/wp-json\/wp\/v2\/pages"}],"about":[{"href":"https:\/\/custom-rugs.org\/pl\/wp-json\/wp\/v2\/types\/page"}],"author":[{"embeddable":true,"href":"https:\/\/custom-rugs.org\/pl\/wp-json\/wp\/v2\/users\/1"}],"replies":[{"embeddable":true,"href":"https:\/\/custom-rugs.org\/pl\/wp-json\/wp\/v2\/comments?post=2241"}],"version-history":[{"count":0,"href":"https:\/\/custom-rugs.org\/pl\/wp-json\/wp\/v2\/pages\/2241\/revisions"}],"up":[{"embeddable":true,"href":"https:\/\/custom-rugs.org\/pl\/wp-json\/wp\/v2\/pages\/2236"}],"wp:featuredmedia":[{"embeddable":true,"href":"https:\/\/custom-rugs.org\/pl\/wp-json\/wp\/v2\/media\/2243"}],"wp:attachment":[{"href":"https:\/\/custom-rugs.org\/pl\/wp-json\/wp\/v2\/media?parent=2241"}],"curies":[{"name":"wp","href":"https:\/\/api.w.org\/{rel}","templated":true}]}}