{"id":689,"date":"2024-09-25T18:31:29","date_gmt":"2024-09-25T10:31:29","guid":{"rendered":"https:\/\/custom-rugs.org\/about\/"},"modified":"2024-09-26T20:10:33","modified_gmt":"2024-09-26T12:10:33","slug":"about","status":"publish","type":"page","link":"https:\/\/custom-rugs.org\/it\/about\/","title":{"rendered":"Circa"},"content":{"rendered":"<div class=\"wp-block-uagb-container uagb-block-2db72d83 alignfull uagb-is-root-container\"><div class=\"uagb-container-inner-blocks-wrap\">\n<div class=\"wp-block-uagb-advanced-heading uagb-block-3bd8dd32\"><h1 class=\"uagb-heading-text\">Chi siamo<\/h1><p class=\"uagb-desc-text\">Siamo il vostro partner di fiducia nella creazione di tappeti personalizzati. Dall'inizio alla fine, il nostro team \u00e8 qui per lavorare con voi. In qualit\u00e0 di produttori professionali di tappeti personalizzati, trasformeremo la vostra visione in realt\u00e0.<\/p><\/div>\n<\/div><\/div>\n\n\n\n<div class=\"wp-block-uagb-container uagb-block-7bac3667 alignfull uagb-is-root-container\"><div class=\"uagb-container-inner-blocks-wrap\">\n<div class=\"wp-block-uagb-container uagb-block-12d7acaa\">\n<div class=\"wp-block-uagb-advanced-heading uagb-block-8c1ca290\"><h3 class=\"uagb-heading-text\">Fornitore affidabile di tappeti personalizzati<\/h3><\/div>\n\n\n\n<div class=\"wp-block-uagb-advanced-heading uagb-block-add0d9a2\"><h5 class=\"uagb-heading-text\">Seguiteci<\/h5><\/div>\n\n\n\n<div class=\"wp-block-uagb-social-share uagb-social-share__outer-wrap uagb-social-share__layout-horizontal uagb-block-74e57c11\">\n<div class=\"wp-block-uagb-social-share-child uagb-ss-repeater uagb-ss__wrapper uagb-block-935175b6\"><span class=\"uagb-ss__link\" data-href=\"https:\/\/www.facebook.com\/sharer.php?u=\" tabindex=\"0\" role=\"button\" aria-label=\"facebook\"><span class=\"uagb-ss__source-wrap\"><span class=\"uagb-ss__source-icon\"><svg xmlns=\"https:\/\/www.w3.org\/2000\/svg\" viewbox=\"0 0 512 512\"><path d=\"M504 256C504 119 393 8 256 8S8 119 8 256c0 123.8 90.69 226.4 209.3 245V327.7h-63V256h63v-54.64c0-62.15 37-96.48 93.67-96.48 27.14 0 55.52 4.84 55.52 4.84v61h-31.28c-30.8 0-40.41 19.12-40.41 38.73V256h68.78l-11 71.69h-57.78V501C413.3 482.4 504 379.8 504 256z\"><\/path><\/svg><\/span><\/span><\/span><\/div>\n\n\n\n<div class=\"wp-block-uagb-social-share-child uagb-ss-repeater uagb-ss__wrapper uagb-block-d66f3242\"><span class=\"uagb-ss__link\" data-href=\"https:\/\/twitter.com\/share?url=\" tabindex=\"0\" role=\"button\" aria-label=\"twitter\"><span class=\"uagb-ss__source-wrap\"><span class=\"uagb-ss__source-icon\"><svg xmlns=\"https:\/\/www.w3.org\/2000\/svg\" viewbox=\"0 0 512 512\"><path d=\"M459.4 151.7c.325 4.548 .325 9.097 .325 13.65 0 138.7-105.6 298.6-298.6 298.6-59.45 0-114.7-17.22-161.1-47.11 8.447 .974 16.57 1.299 25.34 1.299 49.06 0 94.21-16.57 130.3-44.83-46.13-.975-84.79-31.19-98.11-72.77 6.498 .974 12.99 1.624 19.82 1.624 9.421 0 18.84-1.3 27.61-3.573-48.08-9.747-84.14-51.98-84.14-102.1v-1.299c13.97 7.797 30.21 12.67 47.43 13.32-28.26-18.84-46.78-51.01-46.78-87.39 0-19.49 5.197-37.36 14.29-52.95 51.65 63.67 129.3 105.3 216.4 109.8-1.624-7.797-2.599-15.92-2.599-24.04 0-57.83 46.78-104.9 104.9-104.9 30.21 0 57.5 12.67 76.67 33.14 23.72-4.548 46.46-13.32 66.6-25.34-7.798 24.37-24.37 44.83-46.13 57.83 21.12-2.273 41.58-8.122 60.43-16.24-14.29 20.79-32.16 39.31-52.63 54.25z\"><\/path><\/svg><\/span><\/span><\/span><\/div>\n\n\n\n<div class=\"wp-block-uagb-social-share-child uagb-ss-repeater uagb-ss__wrapper uagb-block-efb9dd6f\"><span class=\"uagb-ss__link\" data-href=\"https:\/\/pinterest.com\/pin\/create\/link\/?url=\" tabindex=\"0\" role=\"button\" aria-label=\"pinterest\"><span class=\"uagb-ss__source-wrap\"><span class=\"uagb-ss__source-icon\"><svg xmlns=\"https:\/\/www.w3.org\/2000\/svg\" viewbox=\"0 0 576 512\"><path d=\"M549.7 124.1c-6.281-23.65-24.79-42.28-48.28-48.6C458.8 64 288 64 288 64S117.2 64 74.63 75.49c-23.5 6.322-42 24.95-48.28 48.6-11.41 42.87-11.41 132.3-11.41 132.3s0 89.44 11.41 132.3c6.281 23.65 24.79 41.5 48.28 47.82C117.2 448 288 448 288 448s170.8 0 213.4-11.49c23.5-6.321 42-24.17 48.28-47.82 11.41-42.87 11.41-132.3 11.41-132.3s0-89.44-11.41-132.3zm-317.5 213.5V175.2l142.7 81.21-142.7 81.2z\"><\/path><\/svg><\/span><\/span><\/span><\/div>\n\n\n\n<div class=\"wp-block-uagb-social-share-child uagb-ss-repeater uagb-ss__wrapper uagb-block-c4cb2cd4\"><span class=\"uagb-ss__link\" data-href=\"https:\/\/www.linkedin.com\/shareArticle?url=\" tabindex=\"0\" role=\"button\" aria-label=\"linkedin\"><span class=\"uagb-ss__source-wrap\"><span class=\"uagb-ss__source-icon\"><svg xmlns=\"https:\/\/www.w3.org\/2000\/svg\" viewbox=\"0 0 448 512\"><path d=\"M224.1 141c-63.6 0-114.9 51.3-114.9 114.9s51.3 114.9 114.9 114.9S339 319.5 339 255.9 287.7 141 224.1 141zm0 189.6c-41.1 0-74.7-33.5-74.7-74.7s33.5-74.7 74.7-74.7 74.7 33.5 74.7 74.7-33.6 74.7-74.7 74.7zm146.4-194.3c0 14.9-12 26.8-26.8 26.8-14.9 0-26.8-12-26.8-26.8s12-26.8 26.8-26.8 26.8 12 26.8 26.8zm76.1 27.2c-1.7-35.9-9.9-67.7-36.2-93.9-26.2-26.2-58-34.4-93.9-36.2-37-2.1-147.9-2.1-184.9 0-35.8 1.7-67.6 9.9-93.9 36.1s-34.4 58-36.2 93.9c-2.1 37-2.1 147.9 0 184.9 1.7 35.9 9.9 67.7 36.2 93.9s58 34.4 93.9 36.2c37 2.1 147.9 2.1 184.9 0 35.9-1.7 67.7-9.9 93.9-36.2 26.2-26.2 34.4-58 36.2-93.9 2.1-37 2.1-147.8 0-184.8zM398.8 388c-7.8 19.6-22.9 34.7-42.6 42.6-29.5 11.7-99.5 9-132.1 9s-102.7 2.6-132.1-9c-19.6-7.8-34.7-22.9-42.6-42.6-11.7-29.5-9-99.5-9-132.1s-2.6-102.7 9-132.1c7.8-19.6 22.9-34.7 42.6-42.6 29.5-11.7 99.5-9 132.1-9s102.7-2.6 132.1 9c19.6 7.8 34.7 22.9 42.6 42.6 11.7 29.5 9 99.5 9 132.1s2.7 102.7-9 132.1z\"><\/path><\/svg><\/span><\/span><\/span><\/div>\n\n\n\n<div class=\"wp-block-uagb-social-share-child uagb-ss-repeater uagb-ss__wrapper uagb-block-0b598be4\"><span class=\"uagb-ss__link\" data-href=\"https:\/\/www.linkedin.com\/shareArticle?url=\" tabindex=\"0\" role=\"button\" aria-label=\"linkedin\"><span class=\"uagb-ss__source-wrap\"><span class=\"uagb-ss__source-icon\"><svg xmlns=\"https:\/\/www.w3.org\/2000\/svg\" viewbox=\"0 0 448 512\"><path d=\"M416 32H31.9C14.3 32 0 46.5 0 64.3v383.4C0 465.5 14.3 480 31.9 480H416c17.6 0 32-14.5 32-32.3V64.3c0-17.8-14.4-32.3-32-32.3zM135.4 416H69V202.2h66.5V416zm-33.2-243c-21.3 0-38.5-17.3-38.5-38.5S80.9 96 102.2 96c21.2 0 38.5 17.3 38.5 38.5 0 21.3-17.2 38.5-38.5 38.5zm282.1 243h-66.4V312c0-24.8-.5-56.7-34.5-56.7-34.6 0-39.9 27-39.9 54.9V416h-66.4V202.2h63.7v29.2h.9c8.9-16.8 30.6-34.5 62.9-34.5 67.2 0 79.7 44.3 79.7 101.9V416z\"><\/path><\/svg><\/span><\/span><\/span><\/div>\n<\/div>\n<\/div>\n\n\n\n<div class=\"wp-block-uagb-container uagb-block-3ead4cd4\">\n<div class=\"wp-block-uagb-advanced-heading uagb-block-ba0b48b7\"><p class=\"uagb-desc-text\">Realizziamo tappeti personalizzati per soddisfare la vostra visione. I nostri abili artigiani hanno oltre 20 anni di esperienza. Combinano creativit\u00e0 e abilit\u00e0 artigianale per realizzare tappeti di qualit\u00e0 eccezionale, su misura per le vostre esigenze. Offriamo risultati eccezionali che superano le vostre aspettative.<\/p><\/div>\n\n\n\n<div class=\"wp-block-uagb-container uagb-layout-grid uagb-block-ed0b702e\">\n<div class=\"wp-block-uagb-counter uagb-block-3c30030c wp-block-uagb-counter--number\"><div class=\"wp-block-uagb-counter__number\"><span class=\"uagb-counter-block-number\" data-duration=\"1.5\" data-to-value=\"400\" data-from-value=\"0\" data-delimiter=\",\"><\/span><span class=\"uagb-counter-block-suffix\">+<\/span><\/div><div class=\"wp-block-uagb-counter__title\">Progetti realizzati<\/div><\/div>\n\n\n\n<div class=\"wp-block-uagb-counter uagb-block-d2dc8e45 wp-block-uagb-counter--number\"><div class=\"wp-block-uagb-counter__number\"><span class=\"uagb-counter-block-number\" data-duration=\"1.5\" data-to-value=\"100\" data-from-value=\"0\" data-delimiter=\",\"><\/span><span class=\"uagb-counter-block-suffix\">+<\/span><\/div><div class=\"wp-block-uagb-counter__title\">Clienti felici<\/div><\/div>\n<\/div>\n<\/div>\n<\/div><\/div>\n\n\n\n<div class=\"wp-block-uagb-container uagb-block-687c1d77 alignfull uagb-is-root-container\"><div class=\"uagb-container-inner-blocks-wrap\">\n<div class=\"wp-block-uagb-info-box uagb-block-9f61b009 uagb-infobox__content-wrap  uagb-infobox-icon-above-title uagb-infobox-image-valign-top\"><div class=\"uagb-ifb-content\"><div class=\"uagb-ifb-title-wrap\"><span class=\"uagb-ifb-title-prefix\">Grande attenzione ai dettagli<\/span><h5 class=\"uagb-ifb-title\">Innoviamo e portiamo nuove possibilit\u00e0 nel design dei tappeti di ogni progetto<\/h5><\/div><p class=\"uagb-ifb-desc\">Prestiamo grande attenzione ai dettagli, il che ci aiuta a innovare e a introdurre nuove possibilit\u00e0 nel design dei tappeti. Questo approccio attento significa che ogni dettaglio del tappeto viene preso in considerazione, dai materiali ai motivi e ai colori. Innovando, possiamo creare progetti unici che soddisfano le esigenze dei miei clienti e migliorano lo spazio. Ogni progetto \u00e8 un'opportunit\u00e0 per esplorare nuove idee e creare tappeti eccezionali.<\/p><\/div><\/div>\n\n\n\n<div class=\"wp-block-uagb-container uagb-block-1b41d904\">\n<div class=\"wp-block-uagb-image uagb-block-84de973e wp-block-uagb-image--layout-default wp-block-uagb-image--effect-static wp-block-uagb-image--align-none\"><figure class=\"wp-block-uagb-image__figure\"><img loading=\"lazy\" decoding=\"async\" srcset=\"https:\/\/custom-rugs.org\/wp-content\/uploads\/2024\/09\/custom-rugs-factory01-1024x768.jpg ,https:\/\/custom-rugs.org\/wp-content\/uploads\/2024\/09\/custom-rugs-factory01.jpg 780w, https:\/\/custom-rugs.org\/wp-content\/uploads\/2024\/09\/custom-rugs-factory01.jpg 360w\" sizes=\"auto, (max-width: 480px) 150px\" src=\"https:\/\/custom-rugs.org\/wp-content\/uploads\/2024\/09\/custom-rugs-factory01-1024x768.jpg\" alt=\"\" class=\"uag-image-1738\" width=\"515\" height=\"500\" title=\"tappeti personalizzati factory01\" role=\"img\"\/><\/figure><\/div>\n\n\n\n<div class=\"wp-block-uagb-image uagb-block-a3dd340b wp-block-uagb-image--layout-default wp-block-uagb-image--effect-static wp-block-uagb-image--align-none\"><figure class=\"wp-block-uagb-image__figure\"><img loading=\"lazy\" decoding=\"async\" srcset=\"https:\/\/custom-rugs.org\/wp-content\/uploads\/2024\/09\/custom-rugs-factory02-1024x768.jpg ,https:\/\/custom-rugs.org\/wp-content\/uploads\/2024\/09\/custom-rugs-factory02.jpg 780w, https:\/\/custom-rugs.org\/wp-content\/uploads\/2024\/09\/custom-rugs-factory02.jpg 360w\" sizes=\"auto, (max-width: 480px) 150px\" src=\"https:\/\/custom-rugs.org\/wp-content\/uploads\/2024\/09\/custom-rugs-factory02-1024x768.jpg\" alt=\"\" class=\"uag-image-1739\" width=\"640\" height=\"480\" title=\"tappeti personalizzati factory02\" role=\"img\"\/><\/figure><\/div>\n\n\n\n<div class=\"wp-block-uagb-image uagb-block-ab045ed3 wp-block-uagb-image--layout-default wp-block-uagb-image--effect-static wp-block-uagb-image--align-none\"><figure class=\"wp-block-uagb-image__figure\"><img loading=\"lazy\" decoding=\"async\" srcset=\"https:\/\/custom-rugs.org\/wp-content\/uploads\/2024\/09\/custom-rugs-factory03-1024x768.jpg ,https:\/\/custom-rugs.org\/wp-content\/uploads\/2024\/09\/custom-rugs-factory03.jpg 780w, https:\/\/custom-rugs.org\/wp-content\/uploads\/2024\/09\/custom-rugs-factory03.jpg 360w\" sizes=\"auto, (max-width: 480px) 150px\" src=\"https:\/\/custom-rugs.org\/wp-content\/uploads\/2024\/09\/custom-rugs-factory03-1024x768.jpg\" alt=\"\" class=\"uag-image-1741\" width=\"640\" height=\"960\" title=\"tappeti personalizzati fabbrica03\" role=\"img\"\/><\/figure><\/div>\n<\/div>\n\n\n\n<div class=\"wp-block-uagb-container uagb-block-48b2cfd6\">\n<div class=\"wp-block-uagb-advanced-heading uagb-block-5d82114e\"><h3 class=\"uagb-heading-text\">Siamo specializzati nella gestione di design e progetti di tappeti personalizzati<\/h3><\/div>\n\n\n\n<div class=\"wp-block-uagb-advanced-heading uagb-block-1cea0376\"><p class=\"uagb-desc-text\">Supervisioniamo ogni aspetto del processo per garantire che ogni tappeto sia realizzato alla perfezione. Dall'inizio alla fine, ci dedichiamo a un servizio e a una qualit\u00e0 eccezionali. Lavoriamo con i clienti per capire le loro esigenze e preferenze, creando soluzioni personalizzate per i loro spazi. Forniamo tappeti personalizzati per progetti residenziali e commerciali. I nostri clienti ottengono tappeti che riflettono la loro visione e soddisfano gli standard pi\u00f9 elevati.<\/p><\/div>\n\n\n\n<div class=\"wp-block-uagb-advanced-heading uagb-block-163937bb\"><p class=\"uagb-desc-text\">Prestiamo molta attenzione ai dettagli, assicurandoci che i nostri tappeti siano i migliori possibili. I nostri artigiani combinano tecniche tradizionali e design moderno per creare pezzi unici per qualsiasi ambiente. Lavoriamo a stretto contatto con i nostri clienti per creare tappeti per salotti, uffici e spazi commerciali.<\/p><\/div>\n<\/div>\n<\/div><\/div>","protected":false},"excerpt":{"rendered":"<p>Chi siamo Siamo il vostro partner di fiducia nella creazione di tappeti personalizzati. Dall'inizio alla fine, il nostro team \u00e8 qui per lavorare con voi. In qualit\u00e0 di produttore professionale di tappeti personalizzati, trasformeremo la vostra visione in realt\u00e0. Fornitore affidabile di tappeti personalizzati Seguiteci Realizziamo tappeti personalizzati per soddisfare la vostra visione. I nostri abili artigiani hanno oltre 20 [...]<\/p>","protected":false},"author":1,"featured_media":0,"parent":0,"menu_order":0,"comment_status":"closed","ping_status":"closed","template":"","meta":{"rank_math_lock_modified_date":false,"_uag_custom_page_level_css":"","site-sidebar-layout":"no-sidebar","site-content-layout":"plain-container","ast-site-content-layout":"normal-width-container","site-content-style":"unboxed","site-sidebar-style":"unboxed","ast-global-header-display":"","ast-banner-title-visibility":"","ast-main-header-display":"","ast-hfb-above-header-display":"","ast-hfb-below-header-display":"","ast-hfb-mobile-header-display":"","site-post-title":"disabled","ast-breadcrumbs-content":"","ast-featured-img":"disabled","footer-sml-layout":"","theme-transparent-header-meta":"enabled","adv-header-id-meta":"","stick-header-meta":"","header-above-stick-meta":"","header-main-stick-meta":"","header-below-stick-meta":"","astra-migrate-meta-layouts":"set","ast-page-background-enabled":"default","ast-page-background-meta":{"desktop":{"background-color":"","background-image":"","background-repeat":"repeat","background-position":"center center","background-size":"auto","background-attachment":"scroll","background-type":"","background-media":"","overlay-type":"","overlay-color":"","overlay-opacity":"","overlay-gradient":""},"tablet":{"background-color":"","background-image":"","background-repeat":"repeat","background-position":"center center","background-size":"auto","background-attachment":"scroll","background-type":"","background-media":"","overlay-type":"","overlay-color":"","overlay-opacity":"","overlay-gradient":""},"mobile":{"background-color":"","background-image":"","background-repeat":"repeat","background-position":"center center","background-size":"auto","background-attachment":"scroll","background-type":"","background-media":"","overlay-type":"","overlay-color":"","overlay-opacity":"","overlay-gradient":""}},"ast-content-background-meta":{"desktop":{"background-color":"var(--ast-global-color-5)","background-image":"","background-repeat":"repeat","background-position":"center center","background-size":"auto","background-attachment":"scroll","background-type":"","background-media":"","overlay-type":"","overlay-color":"","overlay-opacity":"","overlay-gradient":""},"tablet":{"background-color":"var(--ast-global-color-5)","background-image":"","background-repeat":"repeat","background-position":"center center","background-size":"auto","background-attachment":"scroll","background-type":"","background-media":"","overlay-type":"","overlay-color":"","overlay-opacity":"","overlay-gradient":""},"mobile":{"background-color":"var(--ast-global-color-5)","background-image":"","background-repeat":"repeat","background-position":"center center","background-size":"auto","background-attachment":"scroll","background-type":"","background-media":"","overlay-type":"","overlay-color":"","overlay-opacity":"","overlay-gradient":""}},"_joinchat":[],"footnotes":""},"class_list":["post-689","page","type-page","status-publish","hentry"],"uagb_featured_image_src":{"full":false,"thumbnail":false,"medium":false,"medium_large":false,"large":false,"1536x1536":false,"2048x2048":false,"trp-custom-language-flag":false,"crp_thumbnail":false},"uagb_author_info":{"display_name":"Custom Rugs","author_link":"https:\/\/custom-rugs.org\/it\/author\/admin-hang\/"},"uagb_comment_info":0,"uagb_excerpt":"About Us\u200b We are your trusted partner in custom rug creation. From start to finish, our team is here to work with you. As a professional custom rugs manufacturer, we\u2019ll make your vision a reality. Reliable Custom Rugs Supplier Follow Us We make custom rugs to match your vision. Our skilled artisans have over 20&hellip;","_links":{"self":[{"href":"https:\/\/custom-rugs.org\/it\/wp-json\/wp\/v2\/pages\/689","targetHints":{"allow":["GET"]}}],"collection":[{"href":"https:\/\/custom-rugs.org\/it\/wp-json\/wp\/v2\/pages"}],"about":[{"href":"https:\/\/custom-rugs.org\/it\/wp-json\/wp\/v2\/types\/page"}],"author":[{"embeddable":true,"href":"https:\/\/custom-rugs.org\/it\/wp-json\/wp\/v2\/users\/1"}],"replies":[{"embeddable":true,"href":"https:\/\/custom-rugs.org\/it\/wp-json\/wp\/v2\/comments?post=689"}],"version-history":[{"count":0,"href":"https:\/\/custom-rugs.org\/it\/wp-json\/wp\/v2\/pages\/689\/revisions"}],"wp:attachment":[{"href":"https:\/\/custom-rugs.org\/it\/wp-json\/wp\/v2\/media?parent=689"}],"curies":[{"name":"wp","href":"https:\/\/api.w.org\/{rel}","templated":true}]}}