{"id":690,"date":"2024-09-25T18:31:29","date_gmt":"2024-09-25T10:31:29","guid":{"rendered":"https:\/\/custom-rugs.org\/services\/"},"modified":"2024-12-04T11:15:19","modified_gmt":"2024-12-04T03:15:19","slug":"services","status":"publish","type":"page","link":"https:\/\/custom-rugs.org\/fr\/services\/","title":{"rendered":"Services"},"content":{"rendered":"<div class=\"wp-block-uagb-container uagb-block-d074255c alignfull uagb-is-root-container\"><div class=\"uagb-container-inner-blocks-wrap\">\n<div class=\"wp-block-uagb-advanced-heading uagb-block-eaaaeb64\"><h1 class=\"uagb-heading-text\">Services de tapis sur mesure<\/h1><p class=\"uagb-desc-text\">Nous sommes le principal fabricant et fournisseur de tapis sur mesure en Chine. Nous pouvons concevoir les tapis selon vos demandes.<\/p><\/div>\n<\/div><\/div>\n\n\n\n<div class=\"wp-block-uagb-container uagb-block-3fa8ff1d alignfull uagb-is-root-container\"><div class=\"uagb-container-inner-blocks-wrap\"><\/div><\/div>\n\n\n\n<div class=\"wp-block-uagb-container uagb-block-c2b40ed0 alignfull uagb-is-root-container\"><div class=\"uagb-container-inner-blocks-wrap\">\n<div class=\"wp-block-uagb-container uagb-block-dea82d95\">\n<div class=\"wp-block-uagb-info-box uagb-block-0cbd1e35 uagb-infobox__content-wrap  uagb-infobox_cta-type-all uagb-infobox-icon-above-title uagb-infobox-image-valign-top\"><a href=\"https:\/\/custom-rugs.org\/fr\/custom-rugs\/\" class=\"uagb-infobox-link-wrap uagb-infbox__link-to-all\" target=\"_blank\" aria-label=\"Lien Infobox\" rel=\"noopener noreferrer\" onclick=\"return true;\"><\/a><div class=\"uagb-ifb-content\"><div class=\"uagb-ifb-image-content\"><img decoding=\"async\" src=\"https:\/\/custom-rugs.org\/wp-content\/uploads\/2024\/09\/custom-rugs-picture-300x240.webp\" alt=\"tapis sur mesure\" width=\"\" height=\"0\" loading=\"lazy\"\/><\/div><div class=\"uagb-ifb-title-wrap\"><h3 class=\"uagb-ifb-title\">Tapis sur mesure<\/h3><\/div><p class=\"uagb-ifb-desc\">Nous sommes sp\u00e9cialis\u00e9s dans la cr\u00e9ation de tapis sur mesure qui r\u00e9pondent aux besoins uniques des entreprises de divers secteurs.<\/p><div class=\"uagb-ifb-button-wrapper wp-block-button\"><\/div><\/div><\/div>\n<\/div>\n\n\n\n<div class=\"wp-block-uagb-info-box uagb-block-c6059027 uagb-infobox__content-wrap  uagb-infobox_cta-type-all uagb-infobox-icon-above-title uagb-infobox-image-valign-top\"><a href=\"https:\/\/custom-rugs.org\/fr\/custom-logo-rugs\/\" class=\"uagb-infobox-link-wrap uagb-infbox__link-to-all\" target=\"_blank\" aria-label=\"Lien Infobox\" rel=\"noopener noreferrer\" onclick=\"return true;\"><\/a><div class=\"uagb-ifb-content\"><div class=\"uagb-ifb-image-content\"><img decoding=\"async\" src=\"https:\/\/custom-rugs.org\/wp-content\/uploads\/2024\/09\/custom-logo-rugs-picture-300x200.jpg\" alt=\"tapis \u00e0 logo personnalis\u00e9\" width=\"\" height=\"0\" loading=\"lazy\"\/><\/div><div class=\"uagb-ifb-title-wrap\"><h3 class=\"uagb-ifb-title\">Tapis \u00e0 logo personnalis\u00e9<\/h3><\/div><p class=\"uagb-ifb-desc\">Que vous souhaitiez accueillir des clients dans votre bureau, mettre en valeur votre espace de vente ou ajouter une touche professionnelle \u00e0 votre salle d'exposition, nos tapis de marque personnalis\u00e9s permettent \u00e0 votre logo de se d\u00e9marquer.<\/p><div class=\"uagb-ifb-button-wrapper wp-block-button\"><\/div><\/div><\/div>\n\n\n\n<div class=\"wp-block-uagb-info-box uagb-block-68251469 uagb-infobox__content-wrap  uagb-infobox_cta-type-all uagb-infobox-icon-above-title uagb-infobox-image-valign-top\"><a href=\"https:\/\/custom-rugs.org\/fr\/custom-tufted-rugs\/\" class=\"uagb-infobox-link-wrap uagb-infbox__link-to-all\" target=\"_blank\" aria-label=\"Lien Infobox\" rel=\"noopener noreferrer\" onclick=\"return true;\"><\/a><div class=\"uagb-ifb-content\"><div class=\"uagb-ifb-image-content\"><img decoding=\"async\" src=\"https:\/\/custom-rugs.org\/wp-content\/uploads\/2024\/09\/Worker-Making-Custom-Tufted-Rug-300x200.jpg\" alt=\"Travailleur fabriquant un tapis touffet\u00e9 sur mesure\" width=\"\" height=\"0\" loading=\"lazy\"\/><\/div><div class=\"uagb-ifb-title-wrap\"><h3 class=\"uagb-ifb-title\">Tapis tuft\u00e9s sur mesure<\/h3><\/div><p class=\"uagb-ifb-desc\">Qu'ils soient destin\u00e9s \u00e0 un usage r\u00e9sidentiel, commercial ou h\u00f4telier, nos tapis tuft\u00e9s sur mesure sont m\u00e9ticuleusement con\u00e7us pour r\u00e9pondre aux exigences uniques de chaque projet.<\/p><div class=\"uagb-ifb-button-wrapper wp-block-button\"><\/div><\/div><\/div>\n<\/div><\/div>\n\n\n\n<div class=\"wp-block-uagb-container uagb-block-caf7e383 alignfull uagb-is-root-container\"><div class=\"uagb-container-inner-blocks-wrap\">\n<div class=\"wp-block-uagb-container uagb-block-c2aa4a3c\">\n<div class=\"wp-block-uagb-advanced-heading uagb-block-fcddc946\"><h3 class=\"uagb-heading-text\">Fabricant professionnel de tapis sur mesure<\/h3><p class=\"uagb-desc-text\">Notre entreprise est sp\u00e9cialis\u00e9e dans la cr\u00e9ation de tapis de haute qualit\u00e9, faits sur mesure pour r\u00e9pondre \u00e0 vos besoins sp\u00e9cifiques. Forts de nos ann\u00e9es d'exp\u00e9rience et de notre \u00e9quipe d'artisans qualifi\u00e9s, nous proposons une large gamme de mat\u00e9riaux, de motifs et de couleurs pour donner vie \u00e0 votre vision. Que vous ayez besoin d'une pi\u00e8ce unique pour votre maison, votre bureau ou votre espace commercial, nous veillons \u00e0 ce que chaque tapis soit fabriqu\u00e9 avec pr\u00e9cision et soin.<\/p><\/div>\n<\/div>\n\n\n\n<div class=\"wp-block-uagb-container uagb-block-6be9d90e\">\n<div class=\"wp-block-uagb-image uagb-block-336e511d wp-block-uagb-image--layout-default wp-block-uagb-image--effect-static wp-block-uagb-image--align-none\"><figure class=\"wp-block-uagb-image__figure\"><img loading=\"lazy\" decoding=\"async\" srcset=\"https:\/\/custom-rugs.org\/wp-content\/uploads\/2024\/09\/custom-rugs-manufacturer-picture-1024x768.jpg ,https:\/\/custom-rugs.org\/wp-content\/uploads\/2024\/09\/custom-rugs-manufacturer-picture.jpg 780w, https:\/\/custom-rugs.org\/wp-content\/uploads\/2024\/09\/custom-rugs-manufacturer-picture.jpg 360w\" sizes=\"auto, (max-width: 480px) 150px\" src=\"https:\/\/custom-rugs.org\/wp-content\/uploads\/2024\/09\/custom-rugs-manufacturer-picture-1024x768.jpg\" alt=\"fabricant de tapis sur mesure\" class=\"uag-image-1708\" width=\"640\" height=\"804\" title=\"fabricant de tapis sur mesure photo\" role=\"img\"\/><\/figure><\/div>\n<\/div>\n<\/div><\/div>\n\n\n\n<div class=\"wp-block-uagb-container uagb-block-98817835 alignfull uagb-is-root-container\"><div class=\"uagb-container-inner-blocks-wrap\">\n<div class=\"wp-block-uagb-advanced-heading uagb-block-0b207ee7\"><h3 class=\"uagb-heading-text\">Processus de travail<\/h3><\/div>\n\n\n\n<div class=\"wp-block-uagb-container uagb-layout-grid uagb-block-9e4c5d71\">\n<div class=\"wp-block-uagb-info-box uagb-block-547a35f7 uagb-infobox__content-wrap  uagb-infobox-icon-above-title uagb-infobox-image-valign-top\"><div class=\"uagb-ifb-content\"><div class=\"uagb-ifb-title-wrap\"><span class=\"uagb-ifb-title-prefix\">01.<\/span><h4 class=\"uagb-ifb-title\">Consultation<\/h4><\/div><p class=\"uagb-ifb-desc\">Contactez-nous pour discuter de vos besoins. Nous examinerons votre logo et vos exigences sp\u00e9cifiques.<\/p><\/div><\/div>\n\n\n\n<div class=\"wp-block-uagb-info-box uagb-block-0c6ac32a uagb-infobox__content-wrap  uagb-infobox-icon-above-title uagb-infobox-image-valign-top\"><div class=\"uagb-ifb-content\"><div class=\"uagb-ifb-title-wrap\"><span class=\"uagb-ifb-title-prefix\">02.<\/span><h4 class=\"uagb-ifb-title\">\u00c9preuve de conception<\/h4><\/div><p class=\"uagb-ifb-desc\">Nos designers cr\u00e9eront une \u00e9preuve de votre tapis personnalis\u00e9 pour approbation.<\/p><\/div><\/div>\n\n\n\n<div class=\"wp-block-uagb-info-box uagb-block-b8341c92 uagb-infobox__content-wrap  uagb-infobox-icon-above-title uagb-infobox-image-valign-top\"><div class=\"uagb-ifb-content\"><div class=\"uagb-ifb-title-wrap\"><span class=\"uagb-ifb-title-prefix\">03.<\/span><h4 class=\"uagb-ifb-title\">Production<\/h4><\/div><p class=\"uagb-ifb-desc\">Une fois l'accord obtenu, nous commencerons \u00e0 fabriquer votre tapis en utilisant des mat\u00e9riaux et des techniques de qualit\u00e9 sup\u00e9rieure.<\/p><\/div><\/div>\n\n\n\n<div class=\"wp-block-uagb-info-box uagb-block-71d9e5b6 uagb-infobox__content-wrap  uagb-infobox-icon-above-title uagb-infobox-image-valign-top\"><div class=\"uagb-ifb-content\"><div class=\"uagb-ifb-title-wrap\"><span class=\"uagb-ifb-title-prefix\">04.<\/span><h4 class=\"uagb-ifb-title\">Livraison<\/h4><\/div><p class=\"uagb-ifb-desc\">Votre tapis personnalis\u00e9 vous sera livr\u00e9, pr\u00eat \u00e0 faire sensation dans votre espace.<\/p><\/div><\/div>\n\n\n\n<div class=\"wp-block-uagb-info-box uagb-block-b1905e06 uagb-infobox__content-wrap  uagb-infobox-icon-above-title uagb-infobox-image-valign-top\"><div class=\"uagb-ifb-content\"><div class=\"uagb-ifb-title-wrap\"><span class=\"uagb-ifb-title-prefix\">00.<\/span><h4 class=\"uagb-ifb-title\">Besoin d'un travail sur mesure ?<\/h4><\/div><div class=\"uagb-ifb-button-wrapper wp-block-button\"><a href=\"https:\/\/custom-rugs.org\/fr\/contact\/\" target=\"_self\" onclick=\"return true;\" class=\"uagb-infobox-cta-link\" rel=\"noopener noreferrer\"><span class=\"uagb-inline-editing\">Parlons-en<\/span><svg xmlns=\"https:\/\/www.w3.org\/2000\/svg\" viewbox=\"0 0 512 512\"><path d=\"M504.3 273.6l-112.1 104c-6.992 6.484-17.18 8.218-25.94 4.406c-8.758-3.812-14.42-12.45-14.42-21.1L351.9 288H32C14.33 288 .0002 273.7 .0002 255.1S14.33 224 32 224h319.9l0-72c0-9.547 5.66-18.19 14.42-22c8.754-3.809 18.95-2.075 25.94 4.41l112.1 104C514.6 247.9 514.6 264.1 504.3 273.6z\"><\/path><\/svg><\/a><\/div><\/div><\/div>\n<\/div>\n<\/div><\/div>","protected":false},"excerpt":{"rendered":"<p>Services de tapis sur mesure Nous sommes le principal fabricant et fournisseur de tapis sur mesure en Chine. Nous pouvons concevoir des tapis selon vos demandes. Fabricant professionnel de tapis sur mesure Notre soci\u00e9t\u00e9 est sp\u00e9cialis\u00e9e dans la cr\u00e9ation de tapis sur mesure de haute qualit\u00e9, adapt\u00e9s \u00e0 vos besoins sp\u00e9cifiques. Avec des ann\u00e9es d'exp\u00e9rience et une \u00e9quipe d'artisans qualifi\u00e9s, nous offrons une large gamme [...]<\/p>","protected":false},"author":1,"featured_media":0,"parent":0,"menu_order":0,"comment_status":"closed","ping_status":"closed","template":"","meta":{"rank_math_lock_modified_date":false,"_uag_custom_page_level_css":"","site-sidebar-layout":"no-sidebar","site-content-layout":"plain-container","ast-site-content-layout":"normal-width-container","site-content-style":"unboxed","site-sidebar-style":"unboxed","ast-global-header-display":"","ast-banner-title-visibility":"","ast-main-header-display":"","ast-hfb-above-header-display":"","ast-hfb-below-header-display":"","ast-hfb-mobile-header-display":"","site-post-title":"disabled","ast-breadcrumbs-content":"","ast-featured-img":"disabled","footer-sml-layout":"","theme-transparent-header-meta":"enabled","adv-header-id-meta":"","stick-header-meta":"","header-above-stick-meta":"","header-main-stick-meta":"","header-below-stick-meta":"","astra-migrate-meta-layouts":"set","ast-page-background-enabled":"default","ast-page-background-meta":{"desktop":{"background-color":"","background-image":"","background-repeat":"repeat","background-position":"center center","background-size":"auto","background-attachment":"scroll","background-type":"","background-media":"","overlay-type":"","overlay-color":"","overlay-opacity":"","overlay-gradient":""},"tablet":{"background-color":"","background-image":"","background-repeat":"repeat","background-position":"center center","background-size":"auto","background-attachment":"scroll","background-type":"","background-media":"","overlay-type":"","overlay-color":"","overlay-opacity":"","overlay-gradient":""},"mobile":{"background-color":"","background-image":"","background-repeat":"repeat","background-position":"center center","background-size":"auto","background-attachment":"scroll","background-type":"","background-media":"","overlay-type":"","overlay-color":"","overlay-opacity":"","overlay-gradient":""}},"ast-content-background-meta":{"desktop":{"background-color":"var(--ast-global-color-5)","background-image":"","background-repeat":"repeat","background-position":"center center","background-size":"auto","background-attachment":"scroll","background-type":"","background-media":"","overlay-type":"","overlay-color":"","overlay-opacity":"","overlay-gradient":""},"tablet":{"background-color":"var(--ast-global-color-5)","background-image":"","background-repeat":"repeat","background-position":"center center","background-size":"auto","background-attachment":"scroll","background-type":"","background-media":"","overlay-type":"","overlay-color":"","overlay-opacity":"","overlay-gradient":""},"mobile":{"background-color":"var(--ast-global-color-5)","background-image":"","background-repeat":"repeat","background-position":"center center","background-size":"auto","background-attachment":"scroll","background-type":"","background-media":"","overlay-type":"","overlay-color":"","overlay-opacity":"","overlay-gradient":""}},"_joinchat":[],"footnotes":""},"class_list":["post-690","page","type-page","status-publish","hentry"],"uagb_featured_image_src":{"full":false,"thumbnail":false,"medium":false,"medium_large":false,"large":false,"1536x1536":false,"2048x2048":false,"trp-custom-language-flag":false,"crp_thumbnail":false},"uagb_author_info":{"display_name":"Custom Rugs","author_link":"https:\/\/custom-rugs.org\/fr\/author\/admin-hang\/"},"uagb_comment_info":0,"uagb_excerpt":"Custom Rugs Services\u200b We are the leading custom rugs manufacturer and supplier in China. We can design the rugs on your demands. Professional Custom Rugs Manufacturer Our company specializes in creating high-quality, custom-made rugs tailored to meet your specific needs. With years of experience and a team of skilled artisans, we offer a wide range\u2026","_links":{"self":[{"href":"https:\/\/custom-rugs.org\/fr\/wp-json\/wp\/v2\/pages\/690","targetHints":{"allow":["GET"]}}],"collection":[{"href":"https:\/\/custom-rugs.org\/fr\/wp-json\/wp\/v2\/pages"}],"about":[{"href":"https:\/\/custom-rugs.org\/fr\/wp-json\/wp\/v2\/types\/page"}],"author":[{"embeddable":true,"href":"https:\/\/custom-rugs.org\/fr\/wp-json\/wp\/v2\/users\/1"}],"replies":[{"embeddable":true,"href":"https:\/\/custom-rugs.org\/fr\/wp-json\/wp\/v2\/comments?post=690"}],"version-history":[{"count":0,"href":"https:\/\/custom-rugs.org\/fr\/wp-json\/wp\/v2\/pages\/690\/revisions"}],"wp:attachment":[{"href":"https:\/\/custom-rugs.org\/fr\/wp-json\/wp\/v2\/media?parent=690"}],"curies":[{"name":"wp","href":"https:\/\/api.w.org\/{rel}","templated":true}]}}