{"id":2360,"date":"2024-12-03T19:57:54","date_gmt":"2024-12-03T11:57:54","guid":{"rendered":"https:\/\/custom-rugs.org\/?page_id=2360"},"modified":"2024-12-03T19:59:36","modified_gmt":"2024-12-03T11:59:36","slug":"mid-century-abstract-wool-rug-beige-contemporary-200x300cm","status":"publish","type":"page","link":"https:\/\/custom-rugs.org\/fr\/abstract-rugs\/mid-century-abstract-wool-rug-beige-contemporary-200x300cm\/","title":{"rendered":"Tapis abstrait en laine du milieu du si\u00e8cle | Beige Contemporain 200x300cm"},"content":{"rendered":"<div data-elementor-type=\"wp-page\" data-elementor-id=\"2360\" class=\"elementor elementor-2360\">\n\t\t\t\t<div class=\"elementor-element elementor-element-0e6c445 e-flex e-con-boxed e-con e-parent\" data-id=\"0e6c445\" data-element_type=\"container\">\n\t\t\t\t\t<div class=\"e-con-inner\">\n\t\t<div class=\"elementor-element elementor-element-2a9696d e-con-full e-flex e-con e-child\" data-id=\"2a9696d\" data-element_type=\"container\">\n\t\t\t\t<div class=\"elementor-element elementor-element-30bb642 elementor-widget elementor-widget-image\" data-id=\"30bb642\" data-element_type=\"widget\" data-widget_type=\"image.default\">\n\t\t\t\t<div class=\"elementor-widget-container\">\n\t\t\t\t\t\t\t\t\t\t\t\t\t<img fetchpriority=\"high\" decoding=\"async\" width=\"768\" height=\"768\" src=\"https:\/\/custom-rugs.org\/wp-content\/uploads\/2024\/12\/mid-century-abstract-beige-wool-rug-200x300cm-picture-768x768.jpg\" class=\"attachment-medium_large size-medium_large wp-image-2362\" alt=\"Tapis abstrait en laine beige du milieu du si\u00e8cle 200x300cm photo\" srcset=\"https:\/\/custom-rugs.org\/wp-content\/uploads\/2024\/12\/mid-century-abstract-beige-wool-rug-200x300cm-picture-768x768.jpg 768w, https:\/\/custom-rugs.org\/wp-content\/uploads\/2024\/12\/mid-century-abstract-beige-wool-rug-200x300cm-picture-300x300.jpg 300w, https:\/\/custom-rugs.org\/wp-content\/uploads\/2024\/12\/mid-century-abstract-beige-wool-rug-200x300cm-picture-1024x1024.jpg 1024w, https:\/\/custom-rugs.org\/wp-content\/uploads\/2024\/12\/mid-century-abstract-beige-wool-rug-200x300cm-picture-150x150.jpg 150w, https:\/\/custom-rugs.org\/wp-content\/uploads\/2024\/12\/mid-century-abstract-beige-wool-rug-200x300cm-picture-1536x1536.jpg 1536w, https:\/\/custom-rugs.org\/wp-content\/uploads\/2024\/12\/mid-century-abstract-beige-wool-rug-200x300cm-picture.jpg 1600w\" sizes=\"(max-width: 768px) 100vw, 768px\" \/>\t\t\t\t\t\t\t\t\t\t\t\t\t<\/div>\n\t\t\t\t<\/div>\n\t\t\t\t<\/div>\n\t\t<div class=\"elementor-element elementor-element-233bf87 e-con-full e-flex e-con e-child\" data-id=\"233bf87\" data-element_type=\"container\">\n\t\t\t\t<div class=\"elementor-element elementor-element-bb6c2d5 elementor-widget elementor-widget-shortcode\" data-id=\"bb6c2d5\" data-element_type=\"widget\" data-widget_type=\"shortcode.default\">\n\t\t\t\t<div class=\"elementor-widget-container\">\n\t\t\t\t\t<div class=\"elementor-shortcode\"><nav aria-label=\"chapelure\" class=\"rank-math-breadcrumb\"><p><span class=\"last\">Accueil<\/span><\/p><\/nav><\/div>\n\t\t\t\t<\/div>\n\t\t\t\t<\/div>\n\t\t\t\t<div class=\"elementor-element elementor-element-aa43aa6 elementor-widget elementor-widget-heading\" data-id=\"aa43aa6\" data-element_type=\"widget\" data-widget_type=\"heading.default\">\n\t\t\t\t<div class=\"elementor-widget-container\">\n\t\t\t<h1 class=\"elementor-heading-title elementor-size-default\">Tapis abstrait en laine du milieu du si\u00e8cle | Beige Contemporain 200x300cm<\/h1>\t\t<\/div>\n\t\t\t\t<\/div>\n\t\t\t\t<div class=\"elementor-element elementor-element-a765536 elementor-widget elementor-widget-text-editor\" data-id=\"a765536\" data-element_type=\"widget\" data-widget_type=\"text-editor.default\">\n\t\t\t\t<div class=\"elementor-widget-container\">\n\t\t\t\t\t\t\t<ul><li>Laine luxueuse de Nouvelle-Z\u00e9lande pour un confort ultime<\/li><li>Design contemporain abstrait du milieu du si\u00e8cle<\/li><li>Palette de beige sophistiqu\u00e9e pour une \u00e9l\u00e9gance intemporelle<\/li><li>Tuft\u00e9 sur mesure pour une qualit\u00e9 et une long\u00e9vit\u00e9 exceptionnelles<\/li><li>Format g\u00e9n\u00e9reux de 200x300cm pour les pi\u00e8ces spacieuses<\/li><\/ul>\t\t\t\t\t\t<\/div>\n\t\t\t\t<\/div>\n\t\t\t\t<div class=\"elementor-element elementor-element-72f4d6f elementor-align-left elementor-widget elementor-widget-button\" data-id=\"72f4d6f\" data-element_type=\"widget\" data-widget_type=\"button.default\">\n\t\t\t\t<div class=\"elementor-widget-container\">\n\t\t\t\t\t<div class=\"elementor-button-wrapper\">\n\t\t\t<a class=\"elementor-button elementor-button-link elementor-size-sm\" href=\"https:\/\/custom-rugs.org\/fr\/contact\/\" target=\"_blank\">\n\t\t\t\t\t\t<span class=\"elementor-button-content-wrapper\">\n\t\t\t\t\t\t\t\t\t<span class=\"elementor-button-text\">Demander un devis<\/span>\n\t\t\t\t\t<\/span>\n\t\t\t\t\t<\/a>\n\t\t<\/div>\n\t\t\t\t<\/div>\n\t\t\t\t<\/div>\n\t\t\t\t<\/div>\n\t\t\t\t\t<\/div>\n\t\t\t\t<\/div>\n\t\t<div class=\"elementor-element elementor-element-1068bab e-flex e-con-boxed e-con e-parent\" data-id=\"1068bab\" data-element_type=\"container\" data-settings=\"{&quot;background_background&quot;:&quot;classic&quot;}\">\n\t\t\t\t\t<div class=\"e-con-inner\">\n\t\t<div class=\"elementor-element elementor-element-44ecced e-con-full e-flex e-con e-child\" data-id=\"44ecced\" data-element_type=\"container\">\n\t\t\t\t<div class=\"elementor-element elementor-element-15d8f28 elementor-widget-divider--view-line elementor-widget elementor-widget-divider\" data-id=\"15d8f28\" data-element_type=\"widget\" data-widget_type=\"divider.default\">\n\t\t\t\t<div class=\"elementor-widget-container\">\n\t\t\t\t\t<div class=\"elementor-divider\">\n\t\t\t<span class=\"elementor-divider-separator\">\n\t\t\t\t\t\t<\/span>\n\t\t<\/div>\n\t\t\t\t<\/div>\n\t\t\t\t<\/div>\n\t\t\t\t<div class=\"elementor-element elementor-element-7a52425 elementor-widget elementor-widget-heading\" data-id=\"7a52425\" data-element_type=\"widget\" data-widget_type=\"heading.default\">\n\t\t\t\t<div class=\"elementor-widget-container\">\n\t\t\t<div class=\"elementor-heading-title elementor-size-default\">Description du produit<\/div>\t\t<\/div>\n\t\t\t\t<\/div>\n\t\t\t\t<div class=\"elementor-element elementor-element-2c8fb68 elementor-widget elementor-widget-text-editor\" data-id=\"2c8fb68\" data-element_type=\"widget\" data-widget_type=\"text-editor.default\">\n\t\t\t\t<div class=\"elementor-widget-container\">\n\t\t\t\t\t\t\t<p>Cette pi\u00e8ce sophistiqu\u00e9e pr\u00e9sente une interpr\u00e9tation contemporaine du design du milieu du si\u00e8cle.<br \/>Les formes abstraites fluides sont mises en valeur dans des tons beiges apaisants.<br \/>Il offre un m\u00e9lange parfait d'esth\u00e9tique d'inspiration r\u00e9tro et de confort moderne.<br \/>Cr\u00e9ez un point focal polyvalent et \u00e9l\u00e9gant pour votre espace de vie.<\/p><p><strong>Mise en \u00e9vidence<\/strong><\/p><ul><li>\u00c9l\u00e9gant motif abstrait inspir\u00e9 de l'art moderne du milieu du si\u00e8cle dernier<\/li><li>Format rectangulaire g\u00e9n\u00e9reux (200x300cm) pour une pr\u00e9sence percutante<\/li><li>Des poils denses et luxueux pour un confort supr\u00eame sous les pieds<\/li><li>Id\u00e9al pour ajouter une touche de charme raffin\u00e9 d'inspiration vintage aux int\u00e9rieurs contemporains.<\/li><\/ul><p><strong>Con\u00e7u par<\/strong><\/p><ul><li>Oscar Lee<\/li><\/ul><p><strong>Dimension et poids<\/strong><\/p><ul><li>200 x 300 cm \/ 6,5 x 9,8 pieds (-\/+5cm ou 2 pouces)<\/li><li>Epaisseur = 1,2cm \/ 0,5 pouce<\/li><li>31 kgs \/ 68 pounds<\/li><\/ul><p><strong>Mat\u00e9riau<\/strong><\/p><ul><li>100% Laine de Nouvelle-Z\u00e9lande<\/li><\/ul><p><strong>D\u00e9lai de production<\/strong><\/p><p>Chaque tapis que nous cr\u00e9ons est unique et personnalis\u00e9.<\/p><ul><li>D\u00e9lai de production : 15 - 20 jours ouvrables<\/li><li>Ce d\u00e9lai commence \u00e0 courir apr\u00e8s la confirmation de votre commande<\/li><li>Chaque tapis est fabriqu\u00e9 sp\u00e9cifiquement selon vos sp\u00e9cifications<\/li><li>Nos artisans garantissent la qualit\u00e9 \u00e0 chaque \u00e9tape du processus<\/li><\/ul><p>A noter :<\/p><ul><li>Les jours ouvrables excluent les week-ends et les jours f\u00e9ri\u00e9s<\/li><li>Les conceptions complexes peuvent n\u00e9cessiter plus de temps<\/li><li>Nous ferons de notre mieux pour exp\u00e9dier les commandes urgentes dans les meilleurs d\u00e9lais.<\/li><\/ul><p>Nous vous remercions de votre patience pendant que nous cr\u00e9ons votre tapis unique.<br \/>L'artisanat de qualit\u00e9 prend du temps, mais nous vous promettons que l'attente en vaut la peine.<\/p>\t\t\t\t\t\t<\/div>\n\t\t\t\t<\/div>\n\t\t\t\t<\/div>\n\t\t\t\t\t<\/div>\n\t\t\t\t<\/div>\n\t\t\t\t<\/div>","protected":false},"excerpt":{"rendered":"<p>Mid-Century Abstract Wool Rug | Beige Contemporary 200x300cm Luxurious New Zealand wool for ultimate comfort Mid-century abstract contemporary design Sophisticated beige palette for timeless elegance Custom tufted for exceptional quality and longevity Generous 200x300cm size for spacious rooms Ask a Quote Product Description This sophisticated piece features a contemporary interpretation of mid-century design.Showcase fluid abstract [&hellip;]<\/p>","protected":false},"author":1,"featured_media":2362,"parent":2236,"menu_order":0,"comment_status":"closed","ping_status":"closed","template":"","meta":{"rank_math_lock_modified_date":false,"_uag_custom_page_level_css":"","site-sidebar-layout":"no-sidebar","site-content-layout":"page-builder","ast-site-content-layout":"full-width-container","site-content-style":"default","site-sidebar-style":"default","ast-global-header-display":"","ast-banner-title-visibility":"","ast-main-header-display":"","ast-hfb-above-header-display":"","ast-hfb-below-header-display":"","ast-hfb-mobile-header-display":"","site-post-title":"disabled","ast-breadcrumbs-content":"","ast-featured-img":"disabled","footer-sml-layout":"","theme-transparent-header-meta":"","adv-header-id-meta":"","stick-header-meta":"","header-above-stick-meta":"","header-main-stick-meta":"","header-below-stick-meta":"","astra-migrate-meta-layouts":"set","ast-page-background-enabled":"default","ast-page-background-meta":{"desktop":{"background-color":"","background-image":"","background-repeat":"repeat","background-position":"center center","background-size":"auto","background-attachment":"scroll","background-type":"","background-media":"","overlay-type":"","overlay-color":"","overlay-opacity":"","overlay-gradient":""},"tablet":{"background-color":"","background-image":"","background-repeat":"repeat","background-position":"center center","background-size":"auto","background-attachment":"scroll","background-type":"","background-media":"","overlay-type":"","overlay-color":"","overlay-opacity":"","overlay-gradient":""},"mobile":{"background-color":"","background-image":"","background-repeat":"repeat","background-position":"center center","background-size":"auto","background-attachment":"scroll","background-type":"","background-media":"","overlay-type":"","overlay-color":"","overlay-opacity":"","overlay-gradient":""}},"ast-content-background-meta":{"desktop":{"background-color":"var(--ast-global-color-5)","background-image":"","background-repeat":"repeat","background-position":"center center","background-size":"auto","background-attachment":"scroll","background-type":"","background-media":"","overlay-type":"","overlay-color":"","overlay-opacity":"","overlay-gradient":""},"tablet":{"background-color":"var(--ast-global-color-5)","background-image":"","background-repeat":"repeat","background-position":"center center","background-size":"auto","background-attachment":"scroll","background-type":"","background-media":"","overlay-type":"","overlay-color":"","overlay-opacity":"","overlay-gradient":""},"mobile":{"background-color":"var(--ast-global-color-5)","background-image":"","background-repeat":"repeat","background-position":"center center","background-size":"auto","background-attachment":"scroll","background-type":"","background-media":"","overlay-type":"","overlay-color":"","overlay-opacity":"","overlay-gradient":""}},"_joinchat":[],"footnotes":""},"class_list":["post-2360","page","type-page","status-publish","has-post-thumbnail","hentry"],"uagb_featured_image_src":{"full":["https:\/\/custom-rugs.org\/wp-content\/uploads\/2024\/12\/mid-century-abstract-beige-wool-rug-200x300cm-picture.jpg",1600,1600,false],"thumbnail":["https:\/\/custom-rugs.org\/wp-content\/uploads\/2024\/12\/mid-century-abstract-beige-wool-rug-200x300cm-picture-150x150.jpg",150,150,true],"medium":["https:\/\/custom-rugs.org\/wp-content\/uploads\/2024\/12\/mid-century-abstract-beige-wool-rug-200x300cm-picture-300x300.jpg",300,300,true],"medium_large":["https:\/\/custom-rugs.org\/wp-content\/uploads\/2024\/12\/mid-century-abstract-beige-wool-rug-200x300cm-picture-768x768.jpg",768,768,true],"large":["https:\/\/custom-rugs.org\/wp-content\/uploads\/2024\/12\/mid-century-abstract-beige-wool-rug-200x300cm-picture-1024x1024.jpg",1024,1024,true],"1536x1536":["https:\/\/custom-rugs.org\/wp-content\/uploads\/2024\/12\/mid-century-abstract-beige-wool-rug-200x300cm-picture-1536x1536.jpg",1536,1536,true],"2048x2048":["https:\/\/custom-rugs.org\/wp-content\/uploads\/2024\/12\/mid-century-abstract-beige-wool-rug-200x300cm-picture.jpg",1600,1600,false],"trp-custom-language-flag":["https:\/\/custom-rugs.org\/wp-content\/uploads\/2024\/12\/mid-century-abstract-beige-wool-rug-200x300cm-picture.jpg",12,12,false],"crp_thumbnail":["https:\/\/custom-rugs.org\/wp-content\/uploads\/2024\/12\/mid-century-abstract-beige-wool-rug-200x300cm-picture-150x150.jpg",150,150,true]},"uagb_author_info":{"display_name":"Custom Rugs","author_link":"https:\/\/custom-rugs.org\/fr\/author\/admin-hang\/"},"uagb_comment_info":0,"uagb_excerpt":"Mid-Century Abstract Wool Rug | Beige Contemporary 200x300cm Luxurious New Zealand wool for ultimate comfort Mid-century abstract contemporary design Sophisticated beige palette for timeless elegance Custom tufted for exceptional quality and longevity Generous 200x300cm size for spacious rooms Ask a Quote Product Description This sophisticated piece features a contemporary interpretation of mid-century design.Showcase fluid abstract\u2026","_links":{"self":[{"href":"https:\/\/custom-rugs.org\/fr\/wp-json\/wp\/v2\/pages\/2360","targetHints":{"allow":["GET"]}}],"collection":[{"href":"https:\/\/custom-rugs.org\/fr\/wp-json\/wp\/v2\/pages"}],"about":[{"href":"https:\/\/custom-rugs.org\/fr\/wp-json\/wp\/v2\/types\/page"}],"author":[{"embeddable":true,"href":"https:\/\/custom-rugs.org\/fr\/wp-json\/wp\/v2\/users\/1"}],"replies":[{"embeddable":true,"href":"https:\/\/custom-rugs.org\/fr\/wp-json\/wp\/v2\/comments?post=2360"}],"version-history":[{"count":0,"href":"https:\/\/custom-rugs.org\/fr\/wp-json\/wp\/v2\/pages\/2360\/revisions"}],"up":[{"embeddable":true,"href":"https:\/\/custom-rugs.org\/fr\/wp-json\/wp\/v2\/pages\/2236"}],"wp:featuredmedia":[{"embeddable":true,"href":"https:\/\/custom-rugs.org\/fr\/wp-json\/wp\/v2\/media\/2362"}],"wp:attachment":[{"href":"https:\/\/custom-rugs.org\/fr\/wp-json\/wp\/v2\/media?parent=2360"}],"curies":[{"name":"wp","href":"https:\/\/api.w.org\/{rel}","templated":true}]}}