{"id":2342,"date":"2024-12-03T19:23:48","date_gmt":"2024-12-03T11:23:48","guid":{"rendered":"https:\/\/custom-rugs.org\/?page_id=2342"},"modified":"2024-12-03T19:25:35","modified_gmt":"2024-12-03T11:25:35","slug":"contemporary-abstract-wool-rug-vibrant-angular-design-8x10-hand-tufted","status":"publish","type":"page","link":"https:\/\/custom-rugs.org\/fr\/abstract-rugs\/contemporary-abstract-wool-rug-vibrant-angular-design-8x10-hand-tufted\/","title":{"rendered":"Tapis abstrait contemporain en laine - design angulaire vibrant, 8\u00d710\u2032 tuft\u00e9 \u00e0 la main"},"content":{"rendered":"<div data-elementor-type=\"wp-page\" data-elementor-id=\"2342\" class=\"elementor elementor-2342\">\n\t\t\t\t<div class=\"elementor-element elementor-element-96550ce e-flex e-con-boxed e-con e-parent\" data-id=\"96550ce\" data-element_type=\"container\">\n\t\t\t\t\t<div class=\"e-con-inner\">\n\t\t<div class=\"elementor-element elementor-element-124bf26 e-con-full e-flex e-con e-child\" data-id=\"124bf26\" data-element_type=\"container\">\n\t\t\t\t<div class=\"elementor-element elementor-element-5e836db elementor-widget elementor-widget-image\" data-id=\"5e836db\" data-element_type=\"widget\" data-widget_type=\"image.default\">\n\t\t\t\t<div class=\"elementor-widget-container\">\n\t\t\t\t\t\t\t\t\t\t\t\t\t<img fetchpriority=\"high\" decoding=\"async\" width=\"768\" height=\"768\" src=\"https:\/\/custom-rugs.org\/wp-content\/uploads\/2024\/12\/tufted-wool-geometric-rug-red-turquoise-8x10-picture-768x768.jpg\" class=\"attachment-medium_large size-medium_large wp-image-2344\" alt=\"tapis g\u00e9om\u00e9trique tuft\u00e9 en laine rouge turquoise 8x10 photo\" srcset=\"https:\/\/custom-rugs.org\/wp-content\/uploads\/2024\/12\/tufted-wool-geometric-rug-red-turquoise-8x10-picture-768x768.jpg 768w, https:\/\/custom-rugs.org\/wp-content\/uploads\/2024\/12\/tufted-wool-geometric-rug-red-turquoise-8x10-picture-300x300.jpg 300w, https:\/\/custom-rugs.org\/wp-content\/uploads\/2024\/12\/tufted-wool-geometric-rug-red-turquoise-8x10-picture-1024x1024.jpg 1024w, https:\/\/custom-rugs.org\/wp-content\/uploads\/2024\/12\/tufted-wool-geometric-rug-red-turquoise-8x10-picture-150x150.jpg 150w, https:\/\/custom-rugs.org\/wp-content\/uploads\/2024\/12\/tufted-wool-geometric-rug-red-turquoise-8x10-picture-1536x1536.jpg 1536w, https:\/\/custom-rugs.org\/wp-content\/uploads\/2024\/12\/tufted-wool-geometric-rug-red-turquoise-8x10-picture.jpg 1600w\" sizes=\"(max-width: 768px) 100vw, 768px\" \/>\t\t\t\t\t\t\t\t\t\t\t\t\t<\/div>\n\t\t\t\t<\/div>\n\t\t\t\t<\/div>\n\t\t<div class=\"elementor-element elementor-element-7090d07 e-con-full e-flex e-con e-child\" data-id=\"7090d07\" data-element_type=\"container\">\n\t\t\t\t<div class=\"elementor-element elementor-element-3f827e2 elementor-widget elementor-widget-shortcode\" data-id=\"3f827e2\" data-element_type=\"widget\" data-widget_type=\"shortcode.default\">\n\t\t\t\t<div class=\"elementor-widget-container\">\n\t\t\t\t\t<div class=\"elementor-shortcode\"><nav aria-label=\"chapelure\" class=\"rank-math-breadcrumb\"><p><span class=\"last\">Accueil<\/span><\/p><\/nav><\/div>\n\t\t\t\t<\/div>\n\t\t\t\t<\/div>\n\t\t\t\t<div class=\"elementor-element elementor-element-70658c7 elementor-widget elementor-widget-heading\" data-id=\"70658c7\" data-element_type=\"widget\" data-widget_type=\"heading.default\">\n\t\t\t\t<div class=\"elementor-widget-container\">\n\t\t\t<h1 class=\"elementor-heading-title elementor-size-default\">Tapis abstrait contemporain en laine - design angulaire vibrant, 8\u00d710\u2032 tuft\u00e9 \u00e0 la main<\/h1>\t\t<\/div>\n\t\t\t\t<\/div>\n\t\t\t\t<div class=\"elementor-element elementor-element-ba9559e elementor-widget elementor-widget-text-editor\" data-id=\"ba9559e\" data-element_type=\"widget\" data-widget_type=\"text-editor.default\">\n\t\t\t\t<div class=\"elementor-widget-container\">\n\t\t\t\t\t\t\t<ul><li>Laine luxueuse de Nouvelle-Z\u00e9lande tuft\u00e9e \u00e0 la main pour une beaut\u00e9 durable<\/li><li>Composition dramatique de triangles rouges, violets, turquoise et citron vert<\/li><li>Des touches de rose tendre cr\u00e9ent un contraste \u00e9quilibr\u00e9 dans le dessin g\u00e9om\u00e9trique.<\/li><li>Le motif angulaire \u00e0 grande \u00e9chelle est une affirmation visuelle audacieuse<\/li><li>La construction haut de gamme garantit une durabilit\u00e9 et un confort exceptionnels<\/li><\/ul>\t\t\t\t\t\t<\/div>\n\t\t\t\t<\/div>\n\t\t\t\t<div class=\"elementor-element elementor-element-966062b elementor-align-left elementor-widget elementor-widget-button\" data-id=\"966062b\" data-element_type=\"widget\" data-widget_type=\"button.default\">\n\t\t\t\t<div class=\"elementor-widget-container\">\n\t\t\t\t\t<div class=\"elementor-button-wrapper\">\n\t\t\t<a class=\"elementor-button elementor-button-link elementor-size-sm\" href=\"https:\/\/custom-rugs.org\/fr\/contact\/\" target=\"_blank\">\n\t\t\t\t\t\t<span class=\"elementor-button-content-wrapper\">\n\t\t\t\t\t\t\t\t\t<span class=\"elementor-button-text\">Demander un devis<\/span>\n\t\t\t\t\t<\/span>\n\t\t\t\t\t<\/a>\n\t\t<\/div>\n\t\t\t\t<\/div>\n\t\t\t\t<\/div>\n\t\t\t\t<\/div>\n\t\t\t\t\t<\/div>\n\t\t\t\t<\/div>\n\t\t<div class=\"elementor-element elementor-element-b68a226 e-flex e-con-boxed e-con e-parent\" data-id=\"b68a226\" data-element_type=\"container\" data-settings=\"{&quot;background_background&quot;:&quot;classic&quot;}\">\n\t\t\t\t\t<div class=\"e-con-inner\">\n\t\t<div class=\"elementor-element elementor-element-2cb0fa3 e-con-full e-flex e-con e-child\" data-id=\"2cb0fa3\" data-element_type=\"container\">\n\t\t\t\t<div class=\"elementor-element elementor-element-426abfb elementor-widget-divider--view-line elementor-widget elementor-widget-divider\" data-id=\"426abfb\" data-element_type=\"widget\" data-widget_type=\"divider.default\">\n\t\t\t\t<div class=\"elementor-widget-container\">\n\t\t\t\t\t<div class=\"elementor-divider\">\n\t\t\t<span class=\"elementor-divider-separator\">\n\t\t\t\t\t\t<\/span>\n\t\t<\/div>\n\t\t\t\t<\/div>\n\t\t\t\t<\/div>\n\t\t\t\t<div class=\"elementor-element elementor-element-7879122 elementor-widget elementor-widget-heading\" data-id=\"7879122\" data-element_type=\"widget\" data-widget_type=\"heading.default\">\n\t\t\t\t<div class=\"elementor-widget-container\">\n\t\t\t<div class=\"elementor-heading-title elementor-size-default\">Description du produit<\/div>\t\t<\/div>\n\t\t\t\t<\/div>\n\t\t\t\t<div class=\"elementor-element elementor-element-0cf23a6 elementor-widget elementor-widget-text-editor\" data-id=\"0cf23a6\" data-element_type=\"widget\" data-widget_type=\"text-editor.default\">\n\t\t\t\t<div class=\"elementor-widget-container\">\n\t\t\t\t\t\t\t<p>Angular Symphony capture l'interaction dynamique de formes g\u00e9om\u00e9triques nettes et de couleurs harmonieuses.<br \/>Des triangles audacieux d'un rouge vibrant, d'un violet profond et d'un turquoise rafra\u00eechissant cr\u00e9ent une composition \u00e9nergique, tandis que des \u00e9l\u00e9ments roses doux et des accents de citron vert apportent un \u00e9quilibre sophistiqu\u00e9.<br \/>Ce chef-d'\u0153uvre touffet\u00e9 \u00e0 la main transforme n'importe quelle pi\u00e8ce en galerie d'art moderne.<\/p><p><strong>FAITS MARQUANTS :<\/strong><\/p><ul><li>Meticuleusement tuft\u00e9 \u00e0 la main avec de la laine n\u00e9o-z\u00e9landaise de premi\u00e8re qualit\u00e9.<\/li><li>Design g\u00e9om\u00e9trique audacieux avec des formes angulaires pr\u00e9cises<\/li><li>Disponible dans des tailles et des combinaisons de couleurs personnalis\u00e9es<\/li><\/ul><p><strong>Dimension et poids<\/strong><\/p><ul><li>240 x 300 cm \/ 8 x 10 pieds (-\/+5 cm ou 2 pouces)<\/li><li>\u00c9paisseur = 1,5 cm \/ 0,5 pouce<\/li><li>41 kgs \/ 90 pounds<\/li><\/ul><p><strong>Mat\u00e9riau<\/strong><\/p><ul><li>100% Laine de Nouvelle-Z\u00e9lande<\/li><\/ul><p><strong>D\u00e9lai de production<\/strong><\/p><p>Chaque tapis que nous cr\u00e9ons est unique et personnalis\u00e9.<\/p><ul><li>D\u00e9lai de production : 15 - 20 jours ouvrables<\/li><li>Ce d\u00e9lai commence \u00e0 courir apr\u00e8s la confirmation de votre commande<\/li><li>Chaque tapis est fabriqu\u00e9 sp\u00e9cifiquement selon vos sp\u00e9cifications<\/li><li>Nos artisans garantissent la qualit\u00e9 \u00e0 chaque \u00e9tape du processus<\/li><\/ul><p>A noter :<\/p><ul><li>Les jours ouvrables excluent les week-ends et les jours f\u00e9ri\u00e9s<\/li><li>Les conceptions complexes peuvent n\u00e9cessiter plus de temps<\/li><li>Nous ferons de notre mieux pour exp\u00e9dier les commandes urgentes dans les meilleurs d\u00e9lais.<\/li><\/ul><p>Nous vous remercions de votre patience pendant que nous cr\u00e9ons votre tapis unique.<br \/>L'artisanat de qualit\u00e9 prend du temps, mais nous vous promettons que l'attente en vaut la peine.<\/p>\t\t\t\t\t\t<\/div>\n\t\t\t\t<\/div>\n\t\t\t\t<\/div>\n\t\t\t\t\t<\/div>\n\t\t\t\t<\/div>\n\t\t\t\t<\/div>","protected":false},"excerpt":{"rendered":"<p>Contemporary Abstract Wool Rug \u2013 Vibrant Angular Design, 8\u00d710\u2032 Hand-Tufted Luxurious New Zealand wool hand-tufted for lasting beauty Dramatic composition of red, purple, turquoise and lime triangles Soft pink accents create balanced contrast in geometric design Large-scale angular pattern makes bold visual statement Premium construction ensures exceptional durability and comfort Ask a Quote Product Description [&hellip;]<\/p>","protected":false},"author":1,"featured_media":2344,"parent":2236,"menu_order":0,"comment_status":"closed","ping_status":"closed","template":"","meta":{"rank_math_lock_modified_date":false,"_uag_custom_page_level_css":"","site-sidebar-layout":"no-sidebar","site-content-layout":"page-builder","ast-site-content-layout":"full-width-container","site-content-style":"default","site-sidebar-style":"default","ast-global-header-display":"","ast-banner-title-visibility":"","ast-main-header-display":"","ast-hfb-above-header-display":"","ast-hfb-below-header-display":"","ast-hfb-mobile-header-display":"","site-post-title":"disabled","ast-breadcrumbs-content":"","ast-featured-img":"disabled","footer-sml-layout":"","theme-transparent-header-meta":"","adv-header-id-meta":"","stick-header-meta":"","header-above-stick-meta":"","header-main-stick-meta":"","header-below-stick-meta":"","astra-migrate-meta-layouts":"set","ast-page-background-enabled":"default","ast-page-background-meta":{"desktop":{"background-color":"","background-image":"","background-repeat":"repeat","background-position":"center center","background-size":"auto","background-attachment":"scroll","background-type":"","background-media":"","overlay-type":"","overlay-color":"","overlay-opacity":"","overlay-gradient":""},"tablet":{"background-color":"","background-image":"","background-repeat":"repeat","background-position":"center center","background-size":"auto","background-attachment":"scroll","background-type":"","background-media":"","overlay-type":"","overlay-color":"","overlay-opacity":"","overlay-gradient":""},"mobile":{"background-color":"","background-image":"","background-repeat":"repeat","background-position":"center center","background-size":"auto","background-attachment":"scroll","background-type":"","background-media":"","overlay-type":"","overlay-color":"","overlay-opacity":"","overlay-gradient":""}},"ast-content-background-meta":{"desktop":{"background-color":"var(--ast-global-color-5)","background-image":"","background-repeat":"repeat","background-position":"center center","background-size":"auto","background-attachment":"scroll","background-type":"","background-media":"","overlay-type":"","overlay-color":"","overlay-opacity":"","overlay-gradient":""},"tablet":{"background-color":"var(--ast-global-color-5)","background-image":"","background-repeat":"repeat","background-position":"center center","background-size":"auto","background-attachment":"scroll","background-type":"","background-media":"","overlay-type":"","overlay-color":"","overlay-opacity":"","overlay-gradient":""},"mobile":{"background-color":"var(--ast-global-color-5)","background-image":"","background-repeat":"repeat","background-position":"center center","background-size":"auto","background-attachment":"scroll","background-type":"","background-media":"","overlay-type":"","overlay-color":"","overlay-opacity":"","overlay-gradient":""}},"_joinchat":[],"footnotes":""},"class_list":["post-2342","page","type-page","status-publish","has-post-thumbnail","hentry"],"uagb_featured_image_src":{"full":["https:\/\/custom-rugs.org\/wp-content\/uploads\/2024\/12\/tufted-wool-geometric-rug-red-turquoise-8x10-picture.jpg",1600,1599,false],"thumbnail":["https:\/\/custom-rugs.org\/wp-content\/uploads\/2024\/12\/tufted-wool-geometric-rug-red-turquoise-8x10-picture-150x150.jpg",150,150,true],"medium":["https:\/\/custom-rugs.org\/wp-content\/uploads\/2024\/12\/tufted-wool-geometric-rug-red-turquoise-8x10-picture-300x300.jpg",300,300,true],"medium_large":["https:\/\/custom-rugs.org\/wp-content\/uploads\/2024\/12\/tufted-wool-geometric-rug-red-turquoise-8x10-picture-768x768.jpg",768,768,true],"large":["https:\/\/custom-rugs.org\/wp-content\/uploads\/2024\/12\/tufted-wool-geometric-rug-red-turquoise-8x10-picture-1024x1024.jpg",1024,1024,true],"1536x1536":["https:\/\/custom-rugs.org\/wp-content\/uploads\/2024\/12\/tufted-wool-geometric-rug-red-turquoise-8x10-picture-1536x1536.jpg",1536,1536,true],"2048x2048":["https:\/\/custom-rugs.org\/wp-content\/uploads\/2024\/12\/tufted-wool-geometric-rug-red-turquoise-8x10-picture.jpg",1600,1599,false],"trp-custom-language-flag":["https:\/\/custom-rugs.org\/wp-content\/uploads\/2024\/12\/tufted-wool-geometric-rug-red-turquoise-8x10-picture.jpg",12,12,false],"crp_thumbnail":["https:\/\/custom-rugs.org\/wp-content\/uploads\/2024\/12\/tufted-wool-geometric-rug-red-turquoise-8x10-picture-150x150.jpg",150,150,true]},"uagb_author_info":{"display_name":"Custom Rugs","author_link":"https:\/\/custom-rugs.org\/fr\/author\/admin-hang\/"},"uagb_comment_info":0,"uagb_excerpt":"Contemporary Abstract Wool Rug \u2013 Vibrant Angular Design, 8\u00d710\u2032 Hand-Tufted Luxurious New Zealand wool hand-tufted for lasting beauty Dramatic composition of red, purple, turquoise and lime triangles Soft pink accents create balanced contrast in geometric design Large-scale angular pattern makes bold visual statement Premium construction ensures exceptional durability and comfort Ask a Quote Product Description\u2026","_links":{"self":[{"href":"https:\/\/custom-rugs.org\/fr\/wp-json\/wp\/v2\/pages\/2342","targetHints":{"allow":["GET"]}}],"collection":[{"href":"https:\/\/custom-rugs.org\/fr\/wp-json\/wp\/v2\/pages"}],"about":[{"href":"https:\/\/custom-rugs.org\/fr\/wp-json\/wp\/v2\/types\/page"}],"author":[{"embeddable":true,"href":"https:\/\/custom-rugs.org\/fr\/wp-json\/wp\/v2\/users\/1"}],"replies":[{"embeddable":true,"href":"https:\/\/custom-rugs.org\/fr\/wp-json\/wp\/v2\/comments?post=2342"}],"version-history":[{"count":0,"href":"https:\/\/custom-rugs.org\/fr\/wp-json\/wp\/v2\/pages\/2342\/revisions"}],"up":[{"embeddable":true,"href":"https:\/\/custom-rugs.org\/fr\/wp-json\/wp\/v2\/pages\/2236"}],"wp:featuredmedia":[{"embeddable":true,"href":"https:\/\/custom-rugs.org\/fr\/wp-json\/wp\/v2\/media\/2344"}],"wp:attachment":[{"href":"https:\/\/custom-rugs.org\/fr\/wp-json\/wp\/v2\/media?parent=2342"}],"curies":[{"name":"wp","href":"https:\/\/api.w.org\/{rel}","templated":true}]}}