{"id":2336,"date":"2024-12-03T19:20:26","date_gmt":"2024-12-03T11:20:26","guid":{"rendered":"https:\/\/custom-rugs.org\/?page_id=2336"},"modified":"2024-12-03T19:22:28","modified_gmt":"2024-12-03T11:22:28","slug":"chicago-skyline-custom-tufted-wool-rug-10x13-urban-art-decor","status":"publish","type":"page","link":"https:\/\/custom-rugs.org\/fr\/abstract-rugs\/chicago-skyline-custom-tufted-wool-rug-10x13-urban-art-decor\/","title":{"rendered":"Tapis en laine tuft\u00e9e Chicago Skyline 10'x13\u2032 Urban Art Decor"},"content":{"rendered":"<div data-elementor-type=\"wp-page\" data-elementor-id=\"2336\" class=\"elementor elementor-2336\">\n\t\t\t\t<div class=\"elementor-element elementor-element-579d090 e-flex e-con-boxed e-con e-parent\" data-id=\"579d090\" data-element_type=\"container\">\n\t\t\t\t\t<div class=\"e-con-inner\">\n\t\t<div class=\"elementor-element elementor-element-a641fa8 e-con-full e-flex e-con e-child\" data-id=\"a641fa8\" data-element_type=\"container\">\n\t\t\t\t<div class=\"elementor-element elementor-element-0ff975f elementor-widget elementor-widget-image\" data-id=\"0ff975f\" data-element_type=\"widget\" data-widget_type=\"image.default\">\n\t\t\t\t<div class=\"elementor-widget-container\">\n\t\t\t\t\t\t\t\t\t\t\t\t\t<img fetchpriority=\"high\" decoding=\"async\" width=\"768\" height=\"768\" src=\"https:\/\/custom-rugs.org\/wp-content\/uploads\/2024\/12\/chicago-skyline-tufted-wool-rug-blue-orange-10x13-picture-768x768.jpg\" class=\"attachment-medium_large size-medium_large wp-image-2338\" alt=\"chicago skyline tapis en laine tuft\u00e9 bleu orange 10x13\" srcset=\"https:\/\/custom-rugs.org\/wp-content\/uploads\/2024\/12\/chicago-skyline-tufted-wool-rug-blue-orange-10x13-picture-768x768.jpg 768w, https:\/\/custom-rugs.org\/wp-content\/uploads\/2024\/12\/chicago-skyline-tufted-wool-rug-blue-orange-10x13-picture-300x300.jpg 300w, https:\/\/custom-rugs.org\/wp-content\/uploads\/2024\/12\/chicago-skyline-tufted-wool-rug-blue-orange-10x13-picture-1024x1024.jpg 1024w, https:\/\/custom-rugs.org\/wp-content\/uploads\/2024\/12\/chicago-skyline-tufted-wool-rug-blue-orange-10x13-picture-150x150.jpg 150w, https:\/\/custom-rugs.org\/wp-content\/uploads\/2024\/12\/chicago-skyline-tufted-wool-rug-blue-orange-10x13-picture-1536x1536.jpg 1536w, https:\/\/custom-rugs.org\/wp-content\/uploads\/2024\/12\/chicago-skyline-tufted-wool-rug-blue-orange-10x13-picture.jpg 1600w\" sizes=\"(max-width: 768px) 100vw, 768px\" \/>\t\t\t\t\t\t\t\t\t\t\t\t\t<\/div>\n\t\t\t\t<\/div>\n\t\t\t\t<\/div>\n\t\t<div class=\"elementor-element elementor-element-e8c09e8 e-con-full e-flex e-con e-child\" data-id=\"e8c09e8\" data-element_type=\"container\">\n\t\t\t\t<div class=\"elementor-element elementor-element-a0af468 elementor-widget elementor-widget-shortcode\" data-id=\"a0af468\" data-element_type=\"widget\" data-widget_type=\"shortcode.default\">\n\t\t\t\t<div class=\"elementor-widget-container\">\n\t\t\t\t\t<div class=\"elementor-shortcode\"><nav aria-label=\"chapelure\" class=\"rank-math-breadcrumb\"><p><span class=\"last\">Accueil<\/span><\/p><\/nav><\/div>\n\t\t\t\t<\/div>\n\t\t\t\t<\/div>\n\t\t\t\t<div class=\"elementor-element elementor-element-d5de4b3 elementor-widget elementor-widget-heading\" data-id=\"d5de4b3\" data-element_type=\"widget\" data-widget_type=\"heading.default\">\n\t\t\t\t<div class=\"elementor-widget-container\">\n\t\t\t<h1 class=\"elementor-heading-title elementor-size-default\">Tapis en laine tuft\u00e9e Chicago Skyline 10'x13\u2032 Urban Art Decor<\/h1>\t\t<\/div>\n\t\t\t\t<\/div>\n\t\t\t\t<div class=\"elementor-element elementor-element-d14d594 elementor-widget elementor-widget-text-editor\" data-id=\"d14d594\" data-element_type=\"widget\" data-widget_type=\"text-editor.default\">\n\t\t\t\t<div class=\"elementor-widget-container\">\n\t\t\t\t\t\t\t<ul><li>Tapis tuft\u00e9 en laine de Nouvelle-Z\u00e9lande<\/li><li>Conception de l'horizon de Chicago avec des gratte-ciel<\/li><li>Palette de couleurs vibrantes bleu et orange<\/li><li>Grand format 10'x13\u2032 pour les pi\u00e8ces spacieuses<\/li><li>Une \u0153uvre d'art urbain unique pour les maisons modernes<\/li><\/ul>\t\t\t\t\t\t<\/div>\n\t\t\t\t<\/div>\n\t\t\t\t<div class=\"elementor-element elementor-element-e33061c elementor-align-left elementor-widget elementor-widget-button\" data-id=\"e33061c\" data-element_type=\"widget\" data-widget_type=\"button.default\">\n\t\t\t\t<div class=\"elementor-widget-container\">\n\t\t\t\t\t<div class=\"elementor-button-wrapper\">\n\t\t\t<a class=\"elementor-button elementor-button-link elementor-size-sm\" href=\"https:\/\/custom-rugs.org\/fr\/contact\/\" target=\"_blank\">\n\t\t\t\t\t\t<span class=\"elementor-button-content-wrapper\">\n\t\t\t\t\t\t\t\t\t<span class=\"elementor-button-text\">Demander un devis<\/span>\n\t\t\t\t\t<\/span>\n\t\t\t\t\t<\/a>\n\t\t<\/div>\n\t\t\t\t<\/div>\n\t\t\t\t<\/div>\n\t\t\t\t<\/div>\n\t\t\t\t\t<\/div>\n\t\t\t\t<\/div>\n\t\t<div class=\"elementor-element elementor-element-a778565 e-flex e-con-boxed e-con e-parent\" data-id=\"a778565\" data-element_type=\"container\" data-settings=\"{&quot;background_background&quot;:&quot;classic&quot;}\">\n\t\t\t\t\t<div class=\"e-con-inner\">\n\t\t<div class=\"elementor-element elementor-element-b5f8de0 e-con-full e-flex e-con e-child\" data-id=\"b5f8de0\" data-element_type=\"container\">\n\t\t\t\t<div class=\"elementor-element elementor-element-c5e189a elementor-widget-divider--view-line elementor-widget elementor-widget-divider\" data-id=\"c5e189a\" data-element_type=\"widget\" data-widget_type=\"divider.default\">\n\t\t\t\t<div class=\"elementor-widget-container\">\n\t\t\t\t\t<div class=\"elementor-divider\">\n\t\t\t<span class=\"elementor-divider-separator\">\n\t\t\t\t\t\t<\/span>\n\t\t<\/div>\n\t\t\t\t<\/div>\n\t\t\t\t<\/div>\n\t\t\t\t<div class=\"elementor-element elementor-element-2c9180b elementor-widget elementor-widget-heading\" data-id=\"2c9180b\" data-element_type=\"widget\" data-widget_type=\"heading.default\">\n\t\t\t\t<div class=\"elementor-widget-container\">\n\t\t\t<div class=\"elementor-heading-title elementor-size-default\">Description du produit<\/div>\t\t<\/div>\n\t\t\t\t<\/div>\n\t\t\t\t<div class=\"elementor-element elementor-element-7639033 elementor-widget elementor-widget-text-editor\" data-id=\"7639033\" data-element_type=\"widget\" data-widget_type=\"text-editor.default\">\n\t\t\t\t<div class=\"elementor-widget-container\">\n\t\t\t\t\t\t\t<p>Le tapis touffet\u00e9 personnalis\u00e9 Chicago Skyline capture l'essence de l'architecture embl\u00e9matique de la Windy City dans une superbe pi\u00e8ce d'art au sol.<br \/>Fabriqu\u00e9 en laine n\u00e9o-z\u00e9landaise de premi\u00e8re qualit\u00e9, ce tapis pr\u00e9sente la silhouette des c\u00e9l\u00e8bres gratte-ciel de Chicago sur fond de coucher de soleil \u00e9clatant, cr\u00e9ant ainsi une d\u00e9claration audacieuse dans n'importe quel espace de vie.<\/p><p><strong>Faits marquants :<\/strong><\/p><ul><li>Tuft\u00e9 \u00e0 la main en laine luxueuse de Nouvelle-Z\u00e9lande pour plus de durabilit\u00e9 et de douceur.<\/li><li>Une palette de couleurs bleu et orange inspir\u00e9e des couchers de soleil urbains.<\/li><li>Grande taille 10'x13\u2032 parfaite pour ancrer les salles de s\u00e9jour ou les espaces ouverts.<\/li><\/ul>\t\t\t\t\t\t<\/div>\n\t\t\t\t<\/div>\n\t\t\t\t<\/div>\n\t\t\t\t\t<\/div>\n\t\t\t\t<\/div>\n\t\t\t\t<\/div>","protected":false},"excerpt":{"rendered":"<p>Chicago Skyline Custom Tufted Wool Rug 10\u2019x13\u2032 Urban Art Decor New Zealand wool custom tufted rug Chicago skyline design with skyscrapers Vibrant blue and orange color palette Large 10\u2019x13\u2032 size for spacious rooms Unique urban art piece for modern homes Ask a Quote Product Description The Chicago Skyline Custom Tufted Rug captures the essence of [&hellip;]<\/p>","protected":false},"author":1,"featured_media":2338,"parent":2236,"menu_order":0,"comment_status":"closed","ping_status":"closed","template":"","meta":{"rank_math_lock_modified_date":false,"_uag_custom_page_level_css":"","site-sidebar-layout":"no-sidebar","site-content-layout":"page-builder","ast-site-content-layout":"full-width-container","site-content-style":"default","site-sidebar-style":"default","ast-global-header-display":"","ast-banner-title-visibility":"","ast-main-header-display":"","ast-hfb-above-header-display":"","ast-hfb-below-header-display":"","ast-hfb-mobile-header-display":"","site-post-title":"disabled","ast-breadcrumbs-content":"","ast-featured-img":"disabled","footer-sml-layout":"","theme-transparent-header-meta":"","adv-header-id-meta":"","stick-header-meta":"","header-above-stick-meta":"","header-main-stick-meta":"","header-below-stick-meta":"","astra-migrate-meta-layouts":"set","ast-page-background-enabled":"default","ast-page-background-meta":{"desktop":{"background-color":"","background-image":"","background-repeat":"repeat","background-position":"center center","background-size":"auto","background-attachment":"scroll","background-type":"","background-media":"","overlay-type":"","overlay-color":"","overlay-opacity":"","overlay-gradient":""},"tablet":{"background-color":"","background-image":"","background-repeat":"repeat","background-position":"center center","background-size":"auto","background-attachment":"scroll","background-type":"","background-media":"","overlay-type":"","overlay-color":"","overlay-opacity":"","overlay-gradient":""},"mobile":{"background-color":"","background-image":"","background-repeat":"repeat","background-position":"center center","background-size":"auto","background-attachment":"scroll","background-type":"","background-media":"","overlay-type":"","overlay-color":"","overlay-opacity":"","overlay-gradient":""}},"ast-content-background-meta":{"desktop":{"background-color":"var(--ast-global-color-5)","background-image":"","background-repeat":"repeat","background-position":"center center","background-size":"auto","background-attachment":"scroll","background-type":"","background-media":"","overlay-type":"","overlay-color":"","overlay-opacity":"","overlay-gradient":""},"tablet":{"background-color":"var(--ast-global-color-5)","background-image":"","background-repeat":"repeat","background-position":"center center","background-size":"auto","background-attachment":"scroll","background-type":"","background-media":"","overlay-type":"","overlay-color":"","overlay-opacity":"","overlay-gradient":""},"mobile":{"background-color":"var(--ast-global-color-5)","background-image":"","background-repeat":"repeat","background-position":"center center","background-size":"auto","background-attachment":"scroll","background-type":"","background-media":"","overlay-type":"","overlay-color":"","overlay-opacity":"","overlay-gradient":""}},"_joinchat":[],"footnotes":""},"class_list":["post-2336","page","type-page","status-publish","has-post-thumbnail","hentry"],"uagb_featured_image_src":{"full":["https:\/\/custom-rugs.org\/wp-content\/uploads\/2024\/12\/chicago-skyline-tufted-wool-rug-blue-orange-10x13-picture.jpg",1600,1600,false],"thumbnail":["https:\/\/custom-rugs.org\/wp-content\/uploads\/2024\/12\/chicago-skyline-tufted-wool-rug-blue-orange-10x13-picture-150x150.jpg",150,150,true],"medium":["https:\/\/custom-rugs.org\/wp-content\/uploads\/2024\/12\/chicago-skyline-tufted-wool-rug-blue-orange-10x13-picture-300x300.jpg",300,300,true],"medium_large":["https:\/\/custom-rugs.org\/wp-content\/uploads\/2024\/12\/chicago-skyline-tufted-wool-rug-blue-orange-10x13-picture-768x768.jpg",768,768,true],"large":["https:\/\/custom-rugs.org\/wp-content\/uploads\/2024\/12\/chicago-skyline-tufted-wool-rug-blue-orange-10x13-picture-1024x1024.jpg",1024,1024,true],"1536x1536":["https:\/\/custom-rugs.org\/wp-content\/uploads\/2024\/12\/chicago-skyline-tufted-wool-rug-blue-orange-10x13-picture-1536x1536.jpg",1536,1536,true],"2048x2048":["https:\/\/custom-rugs.org\/wp-content\/uploads\/2024\/12\/chicago-skyline-tufted-wool-rug-blue-orange-10x13-picture.jpg",1600,1600,false],"trp-custom-language-flag":["https:\/\/custom-rugs.org\/wp-content\/uploads\/2024\/12\/chicago-skyline-tufted-wool-rug-blue-orange-10x13-picture.jpg",12,12,false],"crp_thumbnail":["https:\/\/custom-rugs.org\/wp-content\/uploads\/2024\/12\/chicago-skyline-tufted-wool-rug-blue-orange-10x13-picture-150x150.jpg",150,150,true]},"uagb_author_info":{"display_name":"Custom Rugs","author_link":"https:\/\/custom-rugs.org\/fr\/author\/admin-hang\/"},"uagb_comment_info":0,"uagb_excerpt":"Chicago Skyline Custom Tufted Wool Rug 10\u2019x13\u2032 Urban Art Decor New Zealand wool custom tufted rug Chicago skyline design with skyscrapers Vibrant blue and orange color palette Large 10\u2019x13\u2032 size for spacious rooms Unique urban art piece for modern homes Ask a Quote Product Description The Chicago Skyline Custom Tufted Rug captures the essence of\u2026","_links":{"self":[{"href":"https:\/\/custom-rugs.org\/fr\/wp-json\/wp\/v2\/pages\/2336","targetHints":{"allow":["GET"]}}],"collection":[{"href":"https:\/\/custom-rugs.org\/fr\/wp-json\/wp\/v2\/pages"}],"about":[{"href":"https:\/\/custom-rugs.org\/fr\/wp-json\/wp\/v2\/types\/page"}],"author":[{"embeddable":true,"href":"https:\/\/custom-rugs.org\/fr\/wp-json\/wp\/v2\/users\/1"}],"replies":[{"embeddable":true,"href":"https:\/\/custom-rugs.org\/fr\/wp-json\/wp\/v2\/comments?post=2336"}],"version-history":[{"count":0,"href":"https:\/\/custom-rugs.org\/fr\/wp-json\/wp\/v2\/pages\/2336\/revisions"}],"up":[{"embeddable":true,"href":"https:\/\/custom-rugs.org\/fr\/wp-json\/wp\/v2\/pages\/2236"}],"wp:featuredmedia":[{"embeddable":true,"href":"https:\/\/custom-rugs.org\/fr\/wp-json\/wp\/v2\/media\/2338"}],"wp:attachment":[{"href":"https:\/\/custom-rugs.org\/fr\/wp-json\/wp\/v2\/media?parent=2336"}],"curies":[{"name":"wp","href":"https:\/\/api.w.org\/{rel}","templated":true}]}}