{"id":2309,"date":"2024-12-03T18:56:39","date_gmt":"2024-12-03T10:56:39","guid":{"rendered":"https:\/\/custom-rugs.org\/?page_id=2309"},"modified":"2024-12-03T18:59:16","modified_gmt":"2024-12-03T10:59:16","slug":"atomic-age-wool-area-rug-hand-tufted-8x10-blush-pearl","status":"publish","type":"page","link":"https:\/\/custom-rugs.org\/fr\/abstract-rugs\/atomic-age-wool-area-rug-hand-tufted-8x10-blush-pearl\/","title":{"rendered":"Tapis en laine Atomic Age, tuft\u00e9 \u00e0 la main, 8\u00d710\u2032, Blush &amp; Pearl"},"content":{"rendered":"<div data-elementor-type=\"wp-page\" data-elementor-id=\"2309\" class=\"elementor elementor-2309\">\n\t\t\t\t<div class=\"elementor-element elementor-element-7219fa4 e-flex e-con-boxed e-con e-parent\" data-id=\"7219fa4\" data-element_type=\"container\">\n\t\t\t\t\t<div class=\"e-con-inner\">\n\t\t<div class=\"elementor-element elementor-element-19226d2 e-con-full e-flex e-con e-child\" data-id=\"19226d2\" data-element_type=\"container\">\n\t\t\t\t<div class=\"elementor-element elementor-element-094d68c elementor-widget elementor-widget-image\" data-id=\"094d68c\" data-element_type=\"widget\" data-widget_type=\"image.default\">\n\t\t\t\t<div class=\"elementor-widget-container\">\n\t\t\t\t\t\t\t\t\t\t\t\t\t<img fetchpriority=\"high\" decoding=\"async\" width=\"768\" height=\"768\" src=\"https:\/\/custom-rugs.org\/wp-content\/uploads\/2024\/12\/atomic-pattern-wool-rug-blush-pearl-8x10-tufted-picture-768x768.jpg\" class=\"attachment-medium_large size-medium_large wp-image-2311\" alt=\"tapis en laine \u00e0 motif atomique blush pearl 8x10 tuft\u00e9\" srcset=\"https:\/\/custom-rugs.org\/wp-content\/uploads\/2024\/12\/atomic-pattern-wool-rug-blush-pearl-8x10-tufted-picture-768x768.jpg 768w, https:\/\/custom-rugs.org\/wp-content\/uploads\/2024\/12\/atomic-pattern-wool-rug-blush-pearl-8x10-tufted-picture-300x300.jpg 300w, https:\/\/custom-rugs.org\/wp-content\/uploads\/2024\/12\/atomic-pattern-wool-rug-blush-pearl-8x10-tufted-picture-1024x1024.jpg 1024w, https:\/\/custom-rugs.org\/wp-content\/uploads\/2024\/12\/atomic-pattern-wool-rug-blush-pearl-8x10-tufted-picture-150x150.jpg 150w, https:\/\/custom-rugs.org\/wp-content\/uploads\/2024\/12\/atomic-pattern-wool-rug-blush-pearl-8x10-tufted-picture-1536x1536.jpg 1536w, https:\/\/custom-rugs.org\/wp-content\/uploads\/2024\/12\/atomic-pattern-wool-rug-blush-pearl-8x10-tufted-picture.jpg 1600w\" sizes=\"(max-width: 768px) 100vw, 768px\" \/>\t\t\t\t\t\t\t\t\t\t\t\t\t<\/div>\n\t\t\t\t<\/div>\n\t\t\t\t<\/div>\n\t\t<div class=\"elementor-element elementor-element-fe012dd e-con-full e-flex e-con e-child\" data-id=\"fe012dd\" data-element_type=\"container\">\n\t\t\t\t<div class=\"elementor-element elementor-element-442dd16 elementor-widget elementor-widget-shortcode\" data-id=\"442dd16\" data-element_type=\"widget\" data-widget_type=\"shortcode.default\">\n\t\t\t\t<div class=\"elementor-widget-container\">\n\t\t\t\t\t<div class=\"elementor-shortcode\"><nav aria-label=\"chapelure\" class=\"rank-math-breadcrumb\"><p><span class=\"last\">Accueil<\/span><\/p><\/nav><\/div>\n\t\t\t\t<\/div>\n\t\t\t\t<\/div>\n\t\t\t\t<div class=\"elementor-element elementor-element-2b607b2 elementor-widget elementor-widget-heading\" data-id=\"2b607b2\" data-element_type=\"widget\" data-widget_type=\"heading.default\">\n\t\t\t\t<div class=\"elementor-widget-container\">\n\t\t\t<h1 class=\"elementor-heading-title elementor-size-default\">Tapis en laine Atomic Age, tuft\u00e9 \u00e0 la main, 8\u00d710\u2032, Blush &amp; Pearl<\/h1>\t\t<\/div>\n\t\t\t\t<\/div>\n\t\t\t\t<div class=\"elementor-element elementor-element-9c8a1de elementor-widget elementor-widget-text-editor\" data-id=\"9c8a1de\" data-element_type=\"widget\" data-widget_type=\"text-editor.default\">\n\t\t\t\t<div class=\"elementor-widget-container\">\n\t\t\t\t\t\t\t<ul><li>Laine n\u00e9o-z\u00e9landaise de premi\u00e8re qualit\u00e9 tuft\u00e9e \u00e0 la main avec des motifs atomiques r\u00e9tro<\/li><li>Motifs orbitaux ludiques en rose blush doux avec accents perl\u00e9s<\/li><li>La texture sculpt\u00e9e cr\u00e9e un charme dimensionnel du milieu du si\u00e8cle.<\/li><li>Les motifs mol\u00e9culaires flottants offrent une sophistication vintage<\/li><li>De subtils d\u00e9tails hachur\u00e9s renforcent l'authenticit\u00e9 de l'\u00e9poque<\/li><\/ul>\t\t\t\t\t\t<\/div>\n\t\t\t\t<\/div>\n\t\t\t\t<div class=\"elementor-element elementor-element-4f5fa1f elementor-align-left elementor-widget elementor-widget-button\" data-id=\"4f5fa1f\" data-element_type=\"widget\" data-widget_type=\"button.default\">\n\t\t\t\t<div class=\"elementor-widget-container\">\n\t\t\t\t\t<div class=\"elementor-button-wrapper\">\n\t\t\t<a class=\"elementor-button elementor-button-link elementor-size-sm\" href=\"https:\/\/custom-rugs.org\/fr\/contact\/\" target=\"_blank\">\n\t\t\t\t\t\t<span class=\"elementor-button-content-wrapper\">\n\t\t\t\t\t\t\t\t\t<span class=\"elementor-button-text\">Demander un devis<\/span>\n\t\t\t\t\t<\/span>\n\t\t\t\t\t<\/a>\n\t\t<\/div>\n\t\t\t\t<\/div>\n\t\t\t\t<\/div>\n\t\t\t\t<\/div>\n\t\t\t\t\t<\/div>\n\t\t\t\t<\/div>\n\t\t<div class=\"elementor-element elementor-element-8f621e6 e-flex e-con-boxed e-con e-parent\" data-id=\"8f621e6\" data-element_type=\"container\" data-settings=\"{&quot;background_background&quot;:&quot;classic&quot;}\">\n\t\t\t\t\t<div class=\"e-con-inner\">\n\t\t<div class=\"elementor-element elementor-element-2833596 e-con-full e-flex e-con e-child\" data-id=\"2833596\" data-element_type=\"container\">\n\t\t\t\t<div class=\"elementor-element elementor-element-78b72fb elementor-widget-divider--view-line elementor-widget elementor-widget-divider\" data-id=\"78b72fb\" data-element_type=\"widget\" data-widget_type=\"divider.default\">\n\t\t\t\t<div class=\"elementor-widget-container\">\n\t\t\t\t\t<div class=\"elementor-divider\">\n\t\t\t<span class=\"elementor-divider-separator\">\n\t\t\t\t\t\t<\/span>\n\t\t<\/div>\n\t\t\t\t<\/div>\n\t\t\t\t<\/div>\n\t\t\t\t<div class=\"elementor-element elementor-element-a6e8efe elementor-widget elementor-widget-heading\" data-id=\"a6e8efe\" data-element_type=\"widget\" data-widget_type=\"heading.default\">\n\t\t\t\t<div class=\"elementor-widget-container\">\n\t\t\t<div class=\"elementor-heading-title elementor-size-default\">Description du produit<\/div>\t\t<\/div>\n\t\t\t\t<\/div>\n\t\t\t\t<div class=\"elementor-element elementor-element-1ab2ad8 elementor-widget elementor-widget-text-editor\" data-id=\"1ab2ad8\" data-element_type=\"widget\" data-widget_type=\"text-editor.default\">\n\t\t\t\t<div class=\"elementor-widget-container\">\n\t\t\t\t\t\t\t<p>Retournez \u00e0 l'\u00e9poque optimiste du design atomique avec cette charmante cr\u00e9ation inspir\u00e9e du milieu du si\u00e8cle.<br \/>Des motifs mol\u00e9culaires fantaisistes flottent sur une douce toile blush, tandis que des accents perl\u00e9s ajoutent une dimension \u00e9th\u00e9r\u00e9e.<br \/>Chaque motif orbital sculpt\u00e9 capture l'esprit ludique du design des ann\u00e9es 1950, apportant une sophistication r\u00e9tro aux espaces modernes.<\/p><p><strong>FAITS MARQUANTS :<\/strong><\/p><ul><li>Tuft\u00e9 \u00e0 la main par des artisans qualifi\u00e9s avec de la laine n\u00e9o-z\u00e9landaise de premi\u00e8re qualit\u00e9.<\/li><li>Les motifs de l'\u00e2ge atomique sont authentiques et les d\u00e9tails sont sculpt\u00e9s.<\/li><li>Disponible dans des tailles personnalis\u00e9es et des coloris d'inspiration vintage<\/li><\/ul><p><strong>Dimension et poids<\/strong><\/p><ul><li>240 x 300 cm \/ 8 x 10 pieds (-\/+5 cm ou 2 pouces)<\/li><li>\u00c9paisseur = 1,5 cm \/ 0,5 pouce<\/li><li>41 kgs \/ 90 pounds<\/li><\/ul><p><strong>Mat\u00e9riau<\/strong><\/p><ul><li>100% Laine de Nouvelle-Z\u00e9lande<\/li><\/ul><p><strong>D\u00e9lai de production<\/strong><\/p><p>Chaque tapis que nous cr\u00e9ons est unique et personnalis\u00e9.<\/p><ul><li>D\u00e9lai de production : 15 - 20 jours ouvrables<\/li><li>Ce d\u00e9lai commence \u00e0 courir apr\u00e8s la confirmation de votre commande<\/li><li>Chaque tapis est fabriqu\u00e9 sp\u00e9cifiquement selon vos sp\u00e9cifications<\/li><li>Nos artisans garantissent la qualit\u00e9 \u00e0 chaque \u00e9tape du processus<\/li><\/ul><p>A noter :<\/p><ul><li>Les jours ouvrables excluent les week-ends et les jours f\u00e9ri\u00e9s<\/li><li>Les conceptions complexes peuvent n\u00e9cessiter plus de temps<\/li><li>Nous ferons de notre mieux pour exp\u00e9dier les commandes urgentes dans les meilleurs d\u00e9lais.<\/li><\/ul><p>Nous vous remercions de votre patience pendant que nous cr\u00e9ons votre tapis unique.<br \/>L'artisanat de qualit\u00e9 prend du temps, mais nous vous promettons que l'attente en vaut la peine.<\/p>\t\t\t\t\t\t<\/div>\n\t\t\t\t<\/div>\n\t\t\t\t<\/div>\n\t\t\t\t\t<\/div>\n\t\t\t\t<\/div>\n\t\t\t\t<\/div>","protected":false},"excerpt":{"rendered":"<p>Atomic Age Wool Area Rug, Hand-Tufted, 8\u00d710\u2032, Blush &amp; Pearl Premium New Zealand wool hand-tufted with retro atomic motifs Playful orbital patterns in soft blush pink with pearl accents Carved texture creates dimensional mid-century charm Floating molecular designs offer vintage sophistication Subtle hatched details enhance period authenticity Ask a Quote Product Description Journey back to [&hellip;]<\/p>","protected":false},"author":1,"featured_media":2311,"parent":2236,"menu_order":0,"comment_status":"closed","ping_status":"closed","template":"","meta":{"rank_math_lock_modified_date":false,"_uag_custom_page_level_css":"","site-sidebar-layout":"no-sidebar","site-content-layout":"page-builder","ast-site-content-layout":"full-width-container","site-content-style":"default","site-sidebar-style":"default","ast-global-header-display":"","ast-banner-title-visibility":"","ast-main-header-display":"","ast-hfb-above-header-display":"","ast-hfb-below-header-display":"","ast-hfb-mobile-header-display":"","site-post-title":"disabled","ast-breadcrumbs-content":"","ast-featured-img":"disabled","footer-sml-layout":"","theme-transparent-header-meta":"","adv-header-id-meta":"","stick-header-meta":"","header-above-stick-meta":"","header-main-stick-meta":"","header-below-stick-meta":"","astra-migrate-meta-layouts":"set","ast-page-background-enabled":"default","ast-page-background-meta":{"desktop":{"background-color":"","background-image":"","background-repeat":"repeat","background-position":"center center","background-size":"auto","background-attachment":"scroll","background-type":"","background-media":"","overlay-type":"","overlay-color":"","overlay-opacity":"","overlay-gradient":""},"tablet":{"background-color":"","background-image":"","background-repeat":"repeat","background-position":"center center","background-size":"auto","background-attachment":"scroll","background-type":"","background-media":"","overlay-type":"","overlay-color":"","overlay-opacity":"","overlay-gradient":""},"mobile":{"background-color":"","background-image":"","background-repeat":"repeat","background-position":"center center","background-size":"auto","background-attachment":"scroll","background-type":"","background-media":"","overlay-type":"","overlay-color":"","overlay-opacity":"","overlay-gradient":""}},"ast-content-background-meta":{"desktop":{"background-color":"var(--ast-global-color-5)","background-image":"","background-repeat":"repeat","background-position":"center center","background-size":"auto","background-attachment":"scroll","background-type":"","background-media":"","overlay-type":"","overlay-color":"","overlay-opacity":"","overlay-gradient":""},"tablet":{"background-color":"var(--ast-global-color-5)","background-image":"","background-repeat":"repeat","background-position":"center center","background-size":"auto","background-attachment":"scroll","background-type":"","background-media":"","overlay-type":"","overlay-color":"","overlay-opacity":"","overlay-gradient":""},"mobile":{"background-color":"var(--ast-global-color-5)","background-image":"","background-repeat":"repeat","background-position":"center center","background-size":"auto","background-attachment":"scroll","background-type":"","background-media":"","overlay-type":"","overlay-color":"","overlay-opacity":"","overlay-gradient":""}},"_joinchat":[],"footnotes":""},"class_list":["post-2309","page","type-page","status-publish","has-post-thumbnail","hentry"],"uagb_featured_image_src":{"full":["https:\/\/custom-rugs.org\/wp-content\/uploads\/2024\/12\/atomic-pattern-wool-rug-blush-pearl-8x10-tufted-picture.jpg",1600,1600,false],"thumbnail":["https:\/\/custom-rugs.org\/wp-content\/uploads\/2024\/12\/atomic-pattern-wool-rug-blush-pearl-8x10-tufted-picture-150x150.jpg",150,150,true],"medium":["https:\/\/custom-rugs.org\/wp-content\/uploads\/2024\/12\/atomic-pattern-wool-rug-blush-pearl-8x10-tufted-picture-300x300.jpg",300,300,true],"medium_large":["https:\/\/custom-rugs.org\/wp-content\/uploads\/2024\/12\/atomic-pattern-wool-rug-blush-pearl-8x10-tufted-picture-768x768.jpg",768,768,true],"large":["https:\/\/custom-rugs.org\/wp-content\/uploads\/2024\/12\/atomic-pattern-wool-rug-blush-pearl-8x10-tufted-picture-1024x1024.jpg",1024,1024,true],"1536x1536":["https:\/\/custom-rugs.org\/wp-content\/uploads\/2024\/12\/atomic-pattern-wool-rug-blush-pearl-8x10-tufted-picture-1536x1536.jpg",1536,1536,true],"2048x2048":["https:\/\/custom-rugs.org\/wp-content\/uploads\/2024\/12\/atomic-pattern-wool-rug-blush-pearl-8x10-tufted-picture.jpg",1600,1600,false],"trp-custom-language-flag":["https:\/\/custom-rugs.org\/wp-content\/uploads\/2024\/12\/atomic-pattern-wool-rug-blush-pearl-8x10-tufted-picture.jpg",12,12,false],"crp_thumbnail":["https:\/\/custom-rugs.org\/wp-content\/uploads\/2024\/12\/atomic-pattern-wool-rug-blush-pearl-8x10-tufted-picture-150x150.jpg",150,150,true]},"uagb_author_info":{"display_name":"Custom Rugs","author_link":"https:\/\/custom-rugs.org\/fr\/author\/admin-hang\/"},"uagb_comment_info":0,"uagb_excerpt":"Atomic Age Wool Area Rug, Hand-Tufted, 8\u00d710\u2032, Blush &amp; Pearl Premium New Zealand wool hand-tufted with retro atomic motifs Playful orbital patterns in soft blush pink with pearl accents Carved texture creates dimensional mid-century charm Floating molecular designs offer vintage sophistication Subtle hatched details enhance period authenticity Ask a Quote Product Description Journey back to\u2026","_links":{"self":[{"href":"https:\/\/custom-rugs.org\/fr\/wp-json\/wp\/v2\/pages\/2309","targetHints":{"allow":["GET"]}}],"collection":[{"href":"https:\/\/custom-rugs.org\/fr\/wp-json\/wp\/v2\/pages"}],"about":[{"href":"https:\/\/custom-rugs.org\/fr\/wp-json\/wp\/v2\/types\/page"}],"author":[{"embeddable":true,"href":"https:\/\/custom-rugs.org\/fr\/wp-json\/wp\/v2\/users\/1"}],"replies":[{"embeddable":true,"href":"https:\/\/custom-rugs.org\/fr\/wp-json\/wp\/v2\/comments?post=2309"}],"version-history":[{"count":0,"href":"https:\/\/custom-rugs.org\/fr\/wp-json\/wp\/v2\/pages\/2309\/revisions"}],"up":[{"embeddable":true,"href":"https:\/\/custom-rugs.org\/fr\/wp-json\/wp\/v2\/pages\/2236"}],"wp:featuredmedia":[{"embeddable":true,"href":"https:\/\/custom-rugs.org\/fr\/wp-json\/wp\/v2\/media\/2311"}],"wp:attachment":[{"href":"https:\/\/custom-rugs.org\/fr\/wp-json\/wp\/v2\/media?parent=2309"}],"curies":[{"name":"wp","href":"https:\/\/api.w.org\/{rel}","templated":true}]}}