{"id":2303,"date":"2024-12-03T18:51:56","date_gmt":"2024-12-03T10:51:56","guid":{"rendered":"https:\/\/custom-rugs.org\/?page_id=2303"},"modified":"2024-12-03T18:54:52","modified_gmt":"2024-12-03T10:54:52","slug":"abstract-topographic-wool-area-rug-hand-tufted-9x12-sand-ivory","status":"publish","type":"page","link":"https:\/\/custom-rugs.org\/fr\/abstract-rugs\/abstract-topographic-wool-area-rug-hand-tufted-9x12-sand-ivory\/","title":{"rendered":"Tapis topographique abstrait en laine, tuft\u00e9 \u00e0 la main, 9\u00d712\u2032, sable et ivoire"},"content":{"rendered":"<div data-elementor-type=\"wp-page\" data-elementor-id=\"2303\" class=\"elementor elementor-2303\">\n\t\t\t\t<div class=\"elementor-element elementor-element-6bec815 e-flex e-con-boxed e-con e-parent\" data-id=\"6bec815\" data-element_type=\"container\">\n\t\t\t\t\t<div class=\"e-con-inner\">\n\t\t<div class=\"elementor-element elementor-element-cebaf40 e-con-full e-flex e-con e-child\" data-id=\"cebaf40\" data-element_type=\"container\">\n\t\t\t\t<div class=\"elementor-element elementor-element-2460cb0 elementor-widget elementor-widget-image\" data-id=\"2460cb0\" data-element_type=\"widget\" data-widget_type=\"image.default\">\n\t\t\t\t<div class=\"elementor-widget-container\">\n\t\t\t\t\t\t\t\t\t\t\t\t\t<img fetchpriority=\"high\" decoding=\"async\" width=\"768\" height=\"768\" src=\"https:\/\/custom-rugs.org\/wp-content\/uploads\/2024\/12\/topographic-pattern-wool-rug-sand-ivory-9x12-tufted-picture-768x768.jpg\" class=\"attachment-medium_large size-medium_large wp-image-2305\" alt=\"tapis topographique en laine sable ivoire 9x12 tuft\u00e9\" srcset=\"https:\/\/custom-rugs.org\/wp-content\/uploads\/2024\/12\/topographic-pattern-wool-rug-sand-ivory-9x12-tufted-picture-768x768.jpg 768w, https:\/\/custom-rugs.org\/wp-content\/uploads\/2024\/12\/topographic-pattern-wool-rug-sand-ivory-9x12-tufted-picture-300x300.jpg 300w, https:\/\/custom-rugs.org\/wp-content\/uploads\/2024\/12\/topographic-pattern-wool-rug-sand-ivory-9x12-tufted-picture-1024x1024.jpg 1024w, https:\/\/custom-rugs.org\/wp-content\/uploads\/2024\/12\/topographic-pattern-wool-rug-sand-ivory-9x12-tufted-picture-150x150.jpg 150w, https:\/\/custom-rugs.org\/wp-content\/uploads\/2024\/12\/topographic-pattern-wool-rug-sand-ivory-9x12-tufted-picture-1536x1536.jpg 1536w, https:\/\/custom-rugs.org\/wp-content\/uploads\/2024\/12\/topographic-pattern-wool-rug-sand-ivory-9x12-tufted-picture.jpg 1600w\" sizes=\"(max-width: 768px) 100vw, 768px\" \/>\t\t\t\t\t\t\t\t\t\t\t\t\t<\/div>\n\t\t\t\t<\/div>\n\t\t\t\t<\/div>\n\t\t<div class=\"elementor-element elementor-element-07c745d e-con-full e-flex e-con e-child\" data-id=\"07c745d\" data-element_type=\"container\">\n\t\t\t\t<div class=\"elementor-element elementor-element-0b89d65 elementor-widget elementor-widget-shortcode\" data-id=\"0b89d65\" data-element_type=\"widget\" data-widget_type=\"shortcode.default\">\n\t\t\t\t<div class=\"elementor-widget-container\">\n\t\t\t\t\t<div class=\"elementor-shortcode\"><nav aria-label=\"chapelure\" class=\"rank-math-breadcrumb\"><p><span class=\"last\">Accueil<\/span><\/p><\/nav><\/div>\n\t\t\t\t<\/div>\n\t\t\t\t<\/div>\n\t\t\t\t<div class=\"elementor-element elementor-element-345ac27 elementor-widget elementor-widget-heading\" data-id=\"345ac27\" data-element_type=\"widget\" data-widget_type=\"heading.default\">\n\t\t\t\t<div class=\"elementor-widget-container\">\n\t\t\t<h1 class=\"elementor-heading-title elementor-size-default\">Tapis topographique abstrait en laine, tuft\u00e9 \u00e0 la main, 9\u00d712\u2032, sable et ivoire<\/h1>\t\t<\/div>\n\t\t\t\t<\/div>\n\t\t\t\t<div class=\"elementor-element elementor-element-24a63c3 elementor-widget elementor-widget-text-editor\" data-id=\"24a63c3\" data-element_type=\"widget\" data-widget_type=\"text-editor.default\">\n\t\t\t\t<div class=\"elementor-widget-container\">\n\t\t\t\t\t\t\t<ul><li>Laine de Nouvelle-Z\u00e9lande tuft\u00e9e \u00e0 la main pour une douceur et une durabilit\u00e9 exceptionnelles<\/li><li>Motif topographique organique avec des lignes de contour fluides dans des tons de sable<\/li><li>La texture sculpt\u00e9e \u00e0 plusieurs niveaux cr\u00e9e une dimension visuelle \u00e9tonnante.<\/li><li>Le design sym\u00e9trique inspir\u00e9 des m\u00e9daillons offre un attrait intemporel.<\/li><li>Un m\u00e9lange harmonieux d'art contemporain et d'artisanat traditionnel<\/li><\/ul>\t\t\t\t\t\t<\/div>\n\t\t\t\t<\/div>\n\t\t\t\t<div class=\"elementor-element elementor-element-efa55df elementor-align-left elementor-widget elementor-widget-button\" data-id=\"efa55df\" data-element_type=\"widget\" data-widget_type=\"button.default\">\n\t\t\t\t<div class=\"elementor-widget-container\">\n\t\t\t\t\t<div class=\"elementor-button-wrapper\">\n\t\t\t<a class=\"elementor-button elementor-button-link elementor-size-sm\" href=\"https:\/\/custom-rugs.org\/fr\/contact\/\" target=\"_blank\">\n\t\t\t\t\t\t<span class=\"elementor-button-content-wrapper\">\n\t\t\t\t\t\t\t\t\t<span class=\"elementor-button-text\">Demander un devis<\/span>\n\t\t\t\t\t<\/span>\n\t\t\t\t\t<\/a>\n\t\t<\/div>\n\t\t\t\t<\/div>\n\t\t\t\t<\/div>\n\t\t\t\t<\/div>\n\t\t\t\t\t<\/div>\n\t\t\t\t<\/div>\n\t\t<div class=\"elementor-element elementor-element-fa12669 e-flex e-con-boxed e-con e-parent\" data-id=\"fa12669\" data-element_type=\"container\" data-settings=\"{&quot;background_background&quot;:&quot;classic&quot;}\">\n\t\t\t\t\t<div class=\"e-con-inner\">\n\t\t<div class=\"elementor-element elementor-element-029fe79 e-con-full e-flex e-con e-child\" data-id=\"029fe79\" data-element_type=\"container\">\n\t\t\t\t<div class=\"elementor-element elementor-element-d486c05 elementor-widget-divider--view-line elementor-widget elementor-widget-divider\" data-id=\"d486c05\" data-element_type=\"widget\" data-widget_type=\"divider.default\">\n\t\t\t\t<div class=\"elementor-widget-container\">\n\t\t\t\t\t<div class=\"elementor-divider\">\n\t\t\t<span class=\"elementor-divider-separator\">\n\t\t\t\t\t\t<\/span>\n\t\t<\/div>\n\t\t\t\t<\/div>\n\t\t\t\t<\/div>\n\t\t\t\t<div class=\"elementor-element elementor-element-892458b elementor-widget elementor-widget-heading\" data-id=\"892458b\" data-element_type=\"widget\" data-widget_type=\"heading.default\">\n\t\t\t\t<div class=\"elementor-widget-container\">\n\t\t\t<div class=\"elementor-heading-title elementor-size-default\">Description du produit<\/div>\t\t<\/div>\n\t\t\t\t<\/div>\n\t\t\t\t<div class=\"elementor-element elementor-element-d900d10 elementor-widget elementor-widget-text-editor\" data-id=\"d900d10\" data-element_type=\"widget\" data-widget_type=\"text-editor.default\">\n\t\t\t\t<div class=\"elementor-widget-container\">\n\t\t\t\t\t\t\t<p>La nature rencontre l'art dans ce chef-d'\u0153uvre captivant tuft\u00e9 \u00e0 la main.<br \/>Inspir\u00e9s par les cartes topographiques et les formations organiques, les motifs concentriques s'\u00e9coulent sur la surface dans des tons harmonieux de sable et d'ivoire.<br \/>Chaque ligne sculpt\u00e9e cr\u00e9e une profondeur envo\u00fbtante, transformant les sols en paysages d'une tranquillit\u00e9 sophistiqu\u00e9e.<\/p><p><strong>FAITS MARQUANTS :<\/strong><\/p><ul><li>Tuft\u00e9 \u00e0 la main par des artisans qualifi\u00e9s avec de la laine n\u00e9o-z\u00e9landaise de premi\u00e8re qualit\u00e9.<\/li><li>Motifs de contour sculpt\u00e9s avec texture \u00e0 plusieurs niveaux<\/li><li>Disponible dans des tailles personnalis\u00e9es et des combinaisons de couleurs sur mesure<\/li><\/ul><p><strong>Dimension et poids<\/strong><\/p><ul><li>270 x 370 cm \/ 9 x 12 pieds (-\/+5 cm ou 2 pouces)<\/li><li>\u00c9paisseur = 1,5 cm \/ 0,5 pouce<\/li><li>55 kgs \/ 121 livres<\/li><\/ul><p><strong>Mat\u00e9riau<\/strong><\/p><ul><li>100% Laine de Nouvelle-Z\u00e9lande<\/li><\/ul><p><strong>D\u00e9lai de production<\/strong><\/p><p>Chaque tapis que nous cr\u00e9ons est unique et personnalis\u00e9.<\/p><ul><li>D\u00e9lai de production : 15 - 20 jours ouvrables<\/li><li>Ce d\u00e9lai commence \u00e0 courir apr\u00e8s la confirmation de votre commande<\/li><li>Chaque tapis est fabriqu\u00e9 sp\u00e9cifiquement selon vos sp\u00e9cifications<\/li><li>Nos artisans garantissent la qualit\u00e9 \u00e0 chaque \u00e9tape du processus<\/li><\/ul><p>A noter :<\/p><ul><li>Les jours ouvrables excluent les week-ends et les jours f\u00e9ri\u00e9s<\/li><li>Les conceptions complexes peuvent n\u00e9cessiter plus de temps<\/li><li>Nous ferons de notre mieux pour exp\u00e9dier les commandes urgentes dans les meilleurs d\u00e9lais.<\/li><\/ul><p>Nous vous remercions de votre patience pendant que nous cr\u00e9ons votre tapis unique.<br \/>L'artisanat de qualit\u00e9 prend du temps, mais nous vous promettons que l'attente en vaut la peine.<\/p>\t\t\t\t\t\t<\/div>\n\t\t\t\t<\/div>\n\t\t\t\t<\/div>\n\t\t\t\t\t<\/div>\n\t\t\t\t<\/div>\n\t\t\t\t<\/div>","protected":false},"excerpt":{"rendered":"<p>Tapis topographique abstrait en laine, tuft\u00e9 \u00e0 la main, 9\u00d712\u2032, Sand &amp; Ivory Laine de Nouvelle-Z\u00e9lande tuft\u00e9e \u00e0 la main pour une douceur et une durabilit\u00e9 exceptionnelles Motif topographique organique avec des lignes de contour fluides dans des tons de sable La texture sculpt\u00e9e \u00e0 plusieurs niveaux cr\u00e9e une dimension visuelle \u00e9tonnante Le design sym\u00e9trique inspir\u00e9 des m\u00e9daillons offre un attrait intemporel M\u00e9lange harmonieux d'art contemporain et d'artisanat traditionnel Demander un devis Description du produit [...]<\/p>","protected":false},"author":1,"featured_media":2305,"parent":2236,"menu_order":0,"comment_status":"closed","ping_status":"closed","template":"","meta":{"rank_math_lock_modified_date":false,"_uag_custom_page_level_css":"","site-sidebar-layout":"no-sidebar","site-content-layout":"page-builder","ast-site-content-layout":"full-width-container","site-content-style":"default","site-sidebar-style":"default","ast-global-header-display":"","ast-banner-title-visibility":"","ast-main-header-display":"","ast-hfb-above-header-display":"","ast-hfb-below-header-display":"","ast-hfb-mobile-header-display":"","site-post-title":"disabled","ast-breadcrumbs-content":"","ast-featured-img":"disabled","footer-sml-layout":"","theme-transparent-header-meta":"","adv-header-id-meta":"","stick-header-meta":"","header-above-stick-meta":"","header-main-stick-meta":"","header-below-stick-meta":"","astra-migrate-meta-layouts":"set","ast-page-background-enabled":"default","ast-page-background-meta":{"desktop":{"background-color":"","background-image":"","background-repeat":"repeat","background-position":"center center","background-size":"auto","background-attachment":"scroll","background-type":"","background-media":"","overlay-type":"","overlay-color":"","overlay-opacity":"","overlay-gradient":""},"tablet":{"background-color":"","background-image":"","background-repeat":"repeat","background-position":"center center","background-size":"auto","background-attachment":"scroll","background-type":"","background-media":"","overlay-type":"","overlay-color":"","overlay-opacity":"","overlay-gradient":""},"mobile":{"background-color":"","background-image":"","background-repeat":"repeat","background-position":"center center","background-size":"auto","background-attachment":"scroll","background-type":"","background-media":"","overlay-type":"","overlay-color":"","overlay-opacity":"","overlay-gradient":""}},"ast-content-background-meta":{"desktop":{"background-color":"var(--ast-global-color-5)","background-image":"","background-repeat":"repeat","background-position":"center center","background-size":"auto","background-attachment":"scroll","background-type":"","background-media":"","overlay-type":"","overlay-color":"","overlay-opacity":"","overlay-gradient":""},"tablet":{"background-color":"var(--ast-global-color-5)","background-image":"","background-repeat":"repeat","background-position":"center center","background-size":"auto","background-attachment":"scroll","background-type":"","background-media":"","overlay-type":"","overlay-color":"","overlay-opacity":"","overlay-gradient":""},"mobile":{"background-color":"var(--ast-global-color-5)","background-image":"","background-repeat":"repeat","background-position":"center center","background-size":"auto","background-attachment":"scroll","background-type":"","background-media":"","overlay-type":"","overlay-color":"","overlay-opacity":"","overlay-gradient":""}},"_joinchat":[],"footnotes":""},"class_list":["post-2303","page","type-page","status-publish","has-post-thumbnail","hentry"],"uagb_featured_image_src":{"full":["https:\/\/custom-rugs.org\/wp-content\/uploads\/2024\/12\/topographic-pattern-wool-rug-sand-ivory-9x12-tufted-picture.jpg",1600,1600,false],"thumbnail":["https:\/\/custom-rugs.org\/wp-content\/uploads\/2024\/12\/topographic-pattern-wool-rug-sand-ivory-9x12-tufted-picture-150x150.jpg",150,150,true],"medium":["https:\/\/custom-rugs.org\/wp-content\/uploads\/2024\/12\/topographic-pattern-wool-rug-sand-ivory-9x12-tufted-picture-300x300.jpg",300,300,true],"medium_large":["https:\/\/custom-rugs.org\/wp-content\/uploads\/2024\/12\/topographic-pattern-wool-rug-sand-ivory-9x12-tufted-picture-768x768.jpg",768,768,true],"large":["https:\/\/custom-rugs.org\/wp-content\/uploads\/2024\/12\/topographic-pattern-wool-rug-sand-ivory-9x12-tufted-picture-1024x1024.jpg",1024,1024,true],"1536x1536":["https:\/\/custom-rugs.org\/wp-content\/uploads\/2024\/12\/topographic-pattern-wool-rug-sand-ivory-9x12-tufted-picture-1536x1536.jpg",1536,1536,true],"2048x2048":["https:\/\/custom-rugs.org\/wp-content\/uploads\/2024\/12\/topographic-pattern-wool-rug-sand-ivory-9x12-tufted-picture.jpg",1600,1600,false],"trp-custom-language-flag":["https:\/\/custom-rugs.org\/wp-content\/uploads\/2024\/12\/topographic-pattern-wool-rug-sand-ivory-9x12-tufted-picture.jpg",12,12,false],"crp_thumbnail":["https:\/\/custom-rugs.org\/wp-content\/uploads\/2024\/12\/topographic-pattern-wool-rug-sand-ivory-9x12-tufted-picture-150x150.jpg",150,150,true]},"uagb_author_info":{"display_name":"Custom Rugs","author_link":"https:\/\/custom-rugs.org\/fr\/author\/admin-hang\/"},"uagb_comment_info":0,"uagb_excerpt":"Abstract Topographic Wool Area Rug, Hand-Tufted, 9\u00d712\u2032, Sand &amp; Ivory New Zealand wool hand-tufted for exceptional softness and durability Organic topographic pattern with flowing contour lines in sand tones Multi-level carved texture creates stunning visual dimension Symmetrical medallion-inspired design offers timeless appeal Seamless blend of contemporary art and traditional craftsmanship Ask a Quote Product Description\u2026","_links":{"self":[{"href":"https:\/\/custom-rugs.org\/fr\/wp-json\/wp\/v2\/pages\/2303","targetHints":{"allow":["GET"]}}],"collection":[{"href":"https:\/\/custom-rugs.org\/fr\/wp-json\/wp\/v2\/pages"}],"about":[{"href":"https:\/\/custom-rugs.org\/fr\/wp-json\/wp\/v2\/types\/page"}],"author":[{"embeddable":true,"href":"https:\/\/custom-rugs.org\/fr\/wp-json\/wp\/v2\/users\/1"}],"replies":[{"embeddable":true,"href":"https:\/\/custom-rugs.org\/fr\/wp-json\/wp\/v2\/comments?post=2303"}],"version-history":[{"count":0,"href":"https:\/\/custom-rugs.org\/fr\/wp-json\/wp\/v2\/pages\/2303\/revisions"}],"up":[{"embeddable":true,"href":"https:\/\/custom-rugs.org\/fr\/wp-json\/wp\/v2\/pages\/2236"}],"wp:featuredmedia":[{"embeddable":true,"href":"https:\/\/custom-rugs.org\/fr\/wp-json\/wp\/v2\/media\/2305"}],"wp:attachment":[{"href":"https:\/\/custom-rugs.org\/fr\/wp-json\/wp\/v2\/media?parent=2303"}],"curies":[{"name":"wp","href":"https:\/\/api.w.org\/{rel}","templated":true}]}}