{"id":2276,"date":"2024-12-03T17:59:35","date_gmt":"2024-12-03T09:59:35","guid":{"rendered":"https:\/\/custom-rugs.org\/?page_id=2276"},"modified":"2024-12-03T18:03:33","modified_gmt":"2024-12-03T10:03:33","slug":"abstract-green-pebble-square-tufted-wool-rug-8x8","status":"publish","type":"page","link":"https:\/\/custom-rugs.org\/fr\/abstract-rugs\/abstract-green-pebble-square-tufted-wool-rug-8x8\/","title":{"rendered":"Abstract Green Pebble Square Tufted Wool Rug 8'x8\u2032"},"content":{"rendered":"<div data-elementor-type=\"wp-page\" data-elementor-id=\"2276\" class=\"elementor elementor-2276\">\n\t\t\t\t<div class=\"elementor-element elementor-element-a28fd1b e-flex e-con-boxed e-con e-parent\" data-id=\"a28fd1b\" data-element_type=\"container\">\n\t\t\t\t\t<div class=\"e-con-inner\">\n\t\t<div class=\"elementor-element elementor-element-640d517 e-con-full e-flex e-con e-child\" data-id=\"640d517\" data-element_type=\"container\">\n\t\t\t\t<div class=\"elementor-element elementor-element-d52d9c2 elementor-widget elementor-widget-image\" data-id=\"d52d9c2\" data-element_type=\"widget\" data-widget_type=\"image.default\">\n\t\t\t\t<div class=\"elementor-widget-container\">\n\t\t\t\t\t\t\t\t\t\t\t\t\t<img fetchpriority=\"high\" decoding=\"async\" width=\"768\" height=\"768\" src=\"https:\/\/custom-rugs.org\/wp-content\/uploads\/2024\/12\/abstract-pebble-tufted-wool-rug-green-8x8-picture-768x768.jpg\" class=\"attachment-medium_large size-medium_large wp-image-2278\" alt=\"tapis abstrait en laine tuft\u00e9 vert 8x8\" srcset=\"https:\/\/custom-rugs.org\/wp-content\/uploads\/2024\/12\/abstract-pebble-tufted-wool-rug-green-8x8-picture-768x768.jpg 768w, https:\/\/custom-rugs.org\/wp-content\/uploads\/2024\/12\/abstract-pebble-tufted-wool-rug-green-8x8-picture-300x300.jpg 300w, https:\/\/custom-rugs.org\/wp-content\/uploads\/2024\/12\/abstract-pebble-tufted-wool-rug-green-8x8-picture-1024x1024.jpg 1024w, https:\/\/custom-rugs.org\/wp-content\/uploads\/2024\/12\/abstract-pebble-tufted-wool-rug-green-8x8-picture-150x150.jpg 150w, https:\/\/custom-rugs.org\/wp-content\/uploads\/2024\/12\/abstract-pebble-tufted-wool-rug-green-8x8-picture-1536x1536.jpg 1536w, https:\/\/custom-rugs.org\/wp-content\/uploads\/2024\/12\/abstract-pebble-tufted-wool-rug-green-8x8-picture.jpg 1600w\" sizes=\"(max-width: 768px) 100vw, 768px\" \/>\t\t\t\t\t\t\t\t\t\t\t\t\t<\/div>\n\t\t\t\t<\/div>\n\t\t\t\t<\/div>\n\t\t<div class=\"elementor-element elementor-element-20799d2 e-con-full e-flex e-con e-child\" data-id=\"20799d2\" data-element_type=\"container\">\n\t\t\t\t<div class=\"elementor-element elementor-element-bfa2569 elementor-widget elementor-widget-shortcode\" data-id=\"bfa2569\" data-element_type=\"widget\" data-widget_type=\"shortcode.default\">\n\t\t\t\t<div class=\"elementor-widget-container\">\n\t\t\t\t\t<div class=\"elementor-shortcode\"><nav aria-label=\"chapelure\" class=\"rank-math-breadcrumb\"><p><span class=\"last\">Accueil<\/span><\/p><\/nav><\/div>\n\t\t\t\t<\/div>\n\t\t\t\t<\/div>\n\t\t\t\t<div class=\"elementor-element elementor-element-92f9f61 elementor-widget elementor-widget-heading\" data-id=\"92f9f61\" data-element_type=\"widget\" data-widget_type=\"heading.default\">\n\t\t\t\t<div class=\"elementor-widget-container\">\n\t\t\t<h1 class=\"elementor-heading-title elementor-size-default\">Abstract Green Pebble Square Tufted Wool Rug 8'x8\u2032<\/h1>\t\t<\/div>\n\t\t\t\t<\/div>\n\t\t\t\t<div class=\"elementor-element elementor-element-38a8962 elementor-widget elementor-widget-text-editor\" data-id=\"38a8962\" data-element_type=\"widget\" data-widget_type=\"text-editor.default\">\n\t\t\t\t<div class=\"elementor-widget-container\">\n\t\t\t\t\t\t\t<ul><li>Tapis tuft\u00e9 sur mesure avec motif abstrait de galets<\/li><li>Fabriqu\u00e9 en laine n\u00e9o-z\u00e9landaise de premi\u00e8re qualit\u00e9<\/li><li>Fabriqu\u00e9 \u00e0 la main avec une attention m\u00e9ticuleuse aux d\u00e9tails<\/li><li>Taille carr\u00e9e de 8'x8\u2032 pour un placement polyvalent<\/li><li>Des tons verts apaisants pour une ambiance naturelle<\/li><\/ul>\t\t\t\t\t\t<\/div>\n\t\t\t\t<\/div>\n\t\t\t\t<div class=\"elementor-element elementor-element-802af05 elementor-align-left elementor-widget elementor-widget-button\" data-id=\"802af05\" data-element_type=\"widget\" data-widget_type=\"button.default\">\n\t\t\t\t<div class=\"elementor-widget-container\">\n\t\t\t\t\t<div class=\"elementor-button-wrapper\">\n\t\t\t<a class=\"elementor-button elementor-button-link elementor-size-sm\" href=\"https:\/\/custom-rugs.org\/fr\/contact\/\" target=\"_blank\">\n\t\t\t\t\t\t<span class=\"elementor-button-content-wrapper\">\n\t\t\t\t\t\t\t\t\t<span class=\"elementor-button-text\">Demander un devis<\/span>\n\t\t\t\t\t<\/span>\n\t\t\t\t\t<\/a>\n\t\t<\/div>\n\t\t\t\t<\/div>\n\t\t\t\t<\/div>\n\t\t\t\t<\/div>\n\t\t\t\t\t<\/div>\n\t\t\t\t<\/div>\n\t\t<div class=\"elementor-element elementor-element-06d1c72 e-flex e-con-boxed e-con e-parent\" data-id=\"06d1c72\" data-element_type=\"container\" data-settings=\"{&quot;background_background&quot;:&quot;classic&quot;}\">\n\t\t\t\t\t<div class=\"e-con-inner\">\n\t\t<div class=\"elementor-element elementor-element-8de751b e-con-full e-flex e-con e-child\" data-id=\"8de751b\" data-element_type=\"container\">\n\t\t\t\t<div class=\"elementor-element elementor-element-79b495e elementor-widget-divider--view-line elementor-widget elementor-widget-divider\" data-id=\"79b495e\" data-element_type=\"widget\" data-widget_type=\"divider.default\">\n\t\t\t\t<div class=\"elementor-widget-container\">\n\t\t\t\t\t<div class=\"elementor-divider\">\n\t\t\t<span class=\"elementor-divider-separator\">\n\t\t\t\t\t\t<\/span>\n\t\t<\/div>\n\t\t\t\t<\/div>\n\t\t\t\t<\/div>\n\t\t\t\t<div class=\"elementor-element elementor-element-e4e3222 elementor-widget elementor-widget-heading\" data-id=\"e4e3222\" data-element_type=\"widget\" data-widget_type=\"heading.default\">\n\t\t\t\t<div class=\"elementor-widget-container\">\n\t\t\t<div class=\"elementor-heading-title elementor-size-default\">Description du produit<\/div>\t\t<\/div>\n\t\t\t\t<\/div>\n\t\t\t\t<div class=\"elementor-element elementor-element-8275923 elementor-widget elementor-widget-text-editor\" data-id=\"8275923\" data-element_type=\"widget\" data-widget_type=\"text-editor.default\">\n\t\t\t\t<div class=\"elementor-widget-container\">\n\t\t\t\t\t\t\t<p>Notre tapis en laine \"Abstract Pebble\" s'inspire des formes douces et organiques que l'on trouve dans la nature.<br \/>Cette pi\u00e8ce tuft\u00e9e sur mesure, fabriqu\u00e9e de mani\u00e8re experte \u00e0 partir de laine n\u00e9o-z\u00e9landaise de premi\u00e8re qualit\u00e9, apporte une touche d'\u00e9l\u00e9gance sereine \u00e0 votre espace de vie.<br \/>Le motif complexe en forme de galets dans diff\u00e9rentes nuances de vert cr\u00e9e un point focal \u00e0 la fois calme et visuellement intriguant, parfait pour ancrer le design de votre pi\u00e8ce.<\/p><p><strong>Faits marquants :<\/strong><\/p><ul><li>Fabriqu\u00e9 \u00e0 la main avec de la laine n\u00e9o-z\u00e9landaise de premi\u00e8re qualit\u00e9 pour un confort luxueux et une grande durabilit\u00e9.<\/li><li>La construction de touffes sur mesure garantit une qualit\u00e9 exceptionnelle et un caract\u00e8re unique.<\/li><li>Format carr\u00e9 polyvalent de 8'x8\u2032, id\u00e9al pour d\u00e9finir des zones d'assise ou comme pi\u00e8ce ma\u00eetresse d'une chambre \u00e0 coucher.<\/li><\/ul>\t\t\t\t\t\t<\/div>\n\t\t\t\t<\/div>\n\t\t\t\t<\/div>\n\t\t\t\t\t<\/div>\n\t\t\t\t<\/div>\n\t\t\t\t<\/div>","protected":false},"excerpt":{"rendered":"<p>Abstract Green Pebble Square Tufted Wool Rug 8\u2019x8\u2032 Custom tufted rug with abstract pebble design Crafted from premium New Zealand wool Handmade with meticulous attention to detail Square 8\u2019x8\u2032 size for versatile placement Soothing green tones for natural ambiance Ask a Quote Product Description Our Abstract Pebble Wool Rug draws inspiration from the gentle, organic [&hellip;]<\/p>","protected":false},"author":1,"featured_media":2278,"parent":2236,"menu_order":0,"comment_status":"closed","ping_status":"closed","template":"","meta":{"rank_math_lock_modified_date":false,"_uag_custom_page_level_css":"","site-sidebar-layout":"no-sidebar","site-content-layout":"page-builder","ast-site-content-layout":"full-width-container","site-content-style":"default","site-sidebar-style":"default","ast-global-header-display":"","ast-banner-title-visibility":"","ast-main-header-display":"","ast-hfb-above-header-display":"","ast-hfb-below-header-display":"","ast-hfb-mobile-header-display":"","site-post-title":"disabled","ast-breadcrumbs-content":"","ast-featured-img":"disabled","footer-sml-layout":"","theme-transparent-header-meta":"","adv-header-id-meta":"","stick-header-meta":"","header-above-stick-meta":"","header-main-stick-meta":"","header-below-stick-meta":"","astra-migrate-meta-layouts":"set","ast-page-background-enabled":"default","ast-page-background-meta":{"desktop":{"background-color":"","background-image":"","background-repeat":"repeat","background-position":"center center","background-size":"auto","background-attachment":"scroll","background-type":"","background-media":"","overlay-type":"","overlay-color":"","overlay-opacity":"","overlay-gradient":""},"tablet":{"background-color":"","background-image":"","background-repeat":"repeat","background-position":"center center","background-size":"auto","background-attachment":"scroll","background-type":"","background-media":"","overlay-type":"","overlay-color":"","overlay-opacity":"","overlay-gradient":""},"mobile":{"background-color":"","background-image":"","background-repeat":"repeat","background-position":"center center","background-size":"auto","background-attachment":"scroll","background-type":"","background-media":"","overlay-type":"","overlay-color":"","overlay-opacity":"","overlay-gradient":""}},"ast-content-background-meta":{"desktop":{"background-color":"var(--ast-global-color-5)","background-image":"","background-repeat":"repeat","background-position":"center center","background-size":"auto","background-attachment":"scroll","background-type":"","background-media":"","overlay-type":"","overlay-color":"","overlay-opacity":"","overlay-gradient":""},"tablet":{"background-color":"var(--ast-global-color-5)","background-image":"","background-repeat":"repeat","background-position":"center center","background-size":"auto","background-attachment":"scroll","background-type":"","background-media":"","overlay-type":"","overlay-color":"","overlay-opacity":"","overlay-gradient":""},"mobile":{"background-color":"var(--ast-global-color-5)","background-image":"","background-repeat":"repeat","background-position":"center center","background-size":"auto","background-attachment":"scroll","background-type":"","background-media":"","overlay-type":"","overlay-color":"","overlay-opacity":"","overlay-gradient":""}},"_joinchat":[],"footnotes":""},"class_list":["post-2276","page","type-page","status-publish","has-post-thumbnail","hentry"],"uagb_featured_image_src":{"full":["https:\/\/custom-rugs.org\/wp-content\/uploads\/2024\/12\/abstract-pebble-tufted-wool-rug-green-8x8-picture.jpg",1600,1600,false],"thumbnail":["https:\/\/custom-rugs.org\/wp-content\/uploads\/2024\/12\/abstract-pebble-tufted-wool-rug-green-8x8-picture-150x150.jpg",150,150,true],"medium":["https:\/\/custom-rugs.org\/wp-content\/uploads\/2024\/12\/abstract-pebble-tufted-wool-rug-green-8x8-picture-300x300.jpg",300,300,true],"medium_large":["https:\/\/custom-rugs.org\/wp-content\/uploads\/2024\/12\/abstract-pebble-tufted-wool-rug-green-8x8-picture-768x768.jpg",768,768,true],"large":["https:\/\/custom-rugs.org\/wp-content\/uploads\/2024\/12\/abstract-pebble-tufted-wool-rug-green-8x8-picture-1024x1024.jpg",1024,1024,true],"1536x1536":["https:\/\/custom-rugs.org\/wp-content\/uploads\/2024\/12\/abstract-pebble-tufted-wool-rug-green-8x8-picture-1536x1536.jpg",1536,1536,true],"2048x2048":["https:\/\/custom-rugs.org\/wp-content\/uploads\/2024\/12\/abstract-pebble-tufted-wool-rug-green-8x8-picture.jpg",1600,1600,false],"trp-custom-language-flag":["https:\/\/custom-rugs.org\/wp-content\/uploads\/2024\/12\/abstract-pebble-tufted-wool-rug-green-8x8-picture.jpg",12,12,false],"crp_thumbnail":["https:\/\/custom-rugs.org\/wp-content\/uploads\/2024\/12\/abstract-pebble-tufted-wool-rug-green-8x8-picture-150x150.jpg",150,150,true]},"uagb_author_info":{"display_name":"Custom Rugs","author_link":"https:\/\/custom-rugs.org\/fr\/author\/admin-hang\/"},"uagb_comment_info":0,"uagb_excerpt":"Abstract Green Pebble Square Tufted Wool Rug 8\u2019x8\u2032 Custom tufted rug with abstract pebble design Crafted from premium New Zealand wool Handmade with meticulous attention to detail Square 8\u2019x8\u2032 size for versatile placement Soothing green tones for natural ambiance Ask a Quote Product Description Our Abstract Pebble Wool Rug draws inspiration from the gentle, organic\u2026","_links":{"self":[{"href":"https:\/\/custom-rugs.org\/fr\/wp-json\/wp\/v2\/pages\/2276","targetHints":{"allow":["GET"]}}],"collection":[{"href":"https:\/\/custom-rugs.org\/fr\/wp-json\/wp\/v2\/pages"}],"about":[{"href":"https:\/\/custom-rugs.org\/fr\/wp-json\/wp\/v2\/types\/page"}],"author":[{"embeddable":true,"href":"https:\/\/custom-rugs.org\/fr\/wp-json\/wp\/v2\/users\/1"}],"replies":[{"embeddable":true,"href":"https:\/\/custom-rugs.org\/fr\/wp-json\/wp\/v2\/comments?post=2276"}],"version-history":[{"count":0,"href":"https:\/\/custom-rugs.org\/fr\/wp-json\/wp\/v2\/pages\/2276\/revisions"}],"up":[{"embeddable":true,"href":"https:\/\/custom-rugs.org\/fr\/wp-json\/wp\/v2\/pages\/2236"}],"wp:featuredmedia":[{"embeddable":true,"href":"https:\/\/custom-rugs.org\/fr\/wp-json\/wp\/v2\/media\/2278"}],"wp:attachment":[{"href":"https:\/\/custom-rugs.org\/fr\/wp-json\/wp\/v2\/media?parent=2276"}],"curies":[{"name":"wp","href":"https:\/\/api.w.org\/{rel}","templated":true}]}}