{"id":2360,"date":"2024-12-03T19:57:54","date_gmt":"2024-12-03T11:57:54","guid":{"rendered":"https:\/\/custom-rugs.org\/?page_id=2360"},"modified":"2024-12-03T19:59:36","modified_gmt":"2024-12-03T11:59:36","slug":"mid-century-abstract-wool-rug-beige-contemporary-200x300cm","status":"publish","type":"page","link":"https:\/\/custom-rugs.org\/es\/abstract-rugs\/mid-century-abstract-wool-rug-beige-contemporary-200x300cm\/","title":{"rendered":"Alfombra Abstracta de Lana de Mediano Siglo | Beige Contempor\u00e1nea 200x300cm"},"content":{"rendered":"<div data-elementor-type=\"wp-page\" data-elementor-id=\"2360\" class=\"elementor elementor-2360\">\n\t\t\t\t<div class=\"elementor-element elementor-element-0e6c445 e-flex e-con-boxed e-con e-parent\" data-id=\"0e6c445\" data-element_type=\"container\">\n\t\t\t\t\t<div class=\"e-con-inner\">\n\t\t<div class=\"elementor-element elementor-element-2a9696d e-con-full e-flex e-con e-child\" data-id=\"2a9696d\" data-element_type=\"container\">\n\t\t\t\t<div class=\"elementor-element elementor-element-30bb642 elementor-widget elementor-widget-image\" data-id=\"30bb642\" data-element_type=\"widget\" data-widget_type=\"image.default\">\n\t\t\t\t<div class=\"elementor-widget-container\">\n\t\t\t\t\t\t\t\t\t\t\t\t\t<img fetchpriority=\"high\" decoding=\"async\" width=\"768\" height=\"768\" src=\"https:\/\/custom-rugs.org\/wp-content\/uploads\/2024\/12\/mid-century-abstract-beige-wool-rug-200x300cm-picture-768x768.jpg\" class=\"attachment-medium_large size-medium_large wp-image-2362\" alt=\"alfombra abstracta de lana beige de mediados de siglo 200x300cm cuadro\" srcset=\"https:\/\/custom-rugs.org\/wp-content\/uploads\/2024\/12\/mid-century-abstract-beige-wool-rug-200x300cm-picture-768x768.jpg 768w, https:\/\/custom-rugs.org\/wp-content\/uploads\/2024\/12\/mid-century-abstract-beige-wool-rug-200x300cm-picture-300x300.jpg 300w, https:\/\/custom-rugs.org\/wp-content\/uploads\/2024\/12\/mid-century-abstract-beige-wool-rug-200x300cm-picture-1024x1024.jpg 1024w, https:\/\/custom-rugs.org\/wp-content\/uploads\/2024\/12\/mid-century-abstract-beige-wool-rug-200x300cm-picture-150x150.jpg 150w, https:\/\/custom-rugs.org\/wp-content\/uploads\/2024\/12\/mid-century-abstract-beige-wool-rug-200x300cm-picture-1536x1536.jpg 1536w, https:\/\/custom-rugs.org\/wp-content\/uploads\/2024\/12\/mid-century-abstract-beige-wool-rug-200x300cm-picture.jpg 1600w\" sizes=\"(max-width: 768px) 100vw, 768px\" \/>\t\t\t\t\t\t\t\t\t\t\t\t\t<\/div>\n\t\t\t\t<\/div>\n\t\t\t\t<\/div>\n\t\t<div class=\"elementor-element elementor-element-233bf87 e-con-full e-flex e-con e-child\" data-id=\"233bf87\" data-element_type=\"container\">\n\t\t\t\t<div class=\"elementor-element elementor-element-bb6c2d5 elementor-widget elementor-widget-shortcode\" data-id=\"bb6c2d5\" data-element_type=\"widget\" data-widget_type=\"shortcode.default\">\n\t\t\t\t<div class=\"elementor-widget-container\">\n\t\t\t\t\t<div class=\"elementor-shortcode\"><nav aria-label=\"pan rallado\" class=\"rank-math-breadcrumb\"><p><span class=\"last\">Inicio<\/span><\/p><\/nav><\/div>\n\t\t\t\t<\/div>\n\t\t\t\t<\/div>\n\t\t\t\t<div class=\"elementor-element elementor-element-aa43aa6 elementor-widget elementor-widget-heading\" data-id=\"aa43aa6\" data-element_type=\"widget\" data-widget_type=\"heading.default\">\n\t\t\t\t<div class=\"elementor-widget-container\">\n\t\t\t<h1 class=\"elementor-heading-title elementor-size-default\">Alfombra Abstracta de Lana de Mediano Siglo | Beige Contempor\u00e1nea 200x300cm<\/h1>\t\t<\/div>\n\t\t\t\t<\/div>\n\t\t\t\t<div class=\"elementor-element elementor-element-a765536 elementor-widget elementor-widget-text-editor\" data-id=\"a765536\" data-element_type=\"widget\" data-widget_type=\"text-editor.default\">\n\t\t\t\t<div class=\"elementor-widget-container\">\n\t\t\t\t\t\t\t<ul><li>Lujosa lana de Nueva Zelanda para el m\u00e1ximo confort<\/li><li>Dise\u00f1o contempor\u00e1neo abstracto de mediados de siglo<\/li><li>Sofisticada paleta beige para una elegancia atemporal<\/li><li>Copetudo personalizado para una calidad y longevidad excepcionales<\/li><li>Tama\u00f1o generoso de 200x300 cm para habitaciones espaciosas<\/li><\/ul>\t\t\t\t\t\t<\/div>\n\t\t\t\t<\/div>\n\t\t\t\t<div class=\"elementor-element elementor-element-72f4d6f elementor-align-left elementor-widget elementor-widget-button\" data-id=\"72f4d6f\" data-element_type=\"widget\" data-widget_type=\"button.default\">\n\t\t\t\t<div class=\"elementor-widget-container\">\n\t\t\t\t\t<div class=\"elementor-button-wrapper\">\n\t\t\t<a class=\"elementor-button elementor-button-link elementor-size-sm\" href=\"https:\/\/custom-rugs.org\/es\/contact\/\" target=\"_blank\">\n\t\t\t\t\t\t<span class=\"elementor-button-content-wrapper\">\n\t\t\t\t\t\t\t\t\t<span class=\"elementor-button-text\">Pedir presupuesto<\/span>\n\t\t\t\t\t<\/span>\n\t\t\t\t\t<\/a>\n\t\t<\/div>\n\t\t\t\t<\/div>\n\t\t\t\t<\/div>\n\t\t\t\t<\/div>\n\t\t\t\t\t<\/div>\n\t\t\t\t<\/div>\n\t\t<div class=\"elementor-element elementor-element-1068bab e-flex e-con-boxed e-con e-parent\" data-id=\"1068bab\" data-element_type=\"container\" data-settings=\"{&quot;background_background&quot;:&quot;classic&quot;}\">\n\t\t\t\t\t<div class=\"e-con-inner\">\n\t\t<div class=\"elementor-element elementor-element-44ecced e-con-full e-flex e-con e-child\" data-id=\"44ecced\" data-element_type=\"container\">\n\t\t\t\t<div class=\"elementor-element elementor-element-15d8f28 elementor-widget-divider--view-line elementor-widget elementor-widget-divider\" data-id=\"15d8f28\" data-element_type=\"widget\" data-widget_type=\"divider.default\">\n\t\t\t\t<div class=\"elementor-widget-container\">\n\t\t\t\t\t<div class=\"elementor-divider\">\n\t\t\t<span class=\"elementor-divider-separator\">\n\t\t\t\t\t\t<\/span>\n\t\t<\/div>\n\t\t\t\t<\/div>\n\t\t\t\t<\/div>\n\t\t\t\t<div class=\"elementor-element elementor-element-7a52425 elementor-widget elementor-widget-heading\" data-id=\"7a52425\" data-element_type=\"widget\" data-widget_type=\"heading.default\">\n\t\t\t\t<div class=\"elementor-widget-container\">\n\t\t\t<div class=\"elementor-heading-title elementor-size-default\">Descripci\u00f3n del producto<\/div>\t\t<\/div>\n\t\t\t\t<\/div>\n\t\t\t\t<div class=\"elementor-element elementor-element-2c8fb68 elementor-widget elementor-widget-text-editor\" data-id=\"2c8fb68\" data-element_type=\"widget\" data-widget_type=\"text-editor.default\">\n\t\t\t\t<div class=\"elementor-widget-container\">\n\t\t\t\t\t\t\t<p>Esta sofisticada pieza presenta una interpretaci\u00f3n contempor\u00e1nea del dise\u00f1o de mediados de siglo.<br \/>Muestre formas abstractas fluidas en suaves tonos beige.<br \/>Ofrece una mezcla perfecta de est\u00e9tica de inspiraci\u00f3n retro y confort moderno.<br \/>Cree un punto focal vers\u00e1til y elegante para su sala de estar.<\/p><p><strong>Destaque<\/strong><\/p><ul><li>Elegante motivo abstracto inspirado en el arte moderno de mediados de siglo<\/li><li>Formato rectangular generoso (200x300 cm) para una presencia impactante<\/li><li>Pelo denso y lujoso para un confort supremo bajo los pies<\/li><li>Ideal para a\u00f1adir un toque de refinado encanto de inspiraci\u00f3n vintage a los interiores contempor\u00e1neos.<\/li><\/ul><p><strong>Dise\u00f1ado por<\/strong><\/p><ul><li>Oscar Lee<\/li><\/ul><p><strong>Dimensiones y peso<\/strong><\/p><ul><li>200 x 300 cm \/ 6,5 x 9,8 pies (-\/+5 cm o 2 pulgadas)<\/li><li>Grosor = 1,2 cm \/ 0,5 pulgadas<\/li><li>31 kg \/ 68 libras<\/li><\/ul><p><strong>Material<\/strong><\/p><ul><li>100% Lana de Nueva Zelanda<\/li><\/ul><p><strong>Plazo de producci\u00f3n<\/strong><\/p><p>Cada alfombra que creamos est\u00e1 hecha a medida.<\/p><ul><li>Tiempo de producci\u00f3n: 15 - 20 d\u00edas laborables<\/li><li>Este plazo comienza una vez confirmado el pedido.<\/li><li>Cada alfombra se elabora espec\u00edficamente seg\u00fan sus especificaciones<\/li><li>Nuestros artesanos garantizan la calidad en cada paso del proceso<\/li><\/ul><p>Tenga en cuenta lo siguiente:<\/p><ul><li>Los d\u00edas laborables no incluyen fines de semana ni festivos<\/li><li>Los dise\u00f1os complejos pueden requerir m\u00e1s tiempo<\/li><li>Haremos todo lo posible para enviar lo antes posible los pedidos urgentes.<\/li><\/ul><p>Le agradecemos su paciencia mientras creamos su alfombra \u00fanica.<br \/>La artesan\u00eda de calidad lleva su tiempo, pero prometemos que la espera merece la pena.<\/p>\t\t\t\t\t\t<\/div>\n\t\t\t\t<\/div>\n\t\t\t\t<\/div>\n\t\t\t\t\t<\/div>\n\t\t\t\t<\/div>\n\t\t\t\t<\/div>","protected":false},"excerpt":{"rendered":"<p>Mid-Century Abstract Wool Rug | Beige Contemporary 200x300cm Luxurious New Zealand wool for ultimate comfort Mid-century abstract contemporary design Sophisticated beige palette for timeless elegance Custom tufted for exceptional quality and longevity Generous 200x300cm size for spacious rooms Ask a Quote Product Description This sophisticated piece features a contemporary interpretation of mid-century design.Showcase fluid abstract [&hellip;]<\/p>","protected":false},"author":1,"featured_media":2362,"parent":2236,"menu_order":0,"comment_status":"closed","ping_status":"closed","template":"","meta":{"rank_math_lock_modified_date":false,"_uag_custom_page_level_css":"","site-sidebar-layout":"no-sidebar","site-content-layout":"page-builder","ast-site-content-layout":"full-width-container","site-content-style":"default","site-sidebar-style":"default","ast-global-header-display":"","ast-banner-title-visibility":"","ast-main-header-display":"","ast-hfb-above-header-display":"","ast-hfb-below-header-display":"","ast-hfb-mobile-header-display":"","site-post-title":"disabled","ast-breadcrumbs-content":"","ast-featured-img":"disabled","footer-sml-layout":"","theme-transparent-header-meta":"","adv-header-id-meta":"","stick-header-meta":"","header-above-stick-meta":"","header-main-stick-meta":"","header-below-stick-meta":"","astra-migrate-meta-layouts":"set","ast-page-background-enabled":"default","ast-page-background-meta":{"desktop":{"background-color":"","background-image":"","background-repeat":"repeat","background-position":"center center","background-size":"auto","background-attachment":"scroll","background-type":"","background-media":"","overlay-type":"","overlay-color":"","overlay-opacity":"","overlay-gradient":""},"tablet":{"background-color":"","background-image":"","background-repeat":"repeat","background-position":"center center","background-size":"auto","background-attachment":"scroll","background-type":"","background-media":"","overlay-type":"","overlay-color":"","overlay-opacity":"","overlay-gradient":""},"mobile":{"background-color":"","background-image":"","background-repeat":"repeat","background-position":"center center","background-size":"auto","background-attachment":"scroll","background-type":"","background-media":"","overlay-type":"","overlay-color":"","overlay-opacity":"","overlay-gradient":""}},"ast-content-background-meta":{"desktop":{"background-color":"var(--ast-global-color-5)","background-image":"","background-repeat":"repeat","background-position":"center center","background-size":"auto","background-attachment":"scroll","background-type":"","background-media":"","overlay-type":"","overlay-color":"","overlay-opacity":"","overlay-gradient":""},"tablet":{"background-color":"var(--ast-global-color-5)","background-image":"","background-repeat":"repeat","background-position":"center center","background-size":"auto","background-attachment":"scroll","background-type":"","background-media":"","overlay-type":"","overlay-color":"","overlay-opacity":"","overlay-gradient":""},"mobile":{"background-color":"var(--ast-global-color-5)","background-image":"","background-repeat":"repeat","background-position":"center center","background-size":"auto","background-attachment":"scroll","background-type":"","background-media":"","overlay-type":"","overlay-color":"","overlay-opacity":"","overlay-gradient":""}},"_joinchat":[],"footnotes":""},"class_list":["post-2360","page","type-page","status-publish","has-post-thumbnail","hentry"],"uagb_featured_image_src":{"full":["https:\/\/custom-rugs.org\/wp-content\/uploads\/2024\/12\/mid-century-abstract-beige-wool-rug-200x300cm-picture.jpg",1600,1600,false],"thumbnail":["https:\/\/custom-rugs.org\/wp-content\/uploads\/2024\/12\/mid-century-abstract-beige-wool-rug-200x300cm-picture-150x150.jpg",150,150,true],"medium":["https:\/\/custom-rugs.org\/wp-content\/uploads\/2024\/12\/mid-century-abstract-beige-wool-rug-200x300cm-picture-300x300.jpg",300,300,true],"medium_large":["https:\/\/custom-rugs.org\/wp-content\/uploads\/2024\/12\/mid-century-abstract-beige-wool-rug-200x300cm-picture-768x768.jpg",768,768,true],"large":["https:\/\/custom-rugs.org\/wp-content\/uploads\/2024\/12\/mid-century-abstract-beige-wool-rug-200x300cm-picture-1024x1024.jpg",1024,1024,true],"1536x1536":["https:\/\/custom-rugs.org\/wp-content\/uploads\/2024\/12\/mid-century-abstract-beige-wool-rug-200x300cm-picture-1536x1536.jpg",1536,1536,true],"2048x2048":["https:\/\/custom-rugs.org\/wp-content\/uploads\/2024\/12\/mid-century-abstract-beige-wool-rug-200x300cm-picture.jpg",1600,1600,false],"trp-custom-language-flag":["https:\/\/custom-rugs.org\/wp-content\/uploads\/2024\/12\/mid-century-abstract-beige-wool-rug-200x300cm-picture.jpg",12,12,false],"crp_thumbnail":["https:\/\/custom-rugs.org\/wp-content\/uploads\/2024\/12\/mid-century-abstract-beige-wool-rug-200x300cm-picture-150x150.jpg",150,150,true]},"uagb_author_info":{"display_name":"Custom Rugs","author_link":"https:\/\/custom-rugs.org\/es\/author\/admin-hang\/"},"uagb_comment_info":0,"uagb_excerpt":"Mid-Century Abstract Wool Rug | Beige Contemporary 200x300cm Luxurious New Zealand wool for ultimate comfort Mid-century abstract contemporary design Sophisticated beige palette for timeless elegance Custom tufted for exceptional quality and longevity Generous 200x300cm size for spacious rooms Ask a Quote Product Description This sophisticated piece features a contemporary interpretation of mid-century design.Showcase fluid abstract&hellip;","_links":{"self":[{"href":"https:\/\/custom-rugs.org\/es\/wp-json\/wp\/v2\/pages\/2360","targetHints":{"allow":["GET"]}}],"collection":[{"href":"https:\/\/custom-rugs.org\/es\/wp-json\/wp\/v2\/pages"}],"about":[{"href":"https:\/\/custom-rugs.org\/es\/wp-json\/wp\/v2\/types\/page"}],"author":[{"embeddable":true,"href":"https:\/\/custom-rugs.org\/es\/wp-json\/wp\/v2\/users\/1"}],"replies":[{"embeddable":true,"href":"https:\/\/custom-rugs.org\/es\/wp-json\/wp\/v2\/comments?post=2360"}],"version-history":[{"count":0,"href":"https:\/\/custom-rugs.org\/es\/wp-json\/wp\/v2\/pages\/2360\/revisions"}],"up":[{"embeddable":true,"href":"https:\/\/custom-rugs.org\/es\/wp-json\/wp\/v2\/pages\/2236"}],"wp:featuredmedia":[{"embeddable":true,"href":"https:\/\/custom-rugs.org\/es\/wp-json\/wp\/v2\/media\/2362"}],"wp:attachment":[{"href":"https:\/\/custom-rugs.org\/es\/wp-json\/wp\/v2\/media?parent=2360"}],"curies":[{"name":"wp","href":"https:\/\/api.w.org\/{rel}","templated":true}]}}