{"id":2351,"date":"2024-12-03T19:52:01","date_gmt":"2024-12-03T11:52:01","guid":{"rendered":"https:\/\/custom-rugs.org\/?page_id=2351"},"modified":"2024-12-03T19:54:16","modified_gmt":"2024-12-03T11:54:16","slug":"custom-tufted-wool-rug-with-burgundy-accent-9x12","status":"publish","type":"page","link":"https:\/\/custom-rugs.org\/es\/abstract-rugs\/custom-tufted-wool-rug-with-burgundy-accent-9x12\/","title":{"rendered":"Alfombra de lana trenzada a medida con acento burdeos, 9'x12\u2032."},"content":{"rendered":"<div data-elementor-type=\"wp-page\" data-elementor-id=\"2351\" class=\"elementor elementor-2351\">\n\t\t\t\t<div class=\"elementor-element elementor-element-31c08aa e-flex e-con-boxed e-con e-parent\" data-id=\"31c08aa\" data-element_type=\"container\">\n\t\t\t\t\t<div class=\"e-con-inner\">\n\t\t<div class=\"elementor-element elementor-element-ad04c7c e-con-full e-flex e-con e-child\" data-id=\"ad04c7c\" data-element_type=\"container\">\n\t\t\t\t<div class=\"elementor-element elementor-element-ab121e6 elementor-widget elementor-widget-image\" data-id=\"ab121e6\" data-element_type=\"widget\" data-widget_type=\"image.default\">\n\t\t\t\t<div class=\"elementor-widget-container\">\n\t\t\t\t\t\t\t\t\t\t\t\t\t<img fetchpriority=\"high\" decoding=\"async\" width=\"768\" height=\"768\" src=\"https:\/\/custom-rugs.org\/wp-content\/uploads\/2024\/12\/custom-tufted-wool-rug-brown-burgundy-stripe-9x12-picture-768x768.jpg\" class=\"attachment-medium_large size-medium_large wp-image-2353\" alt=\"alfombra de lana tufted a medida raya marron burdeos 9x12\" srcset=\"https:\/\/custom-rugs.org\/wp-content\/uploads\/2024\/12\/custom-tufted-wool-rug-brown-burgundy-stripe-9x12-picture-768x768.jpg 768w, https:\/\/custom-rugs.org\/wp-content\/uploads\/2024\/12\/custom-tufted-wool-rug-brown-burgundy-stripe-9x12-picture-300x300.jpg 300w, https:\/\/custom-rugs.org\/wp-content\/uploads\/2024\/12\/custom-tufted-wool-rug-brown-burgundy-stripe-9x12-picture-1024x1024.jpg 1024w, https:\/\/custom-rugs.org\/wp-content\/uploads\/2024\/12\/custom-tufted-wool-rug-brown-burgundy-stripe-9x12-picture-150x150.jpg 150w, https:\/\/custom-rugs.org\/wp-content\/uploads\/2024\/12\/custom-tufted-wool-rug-brown-burgundy-stripe-9x12-picture-1536x1536.jpg 1536w, https:\/\/custom-rugs.org\/wp-content\/uploads\/2024\/12\/custom-tufted-wool-rug-brown-burgundy-stripe-9x12-picture.jpg 1600w\" sizes=\"(max-width: 768px) 100vw, 768px\" \/>\t\t\t\t\t\t\t\t\t\t\t\t\t<\/div>\n\t\t\t\t<\/div>\n\t\t\t\t<\/div>\n\t\t<div class=\"elementor-element elementor-element-72bab2e e-con-full e-flex e-con e-child\" data-id=\"72bab2e\" data-element_type=\"container\">\n\t\t\t\t<div class=\"elementor-element elementor-element-862430b elementor-widget elementor-widget-shortcode\" data-id=\"862430b\" data-element_type=\"widget\" data-widget_type=\"shortcode.default\">\n\t\t\t\t<div class=\"elementor-widget-container\">\n\t\t\t\t\t<div class=\"elementor-shortcode\"><nav aria-label=\"pan rallado\" class=\"rank-math-breadcrumb\"><p><span class=\"last\">Inicio<\/span><\/p><\/nav><\/div>\n\t\t\t\t<\/div>\n\t\t\t\t<\/div>\n\t\t\t\t<div class=\"elementor-element elementor-element-beee689 elementor-widget elementor-widget-heading\" data-id=\"beee689\" data-element_type=\"widget\" data-widget_type=\"heading.default\">\n\t\t\t\t<div class=\"elementor-widget-container\">\n\t\t\t<h1 class=\"elementor-heading-title elementor-size-default\">Alfombra de lana trenzada a medida con acento burdeos, 9'x12\u2032.<\/h1>\t\t<\/div>\n\t\t\t\t<\/div>\n\t\t\t\t<div class=\"elementor-element elementor-element-83a2f17 elementor-widget elementor-widget-text-editor\" data-id=\"83a2f17\" data-element_type=\"widget\" data-widget_type=\"text-editor.default\">\n\t\t\t\t<div class=\"elementor-widget-container\">\n\t\t\t\t\t\t\t<ul><li>Construcci\u00f3n de lana de Nueva Zelanda<\/li><li>Mech\u00f3n personalizado para mayor calidad<\/li><li>Base marr\u00f3n intenso con detalles en burdeos<\/li><li>Dise\u00f1o contempor\u00e1neo de rayas diagonales<\/li><li>Tama\u00f1o generoso de 9'x12\u2032 para habitaciones espaciosas.<\/li><\/ul>\t\t\t\t\t\t<\/div>\n\t\t\t\t<\/div>\n\t\t\t\t<div class=\"elementor-element elementor-element-d6f625d elementor-align-left elementor-widget elementor-widget-button\" data-id=\"d6f625d\" data-element_type=\"widget\" data-widget_type=\"button.default\">\n\t\t\t\t<div class=\"elementor-widget-container\">\n\t\t\t\t\t<div class=\"elementor-button-wrapper\">\n\t\t\t<a class=\"elementor-button elementor-button-link elementor-size-sm\" href=\"https:\/\/custom-rugs.org\/es\/contact\/\" target=\"_blank\">\n\t\t\t\t\t\t<span class=\"elementor-button-content-wrapper\">\n\t\t\t\t\t\t\t\t\t<span class=\"elementor-button-text\">Pedir presupuesto<\/span>\n\t\t\t\t\t<\/span>\n\t\t\t\t\t<\/a>\n\t\t<\/div>\n\t\t\t\t<\/div>\n\t\t\t\t<\/div>\n\t\t\t\t<\/div>\n\t\t\t\t\t<\/div>\n\t\t\t\t<\/div>\n\t\t<div class=\"elementor-element elementor-element-d399940 e-flex e-con-boxed e-con e-parent\" data-id=\"d399940\" data-element_type=\"container\" data-settings=\"{&quot;background_background&quot;:&quot;classic&quot;}\">\n\t\t\t\t\t<div class=\"e-con-inner\">\n\t\t<div class=\"elementor-element elementor-element-4a3b283 e-con-full e-flex e-con e-child\" data-id=\"4a3b283\" data-element_type=\"container\">\n\t\t\t\t<div class=\"elementor-element elementor-element-4b0467a elementor-widget-divider--view-line elementor-widget elementor-widget-divider\" data-id=\"4b0467a\" data-element_type=\"widget\" data-widget_type=\"divider.default\">\n\t\t\t\t<div class=\"elementor-widget-container\">\n\t\t\t\t\t<div class=\"elementor-divider\">\n\t\t\t<span class=\"elementor-divider-separator\">\n\t\t\t\t\t\t<\/span>\n\t\t<\/div>\n\t\t\t\t<\/div>\n\t\t\t\t<\/div>\n\t\t\t\t<div class=\"elementor-element elementor-element-cf55fd9 elementor-widget elementor-widget-heading\" data-id=\"cf55fd9\" data-element_type=\"widget\" data-widget_type=\"heading.default\">\n\t\t\t\t<div class=\"elementor-widget-container\">\n\t\t\t<div class=\"elementor-heading-title elementor-size-default\">Descripci\u00f3n del producto<\/div>\t\t<\/div>\n\t\t\t\t<\/div>\n\t\t\t\t<div class=\"elementor-element elementor-element-f27b4ae elementor-widget elementor-widget-text-editor\" data-id=\"f27b4ae\" data-element_type=\"widget\" data-widget_type=\"text-editor.default\">\n\t\t\t\t<div class=\"elementor-widget-container\">\n\t\t\t\t\t\t\t<p>Nuestra alfombra de lana Custom Tufted representa el equilibrio perfecto entre artesan\u00eda y dise\u00f1o contempor\u00e1neo.<br \/>Inspirada en los sutiles contrastes de la naturaleza, esta alfombra presenta una rica base marr\u00f3n entrecruzada por un atrevido acento burdeos.<br \/>La raya diagonal crea una sensaci\u00f3n de movimiento, a\u00f1adiendo profundidad e inter\u00e9s a su espacio vital.<\/p><p><strong>\u00a0Lo m\u00e1s destacado:<\/strong><\/p><ul><li>Hecho a mano con lana de Nueva Zelanda de primera calidad para mayor durabilidad y suavidad<\/li><li>La t\u00e9cnica de mech\u00f3n personalizado garantiza una calidad y textura excepcionales<\/li><li>Tama\u00f1o vers\u00e1til de 9'x12\u2032 adecuado para grandes salas de estar o espacios de concepto abierto.<\/li><\/ul><p><strong>Dimensiones y peso<\/strong><\/p><ul><li>270 x 370 cm \/ 9 x 12 pies (-\/+5 cm o 2 pulgadas)<\/li><li>Grosor = 1,5 cm \/ 0,5 pulgadas<\/li><li>55 kg \/ 121 libras<\/li><\/ul><p><strong>Material<\/strong><\/p><ul><li>100% Lana de Nueva Zelanda<\/li><\/ul><p><strong>Plazo de producci\u00f3n<\/strong><\/p><p>Cada alfombra que creamos est\u00e1 hecha a medida.<\/p><ul><li>Tiempo de producci\u00f3n: 15 - 20 d\u00edas laborables<\/li><li>Este plazo comienza una vez confirmado el pedido.<\/li><li>Cada alfombra se elabora espec\u00edficamente seg\u00fan sus especificaciones<\/li><li>Nuestros artesanos garantizan la calidad en cada paso del proceso<\/li><\/ul><p>Tenga en cuenta lo siguiente:<\/p><ul><li>Los d\u00edas laborables no incluyen fines de semana ni festivos<\/li><li>Los dise\u00f1os complejos pueden requerir m\u00e1s tiempo<\/li><li>Haremos todo lo posible para enviar lo antes posible los pedidos urgentes.<\/li><\/ul><p>Le agradecemos su paciencia mientras creamos su alfombra \u00fanica.<br \/>La artesan\u00eda de calidad lleva su tiempo, pero prometemos que la espera merece la pena.<\/p>\t\t\t\t\t\t<\/div>\n\t\t\t\t<\/div>\n\t\t\t\t<\/div>\n\t\t\t\t\t<\/div>\n\t\t\t\t<\/div>\n\t\t\t\t<\/div>","protected":false},"excerpt":{"rendered":"<p>Custom Tufted Wool Rug with Burgundy Accent, 9\u2019x12\u2032 New Zealand wool construction Custom tufted for quality Rich brown base with burgundy accent Contemporary diagonal stripe design Generous 9\u2019x12\u2032 size for spacious rooms Ask a Quote Product Description Our Custom Tufted Wool Rug embodies the perfect balance of craftsmanship and contemporary design.Inspired by nature\u2019s subtle contrasts, [&hellip;]<\/p>","protected":false},"author":1,"featured_media":2353,"parent":2236,"menu_order":0,"comment_status":"closed","ping_status":"closed","template":"","meta":{"rank_math_lock_modified_date":false,"_uag_custom_page_level_css":"","site-sidebar-layout":"no-sidebar","site-content-layout":"page-builder","ast-site-content-layout":"full-width-container","site-content-style":"default","site-sidebar-style":"default","ast-global-header-display":"","ast-banner-title-visibility":"","ast-main-header-display":"","ast-hfb-above-header-display":"","ast-hfb-below-header-display":"","ast-hfb-mobile-header-display":"","site-post-title":"disabled","ast-breadcrumbs-content":"","ast-featured-img":"disabled","footer-sml-layout":"","theme-transparent-header-meta":"","adv-header-id-meta":"","stick-header-meta":"","header-above-stick-meta":"","header-main-stick-meta":"","header-below-stick-meta":"","astra-migrate-meta-layouts":"set","ast-page-background-enabled":"default","ast-page-background-meta":{"desktop":{"background-color":"","background-image":"","background-repeat":"repeat","background-position":"center center","background-size":"auto","background-attachment":"scroll","background-type":"","background-media":"","overlay-type":"","overlay-color":"","overlay-opacity":"","overlay-gradient":""},"tablet":{"background-color":"","background-image":"","background-repeat":"repeat","background-position":"center center","background-size":"auto","background-attachment":"scroll","background-type":"","background-media":"","overlay-type":"","overlay-color":"","overlay-opacity":"","overlay-gradient":""},"mobile":{"background-color":"","background-image":"","background-repeat":"repeat","background-position":"center center","background-size":"auto","background-attachment":"scroll","background-type":"","background-media":"","overlay-type":"","overlay-color":"","overlay-opacity":"","overlay-gradient":""}},"ast-content-background-meta":{"desktop":{"background-color":"var(--ast-global-color-5)","background-image":"","background-repeat":"repeat","background-position":"center center","background-size":"auto","background-attachment":"scroll","background-type":"","background-media":"","overlay-type":"","overlay-color":"","overlay-opacity":"","overlay-gradient":""},"tablet":{"background-color":"var(--ast-global-color-5)","background-image":"","background-repeat":"repeat","background-position":"center center","background-size":"auto","background-attachment":"scroll","background-type":"","background-media":"","overlay-type":"","overlay-color":"","overlay-opacity":"","overlay-gradient":""},"mobile":{"background-color":"var(--ast-global-color-5)","background-image":"","background-repeat":"repeat","background-position":"center center","background-size":"auto","background-attachment":"scroll","background-type":"","background-media":"","overlay-type":"","overlay-color":"","overlay-opacity":"","overlay-gradient":""}},"_joinchat":[],"footnotes":""},"class_list":["post-2351","page","type-page","status-publish","has-post-thumbnail","hentry"],"uagb_featured_image_src":{"full":["https:\/\/custom-rugs.org\/wp-content\/uploads\/2024\/12\/custom-tufted-wool-rug-brown-burgundy-stripe-9x12-picture.jpg",1600,1600,false],"thumbnail":["https:\/\/custom-rugs.org\/wp-content\/uploads\/2024\/12\/custom-tufted-wool-rug-brown-burgundy-stripe-9x12-picture-150x150.jpg",150,150,true],"medium":["https:\/\/custom-rugs.org\/wp-content\/uploads\/2024\/12\/custom-tufted-wool-rug-brown-burgundy-stripe-9x12-picture-300x300.jpg",300,300,true],"medium_large":["https:\/\/custom-rugs.org\/wp-content\/uploads\/2024\/12\/custom-tufted-wool-rug-brown-burgundy-stripe-9x12-picture-768x768.jpg",768,768,true],"large":["https:\/\/custom-rugs.org\/wp-content\/uploads\/2024\/12\/custom-tufted-wool-rug-brown-burgundy-stripe-9x12-picture-1024x1024.jpg",1024,1024,true],"1536x1536":["https:\/\/custom-rugs.org\/wp-content\/uploads\/2024\/12\/custom-tufted-wool-rug-brown-burgundy-stripe-9x12-picture-1536x1536.jpg",1536,1536,true],"2048x2048":["https:\/\/custom-rugs.org\/wp-content\/uploads\/2024\/12\/custom-tufted-wool-rug-brown-burgundy-stripe-9x12-picture.jpg",1600,1600,false],"trp-custom-language-flag":["https:\/\/custom-rugs.org\/wp-content\/uploads\/2024\/12\/custom-tufted-wool-rug-brown-burgundy-stripe-9x12-picture.jpg",12,12,false],"crp_thumbnail":["https:\/\/custom-rugs.org\/wp-content\/uploads\/2024\/12\/custom-tufted-wool-rug-brown-burgundy-stripe-9x12-picture-150x150.jpg",150,150,true]},"uagb_author_info":{"display_name":"Custom Rugs","author_link":"https:\/\/custom-rugs.org\/es\/author\/admin-hang\/"},"uagb_comment_info":0,"uagb_excerpt":"Custom Tufted Wool Rug with Burgundy Accent, 9\u2019x12\u2032 New Zealand wool construction Custom tufted for quality Rich brown base with burgundy accent Contemporary diagonal stripe design Generous 9\u2019x12\u2032 size for spacious rooms Ask a Quote Product Description Our Custom Tufted Wool Rug embodies the perfect balance of craftsmanship and contemporary design.Inspired by nature\u2019s subtle contrasts,&hellip;","_links":{"self":[{"href":"https:\/\/custom-rugs.org\/es\/wp-json\/wp\/v2\/pages\/2351","targetHints":{"allow":["GET"]}}],"collection":[{"href":"https:\/\/custom-rugs.org\/es\/wp-json\/wp\/v2\/pages"}],"about":[{"href":"https:\/\/custom-rugs.org\/es\/wp-json\/wp\/v2\/types\/page"}],"author":[{"embeddable":true,"href":"https:\/\/custom-rugs.org\/es\/wp-json\/wp\/v2\/users\/1"}],"replies":[{"embeddable":true,"href":"https:\/\/custom-rugs.org\/es\/wp-json\/wp\/v2\/comments?post=2351"}],"version-history":[{"count":0,"href":"https:\/\/custom-rugs.org\/es\/wp-json\/wp\/v2\/pages\/2351\/revisions"}],"up":[{"embeddable":true,"href":"https:\/\/custom-rugs.org\/es\/wp-json\/wp\/v2\/pages\/2236"}],"wp:featuredmedia":[{"embeddable":true,"href":"https:\/\/custom-rugs.org\/es\/wp-json\/wp\/v2\/media\/2353"}],"wp:attachment":[{"href":"https:\/\/custom-rugs.org\/es\/wp-json\/wp\/v2\/media?parent=2351"}],"curies":[{"name":"wp","href":"https:\/\/api.w.org\/{rel}","templated":true}]}}