{"id":2315,"date":"2024-12-03T19:06:58","date_gmt":"2024-12-03T11:06:58","guid":{"rendered":"https:\/\/custom-rugs.org\/?page_id=2315"},"modified":"2024-12-03T19:07:59","modified_gmt":"2024-12-03T11:07:59","slug":"atomic-grid-wool-area-rug-hand-tufted-8x10-natural-ivory","status":"publish","type":"page","link":"https:\/\/custom-rugs.org\/es\/abstract-rugs\/atomic-grid-wool-area-rug-hand-tufted-8x10-natural-ivory\/","title":{"rendered":"Alfombra de lana Atomic Grid, tejida a mano, 8\u00d710\u2032, natural y marfil"},"content":{"rendered":"<div data-elementor-type=\"wp-page\" data-elementor-id=\"2315\" class=\"elementor elementor-2315\">\n\t\t\t\t<div class=\"elementor-element elementor-element-6268421 e-flex e-con-boxed e-con e-parent\" data-id=\"6268421\" data-element_type=\"container\">\n\t\t\t\t\t<div class=\"e-con-inner\">\n\t\t<div class=\"elementor-element elementor-element-dd2a469 e-con-full e-flex e-con e-child\" data-id=\"dd2a469\" data-element_type=\"container\">\n\t\t\t\t<div class=\"elementor-element elementor-element-239d493 elementor-widget elementor-widget-image\" data-id=\"239d493\" data-element_type=\"widget\" data-widget_type=\"image.default\">\n\t\t\t\t<div class=\"elementor-widget-container\">\n\t\t\t\t\t\t\t\t\t\t\t\t\t<img fetchpriority=\"high\" decoding=\"async\" width=\"768\" height=\"768\" src=\"https:\/\/custom-rugs.org\/wp-content\/uploads\/2024\/12\/atomic-grid-wool-rug-beige-ivory-8x10-tufted-picture-768x768.jpg\" class=\"attachment-medium_large size-medium_large wp-image-2317\" alt=\"alfombra lana atomic grid beige marfil 8x10 tufted\" srcset=\"https:\/\/custom-rugs.org\/wp-content\/uploads\/2024\/12\/atomic-grid-wool-rug-beige-ivory-8x10-tufted-picture-768x768.jpg 768w, https:\/\/custom-rugs.org\/wp-content\/uploads\/2024\/12\/atomic-grid-wool-rug-beige-ivory-8x10-tufted-picture-300x300.jpg 300w, https:\/\/custom-rugs.org\/wp-content\/uploads\/2024\/12\/atomic-grid-wool-rug-beige-ivory-8x10-tufted-picture-1024x1024.jpg 1024w, https:\/\/custom-rugs.org\/wp-content\/uploads\/2024\/12\/atomic-grid-wool-rug-beige-ivory-8x10-tufted-picture-150x150.jpg 150w, https:\/\/custom-rugs.org\/wp-content\/uploads\/2024\/12\/atomic-grid-wool-rug-beige-ivory-8x10-tufted-picture-1536x1536.jpg 1536w, https:\/\/custom-rugs.org\/wp-content\/uploads\/2024\/12\/atomic-grid-wool-rug-beige-ivory-8x10-tufted-picture.jpg 1600w\" sizes=\"(max-width: 768px) 100vw, 768px\" \/>\t\t\t\t\t\t\t\t\t\t\t\t\t<\/div>\n\t\t\t\t<\/div>\n\t\t\t\t<\/div>\n\t\t<div class=\"elementor-element elementor-element-7e8b1f0 e-con-full e-flex e-con e-child\" data-id=\"7e8b1f0\" data-element_type=\"container\">\n\t\t\t\t<div class=\"elementor-element elementor-element-bed58dc elementor-widget elementor-widget-shortcode\" data-id=\"bed58dc\" data-element_type=\"widget\" data-widget_type=\"shortcode.default\">\n\t\t\t\t<div class=\"elementor-widget-container\">\n\t\t\t\t\t<div class=\"elementor-shortcode\"><nav aria-label=\"pan rallado\" class=\"rank-math-breadcrumb\"><p><span class=\"last\">Inicio<\/span><\/p><\/nav><\/div>\n\t\t\t\t<\/div>\n\t\t\t\t<\/div>\n\t\t\t\t<div class=\"elementor-element elementor-element-d645282 elementor-widget elementor-widget-heading\" data-id=\"d645282\" data-element_type=\"widget\" data-widget_type=\"heading.default\">\n\t\t\t\t<div class=\"elementor-widget-container\">\n\t\t\t<h1 class=\"elementor-heading-title elementor-size-default\">Alfombra de lana Atomic Grid, tejida a mano, 8\u00d710\u2032, natural y marfil<\/h1>\t\t<\/div>\n\t\t\t\t<\/div>\n\t\t\t\t<div class=\"elementor-element elementor-element-2cb17e8 elementor-widget elementor-widget-text-editor\" data-id=\"2cb17e8\" data-element_type=\"widget\" data-widget_type=\"text-editor.default\">\n\t\t\t\t<div class=\"elementor-widget-container\">\n\t\t\t\t\t\t\t<ul><li>Lana de Nueva Zelanda de primera calidad tejida a mano con un estampado de rejilla retro<\/li><li>Dise\u00f1o lineal con detalles en forma de estrella en beige natural y marfil<\/li><li>La superposici\u00f3n geom\u00e9trica tallada crea un inter\u00e9s visual dimensional<\/li><li>El patr\u00f3n cuadriculado de inspiraci\u00f3n de mediados de siglo ofrece un atractivo arquitect\u00f3nico<\/li><li>Formas org\u00e1nicas abstractas flotan en un marco estructurado<\/li><\/ul>\t\t\t\t\t\t<\/div>\n\t\t\t\t<\/div>\n\t\t\t\t<div class=\"elementor-element elementor-element-abfa44a elementor-align-left elementor-widget elementor-widget-button\" data-id=\"abfa44a\" data-element_type=\"widget\" data-widget_type=\"button.default\">\n\t\t\t\t<div class=\"elementor-widget-container\">\n\t\t\t\t\t<div class=\"elementor-button-wrapper\">\n\t\t\t<a class=\"elementor-button elementor-button-link elementor-size-sm\" href=\"https:\/\/custom-rugs.org\/es\/contact\/\" target=\"_blank\">\n\t\t\t\t\t\t<span class=\"elementor-button-content-wrapper\">\n\t\t\t\t\t\t\t\t\t<span class=\"elementor-button-text\">Pedir presupuesto<\/span>\n\t\t\t\t\t<\/span>\n\t\t\t\t\t<\/a>\n\t\t<\/div>\n\t\t\t\t<\/div>\n\t\t\t\t<\/div>\n\t\t\t\t<\/div>\n\t\t\t\t\t<\/div>\n\t\t\t\t<\/div>\n\t\t<div class=\"elementor-element elementor-element-24a766f e-flex e-con-boxed e-con e-parent\" data-id=\"24a766f\" data-element_type=\"container\" data-settings=\"{&quot;background_background&quot;:&quot;classic&quot;}\">\n\t\t\t\t\t<div class=\"e-con-inner\">\n\t\t<div class=\"elementor-element elementor-element-07b1d65 e-con-full e-flex e-con e-child\" data-id=\"07b1d65\" data-element_type=\"container\">\n\t\t\t\t<div class=\"elementor-element elementor-element-e0f0718 elementor-widget-divider--view-line elementor-widget elementor-widget-divider\" data-id=\"e0f0718\" data-element_type=\"widget\" data-widget_type=\"divider.default\">\n\t\t\t\t<div class=\"elementor-widget-container\">\n\t\t\t\t\t<div class=\"elementor-divider\">\n\t\t\t<span class=\"elementor-divider-separator\">\n\t\t\t\t\t\t<\/span>\n\t\t<\/div>\n\t\t\t\t<\/div>\n\t\t\t\t<\/div>\n\t\t\t\t<div class=\"elementor-element elementor-element-bd81aab elementor-widget elementor-widget-heading\" data-id=\"bd81aab\" data-element_type=\"widget\" data-widget_type=\"heading.default\">\n\t\t\t\t<div class=\"elementor-widget-container\">\n\t\t\t<div class=\"elementor-heading-title elementor-size-default\">Descripci\u00f3n del producto<\/div>\t\t<\/div>\n\t\t\t\t<\/div>\n\t\t\t\t<div class=\"elementor-element elementor-element-b12247d elementor-widget elementor-widget-text-editor\" data-id=\"b12247d\" data-element_type=\"widget\" data-widget_type=\"text-editor.default\">\n\t\t\t\t<div class=\"elementor-widget-container\">\n\t\t\t\t\t\t\t<p>Fusi\u00f3n magistral de estructura y capricho, este dise\u00f1o de inspiraci\u00f3n de mediados de siglo captura el esp\u00edritu del optimismo de la era at\u00f3mica.<br \/>Las precisas l\u00edneas cuadriculadas se entrecruzan con formas org\u00e1nicas flotantes, mientras que las caracter\u00edsticas r\u00e1fagas de estrellas a\u00f1aden una energ\u00eda l\u00fadica.<br \/>Tallados en tonos beige y marfil naturales, cada detalle geom\u00e9trico celebra la influencia arquitect\u00f3nica de la \u00e9poca.<\/p><p><strong>DESTACADOS:<\/strong><\/p><ul><li>Tejido a mano por artesanos expertos con lana de Nueva Zelanda de primera calidad<\/li><li>Presenta un patr\u00f3n cuadriculado de la era at\u00f3mica con motivos de estrellas talladas<\/li><li>Disponible en dimensiones personalizadas y colores inspirados en la \u00e9poca.<\/li><\/ul><p><strong>Dimensiones y peso<\/strong><\/p><ul><li>240 x 300 cm \/ 8 x 10 pies (-\/+5 cm o 2 pulgadas)<\/li><li>Grosor = 1,5 cm \/ 0,5 pulgadas<\/li><li>41 kg \/ 90 libras<\/li><\/ul><p><strong>Material<\/strong><\/p><ul><li>100% Lana de Nueva Zelanda<\/li><\/ul><p><strong>Plazo de producci\u00f3n<\/strong><\/p><p>Cada alfombra que creamos est\u00e1 hecha a medida.<\/p><ul><li>Tiempo de producci\u00f3n: 15 - 20 d\u00edas laborables<\/li><li>Este plazo comienza una vez confirmado el pedido.<\/li><li>Cada alfombra se elabora espec\u00edficamente seg\u00fan sus especificaciones<\/li><li>Nuestros artesanos garantizan la calidad en cada paso del proceso<\/li><\/ul><p>Tenga en cuenta lo siguiente:<\/p><ul><li>Los d\u00edas laborables no incluyen fines de semana ni festivos<\/li><li>Los dise\u00f1os complejos pueden requerir m\u00e1s tiempo<\/li><li>Haremos todo lo posible para enviar lo antes posible los pedidos urgentes.<\/li><\/ul><p>Le agradecemos su paciencia mientras creamos su alfombra \u00fanica.<br \/>La artesan\u00eda de calidad lleva su tiempo, pero prometemos que la espera merece la pena.<\/p>\t\t\t\t\t\t<\/div>\n\t\t\t\t<\/div>\n\t\t\t\t<\/div>\n\t\t\t\t\t<\/div>\n\t\t\t\t<\/div>\n\t\t\t\t<\/div>","protected":false},"excerpt":{"rendered":"<p>Atomic Grid Wool Area Rug, Hand-Tufted, 8\u00d710\u2032, Natural &amp; Ivory Premium New Zealand wool hand-tufted with retro grid pattern Linear design with starburst accents in natural beige and ivory Carved geometric overlay creates dimensional visual interest Mid-century inspired grid pattern offers architectural appeal Abstract organic shapes float across structured framework Ask a Quote Product Description [&hellip;]<\/p>","protected":false},"author":1,"featured_media":2317,"parent":2236,"menu_order":0,"comment_status":"closed","ping_status":"closed","template":"","meta":{"rank_math_lock_modified_date":false,"_uag_custom_page_level_css":"","site-sidebar-layout":"no-sidebar","site-content-layout":"page-builder","ast-site-content-layout":"full-width-container","site-content-style":"default","site-sidebar-style":"default","ast-global-header-display":"","ast-banner-title-visibility":"","ast-main-header-display":"","ast-hfb-above-header-display":"","ast-hfb-below-header-display":"","ast-hfb-mobile-header-display":"","site-post-title":"disabled","ast-breadcrumbs-content":"","ast-featured-img":"disabled","footer-sml-layout":"","theme-transparent-header-meta":"","adv-header-id-meta":"","stick-header-meta":"","header-above-stick-meta":"","header-main-stick-meta":"","header-below-stick-meta":"","astra-migrate-meta-layouts":"set","ast-page-background-enabled":"default","ast-page-background-meta":{"desktop":{"background-color":"","background-image":"","background-repeat":"repeat","background-position":"center center","background-size":"auto","background-attachment":"scroll","background-type":"","background-media":"","overlay-type":"","overlay-color":"","overlay-opacity":"","overlay-gradient":""},"tablet":{"background-color":"","background-image":"","background-repeat":"repeat","background-position":"center center","background-size":"auto","background-attachment":"scroll","background-type":"","background-media":"","overlay-type":"","overlay-color":"","overlay-opacity":"","overlay-gradient":""},"mobile":{"background-color":"","background-image":"","background-repeat":"repeat","background-position":"center center","background-size":"auto","background-attachment":"scroll","background-type":"","background-media":"","overlay-type":"","overlay-color":"","overlay-opacity":"","overlay-gradient":""}},"ast-content-background-meta":{"desktop":{"background-color":"var(--ast-global-color-5)","background-image":"","background-repeat":"repeat","background-position":"center center","background-size":"auto","background-attachment":"scroll","background-type":"","background-media":"","overlay-type":"","overlay-color":"","overlay-opacity":"","overlay-gradient":""},"tablet":{"background-color":"var(--ast-global-color-5)","background-image":"","background-repeat":"repeat","background-position":"center center","background-size":"auto","background-attachment":"scroll","background-type":"","background-media":"","overlay-type":"","overlay-color":"","overlay-opacity":"","overlay-gradient":""},"mobile":{"background-color":"var(--ast-global-color-5)","background-image":"","background-repeat":"repeat","background-position":"center center","background-size":"auto","background-attachment":"scroll","background-type":"","background-media":"","overlay-type":"","overlay-color":"","overlay-opacity":"","overlay-gradient":""}},"_joinchat":[],"footnotes":""},"class_list":["post-2315","page","type-page","status-publish","has-post-thumbnail","hentry"],"uagb_featured_image_src":{"full":["https:\/\/custom-rugs.org\/wp-content\/uploads\/2024\/12\/atomic-grid-wool-rug-beige-ivory-8x10-tufted-picture.jpg",1600,1600,false],"thumbnail":["https:\/\/custom-rugs.org\/wp-content\/uploads\/2024\/12\/atomic-grid-wool-rug-beige-ivory-8x10-tufted-picture-150x150.jpg",150,150,true],"medium":["https:\/\/custom-rugs.org\/wp-content\/uploads\/2024\/12\/atomic-grid-wool-rug-beige-ivory-8x10-tufted-picture-300x300.jpg",300,300,true],"medium_large":["https:\/\/custom-rugs.org\/wp-content\/uploads\/2024\/12\/atomic-grid-wool-rug-beige-ivory-8x10-tufted-picture-768x768.jpg",768,768,true],"large":["https:\/\/custom-rugs.org\/wp-content\/uploads\/2024\/12\/atomic-grid-wool-rug-beige-ivory-8x10-tufted-picture-1024x1024.jpg",1024,1024,true],"1536x1536":["https:\/\/custom-rugs.org\/wp-content\/uploads\/2024\/12\/atomic-grid-wool-rug-beige-ivory-8x10-tufted-picture-1536x1536.jpg",1536,1536,true],"2048x2048":["https:\/\/custom-rugs.org\/wp-content\/uploads\/2024\/12\/atomic-grid-wool-rug-beige-ivory-8x10-tufted-picture.jpg",1600,1600,false],"trp-custom-language-flag":["https:\/\/custom-rugs.org\/wp-content\/uploads\/2024\/12\/atomic-grid-wool-rug-beige-ivory-8x10-tufted-picture.jpg",12,12,false],"crp_thumbnail":["https:\/\/custom-rugs.org\/wp-content\/uploads\/2024\/12\/atomic-grid-wool-rug-beige-ivory-8x10-tufted-picture-150x150.jpg",150,150,true]},"uagb_author_info":{"display_name":"Custom Rugs","author_link":"https:\/\/custom-rugs.org\/es\/author\/admin-hang\/"},"uagb_comment_info":0,"uagb_excerpt":"Atomic Grid Wool Area Rug, Hand-Tufted, 8\u00d710\u2032, Natural &amp; Ivory Premium New Zealand wool hand-tufted with retro grid pattern Linear design with starburst accents in natural beige and ivory Carved geometric overlay creates dimensional visual interest Mid-century inspired grid pattern offers architectural appeal Abstract organic shapes float across structured framework Ask a Quote Product Description&hellip;","_links":{"self":[{"href":"https:\/\/custom-rugs.org\/es\/wp-json\/wp\/v2\/pages\/2315","targetHints":{"allow":["GET"]}}],"collection":[{"href":"https:\/\/custom-rugs.org\/es\/wp-json\/wp\/v2\/pages"}],"about":[{"href":"https:\/\/custom-rugs.org\/es\/wp-json\/wp\/v2\/types\/page"}],"author":[{"embeddable":true,"href":"https:\/\/custom-rugs.org\/es\/wp-json\/wp\/v2\/users\/1"}],"replies":[{"embeddable":true,"href":"https:\/\/custom-rugs.org\/es\/wp-json\/wp\/v2\/comments?post=2315"}],"version-history":[{"count":0,"href":"https:\/\/custom-rugs.org\/es\/wp-json\/wp\/v2\/pages\/2315\/revisions"}],"up":[{"embeddable":true,"href":"https:\/\/custom-rugs.org\/es\/wp-json\/wp\/v2\/pages\/2236"}],"wp:featuredmedia":[{"embeddable":true,"href":"https:\/\/custom-rugs.org\/es\/wp-json\/wp\/v2\/media\/2317"}],"wp:attachment":[{"href":"https:\/\/custom-rugs.org\/es\/wp-json\/wp\/v2\/media?parent=2315"}],"curies":[{"name":"wp","href":"https:\/\/api.w.org\/{rel}","templated":true}]}}