{"id":2303,"date":"2024-12-03T18:51:56","date_gmt":"2024-12-03T10:51:56","guid":{"rendered":"https:\/\/custom-rugs.org\/?page_id=2303"},"modified":"2024-12-03T18:54:52","modified_gmt":"2024-12-03T10:54:52","slug":"abstract-topographic-wool-area-rug-hand-tufted-9x12-sand-ivory","status":"publish","type":"page","link":"https:\/\/custom-rugs.org\/es\/abstract-rugs\/abstract-topographic-wool-area-rug-hand-tufted-9x12-sand-ivory\/","title":{"rendered":"Alfombra de lana topogr\u00e1fica abstracta, tejida a mano, 9\u00d712\u2032, arena y marfil"},"content":{"rendered":"<div data-elementor-type=\"wp-page\" data-elementor-id=\"2303\" class=\"elementor elementor-2303\">\n\t\t\t\t<div class=\"elementor-element elementor-element-6bec815 e-flex e-con-boxed e-con e-parent\" data-id=\"6bec815\" data-element_type=\"container\">\n\t\t\t\t\t<div class=\"e-con-inner\">\n\t\t<div class=\"elementor-element elementor-element-cebaf40 e-con-full e-flex e-con e-child\" data-id=\"cebaf40\" data-element_type=\"container\">\n\t\t\t\t<div class=\"elementor-element elementor-element-2460cb0 elementor-widget elementor-widget-image\" data-id=\"2460cb0\" data-element_type=\"widget\" data-widget_type=\"image.default\">\n\t\t\t\t<div class=\"elementor-widget-container\">\n\t\t\t\t\t\t\t\t\t\t\t\t\t<img fetchpriority=\"high\" decoding=\"async\" width=\"768\" height=\"768\" src=\"https:\/\/custom-rugs.org\/wp-content\/uploads\/2024\/12\/topographic-pattern-wool-rug-sand-ivory-9x12-tufted-picture-768x768.jpg\" class=\"attachment-medium_large size-medium_large wp-image-2305\" alt=\"topographic alfombra de lana arena marfil 9x12 tufted\" srcset=\"https:\/\/custom-rugs.org\/wp-content\/uploads\/2024\/12\/topographic-pattern-wool-rug-sand-ivory-9x12-tufted-picture-768x768.jpg 768w, https:\/\/custom-rugs.org\/wp-content\/uploads\/2024\/12\/topographic-pattern-wool-rug-sand-ivory-9x12-tufted-picture-300x300.jpg 300w, https:\/\/custom-rugs.org\/wp-content\/uploads\/2024\/12\/topographic-pattern-wool-rug-sand-ivory-9x12-tufted-picture-1024x1024.jpg 1024w, https:\/\/custom-rugs.org\/wp-content\/uploads\/2024\/12\/topographic-pattern-wool-rug-sand-ivory-9x12-tufted-picture-150x150.jpg 150w, https:\/\/custom-rugs.org\/wp-content\/uploads\/2024\/12\/topographic-pattern-wool-rug-sand-ivory-9x12-tufted-picture-1536x1536.jpg 1536w, https:\/\/custom-rugs.org\/wp-content\/uploads\/2024\/12\/topographic-pattern-wool-rug-sand-ivory-9x12-tufted-picture.jpg 1600w\" sizes=\"(max-width: 768px) 100vw, 768px\" \/>\t\t\t\t\t\t\t\t\t\t\t\t\t<\/div>\n\t\t\t\t<\/div>\n\t\t\t\t<\/div>\n\t\t<div class=\"elementor-element elementor-element-07c745d e-con-full e-flex e-con e-child\" data-id=\"07c745d\" data-element_type=\"container\">\n\t\t\t\t<div class=\"elementor-element elementor-element-0b89d65 elementor-widget elementor-widget-shortcode\" data-id=\"0b89d65\" data-element_type=\"widget\" data-widget_type=\"shortcode.default\">\n\t\t\t\t<div class=\"elementor-widget-container\">\n\t\t\t\t\t<div class=\"elementor-shortcode\"><nav aria-label=\"pan rallado\" class=\"rank-math-breadcrumb\"><p><span class=\"last\">Inicio<\/span><\/p><\/nav><\/div>\n\t\t\t\t<\/div>\n\t\t\t\t<\/div>\n\t\t\t\t<div class=\"elementor-element elementor-element-345ac27 elementor-widget elementor-widget-heading\" data-id=\"345ac27\" data-element_type=\"widget\" data-widget_type=\"heading.default\">\n\t\t\t\t<div class=\"elementor-widget-container\">\n\t\t\t<h1 class=\"elementor-heading-title elementor-size-default\">Alfombra de lana topogr\u00e1fica abstracta, tejida a mano, 9\u00d712\u2032, arena y marfil<\/h1>\t\t<\/div>\n\t\t\t\t<\/div>\n\t\t\t\t<div class=\"elementor-element elementor-element-24a63c3 elementor-widget elementor-widget-text-editor\" data-id=\"24a63c3\" data-element_type=\"widget\" data-widget_type=\"text-editor.default\">\n\t\t\t\t<div class=\"elementor-widget-container\">\n\t\t\t\t\t\t\t<ul><li>Lana de Nueva Zelanda tejida a mano para una suavidad y durabilidad excepcionales<\/li><li>Motivo topogr\u00e1fico org\u00e1nico con l\u00edneas de contorno fluidas en tonos arena<\/li><li>La textura tallada multinivel crea una dimensi\u00f3n visual asombrosa<\/li><li>El dise\u00f1o sim\u00e9trico inspirado en un medall\u00f3n ofrece un atractivo atemporal<\/li><li>Mezcla perfecta de arte contempor\u00e1neo y artesan\u00eda tradicional<\/li><\/ul>\t\t\t\t\t\t<\/div>\n\t\t\t\t<\/div>\n\t\t\t\t<div class=\"elementor-element elementor-element-efa55df elementor-align-left elementor-widget elementor-widget-button\" data-id=\"efa55df\" data-element_type=\"widget\" data-widget_type=\"button.default\">\n\t\t\t\t<div class=\"elementor-widget-container\">\n\t\t\t\t\t<div class=\"elementor-button-wrapper\">\n\t\t\t<a class=\"elementor-button elementor-button-link elementor-size-sm\" href=\"https:\/\/custom-rugs.org\/es\/contact\/\" target=\"_blank\">\n\t\t\t\t\t\t<span class=\"elementor-button-content-wrapper\">\n\t\t\t\t\t\t\t\t\t<span class=\"elementor-button-text\">Pedir presupuesto<\/span>\n\t\t\t\t\t<\/span>\n\t\t\t\t\t<\/a>\n\t\t<\/div>\n\t\t\t\t<\/div>\n\t\t\t\t<\/div>\n\t\t\t\t<\/div>\n\t\t\t\t\t<\/div>\n\t\t\t\t<\/div>\n\t\t<div class=\"elementor-element elementor-element-fa12669 e-flex e-con-boxed e-con e-parent\" data-id=\"fa12669\" data-element_type=\"container\" data-settings=\"{&quot;background_background&quot;:&quot;classic&quot;}\">\n\t\t\t\t\t<div class=\"e-con-inner\">\n\t\t<div class=\"elementor-element elementor-element-029fe79 e-con-full e-flex e-con e-child\" data-id=\"029fe79\" data-element_type=\"container\">\n\t\t\t\t<div class=\"elementor-element elementor-element-d486c05 elementor-widget-divider--view-line elementor-widget elementor-widget-divider\" data-id=\"d486c05\" data-element_type=\"widget\" data-widget_type=\"divider.default\">\n\t\t\t\t<div class=\"elementor-widget-container\">\n\t\t\t\t\t<div class=\"elementor-divider\">\n\t\t\t<span class=\"elementor-divider-separator\">\n\t\t\t\t\t\t<\/span>\n\t\t<\/div>\n\t\t\t\t<\/div>\n\t\t\t\t<\/div>\n\t\t\t\t<div class=\"elementor-element elementor-element-892458b elementor-widget elementor-widget-heading\" data-id=\"892458b\" data-element_type=\"widget\" data-widget_type=\"heading.default\">\n\t\t\t\t<div class=\"elementor-widget-container\">\n\t\t\t<div class=\"elementor-heading-title elementor-size-default\">Descripci\u00f3n del producto<\/div>\t\t<\/div>\n\t\t\t\t<\/div>\n\t\t\t\t<div class=\"elementor-element elementor-element-d900d10 elementor-widget elementor-widget-text-editor\" data-id=\"d900d10\" data-element_type=\"widget\" data-widget_type=\"text-editor.default\">\n\t\t\t\t<div class=\"elementor-widget-container\">\n\t\t\t\t\t\t\t<p>La naturaleza se une al arte en esta cautivadora obra maestra tejida a mano.<br \/>Inspirados en mapas topogr\u00e1ficos y formaciones org\u00e1nicas, los patrones conc\u00e9ntricos fluyen por la superficie en armoniosos tonos arena y marfil.<br \/>Cada l\u00ednea tallada crea una profundidad hipnotizadora, transformando los suelos en paisajes de sofisticada tranquilidad.<\/p><p><strong>DESTACADOS:<\/strong><\/p><ul><li>Tejido a mano por artesanos expertos con lana de Nueva Zelanda de primera calidad<\/li><li>Presenta patrones de contorno tallados con textura multinivel<\/li><li>Disponible en tama\u00f1os personalizados y combinaciones de colores a medida<\/li><\/ul><p><strong>Dimensiones y peso<\/strong><\/p><ul><li>270 x 370 cm \/ 9 x 12 pies (-\/+5 cm o 2 pulgadas)<\/li><li>Grosor = 1,5 cm \/ 0,5 pulgadas<\/li><li>55 kg \/ 121 libras<\/li><\/ul><p><strong>Material<\/strong><\/p><ul><li>100% Lana de Nueva Zelanda<\/li><\/ul><p><strong>Plazo de producci\u00f3n<\/strong><\/p><p>Cada alfombra que creamos est\u00e1 hecha a medida.<\/p><ul><li>Tiempo de producci\u00f3n: 15 - 20 d\u00edas laborables<\/li><li>Este plazo comienza una vez confirmado el pedido.<\/li><li>Cada alfombra se elabora espec\u00edficamente seg\u00fan sus especificaciones<\/li><li>Nuestros artesanos garantizan la calidad en cada paso del proceso<\/li><\/ul><p>Tenga en cuenta lo siguiente:<\/p><ul><li>Los d\u00edas laborables no incluyen fines de semana ni festivos<\/li><li>Los dise\u00f1os complejos pueden requerir m\u00e1s tiempo<\/li><li>Haremos todo lo posible para enviar lo antes posible los pedidos urgentes.<\/li><\/ul><p>Le agradecemos su paciencia mientras creamos su alfombra \u00fanica.<br \/>La artesan\u00eda de calidad lleva su tiempo, pero prometemos que la espera merece la pena.<\/p>\t\t\t\t\t\t<\/div>\n\t\t\t\t<\/div>\n\t\t\t\t<\/div>\n\t\t\t\t\t<\/div>\n\t\t\t\t<\/div>\n\t\t\t\t<\/div>","protected":false},"excerpt":{"rendered":"<p>Abstract Topographic Wool Area Rug, Hand-Tufted, 9\u00d712\u2032, Sand &amp; Ivory New Zealand wool hand-tufted for exceptional softness and durability Organic topographic pattern with flowing contour lines in sand tones Multi-level carved texture creates stunning visual dimension Symmetrical medallion-inspired design offers timeless appeal Seamless blend of contemporary art and traditional craftsmanship Ask a Quote Product Description [&hellip;]<\/p>","protected":false},"author":1,"featured_media":2305,"parent":2236,"menu_order":0,"comment_status":"closed","ping_status":"closed","template":"","meta":{"rank_math_lock_modified_date":false,"_uag_custom_page_level_css":"","site-sidebar-layout":"no-sidebar","site-content-layout":"page-builder","ast-site-content-layout":"full-width-container","site-content-style":"default","site-sidebar-style":"default","ast-global-header-display":"","ast-banner-title-visibility":"","ast-main-header-display":"","ast-hfb-above-header-display":"","ast-hfb-below-header-display":"","ast-hfb-mobile-header-display":"","site-post-title":"disabled","ast-breadcrumbs-content":"","ast-featured-img":"disabled","footer-sml-layout":"","theme-transparent-header-meta":"","adv-header-id-meta":"","stick-header-meta":"","header-above-stick-meta":"","header-main-stick-meta":"","header-below-stick-meta":"","astra-migrate-meta-layouts":"set","ast-page-background-enabled":"default","ast-page-background-meta":{"desktop":{"background-color":"","background-image":"","background-repeat":"repeat","background-position":"center center","background-size":"auto","background-attachment":"scroll","background-type":"","background-media":"","overlay-type":"","overlay-color":"","overlay-opacity":"","overlay-gradient":""},"tablet":{"background-color":"","background-image":"","background-repeat":"repeat","background-position":"center center","background-size":"auto","background-attachment":"scroll","background-type":"","background-media":"","overlay-type":"","overlay-color":"","overlay-opacity":"","overlay-gradient":""},"mobile":{"background-color":"","background-image":"","background-repeat":"repeat","background-position":"center center","background-size":"auto","background-attachment":"scroll","background-type":"","background-media":"","overlay-type":"","overlay-color":"","overlay-opacity":"","overlay-gradient":""}},"ast-content-background-meta":{"desktop":{"background-color":"var(--ast-global-color-5)","background-image":"","background-repeat":"repeat","background-position":"center center","background-size":"auto","background-attachment":"scroll","background-type":"","background-media":"","overlay-type":"","overlay-color":"","overlay-opacity":"","overlay-gradient":""},"tablet":{"background-color":"var(--ast-global-color-5)","background-image":"","background-repeat":"repeat","background-position":"center center","background-size":"auto","background-attachment":"scroll","background-type":"","background-media":"","overlay-type":"","overlay-color":"","overlay-opacity":"","overlay-gradient":""},"mobile":{"background-color":"var(--ast-global-color-5)","background-image":"","background-repeat":"repeat","background-position":"center center","background-size":"auto","background-attachment":"scroll","background-type":"","background-media":"","overlay-type":"","overlay-color":"","overlay-opacity":"","overlay-gradient":""}},"_joinchat":[],"footnotes":""},"class_list":["post-2303","page","type-page","status-publish","has-post-thumbnail","hentry"],"uagb_featured_image_src":{"full":["https:\/\/custom-rugs.org\/wp-content\/uploads\/2024\/12\/topographic-pattern-wool-rug-sand-ivory-9x12-tufted-picture.jpg",1600,1600,false],"thumbnail":["https:\/\/custom-rugs.org\/wp-content\/uploads\/2024\/12\/topographic-pattern-wool-rug-sand-ivory-9x12-tufted-picture-150x150.jpg",150,150,true],"medium":["https:\/\/custom-rugs.org\/wp-content\/uploads\/2024\/12\/topographic-pattern-wool-rug-sand-ivory-9x12-tufted-picture-300x300.jpg",300,300,true],"medium_large":["https:\/\/custom-rugs.org\/wp-content\/uploads\/2024\/12\/topographic-pattern-wool-rug-sand-ivory-9x12-tufted-picture-768x768.jpg",768,768,true],"large":["https:\/\/custom-rugs.org\/wp-content\/uploads\/2024\/12\/topographic-pattern-wool-rug-sand-ivory-9x12-tufted-picture-1024x1024.jpg",1024,1024,true],"1536x1536":["https:\/\/custom-rugs.org\/wp-content\/uploads\/2024\/12\/topographic-pattern-wool-rug-sand-ivory-9x12-tufted-picture-1536x1536.jpg",1536,1536,true],"2048x2048":["https:\/\/custom-rugs.org\/wp-content\/uploads\/2024\/12\/topographic-pattern-wool-rug-sand-ivory-9x12-tufted-picture.jpg",1600,1600,false],"trp-custom-language-flag":["https:\/\/custom-rugs.org\/wp-content\/uploads\/2024\/12\/topographic-pattern-wool-rug-sand-ivory-9x12-tufted-picture.jpg",12,12,false],"crp_thumbnail":["https:\/\/custom-rugs.org\/wp-content\/uploads\/2024\/12\/topographic-pattern-wool-rug-sand-ivory-9x12-tufted-picture-150x150.jpg",150,150,true]},"uagb_author_info":{"display_name":"Custom Rugs","author_link":"https:\/\/custom-rugs.org\/es\/author\/admin-hang\/"},"uagb_comment_info":0,"uagb_excerpt":"Abstract Topographic Wool Area Rug, Hand-Tufted, 9\u00d712\u2032, Sand &amp; Ivory New Zealand wool hand-tufted for exceptional softness and durability Organic topographic pattern with flowing contour lines in sand tones Multi-level carved texture creates stunning visual dimension Symmetrical medallion-inspired design offers timeless appeal Seamless blend of contemporary art and traditional craftsmanship Ask a Quote Product Description&hellip;","_links":{"self":[{"href":"https:\/\/custom-rugs.org\/es\/wp-json\/wp\/v2\/pages\/2303","targetHints":{"allow":["GET"]}}],"collection":[{"href":"https:\/\/custom-rugs.org\/es\/wp-json\/wp\/v2\/pages"}],"about":[{"href":"https:\/\/custom-rugs.org\/es\/wp-json\/wp\/v2\/types\/page"}],"author":[{"embeddable":true,"href":"https:\/\/custom-rugs.org\/es\/wp-json\/wp\/v2\/users\/1"}],"replies":[{"embeddable":true,"href":"https:\/\/custom-rugs.org\/es\/wp-json\/wp\/v2\/comments?post=2303"}],"version-history":[{"count":0,"href":"https:\/\/custom-rugs.org\/es\/wp-json\/wp\/v2\/pages\/2303\/revisions"}],"up":[{"embeddable":true,"href":"https:\/\/custom-rugs.org\/es\/wp-json\/wp\/v2\/pages\/2236"}],"wp:featuredmedia":[{"embeddable":true,"href":"https:\/\/custom-rugs.org\/es\/wp-json\/wp\/v2\/media\/2305"}],"wp:attachment":[{"href":"https:\/\/custom-rugs.org\/es\/wp-json\/wp\/v2\/media?parent=2303"}],"curies":[{"name":"wp","href":"https:\/\/api.w.org\/{rel}","templated":true}]}}