{"id":2261,"date":"2024-12-03T17:52:51","date_gmt":"2024-12-03T09:52:51","guid":{"rendered":"https:\/\/custom-rugs.org\/?page_id=2261"},"modified":"2024-12-03T17:56:10","modified_gmt":"2024-12-03T09:56:10","slug":"abstract-geometric-wool-rug-modern-triangle-pattern-8x10-custom-tufted","status":"publish","type":"page","link":"https:\/\/custom-rugs.org\/es\/abstract-rugs\/abstract-geometric-wool-rug-modern-triangle-pattern-8x10-custom-tufted\/","title":{"rendered":"Alfombra geom\u00e9trica abstracta de la lana - patr\u00f3n moderno del tri\u00e1ngulo, 8\u00d710\u2032 Custom Tufted"},"content":{"rendered":"<div data-elementor-type=\"wp-page\" data-elementor-id=\"2261\" class=\"elementor elementor-2261\">\n\t\t\t\t<div class=\"elementor-element elementor-element-7d84c7f e-flex e-con-boxed e-con e-parent\" data-id=\"7d84c7f\" data-element_type=\"container\">\n\t\t\t\t\t<div class=\"e-con-inner\">\n\t\t<div class=\"elementor-element elementor-element-bb5f356 e-con-full e-flex e-con e-child\" data-id=\"bb5f356\" data-element_type=\"container\">\n\t\t\t\t<div class=\"elementor-element elementor-element-23d225c elementor-widget elementor-widget-image\" data-id=\"23d225c\" data-element_type=\"widget\" data-widget_type=\"image.default\">\n\t\t\t\t<div class=\"elementor-widget-container\">\n\t\t\t\t\t\t\t\t\t\t\t\t\t<img fetchpriority=\"high\" decoding=\"async\" width=\"768\" height=\"768\" src=\"https:\/\/custom-rugs.org\/wp-content\/uploads\/2024\/12\/tufted-wool-geometric-rug-red-purple-lime-8x10-picture-768x768.jpg\" class=\"attachment-medium_large size-medium_large wp-image-2263\" alt=\"alfombra geom\u00e9trica de lana tufted rojo p\u00farpura lima 8x10\" srcset=\"https:\/\/custom-rugs.org\/wp-content\/uploads\/2024\/12\/tufted-wool-geometric-rug-red-purple-lime-8x10-picture-768x768.jpg 768w, https:\/\/custom-rugs.org\/wp-content\/uploads\/2024\/12\/tufted-wool-geometric-rug-red-purple-lime-8x10-picture-300x300.jpg 300w, https:\/\/custom-rugs.org\/wp-content\/uploads\/2024\/12\/tufted-wool-geometric-rug-red-purple-lime-8x10-picture-1024x1024.jpg 1024w, https:\/\/custom-rugs.org\/wp-content\/uploads\/2024\/12\/tufted-wool-geometric-rug-red-purple-lime-8x10-picture-150x150.jpg 150w, https:\/\/custom-rugs.org\/wp-content\/uploads\/2024\/12\/tufted-wool-geometric-rug-red-purple-lime-8x10-picture-1536x1536.jpg 1536w, https:\/\/custom-rugs.org\/wp-content\/uploads\/2024\/12\/tufted-wool-geometric-rug-red-purple-lime-8x10-picture.jpg 1600w\" sizes=\"(max-width: 768px) 100vw, 768px\" \/>\t\t\t\t\t\t\t\t\t\t\t\t\t<\/div>\n\t\t\t\t<\/div>\n\t\t\t\t<\/div>\n\t\t<div class=\"elementor-element elementor-element-69c567e e-con-full e-flex e-con e-child\" data-id=\"69c567e\" data-element_type=\"container\">\n\t\t\t\t<div class=\"elementor-element elementor-element-0fcf8a8 elementor-widget elementor-widget-shortcode\" data-id=\"0fcf8a8\" data-element_type=\"widget\" data-widget_type=\"shortcode.default\">\n\t\t\t\t<div class=\"elementor-widget-container\">\n\t\t\t\t\t<div class=\"elementor-shortcode\"><nav aria-label=\"pan rallado\" class=\"rank-math-breadcrumb\"><p><span class=\"last\">Inicio<\/span><\/p><\/nav><\/div>\n\t\t\t\t<\/div>\n\t\t\t\t<\/div>\n\t\t\t\t<div class=\"elementor-element elementor-element-54f7626 elementor-widget elementor-widget-heading\" data-id=\"54f7626\" data-element_type=\"widget\" data-widget_type=\"heading.default\">\n\t\t\t\t<div class=\"elementor-widget-container\">\n\t\t\t<h1 class=\"elementor-heading-title elementor-size-default\">Alfombra geom\u00e9trica abstracta de la lana - patr\u00f3n moderno del tri\u00e1ngulo, 8\u00d710\u2032 Custom Tufted<\/h1>\t\t<\/div>\n\t\t\t\t<\/div>\n\t\t\t\t<div class=\"elementor-element elementor-element-f00fa15 elementor-widget elementor-widget-text-editor\" data-id=\"f00fa15\" data-element_type=\"widget\" data-widget_type=\"text-editor.default\">\n\t\t\t\t<div class=\"elementor-widget-container\">\n\t\t\t\t\t\t\t<ul><li>Lana de Nueva Zelanda de primera calidad con mech\u00f3n personalizado para una mayor durabilidad<\/li><li>Dise\u00f1o geom\u00e9trico atrevido con tri\u00e1ngulos rojos, morados y lima vibrantes<\/li><li>El patr\u00f3n abstracto y din\u00e1mico crea un sorprendente movimiento visual<\/li><li>La altura del pelo es perfecta para espacios modernos<\/li><li>Cada alfombra est\u00e1 hecha a mano por artesanos expertos para darle un car\u00e1cter \u00fanico<\/li><\/ul>\t\t\t\t\t\t<\/div>\n\t\t\t\t<\/div>\n\t\t\t\t<div class=\"elementor-element elementor-element-6e33a19 elementor-align-left elementor-widget elementor-widget-button\" data-id=\"6e33a19\" data-element_type=\"widget\" data-widget_type=\"button.default\">\n\t\t\t\t<div class=\"elementor-widget-container\">\n\t\t\t\t\t<div class=\"elementor-button-wrapper\">\n\t\t\t<a class=\"elementor-button elementor-button-link elementor-size-sm\" href=\"https:\/\/custom-rugs.org\/es\/contact\/\" target=\"_blank\">\n\t\t\t\t\t\t<span class=\"elementor-button-content-wrapper\">\n\t\t\t\t\t\t\t\t\t<span class=\"elementor-button-text\">Pedir presupuesto<\/span>\n\t\t\t\t\t<\/span>\n\t\t\t\t\t<\/a>\n\t\t<\/div>\n\t\t\t\t<\/div>\n\t\t\t\t<\/div>\n\t\t\t\t<\/div>\n\t\t\t\t\t<\/div>\n\t\t\t\t<\/div>\n\t\t<div class=\"elementor-element elementor-element-0b870c1 e-flex e-con-boxed e-con e-parent\" data-id=\"0b870c1\" data-element_type=\"container\" data-settings=\"{&quot;background_background&quot;:&quot;classic&quot;}\">\n\t\t\t\t\t<div class=\"e-con-inner\">\n\t\t<div class=\"elementor-element elementor-element-c5e6091 e-con-full e-flex e-con e-child\" data-id=\"c5e6091\" data-element_type=\"container\">\n\t\t\t\t<div class=\"elementor-element elementor-element-fab30c6 elementor-widget-divider--view-line elementor-widget elementor-widget-divider\" data-id=\"fab30c6\" data-element_type=\"widget\" data-widget_type=\"divider.default\">\n\t\t\t\t<div class=\"elementor-widget-container\">\n\t\t\t\t\t<div class=\"elementor-divider\">\n\t\t\t<span class=\"elementor-divider-separator\">\n\t\t\t\t\t\t<\/span>\n\t\t<\/div>\n\t\t\t\t<\/div>\n\t\t\t\t<\/div>\n\t\t\t\t<div class=\"elementor-element elementor-element-04b1747 elementor-widget elementor-widget-heading\" data-id=\"04b1747\" data-element_type=\"widget\" data-widget_type=\"heading.default\">\n\t\t\t\t<div class=\"elementor-widget-container\">\n\t\t\t<div class=\"elementor-heading-title elementor-size-default\">Descripci\u00f3n del producto<\/div>\t\t<\/div>\n\t\t\t\t<\/div>\n\t\t\t\t<div class=\"elementor-element elementor-element-86d8eef elementor-widget elementor-widget-text-editor\" data-id=\"86d8eef\" data-element_type=\"widget\" data-widget_type=\"text-editor.default\">\n\t\t\t\t<div class=\"elementor-widget-container\">\n\t\t\t\t\t\t\t<p>Prism Dance surge de la audaz intersecci\u00f3n de la precisi\u00f3n geom\u00e9trica y la espontaneidad art\u00edstica.<br \/>Como un caleidoscopio congelado en el tiempo, vibrantes tri\u00e1ngulos en rojo, morado y verde lima crean una en\u00e9rgica danza sobre un lienzo inmaculado.<br \/>Esta alfombra empenachada a medida aporta una expresi\u00f3n art\u00edstica contempor\u00e1nea a su espacio vital.<\/p><p><strong>DESTACADOS:<\/strong><\/p><ul><li>Hecho a medida por artesanos expertos con lana de Nueva Zelanda de primera calidad<\/li><li>Presenta un patr\u00f3n geom\u00e9trico din\u00e1mico con formas angulares precisas<\/li><li>Disponible en varios tama\u00f1os y colores personalizados<\/li><\/ul><p><strong>Dimensiones y peso<\/strong><\/p><ul><li>240 x 300 cm \/ 8 x 10 pies (-\/+5 cm o 2 pulgadas)<\/li><li>Grosor = 1,5 cm \/ 0,5 pulgadas<\/li><li>41 kg \/ 90 libras<\/li><\/ul><p><strong>Material<\/strong><\/p><ul><li>100% Lana de Nueva Zelanda<\/li><\/ul><p><strong>Plazo de producci\u00f3n<\/strong><\/p><p>Cada alfombra que creamos est\u00e1 hecha a medida.<\/p><ul><li>Tiempo de producci\u00f3n: 15 - 20 d\u00edas laborables<\/li><li>Este plazo comienza una vez confirmado el pedido.<\/li><li>Cada alfombra se elabora espec\u00edficamente seg\u00fan sus especificaciones<\/li><li>Nuestros artesanos garantizan la calidad en cada paso del proceso<\/li><\/ul><p>Tenga en cuenta lo siguiente:<\/p><ul><li>Los d\u00edas laborables no incluyen fines de semana ni festivos<\/li><li>Los dise\u00f1os complejos pueden requerir m\u00e1s tiempo<\/li><li>Haremos todo lo posible para enviar lo antes posible los pedidos urgentes.<\/li><\/ul><p>Le agradecemos su paciencia mientras creamos su alfombra \u00fanica.<br \/>La artesan\u00eda de calidad lleva su tiempo, pero prometemos que la espera merece la pena.<\/p>\t\t\t\t\t\t<\/div>\n\t\t\t\t<\/div>\n\t\t\t\t<\/div>\n\t\t\t\t\t<\/div>\n\t\t\t\t<\/div>\n\t\t\t\t<\/div>","protected":false},"excerpt":{"rendered":"<p>Alfombra Geom\u00e9trica Abstracta de Lana - Patr\u00f3n Triangular Moderno, 8\u00d710\u2032 Custom Tufted Lana de Nueva Zelanda de primera calidad con tuft personalizado para una durabilidad superior Dise\u00f1o geom\u00e9trico audaz con tri\u00e1ngulos rojos, p\u00farpuras y lima vibrantes Patr\u00f3n abstracto din\u00e1mico que crea un movimiento visual llamativo Altura del pelo de felpa perfecta para espacios de vida modernos Cada alfombra hecha a mano por artesanos expertos para un car\u00e1cter \u00fanico Pregunte [...]<\/p>","protected":false},"author":1,"featured_media":2263,"parent":2236,"menu_order":0,"comment_status":"closed","ping_status":"closed","template":"","meta":{"rank_math_lock_modified_date":false,"_uag_custom_page_level_css":"","site-sidebar-layout":"no-sidebar","site-content-layout":"page-builder","ast-site-content-layout":"full-width-container","site-content-style":"default","site-sidebar-style":"default","ast-global-header-display":"","ast-banner-title-visibility":"","ast-main-header-display":"","ast-hfb-above-header-display":"","ast-hfb-below-header-display":"","ast-hfb-mobile-header-display":"","site-post-title":"disabled","ast-breadcrumbs-content":"","ast-featured-img":"disabled","footer-sml-layout":"","theme-transparent-header-meta":"","adv-header-id-meta":"","stick-header-meta":"","header-above-stick-meta":"","header-main-stick-meta":"","header-below-stick-meta":"","astra-migrate-meta-layouts":"set","ast-page-background-enabled":"default","ast-page-background-meta":{"desktop":{"background-color":"","background-image":"","background-repeat":"repeat","background-position":"center center","background-size":"auto","background-attachment":"scroll","background-type":"","background-media":"","overlay-type":"","overlay-color":"","overlay-opacity":"","overlay-gradient":""},"tablet":{"background-color":"","background-image":"","background-repeat":"repeat","background-position":"center center","background-size":"auto","background-attachment":"scroll","background-type":"","background-media":"","overlay-type":"","overlay-color":"","overlay-opacity":"","overlay-gradient":""},"mobile":{"background-color":"","background-image":"","background-repeat":"repeat","background-position":"center center","background-size":"auto","background-attachment":"scroll","background-type":"","background-media":"","overlay-type":"","overlay-color":"","overlay-opacity":"","overlay-gradient":""}},"ast-content-background-meta":{"desktop":{"background-color":"var(--ast-global-color-5)","background-image":"","background-repeat":"repeat","background-position":"center center","background-size":"auto","background-attachment":"scroll","background-type":"","background-media":"","overlay-type":"","overlay-color":"","overlay-opacity":"","overlay-gradient":""},"tablet":{"background-color":"var(--ast-global-color-5)","background-image":"","background-repeat":"repeat","background-position":"center center","background-size":"auto","background-attachment":"scroll","background-type":"","background-media":"","overlay-type":"","overlay-color":"","overlay-opacity":"","overlay-gradient":""},"mobile":{"background-color":"var(--ast-global-color-5)","background-image":"","background-repeat":"repeat","background-position":"center center","background-size":"auto","background-attachment":"scroll","background-type":"","background-media":"","overlay-type":"","overlay-color":"","overlay-opacity":"","overlay-gradient":""}},"_joinchat":[],"footnotes":""},"class_list":["post-2261","page","type-page","status-publish","has-post-thumbnail","hentry"],"uagb_featured_image_src":{"full":["https:\/\/custom-rugs.org\/wp-content\/uploads\/2024\/12\/tufted-wool-geometric-rug-red-purple-lime-8x10-picture.jpg",1600,1600,false],"thumbnail":["https:\/\/custom-rugs.org\/wp-content\/uploads\/2024\/12\/tufted-wool-geometric-rug-red-purple-lime-8x10-picture-150x150.jpg",150,150,true],"medium":["https:\/\/custom-rugs.org\/wp-content\/uploads\/2024\/12\/tufted-wool-geometric-rug-red-purple-lime-8x10-picture-300x300.jpg",300,300,true],"medium_large":["https:\/\/custom-rugs.org\/wp-content\/uploads\/2024\/12\/tufted-wool-geometric-rug-red-purple-lime-8x10-picture-768x768.jpg",768,768,true],"large":["https:\/\/custom-rugs.org\/wp-content\/uploads\/2024\/12\/tufted-wool-geometric-rug-red-purple-lime-8x10-picture-1024x1024.jpg",1024,1024,true],"1536x1536":["https:\/\/custom-rugs.org\/wp-content\/uploads\/2024\/12\/tufted-wool-geometric-rug-red-purple-lime-8x10-picture-1536x1536.jpg",1536,1536,true],"2048x2048":["https:\/\/custom-rugs.org\/wp-content\/uploads\/2024\/12\/tufted-wool-geometric-rug-red-purple-lime-8x10-picture.jpg",1600,1600,false],"trp-custom-language-flag":["https:\/\/custom-rugs.org\/wp-content\/uploads\/2024\/12\/tufted-wool-geometric-rug-red-purple-lime-8x10-picture.jpg",12,12,false],"crp_thumbnail":["https:\/\/custom-rugs.org\/wp-content\/uploads\/2024\/12\/tufted-wool-geometric-rug-red-purple-lime-8x10-picture-150x150.jpg",150,150,true]},"uagb_author_info":{"display_name":"Custom Rugs","author_link":"https:\/\/custom-rugs.org\/es\/author\/admin-hang\/"},"uagb_comment_info":0,"uagb_excerpt":"Abstract Geometric Wool Rug \u2013 Modern Triangle Pattern, 8\u00d710\u2032 Custom Tufted Premium New Zealand wool custom tufted for superior durability Bold geometric design with vibrant red, purple, and lime triangles Dynamic abstract pattern creates striking visual movement Plush pile height perfect for modern living spaces Each rug handcrafted by skilled artisans for unique character Ask&hellip;","_links":{"self":[{"href":"https:\/\/custom-rugs.org\/es\/wp-json\/wp\/v2\/pages\/2261","targetHints":{"allow":["GET"]}}],"collection":[{"href":"https:\/\/custom-rugs.org\/es\/wp-json\/wp\/v2\/pages"}],"about":[{"href":"https:\/\/custom-rugs.org\/es\/wp-json\/wp\/v2\/types\/page"}],"author":[{"embeddable":true,"href":"https:\/\/custom-rugs.org\/es\/wp-json\/wp\/v2\/users\/1"}],"replies":[{"embeddable":true,"href":"https:\/\/custom-rugs.org\/es\/wp-json\/wp\/v2\/comments?post=2261"}],"version-history":[{"count":0,"href":"https:\/\/custom-rugs.org\/es\/wp-json\/wp\/v2\/pages\/2261\/revisions"}],"up":[{"embeddable":true,"href":"https:\/\/custom-rugs.org\/es\/wp-json\/wp\/v2\/pages\/2236"}],"wp:featuredmedia":[{"embeddable":true,"href":"https:\/\/custom-rugs.org\/es\/wp-json\/wp\/v2\/media\/2263"}],"wp:attachment":[{"href":"https:\/\/custom-rugs.org\/es\/wp-json\/wp\/v2\/media?parent=2261"}],"curies":[{"name":"wp","href":"https:\/\/api.w.org\/{rel}","templated":true}]}}