{"id":2241,"date":"2024-12-03T17:39:43","date_gmt":"2024-12-03T09:39:43","guid":{"rendered":"https:\/\/custom-rugs.org\/?page_id=2241"},"modified":"2024-12-03T17:55:54","modified_gmt":"2024-12-03T09:55:54","slug":"70s-retro-geometric-wool-area-rug-hand-tufted-6x9-mauve-plum","status":"publish","type":"page","link":"https:\/\/custom-rugs.org\/es\/abstract-rugs\/70s-retro-geometric-wool-area-rug-hand-tufted-6x9-mauve-plum\/","title":{"rendered":"Alfombra de lana geom\u00e9trica retro de los a\u00f1os 70, tejida a mano, 6\u00d79\u2032, malva y ciruela"},"content":{"rendered":"<div data-elementor-type=\"wp-page\" data-elementor-id=\"2241\" class=\"elementor elementor-2241\">\n\t\t\t\t<div class=\"elementor-element elementor-element-717757d e-flex e-con-boxed e-con e-parent\" data-id=\"717757d\" data-element_type=\"container\">\n\t\t\t\t\t<div class=\"e-con-inner\">\n\t\t<div class=\"elementor-element elementor-element-286e4d8 e-con-full e-flex e-con e-child\" data-id=\"286e4d8\" data-element_type=\"container\">\n\t\t\t\t<div class=\"elementor-element elementor-element-61ecc93 elementor-widget elementor-widget-image\" data-id=\"61ecc93\" data-element_type=\"widget\" data-widget_type=\"image.default\">\n\t\t\t\t<div class=\"elementor-widget-container\">\n\t\t\t\t\t\t\t\t\t\t\t\t\t<img fetchpriority=\"high\" decoding=\"async\" width=\"768\" height=\"768\" src=\"https:\/\/custom-rugs.org\/wp-content\/uploads\/2024\/12\/retro-geometric-wool-rug-mauve-plum-6x9-tufted-picture-768x768.jpg\" class=\"attachment-medium_large size-medium_large wp-image-2243\" alt=\"retro alfombra geom\u00e9trica de lana malva ciruela 6x9 tufted\" srcset=\"https:\/\/custom-rugs.org\/wp-content\/uploads\/2024\/12\/retro-geometric-wool-rug-mauve-plum-6x9-tufted-picture-768x768.jpg 768w, https:\/\/custom-rugs.org\/wp-content\/uploads\/2024\/12\/retro-geometric-wool-rug-mauve-plum-6x9-tufted-picture-300x300.jpg 300w, https:\/\/custom-rugs.org\/wp-content\/uploads\/2024\/12\/retro-geometric-wool-rug-mauve-plum-6x9-tufted-picture-1024x1024.jpg 1024w, https:\/\/custom-rugs.org\/wp-content\/uploads\/2024\/12\/retro-geometric-wool-rug-mauve-plum-6x9-tufted-picture-150x150.jpg 150w, https:\/\/custom-rugs.org\/wp-content\/uploads\/2024\/12\/retro-geometric-wool-rug-mauve-plum-6x9-tufted-picture-1536x1536.jpg 1536w, https:\/\/custom-rugs.org\/wp-content\/uploads\/2024\/12\/retro-geometric-wool-rug-mauve-plum-6x9-tufted-picture.jpg 1600w\" sizes=\"(max-width: 768px) 100vw, 768px\" \/>\t\t\t\t\t\t\t\t\t\t\t\t\t<\/div>\n\t\t\t\t<\/div>\n\t\t\t\t<\/div>\n\t\t<div class=\"elementor-element elementor-element-319da4d e-con-full e-flex e-con e-child\" data-id=\"319da4d\" data-element_type=\"container\">\n\t\t\t\t<div class=\"elementor-element elementor-element-abd7e4c elementor-widget elementor-widget-shortcode\" data-id=\"abd7e4c\" data-element_type=\"widget\" data-widget_type=\"shortcode.default\">\n\t\t\t\t<div class=\"elementor-widget-container\">\n\t\t\t\t\t<div class=\"elementor-shortcode\"><nav aria-label=\"pan rallado\" class=\"rank-math-breadcrumb\"><p><span class=\"last\">Inicio<\/span><\/p><\/nav><\/div>\n\t\t\t\t<\/div>\n\t\t\t\t<\/div>\n\t\t\t\t<div class=\"elementor-element elementor-element-a4bdd09 elementor-widget elementor-widget-heading\" data-id=\"a4bdd09\" data-element_type=\"widget\" data-widget_type=\"heading.default\">\n\t\t\t\t<div class=\"elementor-widget-container\">\n\t\t\t<h1 class=\"elementor-heading-title elementor-size-default\">Alfombra de lana geom\u00e9trica retro de los a\u00f1os 70, tejida a mano, 6\u00d79\u2032, malva y ciruela<\/h1>\t\t<\/div>\n\t\t\t\t<\/div>\n\t\t\t\t<div class=\"elementor-element elementor-element-472532b elementor-widget elementor-widget-text-editor\" data-id=\"472532b\" data-element_type=\"widget\" data-widget_type=\"text-editor.default\">\n\t\t\t\t<div class=\"elementor-widget-container\">\n\t\t\t\t\t\t\t<ul><li>Lana de Nueva Zelanda de primera calidad tejida a mano con dise\u00f1o vintage de los a\u00f1os 70<\/li><li>Atrevidos motivos rectangulares en malva con detalles en ciruela oscuro<\/li><li>Las formas geom\u00e9tricas talladas crean un sofisticado efecto de capas<\/li><li>Los marcos retro flotantes ofrecen un movimiento visual din\u00e1mico<\/li><li>Las variaciones tonales a\u00f1aden profundidad al dise\u00f1o minimalista<\/li><\/ul>\t\t\t\t\t\t<\/div>\n\t\t\t\t<\/div>\n\t\t\t\t<div class=\"elementor-element elementor-element-46ac2ca elementor-align-left elementor-widget elementor-widget-button\" data-id=\"46ac2ca\" data-element_type=\"widget\" data-widget_type=\"button.default\">\n\t\t\t\t<div class=\"elementor-widget-container\">\n\t\t\t\t\t<div class=\"elementor-button-wrapper\">\n\t\t\t<a class=\"elementor-button elementor-button-link elementor-size-sm\" href=\"https:\/\/custom-rugs.org\/es\/contact\/\" target=\"_blank\">\n\t\t\t\t\t\t<span class=\"elementor-button-content-wrapper\">\n\t\t\t\t\t\t\t\t\t<span class=\"elementor-button-text\">Pedir presupuesto<\/span>\n\t\t\t\t\t<\/span>\n\t\t\t\t\t<\/a>\n\t\t<\/div>\n\t\t\t\t<\/div>\n\t\t\t\t<\/div>\n\t\t\t\t<\/div>\n\t\t\t\t\t<\/div>\n\t\t\t\t<\/div>\n\t\t<div class=\"elementor-element elementor-element-01e85ae e-flex e-con-boxed e-con e-parent\" data-id=\"01e85ae\" data-element_type=\"container\" data-settings=\"{&quot;background_background&quot;:&quot;classic&quot;}\">\n\t\t\t\t\t<div class=\"e-con-inner\">\n\t\t<div class=\"elementor-element elementor-element-b2355fd e-con-full e-flex e-con e-child\" data-id=\"b2355fd\" data-element_type=\"container\">\n\t\t\t\t<div class=\"elementor-element elementor-element-1005a65 elementor-widget-divider--view-line elementor-widget elementor-widget-divider\" data-id=\"1005a65\" data-element_type=\"widget\" data-widget_type=\"divider.default\">\n\t\t\t\t<div class=\"elementor-widget-container\">\n\t\t\t\t\t<div class=\"elementor-divider\">\n\t\t\t<span class=\"elementor-divider-separator\">\n\t\t\t\t\t\t<\/span>\n\t\t<\/div>\n\t\t\t\t<\/div>\n\t\t\t\t<\/div>\n\t\t\t\t<div class=\"elementor-element elementor-element-7a90534 elementor-widget elementor-widget-heading\" data-id=\"7a90534\" data-element_type=\"widget\" data-widget_type=\"heading.default\">\n\t\t\t\t<div class=\"elementor-widget-container\">\n\t\t\t<div class=\"elementor-heading-title elementor-size-default\">Descripci\u00f3n del producto<\/div>\t\t<\/div>\n\t\t\t\t<\/div>\n\t\t\t\t<div class=\"elementor-element elementor-element-e6659a9 elementor-widget elementor-widget-text-editor\" data-id=\"e6659a9\" data-element_type=\"widget\" data-widget_type=\"text-editor.default\">\n\t\t\t\t<div class=\"elementor-widget-container\">\n\t\t\t\t\t\t\t<p>Celebrando la sofisticaci\u00f3n audaz del dise\u00f1o de los a\u00f1os 70, esta pieza artesanal captura una \u00e9poca de estilo intr\u00e9pido.<br \/>Los marcos rectangulares flotantes en malva y ciruela oscuro crean una llamativa presencia arquitect\u00f3nica.<br \/>Cada detalle tallado realza la interacci\u00f3n dimensional, aportando modernismo vintage a espacios contempor\u00e1neos.<\/p><p><strong>DESTACADOS:<\/strong><\/p><ul><li>Tejido a mano por expertos artesanos con lana de Nueva Zelanda de primera calidad<\/li><li>Presenta motivos geom\u00e9tricos ic\u00f3nicos de los a\u00f1os 70 con detalles tallados<\/li><li>Disponible en tallas personalizadas y colores inspirados en la \u00e9poca.<\/li><\/ul><p><strong>Dimensiones y peso<\/strong><\/p><ul><li>180 x 270 cm \/ 6 x 9 pies (-\/+5 cm o 2 pulgadas)<\/li><li>Grosor = 1,5 cm \/ 0,5 pulgadas<\/li><li>28 kg \/ 61 libras<\/li><\/ul><p><strong>Material<\/strong><\/p><ul><li>100% Lana de Nueva Zelanda<\/li><\/ul><p><strong>Plazo de producci\u00f3n<\/strong><\/p><p>Cada alfombra que creamos est\u00e1 hecha a medida.<\/p><ul><li>Tiempo de producci\u00f3n: 15 - 20 d\u00edas laborables<\/li><li>Este plazo comienza una vez confirmado el pedido.<\/li><li>Cada alfombra se elabora espec\u00edficamente seg\u00fan sus especificaciones<\/li><li>Nuestros artesanos garantizan la calidad en cada paso del proceso<\/li><\/ul><p>Tenga en cuenta lo siguiente:<\/p><ul><li>Los d\u00edas laborables no incluyen fines de semana ni festivos<\/li><li>Los dise\u00f1os complejos pueden requerir m\u00e1s tiempo<\/li><li>Haremos todo lo posible para enviar lo antes posible los pedidos urgentes.<\/li><\/ul><p>Le agradecemos su paciencia mientras creamos su alfombra \u00fanica.<br \/>La artesan\u00eda de calidad lleva su tiempo, pero prometemos que la espera merece la pena.<\/p>\t\t\t\t\t\t<\/div>\n\t\t\t\t<\/div>\n\t\t\t\t<\/div>\n\t\t\t\t\t<\/div>\n\t\t\t\t<\/div>\n\t\t\t\t<\/div>","protected":false},"excerpt":{"rendered":"<p>70s Retro Geometric Wool Area Rug, Hand-Tufted, 6\u00d79\u2032, Mauve &amp; Plum Premium New Zealand wool hand-tufted with vintage 70s design Bold rectangular patterns in mauve with deep plum accents Carved geometric shapes create sophisticated layered effect Floating retro frames offer dynamic visual movement Tonal variations add depth to minimalist design Ask a Quote Product Description [&hellip;]<\/p>","protected":false},"author":1,"featured_media":2243,"parent":2236,"menu_order":0,"comment_status":"closed","ping_status":"closed","template":"","meta":{"rank_math_lock_modified_date":false,"_uag_custom_page_level_css":"","site-sidebar-layout":"no-sidebar","site-content-layout":"page-builder","ast-site-content-layout":"full-width-container","site-content-style":"default","site-sidebar-style":"default","ast-global-header-display":"","ast-banner-title-visibility":"","ast-main-header-display":"","ast-hfb-above-header-display":"","ast-hfb-below-header-display":"","ast-hfb-mobile-header-display":"","site-post-title":"disabled","ast-breadcrumbs-content":"","ast-featured-img":"disabled","footer-sml-layout":"","theme-transparent-header-meta":"","adv-header-id-meta":"","stick-header-meta":"","header-above-stick-meta":"","header-main-stick-meta":"","header-below-stick-meta":"","astra-migrate-meta-layouts":"set","ast-page-background-enabled":"default","ast-page-background-meta":{"desktop":{"background-color":"","background-image":"","background-repeat":"repeat","background-position":"center center","background-size":"auto","background-attachment":"scroll","background-type":"","background-media":"","overlay-type":"","overlay-color":"","overlay-opacity":"","overlay-gradient":""},"tablet":{"background-color":"","background-image":"","background-repeat":"repeat","background-position":"center center","background-size":"auto","background-attachment":"scroll","background-type":"","background-media":"","overlay-type":"","overlay-color":"","overlay-opacity":"","overlay-gradient":""},"mobile":{"background-color":"","background-image":"","background-repeat":"repeat","background-position":"center center","background-size":"auto","background-attachment":"scroll","background-type":"","background-media":"","overlay-type":"","overlay-color":"","overlay-opacity":"","overlay-gradient":""}},"ast-content-background-meta":{"desktop":{"background-color":"var(--ast-global-color-5)","background-image":"","background-repeat":"repeat","background-position":"center center","background-size":"auto","background-attachment":"scroll","background-type":"","background-media":"","overlay-type":"","overlay-color":"","overlay-opacity":"","overlay-gradient":""},"tablet":{"background-color":"var(--ast-global-color-5)","background-image":"","background-repeat":"repeat","background-position":"center center","background-size":"auto","background-attachment":"scroll","background-type":"","background-media":"","overlay-type":"","overlay-color":"","overlay-opacity":"","overlay-gradient":""},"mobile":{"background-color":"var(--ast-global-color-5)","background-image":"","background-repeat":"repeat","background-position":"center center","background-size":"auto","background-attachment":"scroll","background-type":"","background-media":"","overlay-type":"","overlay-color":"","overlay-opacity":"","overlay-gradient":""}},"_joinchat":[],"footnotes":""},"class_list":["post-2241","page","type-page","status-publish","has-post-thumbnail","hentry"],"uagb_featured_image_src":{"full":["https:\/\/custom-rugs.org\/wp-content\/uploads\/2024\/12\/retro-geometric-wool-rug-mauve-plum-6x9-tufted-picture.jpg",1600,1600,false],"thumbnail":["https:\/\/custom-rugs.org\/wp-content\/uploads\/2024\/12\/retro-geometric-wool-rug-mauve-plum-6x9-tufted-picture-150x150.jpg",150,150,true],"medium":["https:\/\/custom-rugs.org\/wp-content\/uploads\/2024\/12\/retro-geometric-wool-rug-mauve-plum-6x9-tufted-picture-300x300.jpg",300,300,true],"medium_large":["https:\/\/custom-rugs.org\/wp-content\/uploads\/2024\/12\/retro-geometric-wool-rug-mauve-plum-6x9-tufted-picture-768x768.jpg",768,768,true],"large":["https:\/\/custom-rugs.org\/wp-content\/uploads\/2024\/12\/retro-geometric-wool-rug-mauve-plum-6x9-tufted-picture-1024x1024.jpg",1024,1024,true],"1536x1536":["https:\/\/custom-rugs.org\/wp-content\/uploads\/2024\/12\/retro-geometric-wool-rug-mauve-plum-6x9-tufted-picture-1536x1536.jpg",1536,1536,true],"2048x2048":["https:\/\/custom-rugs.org\/wp-content\/uploads\/2024\/12\/retro-geometric-wool-rug-mauve-plum-6x9-tufted-picture.jpg",1600,1600,false],"trp-custom-language-flag":["https:\/\/custom-rugs.org\/wp-content\/uploads\/2024\/12\/retro-geometric-wool-rug-mauve-plum-6x9-tufted-picture.jpg",12,12,false],"crp_thumbnail":["https:\/\/custom-rugs.org\/wp-content\/uploads\/2024\/12\/retro-geometric-wool-rug-mauve-plum-6x9-tufted-picture-150x150.jpg",150,150,true]},"uagb_author_info":{"display_name":"Custom Rugs","author_link":"https:\/\/custom-rugs.org\/es\/author\/admin-hang\/"},"uagb_comment_info":0,"uagb_excerpt":"70s Retro Geometric Wool Area Rug, Hand-Tufted, 6\u00d79\u2032, Mauve &amp; Plum Premium New Zealand wool hand-tufted with vintage 70s design Bold rectangular patterns in mauve with deep plum accents Carved geometric shapes create sophisticated layered effect Floating retro frames offer dynamic visual movement Tonal variations add depth to minimalist design Ask a Quote Product Description&hellip;","_links":{"self":[{"href":"https:\/\/custom-rugs.org\/es\/wp-json\/wp\/v2\/pages\/2241","targetHints":{"allow":["GET"]}}],"collection":[{"href":"https:\/\/custom-rugs.org\/es\/wp-json\/wp\/v2\/pages"}],"about":[{"href":"https:\/\/custom-rugs.org\/es\/wp-json\/wp\/v2\/types\/page"}],"author":[{"embeddable":true,"href":"https:\/\/custom-rugs.org\/es\/wp-json\/wp\/v2\/users\/1"}],"replies":[{"embeddable":true,"href":"https:\/\/custom-rugs.org\/es\/wp-json\/wp\/v2\/comments?post=2241"}],"version-history":[{"count":0,"href":"https:\/\/custom-rugs.org\/es\/wp-json\/wp\/v2\/pages\/2241\/revisions"}],"up":[{"embeddable":true,"href":"https:\/\/custom-rugs.org\/es\/wp-json\/wp\/v2\/pages\/2236"}],"wp:featuredmedia":[{"embeddable":true,"href":"https:\/\/custom-rugs.org\/es\/wp-json\/wp\/v2\/media\/2243"}],"wp:attachment":[{"href":"https:\/\/custom-rugs.org\/es\/wp-json\/wp\/v2\/media?parent=2241"}],"curies":[{"name":"wp","href":"https:\/\/api.w.org\/{rel}","templated":true}]}}