{"id":2360,"date":"2024-12-03T19:57:54","date_gmt":"2024-12-03T11:57:54","guid":{"rendered":"https:\/\/custom-rugs.org\/?page_id=2360"},"modified":"2024-12-03T19:59:36","modified_gmt":"2024-12-03T11:59:36","slug":"mid-century-abstract-wool-rug-beige-contemporary-200x300cm","status":"publish","type":"page","link":"https:\/\/custom-rugs.org\/de\/abstract-rugs\/mid-century-abstract-wool-rug-beige-contemporary-200x300cm\/","title":{"rendered":"Mid-Century Abstrakte Wolle Teppich | Beige Zeitgen\u00f6ssische 200x300cm"},"content":{"rendered":"<div data-elementor-type=\"wp-page\" data-elementor-id=\"2360\" class=\"elementor elementor-2360\">\n\t\t\t\t<div class=\"elementor-element elementor-element-0e6c445 e-flex e-con-boxed e-con e-parent\" data-id=\"0e6c445\" data-element_type=\"container\">\n\t\t\t\t\t<div class=\"e-con-inner\">\n\t\t<div class=\"elementor-element elementor-element-2a9696d e-con-full e-flex e-con e-child\" data-id=\"2a9696d\" data-element_type=\"container\">\n\t\t\t\t<div class=\"elementor-element elementor-element-30bb642 elementor-widget elementor-widget-image\" data-id=\"30bb642\" data-element_type=\"widget\" data-widget_type=\"image.default\">\n\t\t\t\t<div class=\"elementor-widget-container\">\n\t\t\t\t\t\t\t\t\t\t\t\t\t<img fetchpriority=\"high\" decoding=\"async\" width=\"768\" height=\"768\" src=\"https:\/\/custom-rugs.org\/wp-content\/uploads\/2024\/12\/mid-century-abstract-beige-wool-rug-200x300cm-picture-768x768.jpg\" class=\"attachment-medium_large size-medium_large wp-image-2362\" alt=\"Mitte des Jahrhunderts abstrakte beige Wollteppich 200x300cm Bild\" srcset=\"https:\/\/custom-rugs.org\/wp-content\/uploads\/2024\/12\/mid-century-abstract-beige-wool-rug-200x300cm-picture-768x768.jpg 768w, https:\/\/custom-rugs.org\/wp-content\/uploads\/2024\/12\/mid-century-abstract-beige-wool-rug-200x300cm-picture-300x300.jpg 300w, https:\/\/custom-rugs.org\/wp-content\/uploads\/2024\/12\/mid-century-abstract-beige-wool-rug-200x300cm-picture-1024x1024.jpg 1024w, https:\/\/custom-rugs.org\/wp-content\/uploads\/2024\/12\/mid-century-abstract-beige-wool-rug-200x300cm-picture-150x150.jpg 150w, https:\/\/custom-rugs.org\/wp-content\/uploads\/2024\/12\/mid-century-abstract-beige-wool-rug-200x300cm-picture-1536x1536.jpg 1536w, https:\/\/custom-rugs.org\/wp-content\/uploads\/2024\/12\/mid-century-abstract-beige-wool-rug-200x300cm-picture.jpg 1600w\" sizes=\"(max-width: 768px) 100vw, 768px\" \/>\t\t\t\t\t\t\t\t\t\t\t\t\t<\/div>\n\t\t\t\t<\/div>\n\t\t\t\t<\/div>\n\t\t<div class=\"elementor-element elementor-element-233bf87 e-con-full e-flex e-con e-child\" data-id=\"233bf87\" data-element_type=\"container\">\n\t\t\t\t<div class=\"elementor-element elementor-element-bb6c2d5 elementor-widget elementor-widget-shortcode\" data-id=\"bb6c2d5\" data-element_type=\"widget\" data-widget_type=\"shortcode.default\">\n\t\t\t\t<div class=\"elementor-widget-container\">\n\t\t\t\t\t<div class=\"elementor-shortcode\"><nav aria-label=\"Semmelbr\u00f6sel\" class=\"rank-math-breadcrumb\"><p><span class=\"last\">Startseite<\/span><\/p><\/nav><\/div>\n\t\t\t\t<\/div>\n\t\t\t\t<\/div>\n\t\t\t\t<div class=\"elementor-element elementor-element-aa43aa6 elementor-widget elementor-widget-heading\" data-id=\"aa43aa6\" data-element_type=\"widget\" data-widget_type=\"heading.default\">\n\t\t\t\t<div class=\"elementor-widget-container\">\n\t\t\t<h1 class=\"elementor-heading-title elementor-size-default\">Mid-Century Abstrakte Wolle Teppich | Beige Zeitgen\u00f6ssische 200x300cm<\/h1>\t\t<\/div>\n\t\t\t\t<\/div>\n\t\t\t\t<div class=\"elementor-element elementor-element-a765536 elementor-widget elementor-widget-text-editor\" data-id=\"a765536\" data-element_type=\"widget\" data-widget_type=\"text-editor.default\">\n\t\t\t\t<div class=\"elementor-widget-container\">\n\t\t\t\t\t\t\t<ul><li>Luxuri\u00f6se neuseel\u00e4ndische Wolle f\u00fcr ultimativen Komfort<\/li><li>Abstraktes zeitgen\u00f6ssisches Design aus der Mitte des Jahrhunderts<\/li><li>Raffinierte Beige-Palette f\u00fcr zeitlose Eleganz<\/li><li>Individuell getuftet f\u00fcr au\u00dfergew\u00f6hnliche Qualit\u00e4t und Langlebigkeit<\/li><li>Gro\u00dfz\u00fcgiges Format 200x300cm f\u00fcr gro\u00dfe R\u00e4ume<\/li><\/ul>\t\t\t\t\t\t<\/div>\n\t\t\t\t<\/div>\n\t\t\t\t<div class=\"elementor-element elementor-element-72f4d6f elementor-align-left elementor-widget elementor-widget-button\" data-id=\"72f4d6f\" data-element_type=\"widget\" data-widget_type=\"button.default\">\n\t\t\t\t<div class=\"elementor-widget-container\">\n\t\t\t\t\t<div class=\"elementor-button-wrapper\">\n\t\t\t<a class=\"elementor-button elementor-button-link elementor-size-sm\" href=\"https:\/\/custom-rugs.org\/de\/contact\/\" target=\"_blank\">\n\t\t\t\t\t\t<span class=\"elementor-button-content-wrapper\">\n\t\t\t\t\t\t\t\t\t<span class=\"elementor-button-text\">Angebot einholen<\/span>\n\t\t\t\t\t<\/span>\n\t\t\t\t\t<\/a>\n\t\t<\/div>\n\t\t\t\t<\/div>\n\t\t\t\t<\/div>\n\t\t\t\t<\/div>\n\t\t\t\t\t<\/div>\n\t\t\t\t<\/div>\n\t\t<div class=\"elementor-element elementor-element-1068bab e-flex e-con-boxed e-con e-parent\" data-id=\"1068bab\" data-element_type=\"container\" data-settings=\"{&quot;background_background&quot;:&quot;classic&quot;}\">\n\t\t\t\t\t<div class=\"e-con-inner\">\n\t\t<div class=\"elementor-element elementor-element-44ecced e-con-full e-flex e-con e-child\" data-id=\"44ecced\" data-element_type=\"container\">\n\t\t\t\t<div class=\"elementor-element elementor-element-15d8f28 elementor-widget-divider--view-line elementor-widget elementor-widget-divider\" data-id=\"15d8f28\" data-element_type=\"widget\" data-widget_type=\"divider.default\">\n\t\t\t\t<div class=\"elementor-widget-container\">\n\t\t\t\t\t<div class=\"elementor-divider\">\n\t\t\t<span class=\"elementor-divider-separator\">\n\t\t\t\t\t\t<\/span>\n\t\t<\/div>\n\t\t\t\t<\/div>\n\t\t\t\t<\/div>\n\t\t\t\t<div class=\"elementor-element elementor-element-7a52425 elementor-widget elementor-widget-heading\" data-id=\"7a52425\" data-element_type=\"widget\" data-widget_type=\"heading.default\">\n\t\t\t\t<div class=\"elementor-widget-container\">\n\t\t\t<div class=\"elementor-heading-title elementor-size-default\">Beschreibung des Produkts<\/div>\t\t<\/div>\n\t\t\t\t<\/div>\n\t\t\t\t<div class=\"elementor-element elementor-element-2c8fb68 elementor-widget elementor-widget-text-editor\" data-id=\"2c8fb68\" data-element_type=\"widget\" data-widget_type=\"text-editor.default\">\n\t\t\t\t<div class=\"elementor-widget-container\">\n\t\t\t\t\t\t\t<p>Dieses raffinierte St\u00fcck ist eine moderne Interpretation des Designs der Jahrhundertmitte.<br \/>Pr\u00e4sentieren Sie flie\u00dfende abstrakte Formen in beruhigenden Beiget\u00f6nen.<br \/>Er bietet eine perfekte Mischung aus retro-inspirierter \u00c4sthetik und modernem Komfort.<br \/>Schaffen Sie einen vielseitigen und eleganten Blickpunkt f\u00fcr Ihren Wohnbereich.<\/p><p><strong>Highlight<\/strong><\/p><ul><li>Elegantes abstraktes Muster, inspiriert von der modernen Kunst der Mitte des Jahrhunderts<\/li><li>Gro\u00dfz\u00fcgiges rechteckiges Format (200x300cm) f\u00fcr eine eindrucksvolle Pr\u00e4senz<\/li><li>Dichter, luxuri\u00f6ser Flor f\u00fcr h\u00f6chsten Komfort unter den F\u00fc\u00dfen<\/li><li>Ideal, um modernen Innenr\u00e4umen einen Hauch von raffiniertem Vintage-Charme zu verleihen<\/li><\/ul><p><strong>Entworfen von<\/strong><\/p><ul><li>Oscar Lee<\/li><\/ul><p><strong>Abmessungen und Gewicht<\/strong><\/p><ul><li>200 x 300 cm \/ 6,5 x 9,8 Fu\u00df (-\/+5cm oder 2 Zoll)<\/li><li>Dicke = 1,2 cm \/ 0,5 Zoll<\/li><li>31 kg \/ 68 Pfund<\/li><\/ul><p><strong>Material<\/strong><\/p><ul><li>100% Neuseel\u00e4ndische Wolle<\/li><\/ul><p><strong>Produktionsvorlaufzeit<\/strong><\/p><p>Jeder von uns gefertigte Teppich ist ein Unikat nach Ma\u00df.<\/p><ul><li>Produktionszeit: 15 - 20 Arbeitstage<\/li><li>Dieser Zeitrahmen beginnt nach der Best\u00e4tigung Ihrer Bestellung<\/li><li>Jeder Teppich wird speziell nach Ihren W\u00fcnschen angefertigt<\/li><li>Unsere Kunsthandwerker gew\u00e4hrleisten die Qualit\u00e4t in jeder Phase des Prozesses<\/li><\/ul><p>Bitte beachten:<\/p><ul><li>Arbeitstage ohne Wochenenden und Feiertage<\/li><li>Komplexe Entw\u00fcrfe k\u00f6nnen zus\u00e4tzliche Zeit erfordern<\/li><li>Wir werden unser Bestes tun, um dringende Bestellungen so schnell wie m\u00f6glich zu versenden.<\/li><\/ul><p>Wir danken Ihnen f\u00fcr Ihre Geduld, w\u00e4hrend wir Ihren einmaligen Teppich herstellen.<br \/>Qualit\u00e4tshandwerk braucht seine Zeit, aber wir versprechen, dass sich das Warten lohnt.<\/p>\t\t\t\t\t\t<\/div>\n\t\t\t\t<\/div>\n\t\t\t\t<\/div>\n\t\t\t\t\t<\/div>\n\t\t\t\t<\/div>\n\t\t\t\t<\/div>","protected":false},"excerpt":{"rendered":"<p>Mid-Century Abstract Wool Rug | Beige Contemporary 200x300cm Luxuri\u00f6se Neuseeland Wolle f\u00fcr ultimativen Komfort Mid-Century abstrakte zeitgen\u00f6ssische Design Raffinierte beige Palette f\u00fcr zeitlose Eleganz Custom getuftet f\u00fcr au\u00dfergew\u00f6hnliche Qualit\u00e4t und Langlebigkeit Gro\u00dfz\u00fcgige 200x300cm Gr\u00f6\u00dfe f\u00fcr ger\u00e4umige Zimmer Fragen Sie ein Angebot Produktbeschreibung Dieses anspruchsvolle St\u00fcck bietet eine zeitgen\u00f6ssische Interpretation der Mitte des Jahrhunderts design.Showcase flie\u00dfenden abstrakten [...]<\/p>","protected":false},"author":1,"featured_media":2362,"parent":2236,"menu_order":0,"comment_status":"closed","ping_status":"closed","template":"","meta":{"rank_math_lock_modified_date":false,"_uag_custom_page_level_css":"","site-sidebar-layout":"no-sidebar","site-content-layout":"page-builder","ast-site-content-layout":"full-width-container","site-content-style":"default","site-sidebar-style":"default","ast-global-header-display":"","ast-banner-title-visibility":"","ast-main-header-display":"","ast-hfb-above-header-display":"","ast-hfb-below-header-display":"","ast-hfb-mobile-header-display":"","site-post-title":"disabled","ast-breadcrumbs-content":"","ast-featured-img":"disabled","footer-sml-layout":"","theme-transparent-header-meta":"","adv-header-id-meta":"","stick-header-meta":"","header-above-stick-meta":"","header-main-stick-meta":"","header-below-stick-meta":"","astra-migrate-meta-layouts":"set","ast-page-background-enabled":"default","ast-page-background-meta":{"desktop":{"background-color":"","background-image":"","background-repeat":"repeat","background-position":"center center","background-size":"auto","background-attachment":"scroll","background-type":"","background-media":"","overlay-type":"","overlay-color":"","overlay-opacity":"","overlay-gradient":""},"tablet":{"background-color":"","background-image":"","background-repeat":"repeat","background-position":"center center","background-size":"auto","background-attachment":"scroll","background-type":"","background-media":"","overlay-type":"","overlay-color":"","overlay-opacity":"","overlay-gradient":""},"mobile":{"background-color":"","background-image":"","background-repeat":"repeat","background-position":"center center","background-size":"auto","background-attachment":"scroll","background-type":"","background-media":"","overlay-type":"","overlay-color":"","overlay-opacity":"","overlay-gradient":""}},"ast-content-background-meta":{"desktop":{"background-color":"var(--ast-global-color-5)","background-image":"","background-repeat":"repeat","background-position":"center center","background-size":"auto","background-attachment":"scroll","background-type":"","background-media":"","overlay-type":"","overlay-color":"","overlay-opacity":"","overlay-gradient":""},"tablet":{"background-color":"var(--ast-global-color-5)","background-image":"","background-repeat":"repeat","background-position":"center center","background-size":"auto","background-attachment":"scroll","background-type":"","background-media":"","overlay-type":"","overlay-color":"","overlay-opacity":"","overlay-gradient":""},"mobile":{"background-color":"var(--ast-global-color-5)","background-image":"","background-repeat":"repeat","background-position":"center center","background-size":"auto","background-attachment":"scroll","background-type":"","background-media":"","overlay-type":"","overlay-color":"","overlay-opacity":"","overlay-gradient":""}},"_joinchat":[],"footnotes":""},"class_list":["post-2360","page","type-page","status-publish","has-post-thumbnail","hentry"],"uagb_featured_image_src":{"full":["https:\/\/custom-rugs.org\/wp-content\/uploads\/2024\/12\/mid-century-abstract-beige-wool-rug-200x300cm-picture.jpg",1600,1600,false],"thumbnail":["https:\/\/custom-rugs.org\/wp-content\/uploads\/2024\/12\/mid-century-abstract-beige-wool-rug-200x300cm-picture-150x150.jpg",150,150,true],"medium":["https:\/\/custom-rugs.org\/wp-content\/uploads\/2024\/12\/mid-century-abstract-beige-wool-rug-200x300cm-picture-300x300.jpg",300,300,true],"medium_large":["https:\/\/custom-rugs.org\/wp-content\/uploads\/2024\/12\/mid-century-abstract-beige-wool-rug-200x300cm-picture-768x768.jpg",768,768,true],"large":["https:\/\/custom-rugs.org\/wp-content\/uploads\/2024\/12\/mid-century-abstract-beige-wool-rug-200x300cm-picture-1024x1024.jpg",1024,1024,true],"1536x1536":["https:\/\/custom-rugs.org\/wp-content\/uploads\/2024\/12\/mid-century-abstract-beige-wool-rug-200x300cm-picture-1536x1536.jpg",1536,1536,true],"2048x2048":["https:\/\/custom-rugs.org\/wp-content\/uploads\/2024\/12\/mid-century-abstract-beige-wool-rug-200x300cm-picture.jpg",1600,1600,false],"trp-custom-language-flag":["https:\/\/custom-rugs.org\/wp-content\/uploads\/2024\/12\/mid-century-abstract-beige-wool-rug-200x300cm-picture.jpg",12,12,false],"crp_thumbnail":["https:\/\/custom-rugs.org\/wp-content\/uploads\/2024\/12\/mid-century-abstract-beige-wool-rug-200x300cm-picture-150x150.jpg",150,150,true]},"uagb_author_info":{"display_name":"Custom Rugs","author_link":"https:\/\/custom-rugs.org\/de\/author\/admin-hang\/"},"uagb_comment_info":0,"uagb_excerpt":"Mid-Century Abstract Wool Rug | Beige Contemporary 200x300cm Luxurious New Zealand wool for ultimate comfort Mid-century abstract contemporary design Sophisticated beige palette for timeless elegance Custom tufted for exceptional quality and longevity Generous 200x300cm size for spacious rooms Ask a Quote Product Description This sophisticated piece features a contemporary interpretation of mid-century design.Showcase fluid abstract&hellip;","_links":{"self":[{"href":"https:\/\/custom-rugs.org\/de\/wp-json\/wp\/v2\/pages\/2360","targetHints":{"allow":["GET"]}}],"collection":[{"href":"https:\/\/custom-rugs.org\/de\/wp-json\/wp\/v2\/pages"}],"about":[{"href":"https:\/\/custom-rugs.org\/de\/wp-json\/wp\/v2\/types\/page"}],"author":[{"embeddable":true,"href":"https:\/\/custom-rugs.org\/de\/wp-json\/wp\/v2\/users\/1"}],"replies":[{"embeddable":true,"href":"https:\/\/custom-rugs.org\/de\/wp-json\/wp\/v2\/comments?post=2360"}],"version-history":[{"count":0,"href":"https:\/\/custom-rugs.org\/de\/wp-json\/wp\/v2\/pages\/2360\/revisions"}],"up":[{"embeddable":true,"href":"https:\/\/custom-rugs.org\/de\/wp-json\/wp\/v2\/pages\/2236"}],"wp:featuredmedia":[{"embeddable":true,"href":"https:\/\/custom-rugs.org\/de\/wp-json\/wp\/v2\/media\/2362"}],"wp:attachment":[{"href":"https:\/\/custom-rugs.org\/de\/wp-json\/wp\/v2\/media?parent=2360"}],"curies":[{"name":"wp","href":"https:\/\/api.w.org\/{rel}","templated":true}]}}