{"id":2351,"date":"2024-12-03T19:52:01","date_gmt":"2024-12-03T11:52:01","guid":{"rendered":"https:\/\/custom-rugs.org\/?page_id=2351"},"modified":"2024-12-03T19:54:16","modified_gmt":"2024-12-03T11:54:16","slug":"custom-tufted-wool-rug-with-burgundy-accent-9x12","status":"publish","type":"page","link":"https:\/\/custom-rugs.org\/de\/abstract-rugs\/custom-tufted-wool-rug-with-burgundy-accent-9x12\/","title":{"rendered":"Individuell getufteter Wollteppich mit burgunderrotem Akzent, 9'x12\u2032"},"content":{"rendered":"<div data-elementor-type=\"wp-page\" data-elementor-id=\"2351\" class=\"elementor elementor-2351\">\n\t\t\t\t<div class=\"elementor-element elementor-element-31c08aa e-flex e-con-boxed e-con e-parent\" data-id=\"31c08aa\" data-element_type=\"container\">\n\t\t\t\t\t<div class=\"e-con-inner\">\n\t\t<div class=\"elementor-element elementor-element-ad04c7c e-con-full e-flex e-con e-child\" data-id=\"ad04c7c\" data-element_type=\"container\">\n\t\t\t\t<div class=\"elementor-element elementor-element-ab121e6 elementor-widget elementor-widget-image\" data-id=\"ab121e6\" data-element_type=\"widget\" data-widget_type=\"image.default\">\n\t\t\t\t<div class=\"elementor-widget-container\">\n\t\t\t\t\t\t\t\t\t\t\t\t\t<img fetchpriority=\"high\" decoding=\"async\" width=\"768\" height=\"768\" src=\"https:\/\/custom-rugs.org\/wp-content\/uploads\/2024\/12\/custom-tufted-wool-rug-brown-burgundy-stripe-9x12-picture-768x768.jpg\" class=\"attachment-medium_large size-medium_large wp-image-2353\" alt=\"Individuell getufteter Wollteppich braun burgunderrot gestreift 9x12\" srcset=\"https:\/\/custom-rugs.org\/wp-content\/uploads\/2024\/12\/custom-tufted-wool-rug-brown-burgundy-stripe-9x12-picture-768x768.jpg 768w, https:\/\/custom-rugs.org\/wp-content\/uploads\/2024\/12\/custom-tufted-wool-rug-brown-burgundy-stripe-9x12-picture-300x300.jpg 300w, https:\/\/custom-rugs.org\/wp-content\/uploads\/2024\/12\/custom-tufted-wool-rug-brown-burgundy-stripe-9x12-picture-1024x1024.jpg 1024w, https:\/\/custom-rugs.org\/wp-content\/uploads\/2024\/12\/custom-tufted-wool-rug-brown-burgundy-stripe-9x12-picture-150x150.jpg 150w, https:\/\/custom-rugs.org\/wp-content\/uploads\/2024\/12\/custom-tufted-wool-rug-brown-burgundy-stripe-9x12-picture-1536x1536.jpg 1536w, https:\/\/custom-rugs.org\/wp-content\/uploads\/2024\/12\/custom-tufted-wool-rug-brown-burgundy-stripe-9x12-picture.jpg 1600w\" sizes=\"(max-width: 768px) 100vw, 768px\" \/>\t\t\t\t\t\t\t\t\t\t\t\t\t<\/div>\n\t\t\t\t<\/div>\n\t\t\t\t<\/div>\n\t\t<div class=\"elementor-element elementor-element-72bab2e e-con-full e-flex e-con e-child\" data-id=\"72bab2e\" data-element_type=\"container\">\n\t\t\t\t<div class=\"elementor-element elementor-element-862430b elementor-widget elementor-widget-shortcode\" data-id=\"862430b\" data-element_type=\"widget\" data-widget_type=\"shortcode.default\">\n\t\t\t\t<div class=\"elementor-widget-container\">\n\t\t\t\t\t<div class=\"elementor-shortcode\"><nav aria-label=\"Semmelbr\u00f6sel\" class=\"rank-math-breadcrumb\"><p><span class=\"last\">Startseite<\/span><\/p><\/nav><\/div>\n\t\t\t\t<\/div>\n\t\t\t\t<\/div>\n\t\t\t\t<div class=\"elementor-element elementor-element-beee689 elementor-widget elementor-widget-heading\" data-id=\"beee689\" data-element_type=\"widget\" data-widget_type=\"heading.default\">\n\t\t\t\t<div class=\"elementor-widget-container\">\n\t\t\t<h1 class=\"elementor-heading-title elementor-size-default\">Individuell getufteter Wollteppich mit burgunderrotem Akzent, 9'x12\u2032<\/h1>\t\t<\/div>\n\t\t\t\t<\/div>\n\t\t\t\t<div class=\"elementor-element elementor-element-83a2f17 elementor-widget elementor-widget-text-editor\" data-id=\"83a2f17\" data-element_type=\"widget\" data-widget_type=\"text-editor.default\">\n\t\t\t\t<div class=\"elementor-widget-container\">\n\t\t\t\t\t\t\t<ul><li>Konstruktion aus neuseel\u00e4ndischer Wolle<\/li><li>Individuell getuftet f\u00fcr Qualit\u00e4t<\/li><li>Satte braune Basis mit burgunderrotem Akzent<\/li><li>Modernes diagonales Streifendesign<\/li><li>Gro\u00dfz\u00fcgiges Format 9'x12\u2032 f\u00fcr ger\u00e4umige R\u00e4ume<\/li><\/ul>\t\t\t\t\t\t<\/div>\n\t\t\t\t<\/div>\n\t\t\t\t<div class=\"elementor-element elementor-element-d6f625d elementor-align-left elementor-widget elementor-widget-button\" data-id=\"d6f625d\" data-element_type=\"widget\" data-widget_type=\"button.default\">\n\t\t\t\t<div class=\"elementor-widget-container\">\n\t\t\t\t\t<div class=\"elementor-button-wrapper\">\n\t\t\t<a class=\"elementor-button elementor-button-link elementor-size-sm\" href=\"https:\/\/custom-rugs.org\/de\/contact\/\" target=\"_blank\">\n\t\t\t\t\t\t<span class=\"elementor-button-content-wrapper\">\n\t\t\t\t\t\t\t\t\t<span class=\"elementor-button-text\">Angebot einholen<\/span>\n\t\t\t\t\t<\/span>\n\t\t\t\t\t<\/a>\n\t\t<\/div>\n\t\t\t\t<\/div>\n\t\t\t\t<\/div>\n\t\t\t\t<\/div>\n\t\t\t\t\t<\/div>\n\t\t\t\t<\/div>\n\t\t<div class=\"elementor-element elementor-element-d399940 e-flex e-con-boxed e-con e-parent\" data-id=\"d399940\" data-element_type=\"container\" data-settings=\"{&quot;background_background&quot;:&quot;classic&quot;}\">\n\t\t\t\t\t<div class=\"e-con-inner\">\n\t\t<div class=\"elementor-element elementor-element-4a3b283 e-con-full e-flex e-con e-child\" data-id=\"4a3b283\" data-element_type=\"container\">\n\t\t\t\t<div class=\"elementor-element elementor-element-4b0467a elementor-widget-divider--view-line elementor-widget elementor-widget-divider\" data-id=\"4b0467a\" data-element_type=\"widget\" data-widget_type=\"divider.default\">\n\t\t\t\t<div class=\"elementor-widget-container\">\n\t\t\t\t\t<div class=\"elementor-divider\">\n\t\t\t<span class=\"elementor-divider-separator\">\n\t\t\t\t\t\t<\/span>\n\t\t<\/div>\n\t\t\t\t<\/div>\n\t\t\t\t<\/div>\n\t\t\t\t<div class=\"elementor-element elementor-element-cf55fd9 elementor-widget elementor-widget-heading\" data-id=\"cf55fd9\" data-element_type=\"widget\" data-widget_type=\"heading.default\">\n\t\t\t\t<div class=\"elementor-widget-container\">\n\t\t\t<div class=\"elementor-heading-title elementor-size-default\">Beschreibung des Produkts<\/div>\t\t<\/div>\n\t\t\t\t<\/div>\n\t\t\t\t<div class=\"elementor-element elementor-element-f27b4ae elementor-widget elementor-widget-text-editor\" data-id=\"f27b4ae\" data-element_type=\"widget\" data-widget_type=\"text-editor.default\">\n\t\t\t\t<div class=\"elementor-widget-container\">\n\t\t\t\t\t\t\t<p>Unser individuell getufteter Wollteppich verk\u00f6rpert die perfekte Balance zwischen Handwerkskunst und modernem Design.<br \/>Inspiriert von den subtilen Kontrasten der Natur, weist dieser Teppich einen satten braunen Grundton auf, der von einem kr\u00e4ftigen burgunderroten Akzent dramatisch durchschnitten wird.<br \/>Der diagonale Streifen schafft ein Gef\u00fchl der Bewegung und verleiht Ihrem Wohnraum Tiefe und Interesse.<\/p><p><strong>\u00a0H\u00f6hepunkte:<\/strong><\/p><ul><li>Handgefertigt aus hochwertiger neuseel\u00e4ndischer Wolle f\u00fcr Langlebigkeit und Weichheit<\/li><li>Ma\u00dfgeschneiderte Tufting-Technik gew\u00e4hrleistet au\u00dfergew\u00f6hnliche Qualit\u00e4t und Textur<\/li><li>Vielseitiges Format 9'x12\u2032, geeignet f\u00fcr gro\u00dfe Wohnbereiche oder offene Raumkonzepte<\/li><\/ul><p><strong>Abmessungen und Gewicht<\/strong><\/p><ul><li>270 x 370 cm \/ 9 x 12 Fu\u00df (-\/+5cm oder 2 Zoll)<\/li><li>Dicke = 1,5 cm \/ 0,5 Zoll<\/li><li>55 kg \/ 121 Pfund<\/li><\/ul><p><strong>Material<\/strong><\/p><ul><li>100% Neuseel\u00e4ndische Wolle<\/li><\/ul><p><strong>Produktionsvorlaufzeit<\/strong><\/p><p>Jeder von uns gefertigte Teppich ist ein Unikat nach Ma\u00df.<\/p><ul><li>Produktionszeit: 15 - 20 Arbeitstage<\/li><li>Dieser Zeitrahmen beginnt nach der Best\u00e4tigung Ihrer Bestellung<\/li><li>Jeder Teppich wird speziell nach Ihren W\u00fcnschen angefertigt<\/li><li>Unsere Kunsthandwerker gew\u00e4hrleisten die Qualit\u00e4t in jeder Phase des Prozesses<\/li><\/ul><p>Bitte beachten:<\/p><ul><li>Arbeitstage ohne Wochenenden und Feiertage<\/li><li>Komplexe Entw\u00fcrfe k\u00f6nnen zus\u00e4tzliche Zeit erfordern<\/li><li>Wir werden unser Bestes tun, um dringende Bestellungen so schnell wie m\u00f6glich zu versenden.<\/li><\/ul><p>Wir danken Ihnen f\u00fcr Ihre Geduld, w\u00e4hrend wir Ihren einmaligen Teppich herstellen.<br \/>Qualit\u00e4tshandwerk braucht seine Zeit, aber wir versprechen, dass sich das Warten lohnt.<\/p>\t\t\t\t\t\t<\/div>\n\t\t\t\t<\/div>\n\t\t\t\t<\/div>\n\t\t\t\t\t<\/div>\n\t\t\t\t<\/div>\n\t\t\t\t<\/div>","protected":false},"excerpt":{"rendered":"<p>Custom Tufted Wool Rug with Burgundy Accent, 9\u2019x12\u2032 New Zealand wool construction Custom tufted for quality Rich brown base with burgundy accent Contemporary diagonal stripe design Generous 9\u2019x12\u2032 size for spacious rooms Ask a Quote Product Description Our Custom Tufted Wool Rug embodies the perfect balance of craftsmanship and contemporary design.Inspired by nature\u2019s subtle contrasts, [&hellip;]<\/p>","protected":false},"author":1,"featured_media":2353,"parent":2236,"menu_order":0,"comment_status":"closed","ping_status":"closed","template":"","meta":{"rank_math_lock_modified_date":false,"_uag_custom_page_level_css":"","site-sidebar-layout":"no-sidebar","site-content-layout":"page-builder","ast-site-content-layout":"full-width-container","site-content-style":"default","site-sidebar-style":"default","ast-global-header-display":"","ast-banner-title-visibility":"","ast-main-header-display":"","ast-hfb-above-header-display":"","ast-hfb-below-header-display":"","ast-hfb-mobile-header-display":"","site-post-title":"disabled","ast-breadcrumbs-content":"","ast-featured-img":"disabled","footer-sml-layout":"","theme-transparent-header-meta":"","adv-header-id-meta":"","stick-header-meta":"","header-above-stick-meta":"","header-main-stick-meta":"","header-below-stick-meta":"","astra-migrate-meta-layouts":"set","ast-page-background-enabled":"default","ast-page-background-meta":{"desktop":{"background-color":"","background-image":"","background-repeat":"repeat","background-position":"center center","background-size":"auto","background-attachment":"scroll","background-type":"","background-media":"","overlay-type":"","overlay-color":"","overlay-opacity":"","overlay-gradient":""},"tablet":{"background-color":"","background-image":"","background-repeat":"repeat","background-position":"center center","background-size":"auto","background-attachment":"scroll","background-type":"","background-media":"","overlay-type":"","overlay-color":"","overlay-opacity":"","overlay-gradient":""},"mobile":{"background-color":"","background-image":"","background-repeat":"repeat","background-position":"center center","background-size":"auto","background-attachment":"scroll","background-type":"","background-media":"","overlay-type":"","overlay-color":"","overlay-opacity":"","overlay-gradient":""}},"ast-content-background-meta":{"desktop":{"background-color":"var(--ast-global-color-5)","background-image":"","background-repeat":"repeat","background-position":"center center","background-size":"auto","background-attachment":"scroll","background-type":"","background-media":"","overlay-type":"","overlay-color":"","overlay-opacity":"","overlay-gradient":""},"tablet":{"background-color":"var(--ast-global-color-5)","background-image":"","background-repeat":"repeat","background-position":"center center","background-size":"auto","background-attachment":"scroll","background-type":"","background-media":"","overlay-type":"","overlay-color":"","overlay-opacity":"","overlay-gradient":""},"mobile":{"background-color":"var(--ast-global-color-5)","background-image":"","background-repeat":"repeat","background-position":"center center","background-size":"auto","background-attachment":"scroll","background-type":"","background-media":"","overlay-type":"","overlay-color":"","overlay-opacity":"","overlay-gradient":""}},"_joinchat":[],"footnotes":""},"class_list":["post-2351","page","type-page","status-publish","has-post-thumbnail","hentry"],"uagb_featured_image_src":{"full":["https:\/\/custom-rugs.org\/wp-content\/uploads\/2024\/12\/custom-tufted-wool-rug-brown-burgundy-stripe-9x12-picture.jpg",1600,1600,false],"thumbnail":["https:\/\/custom-rugs.org\/wp-content\/uploads\/2024\/12\/custom-tufted-wool-rug-brown-burgundy-stripe-9x12-picture-150x150.jpg",150,150,true],"medium":["https:\/\/custom-rugs.org\/wp-content\/uploads\/2024\/12\/custom-tufted-wool-rug-brown-burgundy-stripe-9x12-picture-300x300.jpg",300,300,true],"medium_large":["https:\/\/custom-rugs.org\/wp-content\/uploads\/2024\/12\/custom-tufted-wool-rug-brown-burgundy-stripe-9x12-picture-768x768.jpg",768,768,true],"large":["https:\/\/custom-rugs.org\/wp-content\/uploads\/2024\/12\/custom-tufted-wool-rug-brown-burgundy-stripe-9x12-picture-1024x1024.jpg",1024,1024,true],"1536x1536":["https:\/\/custom-rugs.org\/wp-content\/uploads\/2024\/12\/custom-tufted-wool-rug-brown-burgundy-stripe-9x12-picture-1536x1536.jpg",1536,1536,true],"2048x2048":["https:\/\/custom-rugs.org\/wp-content\/uploads\/2024\/12\/custom-tufted-wool-rug-brown-burgundy-stripe-9x12-picture.jpg",1600,1600,false],"trp-custom-language-flag":["https:\/\/custom-rugs.org\/wp-content\/uploads\/2024\/12\/custom-tufted-wool-rug-brown-burgundy-stripe-9x12-picture.jpg",12,12,false],"crp_thumbnail":["https:\/\/custom-rugs.org\/wp-content\/uploads\/2024\/12\/custom-tufted-wool-rug-brown-burgundy-stripe-9x12-picture-150x150.jpg",150,150,true]},"uagb_author_info":{"display_name":"Custom Rugs","author_link":"https:\/\/custom-rugs.org\/de\/author\/admin-hang\/"},"uagb_comment_info":0,"uagb_excerpt":"Custom Tufted Wool Rug with Burgundy Accent, 9\u2019x12\u2032 New Zealand wool construction Custom tufted for quality Rich brown base with burgundy accent Contemporary diagonal stripe design Generous 9\u2019x12\u2032 size for spacious rooms Ask a Quote Product Description Our Custom Tufted Wool Rug embodies the perfect balance of craftsmanship and contemporary design.Inspired by nature\u2019s subtle contrasts,&hellip;","_links":{"self":[{"href":"https:\/\/custom-rugs.org\/de\/wp-json\/wp\/v2\/pages\/2351","targetHints":{"allow":["GET"]}}],"collection":[{"href":"https:\/\/custom-rugs.org\/de\/wp-json\/wp\/v2\/pages"}],"about":[{"href":"https:\/\/custom-rugs.org\/de\/wp-json\/wp\/v2\/types\/page"}],"author":[{"embeddable":true,"href":"https:\/\/custom-rugs.org\/de\/wp-json\/wp\/v2\/users\/1"}],"replies":[{"embeddable":true,"href":"https:\/\/custom-rugs.org\/de\/wp-json\/wp\/v2\/comments?post=2351"}],"version-history":[{"count":0,"href":"https:\/\/custom-rugs.org\/de\/wp-json\/wp\/v2\/pages\/2351\/revisions"}],"up":[{"embeddable":true,"href":"https:\/\/custom-rugs.org\/de\/wp-json\/wp\/v2\/pages\/2236"}],"wp:featuredmedia":[{"embeddable":true,"href":"https:\/\/custom-rugs.org\/de\/wp-json\/wp\/v2\/media\/2353"}],"wp:attachment":[{"href":"https:\/\/custom-rugs.org\/de\/wp-json\/wp\/v2\/media?parent=2351"}],"curies":[{"name":"wp","href":"https:\/\/api.w.org\/{rel}","templated":true}]}}