{"id":2342,"date":"2024-12-03T19:23:48","date_gmt":"2024-12-03T11:23:48","guid":{"rendered":"https:\/\/custom-rugs.org\/?page_id=2342"},"modified":"2024-12-03T19:25:35","modified_gmt":"2024-12-03T11:25:35","slug":"contemporary-abstract-wool-rug-vibrant-angular-design-8x10-hand-tufted","status":"publish","type":"page","link":"https:\/\/custom-rugs.org\/de\/abstract-rugs\/contemporary-abstract-wool-rug-vibrant-angular-design-8x10-hand-tufted\/","title":{"rendered":"Zeitgen\u00f6ssischer abstrakter Wollteppich - lebhaftes kantiges Design, 8\u00d710\u2032 handgetuftet"},"content":{"rendered":"<div data-elementor-type=\"wp-page\" data-elementor-id=\"2342\" class=\"elementor elementor-2342\">\n\t\t\t\t<div class=\"elementor-element elementor-element-96550ce e-flex e-con-boxed e-con e-parent\" data-id=\"96550ce\" data-element_type=\"container\">\n\t\t\t\t\t<div class=\"e-con-inner\">\n\t\t<div class=\"elementor-element elementor-element-124bf26 e-con-full e-flex e-con e-child\" data-id=\"124bf26\" data-element_type=\"container\">\n\t\t\t\t<div class=\"elementor-element elementor-element-5e836db elementor-widget elementor-widget-image\" data-id=\"5e836db\" data-element_type=\"widget\" data-widget_type=\"image.default\">\n\t\t\t\t<div class=\"elementor-widget-container\">\n\t\t\t\t\t\t\t\t\t\t\t\t\t<img fetchpriority=\"high\" decoding=\"async\" width=\"768\" height=\"768\" src=\"https:\/\/custom-rugs.org\/wp-content\/uploads\/2024\/12\/tufted-wool-geometric-rug-red-turquoise-8x10-picture-768x768.jpg\" class=\"attachment-medium_large size-medium_large wp-image-2344\" alt=\"Getufteter geometrischer Wollteppich rot t\u00fcrkis 8x10 Bild\" srcset=\"https:\/\/custom-rugs.org\/wp-content\/uploads\/2024\/12\/tufted-wool-geometric-rug-red-turquoise-8x10-picture-768x768.jpg 768w, https:\/\/custom-rugs.org\/wp-content\/uploads\/2024\/12\/tufted-wool-geometric-rug-red-turquoise-8x10-picture-300x300.jpg 300w, https:\/\/custom-rugs.org\/wp-content\/uploads\/2024\/12\/tufted-wool-geometric-rug-red-turquoise-8x10-picture-1024x1024.jpg 1024w, https:\/\/custom-rugs.org\/wp-content\/uploads\/2024\/12\/tufted-wool-geometric-rug-red-turquoise-8x10-picture-150x150.jpg 150w, https:\/\/custom-rugs.org\/wp-content\/uploads\/2024\/12\/tufted-wool-geometric-rug-red-turquoise-8x10-picture-1536x1536.jpg 1536w, https:\/\/custom-rugs.org\/wp-content\/uploads\/2024\/12\/tufted-wool-geometric-rug-red-turquoise-8x10-picture.jpg 1600w\" sizes=\"(max-width: 768px) 100vw, 768px\" \/>\t\t\t\t\t\t\t\t\t\t\t\t\t<\/div>\n\t\t\t\t<\/div>\n\t\t\t\t<\/div>\n\t\t<div class=\"elementor-element elementor-element-7090d07 e-con-full e-flex e-con e-child\" data-id=\"7090d07\" data-element_type=\"container\">\n\t\t\t\t<div class=\"elementor-element elementor-element-3f827e2 elementor-widget elementor-widget-shortcode\" data-id=\"3f827e2\" data-element_type=\"widget\" data-widget_type=\"shortcode.default\">\n\t\t\t\t<div class=\"elementor-widget-container\">\n\t\t\t\t\t<div class=\"elementor-shortcode\"><nav aria-label=\"Semmelbr\u00f6sel\" class=\"rank-math-breadcrumb\"><p><span class=\"last\">Startseite<\/span><\/p><\/nav><\/div>\n\t\t\t\t<\/div>\n\t\t\t\t<\/div>\n\t\t\t\t<div class=\"elementor-element elementor-element-70658c7 elementor-widget elementor-widget-heading\" data-id=\"70658c7\" data-element_type=\"widget\" data-widget_type=\"heading.default\">\n\t\t\t\t<div class=\"elementor-widget-container\">\n\t\t\t<h1 class=\"elementor-heading-title elementor-size-default\">Zeitgen\u00f6ssischer abstrakter Wollteppich - lebhaftes kantiges Design, 8\u00d710\u2032 handgetuftet<\/h1>\t\t<\/div>\n\t\t\t\t<\/div>\n\t\t\t\t<div class=\"elementor-element elementor-element-ba9559e elementor-widget elementor-widget-text-editor\" data-id=\"ba9559e\" data-element_type=\"widget\" data-widget_type=\"text-editor.default\">\n\t\t\t\t<div class=\"elementor-widget-container\">\n\t\t\t\t\t\t\t<ul><li>Luxuri\u00f6se neuseel\u00e4ndische Wolle, handgetuftet f\u00fcr dauerhafte Sch\u00f6nheit<\/li><li>Dramatische Komposition aus roten, violetten, t\u00fcrkisfarbenen und limonenfarbenen Dreiecken<\/li><li>Zarte rosa Akzente schaffen einen ausgewogenen Kontrast im geometrischen Design<\/li><li>Gro\u00dffl\u00e4chiges, eckiges Muster f\u00fcr eine k\u00fchne visuelle Aussage<\/li><li>Hochwertige Konstruktion f\u00fcr au\u00dfergew\u00f6hnliche Haltbarkeit und Komfort<\/li><\/ul>\t\t\t\t\t\t<\/div>\n\t\t\t\t<\/div>\n\t\t\t\t<div class=\"elementor-element elementor-element-966062b elementor-align-left elementor-widget elementor-widget-button\" data-id=\"966062b\" data-element_type=\"widget\" data-widget_type=\"button.default\">\n\t\t\t\t<div class=\"elementor-widget-container\">\n\t\t\t\t\t<div class=\"elementor-button-wrapper\">\n\t\t\t<a class=\"elementor-button elementor-button-link elementor-size-sm\" href=\"https:\/\/custom-rugs.org\/de\/contact\/\" target=\"_blank\">\n\t\t\t\t\t\t<span class=\"elementor-button-content-wrapper\">\n\t\t\t\t\t\t\t\t\t<span class=\"elementor-button-text\">Angebot einholen<\/span>\n\t\t\t\t\t<\/span>\n\t\t\t\t\t<\/a>\n\t\t<\/div>\n\t\t\t\t<\/div>\n\t\t\t\t<\/div>\n\t\t\t\t<\/div>\n\t\t\t\t\t<\/div>\n\t\t\t\t<\/div>\n\t\t<div class=\"elementor-element elementor-element-b68a226 e-flex e-con-boxed e-con e-parent\" data-id=\"b68a226\" data-element_type=\"container\" data-settings=\"{&quot;background_background&quot;:&quot;classic&quot;}\">\n\t\t\t\t\t<div class=\"e-con-inner\">\n\t\t<div class=\"elementor-element elementor-element-2cb0fa3 e-con-full e-flex e-con e-child\" data-id=\"2cb0fa3\" data-element_type=\"container\">\n\t\t\t\t<div class=\"elementor-element elementor-element-426abfb elementor-widget-divider--view-line elementor-widget elementor-widget-divider\" data-id=\"426abfb\" data-element_type=\"widget\" data-widget_type=\"divider.default\">\n\t\t\t\t<div class=\"elementor-widget-container\">\n\t\t\t\t\t<div class=\"elementor-divider\">\n\t\t\t<span class=\"elementor-divider-separator\">\n\t\t\t\t\t\t<\/span>\n\t\t<\/div>\n\t\t\t\t<\/div>\n\t\t\t\t<\/div>\n\t\t\t\t<div class=\"elementor-element elementor-element-7879122 elementor-widget elementor-widget-heading\" data-id=\"7879122\" data-element_type=\"widget\" data-widget_type=\"heading.default\">\n\t\t\t\t<div class=\"elementor-widget-container\">\n\t\t\t<div class=\"elementor-heading-title elementor-size-default\">Beschreibung des Produkts<\/div>\t\t<\/div>\n\t\t\t\t<\/div>\n\t\t\t\t<div class=\"elementor-element elementor-element-0cf23a6 elementor-widget elementor-widget-text-editor\" data-id=\"0cf23a6\" data-element_type=\"widget\" data-widget_type=\"text-editor.default\">\n\t\t\t\t<div class=\"elementor-widget-container\">\n\t\t\t\t\t\t\t<p>Angular Symphony f\u00e4ngt das dynamische Zusammenspiel von scharfen geometrischen Formen und harmonischen Farben ein.<br \/>Kr\u00e4ftige Dreiecke in leuchtendem Rot, tiefem Violett und erfrischendem T\u00fcrkis bilden eine energiegeladene Komposition, w\u00e4hrend zartrosa Elemente und limonenfarbene Akzente f\u00fcr ein raffiniertes Gleichgewicht sorgen.<br \/>Dieses handgetuftete Meisterwerk verwandelt jeden Raum in eine moderne Kunstgalerie.<\/p><p><strong>HIGHLIGHTS:<\/strong><\/p><ul><li>Sorgf\u00e4ltig handgetuftet aus hochwertiger neuseel\u00e4ndischer Wolle<\/li><li>Kr\u00e4ftiges geometrisches Design mit pr\u00e4zisen, kantigen Formen<\/li><li>Erh\u00e4ltlich in kundenspezifischen Gr\u00f6\u00dfen und individuellen Farbkombinationen<\/li><\/ul><p><strong>Abmessungen und Gewicht<\/strong><\/p><ul><li>240 x 300 cm \/ 8 x 10 Fu\u00df (-\/+5 cm oder 2 Zoll)<\/li><li>Dicke = 1,5 cm \/ 0,5 Zoll<\/li><li>41 kg \/ 90 Pfund<\/li><\/ul><p><strong>Material<\/strong><\/p><ul><li>100% Neuseel\u00e4ndische Wolle<\/li><\/ul><p><strong>Produktionsvorlaufzeit<\/strong><\/p><p>Jeder von uns gefertigte Teppich ist ein Unikat nach Ma\u00df.<\/p><ul><li>Produktionszeit: 15 - 20 Arbeitstage<\/li><li>Dieser Zeitrahmen beginnt nach der Best\u00e4tigung Ihrer Bestellung<\/li><li>Jeder Teppich wird speziell nach Ihren W\u00fcnschen angefertigt<\/li><li>Unsere Kunsthandwerker gew\u00e4hrleisten die Qualit\u00e4t in jeder Phase des Prozesses<\/li><\/ul><p>Bitte beachten:<\/p><ul><li>Arbeitstage ohne Wochenenden und Feiertage<\/li><li>Komplexe Entw\u00fcrfe k\u00f6nnen zus\u00e4tzliche Zeit erfordern<\/li><li>Wir werden unser Bestes tun, um dringende Bestellungen so schnell wie m\u00f6glich zu versenden.<\/li><\/ul><p>Wir danken Ihnen f\u00fcr Ihre Geduld, w\u00e4hrend wir Ihren einmaligen Teppich herstellen.<br \/>Qualit\u00e4tshandwerk braucht seine Zeit, aber wir versprechen, dass sich das Warten lohnt.<\/p>\t\t\t\t\t\t<\/div>\n\t\t\t\t<\/div>\n\t\t\t\t<\/div>\n\t\t\t\t\t<\/div>\n\t\t\t\t<\/div>\n\t\t\t\t<\/div>","protected":false},"excerpt":{"rendered":"<p>Contemporary Abstract Wool Rug \u2013 Vibrant Angular Design, 8\u00d710\u2032 Hand-Tufted Luxurious New Zealand wool hand-tufted for lasting beauty Dramatic composition of red, purple, turquoise and lime triangles Soft pink accents create balanced contrast in geometric design Large-scale angular pattern makes bold visual statement Premium construction ensures exceptional durability and comfort Ask a Quote Product Description [&hellip;]<\/p>","protected":false},"author":1,"featured_media":2344,"parent":2236,"menu_order":0,"comment_status":"closed","ping_status":"closed","template":"","meta":{"rank_math_lock_modified_date":false,"_uag_custom_page_level_css":"","site-sidebar-layout":"no-sidebar","site-content-layout":"page-builder","ast-site-content-layout":"full-width-container","site-content-style":"default","site-sidebar-style":"default","ast-global-header-display":"","ast-banner-title-visibility":"","ast-main-header-display":"","ast-hfb-above-header-display":"","ast-hfb-below-header-display":"","ast-hfb-mobile-header-display":"","site-post-title":"disabled","ast-breadcrumbs-content":"","ast-featured-img":"disabled","footer-sml-layout":"","theme-transparent-header-meta":"","adv-header-id-meta":"","stick-header-meta":"","header-above-stick-meta":"","header-main-stick-meta":"","header-below-stick-meta":"","astra-migrate-meta-layouts":"set","ast-page-background-enabled":"default","ast-page-background-meta":{"desktop":{"background-color":"","background-image":"","background-repeat":"repeat","background-position":"center center","background-size":"auto","background-attachment":"scroll","background-type":"","background-media":"","overlay-type":"","overlay-color":"","overlay-opacity":"","overlay-gradient":""},"tablet":{"background-color":"","background-image":"","background-repeat":"repeat","background-position":"center center","background-size":"auto","background-attachment":"scroll","background-type":"","background-media":"","overlay-type":"","overlay-color":"","overlay-opacity":"","overlay-gradient":""},"mobile":{"background-color":"","background-image":"","background-repeat":"repeat","background-position":"center center","background-size":"auto","background-attachment":"scroll","background-type":"","background-media":"","overlay-type":"","overlay-color":"","overlay-opacity":"","overlay-gradient":""}},"ast-content-background-meta":{"desktop":{"background-color":"var(--ast-global-color-5)","background-image":"","background-repeat":"repeat","background-position":"center center","background-size":"auto","background-attachment":"scroll","background-type":"","background-media":"","overlay-type":"","overlay-color":"","overlay-opacity":"","overlay-gradient":""},"tablet":{"background-color":"var(--ast-global-color-5)","background-image":"","background-repeat":"repeat","background-position":"center center","background-size":"auto","background-attachment":"scroll","background-type":"","background-media":"","overlay-type":"","overlay-color":"","overlay-opacity":"","overlay-gradient":""},"mobile":{"background-color":"var(--ast-global-color-5)","background-image":"","background-repeat":"repeat","background-position":"center center","background-size":"auto","background-attachment":"scroll","background-type":"","background-media":"","overlay-type":"","overlay-color":"","overlay-opacity":"","overlay-gradient":""}},"_joinchat":[],"footnotes":""},"class_list":["post-2342","page","type-page","status-publish","has-post-thumbnail","hentry"],"uagb_featured_image_src":{"full":["https:\/\/custom-rugs.org\/wp-content\/uploads\/2024\/12\/tufted-wool-geometric-rug-red-turquoise-8x10-picture.jpg",1600,1599,false],"thumbnail":["https:\/\/custom-rugs.org\/wp-content\/uploads\/2024\/12\/tufted-wool-geometric-rug-red-turquoise-8x10-picture-150x150.jpg",150,150,true],"medium":["https:\/\/custom-rugs.org\/wp-content\/uploads\/2024\/12\/tufted-wool-geometric-rug-red-turquoise-8x10-picture-300x300.jpg",300,300,true],"medium_large":["https:\/\/custom-rugs.org\/wp-content\/uploads\/2024\/12\/tufted-wool-geometric-rug-red-turquoise-8x10-picture-768x768.jpg",768,768,true],"large":["https:\/\/custom-rugs.org\/wp-content\/uploads\/2024\/12\/tufted-wool-geometric-rug-red-turquoise-8x10-picture-1024x1024.jpg",1024,1024,true],"1536x1536":["https:\/\/custom-rugs.org\/wp-content\/uploads\/2024\/12\/tufted-wool-geometric-rug-red-turquoise-8x10-picture-1536x1536.jpg",1536,1536,true],"2048x2048":["https:\/\/custom-rugs.org\/wp-content\/uploads\/2024\/12\/tufted-wool-geometric-rug-red-turquoise-8x10-picture.jpg",1600,1599,false],"trp-custom-language-flag":["https:\/\/custom-rugs.org\/wp-content\/uploads\/2024\/12\/tufted-wool-geometric-rug-red-turquoise-8x10-picture.jpg",12,12,false],"crp_thumbnail":["https:\/\/custom-rugs.org\/wp-content\/uploads\/2024\/12\/tufted-wool-geometric-rug-red-turquoise-8x10-picture-150x150.jpg",150,150,true]},"uagb_author_info":{"display_name":"Custom Rugs","author_link":"https:\/\/custom-rugs.org\/de\/author\/admin-hang\/"},"uagb_comment_info":0,"uagb_excerpt":"Contemporary Abstract Wool Rug \u2013 Vibrant Angular Design, 8\u00d710\u2032 Hand-Tufted Luxurious New Zealand wool hand-tufted for lasting beauty Dramatic composition of red, purple, turquoise and lime triangles Soft pink accents create balanced contrast in geometric design Large-scale angular pattern makes bold visual statement Premium construction ensures exceptional durability and comfort Ask a Quote Product Description&hellip;","_links":{"self":[{"href":"https:\/\/custom-rugs.org\/de\/wp-json\/wp\/v2\/pages\/2342","targetHints":{"allow":["GET"]}}],"collection":[{"href":"https:\/\/custom-rugs.org\/de\/wp-json\/wp\/v2\/pages"}],"about":[{"href":"https:\/\/custom-rugs.org\/de\/wp-json\/wp\/v2\/types\/page"}],"author":[{"embeddable":true,"href":"https:\/\/custom-rugs.org\/de\/wp-json\/wp\/v2\/users\/1"}],"replies":[{"embeddable":true,"href":"https:\/\/custom-rugs.org\/de\/wp-json\/wp\/v2\/comments?post=2342"}],"version-history":[{"count":0,"href":"https:\/\/custom-rugs.org\/de\/wp-json\/wp\/v2\/pages\/2342\/revisions"}],"up":[{"embeddable":true,"href":"https:\/\/custom-rugs.org\/de\/wp-json\/wp\/v2\/pages\/2236"}],"wp:featuredmedia":[{"embeddable":true,"href":"https:\/\/custom-rugs.org\/de\/wp-json\/wp\/v2\/media\/2344"}],"wp:attachment":[{"href":"https:\/\/custom-rugs.org\/de\/wp-json\/wp\/v2\/media?parent=2342"}],"curies":[{"name":"wp","href":"https:\/\/api.w.org\/{rel}","templated":true}]}}