{"id":2336,"date":"2024-12-03T19:20:26","date_gmt":"2024-12-03T11:20:26","guid":{"rendered":"https:\/\/custom-rugs.org\/?page_id=2336"},"modified":"2024-12-03T19:22:28","modified_gmt":"2024-12-03T11:22:28","slug":"chicago-skyline-custom-tufted-wool-rug-10x13-urban-art-decor","status":"publish","type":"page","link":"https:\/\/custom-rugs.org\/de\/abstract-rugs\/chicago-skyline-custom-tufted-wool-rug-10x13-urban-art-decor\/","title":{"rendered":"Chicago Skyline Benutzerdefinierte getuftete Wolle Teppich 10'x13\u2032 Urban Art Decor"},"content":{"rendered":"<div data-elementor-type=\"wp-page\" data-elementor-id=\"2336\" class=\"elementor elementor-2336\">\n\t\t\t\t<div class=\"elementor-element elementor-element-579d090 e-flex e-con-boxed e-con e-parent\" data-id=\"579d090\" data-element_type=\"container\">\n\t\t\t\t\t<div class=\"e-con-inner\">\n\t\t<div class=\"elementor-element elementor-element-a641fa8 e-con-full e-flex e-con e-child\" data-id=\"a641fa8\" data-element_type=\"container\">\n\t\t\t\t<div class=\"elementor-element elementor-element-0ff975f elementor-widget elementor-widget-image\" data-id=\"0ff975f\" data-element_type=\"widget\" data-widget_type=\"image.default\">\n\t\t\t\t<div class=\"elementor-widget-container\">\n\t\t\t\t\t\t\t\t\t\t\t\t\t<img fetchpriority=\"high\" decoding=\"async\" width=\"768\" height=\"768\" src=\"https:\/\/custom-rugs.org\/wp-content\/uploads\/2024\/12\/chicago-skyline-tufted-wool-rug-blue-orange-10x13-picture-768x768.jpg\" class=\"attachment-medium_large size-medium_large wp-image-2338\" alt=\"Chicago Skyline getufteter Wollteppich blau orange 10x13\" srcset=\"https:\/\/custom-rugs.org\/wp-content\/uploads\/2024\/12\/chicago-skyline-tufted-wool-rug-blue-orange-10x13-picture-768x768.jpg 768w, https:\/\/custom-rugs.org\/wp-content\/uploads\/2024\/12\/chicago-skyline-tufted-wool-rug-blue-orange-10x13-picture-300x300.jpg 300w, https:\/\/custom-rugs.org\/wp-content\/uploads\/2024\/12\/chicago-skyline-tufted-wool-rug-blue-orange-10x13-picture-1024x1024.jpg 1024w, https:\/\/custom-rugs.org\/wp-content\/uploads\/2024\/12\/chicago-skyline-tufted-wool-rug-blue-orange-10x13-picture-150x150.jpg 150w, https:\/\/custom-rugs.org\/wp-content\/uploads\/2024\/12\/chicago-skyline-tufted-wool-rug-blue-orange-10x13-picture-1536x1536.jpg 1536w, https:\/\/custom-rugs.org\/wp-content\/uploads\/2024\/12\/chicago-skyline-tufted-wool-rug-blue-orange-10x13-picture.jpg 1600w\" sizes=\"(max-width: 768px) 100vw, 768px\" \/>\t\t\t\t\t\t\t\t\t\t\t\t\t<\/div>\n\t\t\t\t<\/div>\n\t\t\t\t<\/div>\n\t\t<div class=\"elementor-element elementor-element-e8c09e8 e-con-full e-flex e-con e-child\" data-id=\"e8c09e8\" data-element_type=\"container\">\n\t\t\t\t<div class=\"elementor-element elementor-element-a0af468 elementor-widget elementor-widget-shortcode\" data-id=\"a0af468\" data-element_type=\"widget\" data-widget_type=\"shortcode.default\">\n\t\t\t\t<div class=\"elementor-widget-container\">\n\t\t\t\t\t<div class=\"elementor-shortcode\"><nav aria-label=\"Semmelbr\u00f6sel\" class=\"rank-math-breadcrumb\"><p><span class=\"last\">Startseite<\/span><\/p><\/nav><\/div>\n\t\t\t\t<\/div>\n\t\t\t\t<\/div>\n\t\t\t\t<div class=\"elementor-element elementor-element-d5de4b3 elementor-widget elementor-widget-heading\" data-id=\"d5de4b3\" data-element_type=\"widget\" data-widget_type=\"heading.default\">\n\t\t\t\t<div class=\"elementor-widget-container\">\n\t\t\t<h1 class=\"elementor-heading-title elementor-size-default\">Chicago Skyline Benutzerdefinierte getuftete Wolle Teppich 10'x13\u2032 Urban Art Decor<\/h1>\t\t<\/div>\n\t\t\t\t<\/div>\n\t\t\t\t<div class=\"elementor-element elementor-element-d14d594 elementor-widget elementor-widget-text-editor\" data-id=\"d14d594\" data-element_type=\"widget\" data-widget_type=\"text-editor.default\">\n\t\t\t\t<div class=\"elementor-widget-container\">\n\t\t\t\t\t\t\t<ul><li>Getufteter Teppich aus neuseel\u00e4ndischer Wolle<\/li><li>Entwurf der Skyline von Chicago mit Wolkenkratzern<\/li><li>Lebendige Farbpalette in Blau und Orange<\/li><li>Gro\u00dfes Format 10'x13\u2032 f\u00fcr ger\u00e4umige R\u00e4ume<\/li><li>Einzigartiges urbanes Kunstwerk f\u00fcr moderne Wohnungen<\/li><\/ul>\t\t\t\t\t\t<\/div>\n\t\t\t\t<\/div>\n\t\t\t\t<div class=\"elementor-element elementor-element-e33061c elementor-align-left elementor-widget elementor-widget-button\" data-id=\"e33061c\" data-element_type=\"widget\" data-widget_type=\"button.default\">\n\t\t\t\t<div class=\"elementor-widget-container\">\n\t\t\t\t\t<div class=\"elementor-button-wrapper\">\n\t\t\t<a class=\"elementor-button elementor-button-link elementor-size-sm\" href=\"https:\/\/custom-rugs.org\/de\/contact\/\" target=\"_blank\">\n\t\t\t\t\t\t<span class=\"elementor-button-content-wrapper\">\n\t\t\t\t\t\t\t\t\t<span class=\"elementor-button-text\">Angebot einholen<\/span>\n\t\t\t\t\t<\/span>\n\t\t\t\t\t<\/a>\n\t\t<\/div>\n\t\t\t\t<\/div>\n\t\t\t\t<\/div>\n\t\t\t\t<\/div>\n\t\t\t\t\t<\/div>\n\t\t\t\t<\/div>\n\t\t<div class=\"elementor-element elementor-element-a778565 e-flex e-con-boxed e-con e-parent\" data-id=\"a778565\" data-element_type=\"container\" data-settings=\"{&quot;background_background&quot;:&quot;classic&quot;}\">\n\t\t\t\t\t<div class=\"e-con-inner\">\n\t\t<div class=\"elementor-element elementor-element-b5f8de0 e-con-full e-flex e-con e-child\" data-id=\"b5f8de0\" data-element_type=\"container\">\n\t\t\t\t<div class=\"elementor-element elementor-element-c5e189a elementor-widget-divider--view-line elementor-widget elementor-widget-divider\" data-id=\"c5e189a\" data-element_type=\"widget\" data-widget_type=\"divider.default\">\n\t\t\t\t<div class=\"elementor-widget-container\">\n\t\t\t\t\t<div class=\"elementor-divider\">\n\t\t\t<span class=\"elementor-divider-separator\">\n\t\t\t\t\t\t<\/span>\n\t\t<\/div>\n\t\t\t\t<\/div>\n\t\t\t\t<\/div>\n\t\t\t\t<div class=\"elementor-element elementor-element-2c9180b elementor-widget elementor-widget-heading\" data-id=\"2c9180b\" data-element_type=\"widget\" data-widget_type=\"heading.default\">\n\t\t\t\t<div class=\"elementor-widget-container\">\n\t\t\t<div class=\"elementor-heading-title elementor-size-default\">Beschreibung des Produkts<\/div>\t\t<\/div>\n\t\t\t\t<\/div>\n\t\t\t\t<div class=\"elementor-element elementor-element-7639033 elementor-widget elementor-widget-text-editor\" data-id=\"7639033\" data-element_type=\"widget\" data-widget_type=\"text-editor.default\">\n\t\t\t\t<div class=\"elementor-widget-container\">\n\t\t\t\t\t\t\t<p>Der Chicago Skyline Custom Tufted Rug f\u00e4ngt die Essenz der ikonischen Architektur der Windy City in einem atemberaubenden Bodenkunstwerk ein.<br \/>Dieser aus hochwertiger neuseel\u00e4ndischer Wolle gefertigte Teppich zeigt die Silhouette der ber\u00fchmten Wolkenkratzer von Chicago vor einem leuchtenden Sonnenuntergangshimmel und setzt damit in jedem Wohnbereich ein mutiges Statement.<\/p><p><strong>H\u00f6hepunkte:<\/strong><\/p><ul><li>Handgetuftet aus luxuri\u00f6ser neuseel\u00e4ndischer Wolle f\u00fcr Langlebigkeit und Weichheit<\/li><li>Auff\u00e4lliges Farbschema in Blau und Orange, inspiriert von st\u00e4dtischen Sonnenunterg\u00e4ngen<\/li><li>Das gro\u00dfe Format 10'x13\u2032 eignet sich perfekt f\u00fcr die Einrichtung von Wohnzimmern oder offenen R\u00e4umen.<\/li><\/ul>\t\t\t\t\t\t<\/div>\n\t\t\t\t<\/div>\n\t\t\t\t<\/div>\n\t\t\t\t\t<\/div>\n\t\t\t\t<\/div>\n\t\t\t\t<\/div>","protected":false},"excerpt":{"rendered":"<p>Chicago Skyline Custom Tufted Wool Rug 10\u2019x13\u2032 Urban Art Decor Teppich aus Neuseeland Wolle Custom Tufted Rug Chicago Skyline Design mit Wolkenkratzern Lebendige blaue und orange Farbpalette Gro\u00dfe 10\u2019x13\u2032 Gr\u00f6\u00dfe f\u00fcr ger\u00e4umige Zimmer Einzigartiges urbanes Kunstwerk f\u00fcr moderne H\u00e4user Angebot anfordern Produktbeschreibung Der Chicago Skyline Custom Tufted Rug f\u00e4ngt die Essenz von [...]<\/p>","protected":false},"author":1,"featured_media":2338,"parent":2236,"menu_order":0,"comment_status":"closed","ping_status":"closed","template":"","meta":{"rank_math_lock_modified_date":false,"_uag_custom_page_level_css":"","site-sidebar-layout":"no-sidebar","site-content-layout":"page-builder","ast-site-content-layout":"full-width-container","site-content-style":"default","site-sidebar-style":"default","ast-global-header-display":"","ast-banner-title-visibility":"","ast-main-header-display":"","ast-hfb-above-header-display":"","ast-hfb-below-header-display":"","ast-hfb-mobile-header-display":"","site-post-title":"disabled","ast-breadcrumbs-content":"","ast-featured-img":"disabled","footer-sml-layout":"","theme-transparent-header-meta":"","adv-header-id-meta":"","stick-header-meta":"","header-above-stick-meta":"","header-main-stick-meta":"","header-below-stick-meta":"","astra-migrate-meta-layouts":"set","ast-page-background-enabled":"default","ast-page-background-meta":{"desktop":{"background-color":"","background-image":"","background-repeat":"repeat","background-position":"center center","background-size":"auto","background-attachment":"scroll","background-type":"","background-media":"","overlay-type":"","overlay-color":"","overlay-opacity":"","overlay-gradient":""},"tablet":{"background-color":"","background-image":"","background-repeat":"repeat","background-position":"center center","background-size":"auto","background-attachment":"scroll","background-type":"","background-media":"","overlay-type":"","overlay-color":"","overlay-opacity":"","overlay-gradient":""},"mobile":{"background-color":"","background-image":"","background-repeat":"repeat","background-position":"center center","background-size":"auto","background-attachment":"scroll","background-type":"","background-media":"","overlay-type":"","overlay-color":"","overlay-opacity":"","overlay-gradient":""}},"ast-content-background-meta":{"desktop":{"background-color":"var(--ast-global-color-5)","background-image":"","background-repeat":"repeat","background-position":"center center","background-size":"auto","background-attachment":"scroll","background-type":"","background-media":"","overlay-type":"","overlay-color":"","overlay-opacity":"","overlay-gradient":""},"tablet":{"background-color":"var(--ast-global-color-5)","background-image":"","background-repeat":"repeat","background-position":"center center","background-size":"auto","background-attachment":"scroll","background-type":"","background-media":"","overlay-type":"","overlay-color":"","overlay-opacity":"","overlay-gradient":""},"mobile":{"background-color":"var(--ast-global-color-5)","background-image":"","background-repeat":"repeat","background-position":"center center","background-size":"auto","background-attachment":"scroll","background-type":"","background-media":"","overlay-type":"","overlay-color":"","overlay-opacity":"","overlay-gradient":""}},"_joinchat":[],"footnotes":""},"class_list":["post-2336","page","type-page","status-publish","has-post-thumbnail","hentry"],"uagb_featured_image_src":{"full":["https:\/\/custom-rugs.org\/wp-content\/uploads\/2024\/12\/chicago-skyline-tufted-wool-rug-blue-orange-10x13-picture.jpg",1600,1600,false],"thumbnail":["https:\/\/custom-rugs.org\/wp-content\/uploads\/2024\/12\/chicago-skyline-tufted-wool-rug-blue-orange-10x13-picture-150x150.jpg",150,150,true],"medium":["https:\/\/custom-rugs.org\/wp-content\/uploads\/2024\/12\/chicago-skyline-tufted-wool-rug-blue-orange-10x13-picture-300x300.jpg",300,300,true],"medium_large":["https:\/\/custom-rugs.org\/wp-content\/uploads\/2024\/12\/chicago-skyline-tufted-wool-rug-blue-orange-10x13-picture-768x768.jpg",768,768,true],"large":["https:\/\/custom-rugs.org\/wp-content\/uploads\/2024\/12\/chicago-skyline-tufted-wool-rug-blue-orange-10x13-picture-1024x1024.jpg",1024,1024,true],"1536x1536":["https:\/\/custom-rugs.org\/wp-content\/uploads\/2024\/12\/chicago-skyline-tufted-wool-rug-blue-orange-10x13-picture-1536x1536.jpg",1536,1536,true],"2048x2048":["https:\/\/custom-rugs.org\/wp-content\/uploads\/2024\/12\/chicago-skyline-tufted-wool-rug-blue-orange-10x13-picture.jpg",1600,1600,false],"trp-custom-language-flag":["https:\/\/custom-rugs.org\/wp-content\/uploads\/2024\/12\/chicago-skyline-tufted-wool-rug-blue-orange-10x13-picture.jpg",12,12,false],"crp_thumbnail":["https:\/\/custom-rugs.org\/wp-content\/uploads\/2024\/12\/chicago-skyline-tufted-wool-rug-blue-orange-10x13-picture-150x150.jpg",150,150,true]},"uagb_author_info":{"display_name":"Custom Rugs","author_link":"https:\/\/custom-rugs.org\/de\/author\/admin-hang\/"},"uagb_comment_info":0,"uagb_excerpt":"Chicago Skyline Custom Tufted Wool Rug 10\u2019x13\u2032 Urban Art Decor New Zealand wool custom tufted rug Chicago skyline design with skyscrapers Vibrant blue and orange color palette Large 10\u2019x13\u2032 size for spacious rooms Unique urban art piece for modern homes Ask a Quote Product Description The Chicago Skyline Custom Tufted Rug captures the essence of&hellip;","_links":{"self":[{"href":"https:\/\/custom-rugs.org\/de\/wp-json\/wp\/v2\/pages\/2336","targetHints":{"allow":["GET"]}}],"collection":[{"href":"https:\/\/custom-rugs.org\/de\/wp-json\/wp\/v2\/pages"}],"about":[{"href":"https:\/\/custom-rugs.org\/de\/wp-json\/wp\/v2\/types\/page"}],"author":[{"embeddable":true,"href":"https:\/\/custom-rugs.org\/de\/wp-json\/wp\/v2\/users\/1"}],"replies":[{"embeddable":true,"href":"https:\/\/custom-rugs.org\/de\/wp-json\/wp\/v2\/comments?post=2336"}],"version-history":[{"count":0,"href":"https:\/\/custom-rugs.org\/de\/wp-json\/wp\/v2\/pages\/2336\/revisions"}],"up":[{"embeddable":true,"href":"https:\/\/custom-rugs.org\/de\/wp-json\/wp\/v2\/pages\/2236"}],"wp:featuredmedia":[{"embeddable":true,"href":"https:\/\/custom-rugs.org\/de\/wp-json\/wp\/v2\/media\/2338"}],"wp:attachment":[{"href":"https:\/\/custom-rugs.org\/de\/wp-json\/wp\/v2\/media?parent=2336"}],"curies":[{"name":"wp","href":"https:\/\/api.w.org\/{rel}","templated":true}]}}