{"id":2321,"date":"2024-12-03T19:11:38","date_gmt":"2024-12-03T11:11:38","guid":{"rendered":"https:\/\/custom-rugs.org\/?page_id=2321"},"modified":"2024-12-03T19:13:31","modified_gmt":"2024-12-03T11:13:31","slug":"botanical-mandala-wool-rug-sage-green-tribal-design-8x10-hand-tufted","status":"publish","type":"page","link":"https:\/\/custom-rugs.org\/de\/abstract-rugs\/botanical-mandala-wool-rug-sage-green-tribal-design-8x10-hand-tufted\/","title":{"rendered":"Botanischer Mandala-Wollteppich - Salbei-Gr\u00fcnes Tribal-Design, 8\u00d710\u2032 Handgetuftet"},"content":{"rendered":"<div data-elementor-type=\"wp-page\" data-elementor-id=\"2321\" class=\"elementor elementor-2321\">\n\t\t\t\t<div class=\"elementor-element elementor-element-26efadc e-flex e-con-boxed e-con e-parent\" data-id=\"26efadc\" data-element_type=\"container\">\n\t\t\t\t\t<div class=\"e-con-inner\">\n\t\t<div class=\"elementor-element elementor-element-12f3647 e-con-full e-flex e-con e-child\" data-id=\"12f3647\" data-element_type=\"container\">\n\t\t\t\t<div class=\"elementor-element elementor-element-b8c4511 elementor-widget elementor-widget-image\" data-id=\"b8c4511\" data-element_type=\"widget\" data-widget_type=\"image.default\">\n\t\t\t\t<div class=\"elementor-widget-container\">\n\t\t\t\t\t\t\t\t\t\t\t\t\t<img fetchpriority=\"high\" decoding=\"async\" width=\"768\" height=\"768\" src=\"https:\/\/custom-rugs.org\/wp-content\/uploads\/2024\/12\/hand-tufted-wool-mandala-sage-green-tribal-8x10-picture-768x768.jpg\" class=\"attachment-medium_large size-medium_large wp-image-2323\" alt=\"Handgetuftete Wolle Mandala Salbei gr\u00fcn tribal 8x10\" srcset=\"https:\/\/custom-rugs.org\/wp-content\/uploads\/2024\/12\/hand-tufted-wool-mandala-sage-green-tribal-8x10-picture-768x768.jpg 768w, https:\/\/custom-rugs.org\/wp-content\/uploads\/2024\/12\/hand-tufted-wool-mandala-sage-green-tribal-8x10-picture-300x300.jpg 300w, https:\/\/custom-rugs.org\/wp-content\/uploads\/2024\/12\/hand-tufted-wool-mandala-sage-green-tribal-8x10-picture-1024x1024.jpg 1024w, https:\/\/custom-rugs.org\/wp-content\/uploads\/2024\/12\/hand-tufted-wool-mandala-sage-green-tribal-8x10-picture-150x150.jpg 150w, https:\/\/custom-rugs.org\/wp-content\/uploads\/2024\/12\/hand-tufted-wool-mandala-sage-green-tribal-8x10-picture-1536x1536.jpg 1536w, https:\/\/custom-rugs.org\/wp-content\/uploads\/2024\/12\/hand-tufted-wool-mandala-sage-green-tribal-8x10-picture.jpg 1600w\" sizes=\"(max-width: 768px) 100vw, 768px\" \/>\t\t\t\t\t\t\t\t\t\t\t\t\t<\/div>\n\t\t\t\t<\/div>\n\t\t\t\t<\/div>\n\t\t<div class=\"elementor-element elementor-element-b5fe7c3 e-con-full e-flex e-con e-child\" data-id=\"b5fe7c3\" data-element_type=\"container\">\n\t\t\t\t<div class=\"elementor-element elementor-element-af2d5f4 elementor-widget elementor-widget-shortcode\" data-id=\"af2d5f4\" data-element_type=\"widget\" data-widget_type=\"shortcode.default\">\n\t\t\t\t<div class=\"elementor-widget-container\">\n\t\t\t\t\t<div class=\"elementor-shortcode\"><nav aria-label=\"Semmelbr\u00f6sel\" class=\"rank-math-breadcrumb\"><p><span class=\"last\">Startseite<\/span><\/p><\/nav><\/div>\n\t\t\t\t<\/div>\n\t\t\t\t<\/div>\n\t\t\t\t<div class=\"elementor-element elementor-element-9751e31 elementor-widget elementor-widget-heading\" data-id=\"9751e31\" data-element_type=\"widget\" data-widget_type=\"heading.default\">\n\t\t\t\t<div class=\"elementor-widget-container\">\n\t\t\t<h1 class=\"elementor-heading-title elementor-size-default\">Botanischer Mandala-Wollteppich - Salbei-Gr\u00fcnes Tribal-Design, 8\u00d710\u2032 Handgetuftet<\/h1>\t\t<\/div>\n\t\t\t\t<\/div>\n\t\t\t\t<div class=\"elementor-element elementor-element-463f34f elementor-widget elementor-widget-text-editor\" data-id=\"463f34f\" data-element_type=\"widget\" data-widget_type=\"text-editor.default\">\n\t\t\t\t<div class=\"elementor-widget-container\">\n\t\t\t\t\t\t\t<ul><li>Handgetuftete Premium-Neuseeland-Wolle f\u00fcr dauerhafte Sch\u00f6nheit<\/li><li>Sich wiederholendes Mandala-Muster in verschiedenen Salbei- und Olivt\u00f6nen<\/li><li>Komplizierte florale Medaillons schaffen einen hypnotisierenden Rhythmus<\/li><li>Der schachbrettartige Hintergrund sorgt f\u00fcr eine subtile Tiefenvariation<\/li><li>Traditionelle Stammesmotive in modernem Stil neu interpretiert<\/li><\/ul>\t\t\t\t\t\t<\/div>\n\t\t\t\t<\/div>\n\t\t\t\t<div class=\"elementor-element elementor-element-d932d01 elementor-align-left elementor-widget elementor-widget-button\" data-id=\"d932d01\" data-element_type=\"widget\" data-widget_type=\"button.default\">\n\t\t\t\t<div class=\"elementor-widget-container\">\n\t\t\t\t\t<div class=\"elementor-button-wrapper\">\n\t\t\t<a class=\"elementor-button elementor-button-link elementor-size-sm\" href=\"https:\/\/custom-rugs.org\/de\/contact\/\" target=\"_blank\">\n\t\t\t\t\t\t<span class=\"elementor-button-content-wrapper\">\n\t\t\t\t\t\t\t\t\t<span class=\"elementor-button-text\">Angebot einholen<\/span>\n\t\t\t\t\t<\/span>\n\t\t\t\t\t<\/a>\n\t\t<\/div>\n\t\t\t\t<\/div>\n\t\t\t\t<\/div>\n\t\t\t\t<\/div>\n\t\t\t\t\t<\/div>\n\t\t\t\t<\/div>\n\t\t<div class=\"elementor-element elementor-element-924a62a e-flex e-con-boxed e-con e-parent\" data-id=\"924a62a\" data-element_type=\"container\" data-settings=\"{&quot;background_background&quot;:&quot;classic&quot;}\">\n\t\t\t\t\t<div class=\"e-con-inner\">\n\t\t<div class=\"elementor-element elementor-element-140133b e-con-full e-flex e-con e-child\" data-id=\"140133b\" data-element_type=\"container\">\n\t\t\t\t<div class=\"elementor-element elementor-element-29161b5 elementor-widget-divider--view-line elementor-widget elementor-widget-divider\" data-id=\"29161b5\" data-element_type=\"widget\" data-widget_type=\"divider.default\">\n\t\t\t\t<div class=\"elementor-widget-container\">\n\t\t\t\t\t<div class=\"elementor-divider\">\n\t\t\t<span class=\"elementor-divider-separator\">\n\t\t\t\t\t\t<\/span>\n\t\t<\/div>\n\t\t\t\t<\/div>\n\t\t\t\t<\/div>\n\t\t\t\t<div class=\"elementor-element elementor-element-ff0d178 elementor-widget elementor-widget-heading\" data-id=\"ff0d178\" data-element_type=\"widget\" data-widget_type=\"heading.default\">\n\t\t\t\t<div class=\"elementor-widget-container\">\n\t\t\t<div class=\"elementor-heading-title elementor-size-default\">Beschreibung des Produkts<\/div>\t\t<\/div>\n\t\t\t\t<\/div>\n\t\t\t\t<div class=\"elementor-element elementor-element-002557a elementor-widget elementor-widget-text-editor\" data-id=\"002557a\" data-element_type=\"widget\" data-widget_type=\"text-editor.default\">\n\t\t\t\t<div class=\"elementor-widget-container\">\n\t\t\t\t\t\t\t<p>Forest Mandalas ist inspiriert von alter Stammesweisheit und botanischer Anmut.<br \/>Verschlungene Sonnenschliff-Medaillons bl\u00fchen \u00fcber abwechselnd salbei- und olivgr\u00fcnen Quadraten und schaffen einen meditativen Rhythmus.<br \/>Jedes Mandala-Muster zeigt feine Details, die die heilige Geometrie der Natur widerspiegeln.<\/p><p><strong>HIGHLIGHTS:<\/strong><\/p><ul><li>Fachm\u00e4nnisch handgetuftet aus hochwertiger neuseel\u00e4ndischer Wolle<\/li><li>Mit traditionellen Mandala-Mustern im modernen Stil<\/li><li>Erh\u00e4ltlich in kundenspezifischen Gr\u00f6\u00dfen und personalisierten Farbvarianten<\/li><\/ul><p><strong>Abmessungen und Gewicht<\/strong><\/p><ul><li>240 x 300 cm \/ 8 x 10 Fu\u00df (-\/+5 cm oder 2 Zoll)<\/li><li>Dicke = 1,5 cm \/ 0,5 Zoll<\/li><li>41 kg \/ 90 Pfund<\/li><\/ul><p><strong>Material<\/strong><\/p><ul><li>100% Neuseel\u00e4ndische Wolle<\/li><\/ul><p><strong>Produktionsvorlaufzeit<\/strong><\/p><p>Jeder von uns gefertigte Teppich ist ein Unikat nach Ma\u00df.<\/p><ul><li>Produktionszeit: 15 - 20 Arbeitstage<\/li><li>Dieser Zeitrahmen beginnt nach der Best\u00e4tigung Ihrer Bestellung<\/li><li>Jeder Teppich wird speziell nach Ihren W\u00fcnschen angefertigt<\/li><li>Unsere Kunsthandwerker gew\u00e4hrleisten die Qualit\u00e4t in jeder Phase des Prozesses<\/li><\/ul><p>Bitte beachten:<\/p><ul><li>Arbeitstage ohne Wochenenden und Feiertage<\/li><li>Komplexe Entw\u00fcrfe k\u00f6nnen zus\u00e4tzliche Zeit erfordern<\/li><li>Wir werden unser Bestes tun, um dringende Bestellungen so schnell wie m\u00f6glich zu versenden.<\/li><\/ul><p>Wir danken Ihnen f\u00fcr Ihre Geduld, w\u00e4hrend wir Ihren einmaligen Teppich herstellen.<br \/>Qualit\u00e4tshandwerk braucht seine Zeit, aber wir versprechen, dass sich das Warten lohnt.<\/p>\t\t\t\t\t\t<\/div>\n\t\t\t\t<\/div>\n\t\t\t\t<\/div>\n\t\t\t\t\t<\/div>\n\t\t\t\t<\/div>\n\t\t\t\t<\/div>","protected":false},"excerpt":{"rendered":"<p>Botanical Mandala Wool Rug - Sage Green Tribal Design, 8\u00d710\u2032 Hand-Tufted Premium Neuseeland Wolle handgetuftet f\u00fcr dauerhafte Sch\u00f6nheit Sich wiederholende Mandala-Muster in verschiedenen Salbei und Olive T\u00f6ne Komplexe florale Medaillons schaffen hypnotisierenden Rhythmus Schachbrett-Hintergrund f\u00fcgt subtile Tiefe Variation Traditionelle Stammes-Motive neu interpretiert im modernen Stil Fragen Sie ein Angebot Produktbeschreibung Forest Mandalas zeichnet [...]<\/p>","protected":false},"author":1,"featured_media":2323,"parent":2236,"menu_order":0,"comment_status":"closed","ping_status":"closed","template":"","meta":{"rank_math_lock_modified_date":false,"_uag_custom_page_level_css":"","site-sidebar-layout":"no-sidebar","site-content-layout":"page-builder","ast-site-content-layout":"full-width-container","site-content-style":"default","site-sidebar-style":"default","ast-global-header-display":"","ast-banner-title-visibility":"","ast-main-header-display":"","ast-hfb-above-header-display":"","ast-hfb-below-header-display":"","ast-hfb-mobile-header-display":"","site-post-title":"disabled","ast-breadcrumbs-content":"","ast-featured-img":"disabled","footer-sml-layout":"","theme-transparent-header-meta":"","adv-header-id-meta":"","stick-header-meta":"","header-above-stick-meta":"","header-main-stick-meta":"","header-below-stick-meta":"","astra-migrate-meta-layouts":"set","ast-page-background-enabled":"default","ast-page-background-meta":{"desktop":{"background-color":"","background-image":"","background-repeat":"repeat","background-position":"center center","background-size":"auto","background-attachment":"scroll","background-type":"","background-media":"","overlay-type":"","overlay-color":"","overlay-opacity":"","overlay-gradient":""},"tablet":{"background-color":"","background-image":"","background-repeat":"repeat","background-position":"center center","background-size":"auto","background-attachment":"scroll","background-type":"","background-media":"","overlay-type":"","overlay-color":"","overlay-opacity":"","overlay-gradient":""},"mobile":{"background-color":"","background-image":"","background-repeat":"repeat","background-position":"center center","background-size":"auto","background-attachment":"scroll","background-type":"","background-media":"","overlay-type":"","overlay-color":"","overlay-opacity":"","overlay-gradient":""}},"ast-content-background-meta":{"desktop":{"background-color":"var(--ast-global-color-5)","background-image":"","background-repeat":"repeat","background-position":"center center","background-size":"auto","background-attachment":"scroll","background-type":"","background-media":"","overlay-type":"","overlay-color":"","overlay-opacity":"","overlay-gradient":""},"tablet":{"background-color":"var(--ast-global-color-5)","background-image":"","background-repeat":"repeat","background-position":"center center","background-size":"auto","background-attachment":"scroll","background-type":"","background-media":"","overlay-type":"","overlay-color":"","overlay-opacity":"","overlay-gradient":""},"mobile":{"background-color":"var(--ast-global-color-5)","background-image":"","background-repeat":"repeat","background-position":"center center","background-size":"auto","background-attachment":"scroll","background-type":"","background-media":"","overlay-type":"","overlay-color":"","overlay-opacity":"","overlay-gradient":""}},"_joinchat":[],"footnotes":""},"class_list":["post-2321","page","type-page","status-publish","has-post-thumbnail","hentry"],"uagb_featured_image_src":{"full":["https:\/\/custom-rugs.org\/wp-content\/uploads\/2024\/12\/hand-tufted-wool-mandala-sage-green-tribal-8x10-picture.jpg",1600,1600,false],"thumbnail":["https:\/\/custom-rugs.org\/wp-content\/uploads\/2024\/12\/hand-tufted-wool-mandala-sage-green-tribal-8x10-picture-150x150.jpg",150,150,true],"medium":["https:\/\/custom-rugs.org\/wp-content\/uploads\/2024\/12\/hand-tufted-wool-mandala-sage-green-tribal-8x10-picture-300x300.jpg",300,300,true],"medium_large":["https:\/\/custom-rugs.org\/wp-content\/uploads\/2024\/12\/hand-tufted-wool-mandala-sage-green-tribal-8x10-picture-768x768.jpg",768,768,true],"large":["https:\/\/custom-rugs.org\/wp-content\/uploads\/2024\/12\/hand-tufted-wool-mandala-sage-green-tribal-8x10-picture-1024x1024.jpg",1024,1024,true],"1536x1536":["https:\/\/custom-rugs.org\/wp-content\/uploads\/2024\/12\/hand-tufted-wool-mandala-sage-green-tribal-8x10-picture-1536x1536.jpg",1536,1536,true],"2048x2048":["https:\/\/custom-rugs.org\/wp-content\/uploads\/2024\/12\/hand-tufted-wool-mandala-sage-green-tribal-8x10-picture.jpg",1600,1600,false],"trp-custom-language-flag":["https:\/\/custom-rugs.org\/wp-content\/uploads\/2024\/12\/hand-tufted-wool-mandala-sage-green-tribal-8x10-picture.jpg",12,12,false],"crp_thumbnail":["https:\/\/custom-rugs.org\/wp-content\/uploads\/2024\/12\/hand-tufted-wool-mandala-sage-green-tribal-8x10-picture-150x150.jpg",150,150,true]},"uagb_author_info":{"display_name":"Custom Rugs","author_link":"https:\/\/custom-rugs.org\/de\/author\/admin-hang\/"},"uagb_comment_info":0,"uagb_excerpt":"Botanical Mandala Wool Rug \u2013 Sage Green Tribal Design, 8\u00d710\u2032 Hand-Tufted Premium New Zealand wool hand-tufted for lasting beauty Repeating mandala pattern in varying sage and olive tones Intricate floral medallions create mesmerizing rhythm Checkerboard background adds subtle depth variation Traditional tribal motifs reimagined in modern style Ask a Quote Product Description Forest Mandalas draws&hellip;","_links":{"self":[{"href":"https:\/\/custom-rugs.org\/de\/wp-json\/wp\/v2\/pages\/2321","targetHints":{"allow":["GET"]}}],"collection":[{"href":"https:\/\/custom-rugs.org\/de\/wp-json\/wp\/v2\/pages"}],"about":[{"href":"https:\/\/custom-rugs.org\/de\/wp-json\/wp\/v2\/types\/page"}],"author":[{"embeddable":true,"href":"https:\/\/custom-rugs.org\/de\/wp-json\/wp\/v2\/users\/1"}],"replies":[{"embeddable":true,"href":"https:\/\/custom-rugs.org\/de\/wp-json\/wp\/v2\/comments?post=2321"}],"version-history":[{"count":0,"href":"https:\/\/custom-rugs.org\/de\/wp-json\/wp\/v2\/pages\/2321\/revisions"}],"up":[{"embeddable":true,"href":"https:\/\/custom-rugs.org\/de\/wp-json\/wp\/v2\/pages\/2236"}],"wp:featuredmedia":[{"embeddable":true,"href":"https:\/\/custom-rugs.org\/de\/wp-json\/wp\/v2\/media\/2323"}],"wp:attachment":[{"href":"https:\/\/custom-rugs.org\/de\/wp-json\/wp\/v2\/media?parent=2321"}],"curies":[{"name":"wp","href":"https:\/\/api.w.org\/{rel}","templated":true}]}}