{"id":2309,"date":"2024-12-03T18:56:39","date_gmt":"2024-12-03T10:56:39","guid":{"rendered":"https:\/\/custom-rugs.org\/?page_id=2309"},"modified":"2024-12-03T18:59:16","modified_gmt":"2024-12-03T10:59:16","slug":"atomic-age-wool-area-rug-hand-tufted-8x10-blush-pearl","status":"publish","type":"page","link":"https:\/\/custom-rugs.org\/de\/abstract-rugs\/atomic-age-wool-area-rug-hand-tufted-8x10-blush-pearl\/","title":{"rendered":"Atomic Age Wollteppich, handgetuftet, 8\u00d710\u2032, Blush &amp; Pearl"},"content":{"rendered":"<div data-elementor-type=\"wp-page\" data-elementor-id=\"2309\" class=\"elementor elementor-2309\">\n\t\t\t\t<div class=\"elementor-element elementor-element-7219fa4 e-flex e-con-boxed e-con e-parent\" data-id=\"7219fa4\" data-element_type=\"container\">\n\t\t\t\t\t<div class=\"e-con-inner\">\n\t\t<div class=\"elementor-element elementor-element-19226d2 e-con-full e-flex e-con e-child\" data-id=\"19226d2\" data-element_type=\"container\">\n\t\t\t\t<div class=\"elementor-element elementor-element-094d68c elementor-widget elementor-widget-image\" data-id=\"094d68c\" data-element_type=\"widget\" data-widget_type=\"image.default\">\n\t\t\t\t<div class=\"elementor-widget-container\">\n\t\t\t\t\t\t\t\t\t\t\t\t\t<img fetchpriority=\"high\" decoding=\"async\" width=\"768\" height=\"768\" src=\"https:\/\/custom-rugs.org\/wp-content\/uploads\/2024\/12\/atomic-pattern-wool-rug-blush-pearl-8x10-tufted-picture-768x768.jpg\" class=\"attachment-medium_large size-medium_large wp-image-2311\" alt=\"Atomic Muster Wolle Teppich Blush Perle 8x10 getuftet\" srcset=\"https:\/\/custom-rugs.org\/wp-content\/uploads\/2024\/12\/atomic-pattern-wool-rug-blush-pearl-8x10-tufted-picture-768x768.jpg 768w, https:\/\/custom-rugs.org\/wp-content\/uploads\/2024\/12\/atomic-pattern-wool-rug-blush-pearl-8x10-tufted-picture-300x300.jpg 300w, https:\/\/custom-rugs.org\/wp-content\/uploads\/2024\/12\/atomic-pattern-wool-rug-blush-pearl-8x10-tufted-picture-1024x1024.jpg 1024w, https:\/\/custom-rugs.org\/wp-content\/uploads\/2024\/12\/atomic-pattern-wool-rug-blush-pearl-8x10-tufted-picture-150x150.jpg 150w, https:\/\/custom-rugs.org\/wp-content\/uploads\/2024\/12\/atomic-pattern-wool-rug-blush-pearl-8x10-tufted-picture-1536x1536.jpg 1536w, https:\/\/custom-rugs.org\/wp-content\/uploads\/2024\/12\/atomic-pattern-wool-rug-blush-pearl-8x10-tufted-picture.jpg 1600w\" sizes=\"(max-width: 768px) 100vw, 768px\" \/>\t\t\t\t\t\t\t\t\t\t\t\t\t<\/div>\n\t\t\t\t<\/div>\n\t\t\t\t<\/div>\n\t\t<div class=\"elementor-element elementor-element-fe012dd e-con-full e-flex e-con e-child\" data-id=\"fe012dd\" data-element_type=\"container\">\n\t\t\t\t<div class=\"elementor-element elementor-element-442dd16 elementor-widget elementor-widget-shortcode\" data-id=\"442dd16\" data-element_type=\"widget\" data-widget_type=\"shortcode.default\">\n\t\t\t\t<div class=\"elementor-widget-container\">\n\t\t\t\t\t<div class=\"elementor-shortcode\"><nav aria-label=\"Semmelbr\u00f6sel\" class=\"rank-math-breadcrumb\"><p><span class=\"last\">Startseite<\/span><\/p><\/nav><\/div>\n\t\t\t\t<\/div>\n\t\t\t\t<\/div>\n\t\t\t\t<div class=\"elementor-element elementor-element-2b607b2 elementor-widget elementor-widget-heading\" data-id=\"2b607b2\" data-element_type=\"widget\" data-widget_type=\"heading.default\">\n\t\t\t\t<div class=\"elementor-widget-container\">\n\t\t\t<h1 class=\"elementor-heading-title elementor-size-default\">Atomic Age Wollteppich, handgetuftet, 8\u00d710\u2032, Blush &amp; Pearl<\/h1>\t\t<\/div>\n\t\t\t\t<\/div>\n\t\t\t\t<div class=\"elementor-element elementor-element-9c8a1de elementor-widget elementor-widget-text-editor\" data-id=\"9c8a1de\" data-element_type=\"widget\" data-widget_type=\"text-editor.default\">\n\t\t\t\t<div class=\"elementor-widget-container\">\n\t\t\t\t\t\t\t<ul><li>Handgetuftete hochwertige neuseel\u00e4ndische Wolle mit Retro-Atom-Motiven<\/li><li>Verspielte Orbitalmuster in zartem Ros\u00e9 mit Perlenakzenten<\/li><li>Die geschnitzte Textur sorgt f\u00fcr dimensionalen Mid-Century-Charme<\/li><li>Schwebende Molekulardesigns bieten Vintage-Raffinesse<\/li><li>Subtile schraffierte Details erh\u00f6hen die Authentizit\u00e4t der Zeit<\/li><\/ul>\t\t\t\t\t\t<\/div>\n\t\t\t\t<\/div>\n\t\t\t\t<div class=\"elementor-element elementor-element-4f5fa1f elementor-align-left elementor-widget elementor-widget-button\" data-id=\"4f5fa1f\" data-element_type=\"widget\" data-widget_type=\"button.default\">\n\t\t\t\t<div class=\"elementor-widget-container\">\n\t\t\t\t\t<div class=\"elementor-button-wrapper\">\n\t\t\t<a class=\"elementor-button elementor-button-link elementor-size-sm\" href=\"https:\/\/custom-rugs.org\/de\/contact\/\" target=\"_blank\">\n\t\t\t\t\t\t<span class=\"elementor-button-content-wrapper\">\n\t\t\t\t\t\t\t\t\t<span class=\"elementor-button-text\">Angebot einholen<\/span>\n\t\t\t\t\t<\/span>\n\t\t\t\t\t<\/a>\n\t\t<\/div>\n\t\t\t\t<\/div>\n\t\t\t\t<\/div>\n\t\t\t\t<\/div>\n\t\t\t\t\t<\/div>\n\t\t\t\t<\/div>\n\t\t<div class=\"elementor-element elementor-element-8f621e6 e-flex e-con-boxed e-con e-parent\" data-id=\"8f621e6\" data-element_type=\"container\" data-settings=\"{&quot;background_background&quot;:&quot;classic&quot;}\">\n\t\t\t\t\t<div class=\"e-con-inner\">\n\t\t<div class=\"elementor-element elementor-element-2833596 e-con-full e-flex e-con e-child\" data-id=\"2833596\" data-element_type=\"container\">\n\t\t\t\t<div class=\"elementor-element elementor-element-78b72fb elementor-widget-divider--view-line elementor-widget elementor-widget-divider\" data-id=\"78b72fb\" data-element_type=\"widget\" data-widget_type=\"divider.default\">\n\t\t\t\t<div class=\"elementor-widget-container\">\n\t\t\t\t\t<div class=\"elementor-divider\">\n\t\t\t<span class=\"elementor-divider-separator\">\n\t\t\t\t\t\t<\/span>\n\t\t<\/div>\n\t\t\t\t<\/div>\n\t\t\t\t<\/div>\n\t\t\t\t<div class=\"elementor-element elementor-element-a6e8efe elementor-widget elementor-widget-heading\" data-id=\"a6e8efe\" data-element_type=\"widget\" data-widget_type=\"heading.default\">\n\t\t\t\t<div class=\"elementor-widget-container\">\n\t\t\t<div class=\"elementor-heading-title elementor-size-default\">Beschreibung des Produkts<\/div>\t\t<\/div>\n\t\t\t\t<\/div>\n\t\t\t\t<div class=\"elementor-element elementor-element-1ab2ad8 elementor-widget elementor-widget-text-editor\" data-id=\"1ab2ad8\" data-element_type=\"widget\" data-widget_type=\"text-editor.default\">\n\t\t\t\t<div class=\"elementor-widget-container\">\n\t\t\t\t\t\t\t<p>Eine Reise zur\u00fcck in die optimistische \u00c4ra des Atomdesigns mit dieser charmanten, von der Mitte des Jahrhunderts inspirierten Kreation.<br \/>Skurrile Molekularmotive schweben \u00fcber eine zartrosa Leinwand, w\u00e4hrend Perlenakzente f\u00fcr eine \u00e4therische Dimension sorgen.<br \/>Jedes geschnitzte Orbitalmuster f\u00e4ngt den verspielten Geist des Designs der 1950er Jahre ein und bringt Retro-Raffinesse in moderne R\u00e4ume.<\/p><p><strong>HIGHLIGHTS:<\/strong><\/p><ul><li>Handgetuftet von erfahrenen Kunsthandwerkern aus hochwertiger neuseel\u00e4ndischer Wolle<\/li><li>Mit authentischen Mustern aus der Atomzeit und geschnitzten Details<\/li><li>Erh\u00e4ltlich in benutzerdefinierten Gr\u00f6\u00dfen und Vintage-inspirierten Farbvarianten<\/li><\/ul><p><strong>Abmessungen und Gewicht<\/strong><\/p><ul><li>240 x 300 cm \/ 8 x 10 Fu\u00df (-\/+5 cm oder 2 Zoll)<\/li><li>Dicke = 1,5 cm \/ 0,5 Zoll<\/li><li>41 kg \/ 90 Pfund<\/li><\/ul><p><strong>Material<\/strong><\/p><ul><li>100% Neuseel\u00e4ndische Wolle<\/li><\/ul><p><strong>Produktionsvorlaufzeit<\/strong><\/p><p>Jeder von uns gefertigte Teppich ist ein Unikat nach Ma\u00df.<\/p><ul><li>Produktionszeit: 15 - 20 Arbeitstage<\/li><li>Dieser Zeitrahmen beginnt nach der Best\u00e4tigung Ihrer Bestellung<\/li><li>Jeder Teppich wird speziell nach Ihren W\u00fcnschen angefertigt<\/li><li>Unsere Kunsthandwerker gew\u00e4hrleisten die Qualit\u00e4t in jeder Phase des Prozesses<\/li><\/ul><p>Bitte beachten:<\/p><ul><li>Arbeitstage ohne Wochenenden und Feiertage<\/li><li>Komplexe Entw\u00fcrfe k\u00f6nnen zus\u00e4tzliche Zeit erfordern<\/li><li>Wir werden unser Bestes tun, um dringende Bestellungen so schnell wie m\u00f6glich zu versenden.<\/li><\/ul><p>Wir danken Ihnen f\u00fcr Ihre Geduld, w\u00e4hrend wir Ihren einmaligen Teppich herstellen.<br \/>Qualit\u00e4tshandwerk braucht seine Zeit, aber wir versprechen, dass sich das Warten lohnt.<\/p>\t\t\t\t\t\t<\/div>\n\t\t\t\t<\/div>\n\t\t\t\t<\/div>\n\t\t\t\t\t<\/div>\n\t\t\t\t<\/div>\n\t\t\t\t<\/div>","protected":false},"excerpt":{"rendered":"<p>Atomic Age Wool Area Rug, Hand-Tufted, 8\u00d710\u2032, Blush &amp; Pearl Premium New Zealand wool hand-tufted with retro atomic motifs Playful orbital patterns in soft blush pink with pearl accents Carved texture creates dimensional mid-century charm Floating molecular designs offer vintage sophistication Subtle hatched details enhance period authenticity Ask a Quote Product Description Journey back to [&hellip;]<\/p>","protected":false},"author":1,"featured_media":2311,"parent":2236,"menu_order":0,"comment_status":"closed","ping_status":"closed","template":"","meta":{"rank_math_lock_modified_date":false,"_uag_custom_page_level_css":"","site-sidebar-layout":"no-sidebar","site-content-layout":"page-builder","ast-site-content-layout":"full-width-container","site-content-style":"default","site-sidebar-style":"default","ast-global-header-display":"","ast-banner-title-visibility":"","ast-main-header-display":"","ast-hfb-above-header-display":"","ast-hfb-below-header-display":"","ast-hfb-mobile-header-display":"","site-post-title":"disabled","ast-breadcrumbs-content":"","ast-featured-img":"disabled","footer-sml-layout":"","theme-transparent-header-meta":"","adv-header-id-meta":"","stick-header-meta":"","header-above-stick-meta":"","header-main-stick-meta":"","header-below-stick-meta":"","astra-migrate-meta-layouts":"set","ast-page-background-enabled":"default","ast-page-background-meta":{"desktop":{"background-color":"","background-image":"","background-repeat":"repeat","background-position":"center center","background-size":"auto","background-attachment":"scroll","background-type":"","background-media":"","overlay-type":"","overlay-color":"","overlay-opacity":"","overlay-gradient":""},"tablet":{"background-color":"","background-image":"","background-repeat":"repeat","background-position":"center center","background-size":"auto","background-attachment":"scroll","background-type":"","background-media":"","overlay-type":"","overlay-color":"","overlay-opacity":"","overlay-gradient":""},"mobile":{"background-color":"","background-image":"","background-repeat":"repeat","background-position":"center center","background-size":"auto","background-attachment":"scroll","background-type":"","background-media":"","overlay-type":"","overlay-color":"","overlay-opacity":"","overlay-gradient":""}},"ast-content-background-meta":{"desktop":{"background-color":"var(--ast-global-color-5)","background-image":"","background-repeat":"repeat","background-position":"center center","background-size":"auto","background-attachment":"scroll","background-type":"","background-media":"","overlay-type":"","overlay-color":"","overlay-opacity":"","overlay-gradient":""},"tablet":{"background-color":"var(--ast-global-color-5)","background-image":"","background-repeat":"repeat","background-position":"center center","background-size":"auto","background-attachment":"scroll","background-type":"","background-media":"","overlay-type":"","overlay-color":"","overlay-opacity":"","overlay-gradient":""},"mobile":{"background-color":"var(--ast-global-color-5)","background-image":"","background-repeat":"repeat","background-position":"center center","background-size":"auto","background-attachment":"scroll","background-type":"","background-media":"","overlay-type":"","overlay-color":"","overlay-opacity":"","overlay-gradient":""}},"_joinchat":[],"footnotes":""},"class_list":["post-2309","page","type-page","status-publish","has-post-thumbnail","hentry"],"uagb_featured_image_src":{"full":["https:\/\/custom-rugs.org\/wp-content\/uploads\/2024\/12\/atomic-pattern-wool-rug-blush-pearl-8x10-tufted-picture.jpg",1600,1600,false],"thumbnail":["https:\/\/custom-rugs.org\/wp-content\/uploads\/2024\/12\/atomic-pattern-wool-rug-blush-pearl-8x10-tufted-picture-150x150.jpg",150,150,true],"medium":["https:\/\/custom-rugs.org\/wp-content\/uploads\/2024\/12\/atomic-pattern-wool-rug-blush-pearl-8x10-tufted-picture-300x300.jpg",300,300,true],"medium_large":["https:\/\/custom-rugs.org\/wp-content\/uploads\/2024\/12\/atomic-pattern-wool-rug-blush-pearl-8x10-tufted-picture-768x768.jpg",768,768,true],"large":["https:\/\/custom-rugs.org\/wp-content\/uploads\/2024\/12\/atomic-pattern-wool-rug-blush-pearl-8x10-tufted-picture-1024x1024.jpg",1024,1024,true],"1536x1536":["https:\/\/custom-rugs.org\/wp-content\/uploads\/2024\/12\/atomic-pattern-wool-rug-blush-pearl-8x10-tufted-picture-1536x1536.jpg",1536,1536,true],"2048x2048":["https:\/\/custom-rugs.org\/wp-content\/uploads\/2024\/12\/atomic-pattern-wool-rug-blush-pearl-8x10-tufted-picture.jpg",1600,1600,false],"trp-custom-language-flag":["https:\/\/custom-rugs.org\/wp-content\/uploads\/2024\/12\/atomic-pattern-wool-rug-blush-pearl-8x10-tufted-picture.jpg",12,12,false],"crp_thumbnail":["https:\/\/custom-rugs.org\/wp-content\/uploads\/2024\/12\/atomic-pattern-wool-rug-blush-pearl-8x10-tufted-picture-150x150.jpg",150,150,true]},"uagb_author_info":{"display_name":"Custom Rugs","author_link":"https:\/\/custom-rugs.org\/de\/author\/admin-hang\/"},"uagb_comment_info":0,"uagb_excerpt":"Atomic Age Wool Area Rug, Hand-Tufted, 8\u00d710\u2032, Blush &amp; Pearl Premium New Zealand wool hand-tufted with retro atomic motifs Playful orbital patterns in soft blush pink with pearl accents Carved texture creates dimensional mid-century charm Floating molecular designs offer vintage sophistication Subtle hatched details enhance period authenticity Ask a Quote Product Description Journey back to&hellip;","_links":{"self":[{"href":"https:\/\/custom-rugs.org\/de\/wp-json\/wp\/v2\/pages\/2309","targetHints":{"allow":["GET"]}}],"collection":[{"href":"https:\/\/custom-rugs.org\/de\/wp-json\/wp\/v2\/pages"}],"about":[{"href":"https:\/\/custom-rugs.org\/de\/wp-json\/wp\/v2\/types\/page"}],"author":[{"embeddable":true,"href":"https:\/\/custom-rugs.org\/de\/wp-json\/wp\/v2\/users\/1"}],"replies":[{"embeddable":true,"href":"https:\/\/custom-rugs.org\/de\/wp-json\/wp\/v2\/comments?post=2309"}],"version-history":[{"count":0,"href":"https:\/\/custom-rugs.org\/de\/wp-json\/wp\/v2\/pages\/2309\/revisions"}],"up":[{"embeddable":true,"href":"https:\/\/custom-rugs.org\/de\/wp-json\/wp\/v2\/pages\/2236"}],"wp:featuredmedia":[{"embeddable":true,"href":"https:\/\/custom-rugs.org\/de\/wp-json\/wp\/v2\/media\/2311"}],"wp:attachment":[{"href":"https:\/\/custom-rugs.org\/de\/wp-json\/wp\/v2\/media?parent=2309"}],"curies":[{"name":"wp","href":"https:\/\/api.w.org\/{rel}","templated":true}]}}