{"id":2303,"date":"2024-12-03T18:51:56","date_gmt":"2024-12-03T10:51:56","guid":{"rendered":"https:\/\/custom-rugs.org\/?page_id=2303"},"modified":"2024-12-03T18:54:52","modified_gmt":"2024-12-03T10:54:52","slug":"abstract-topographic-wool-area-rug-hand-tufted-9x12-sand-ivory","status":"publish","type":"page","link":"https:\/\/custom-rugs.org\/de\/abstract-rugs\/abstract-topographic-wool-area-rug-hand-tufted-9x12-sand-ivory\/","title":{"rendered":"Abstrakter Topographischer Wollteppich, handgetuftet, 9\u00d712\u2032, Sand &amp; Elfenbein"},"content":{"rendered":"<div data-elementor-type=\"wp-page\" data-elementor-id=\"2303\" class=\"elementor elementor-2303\">\n\t\t\t\t<div class=\"elementor-element elementor-element-6bec815 e-flex e-con-boxed e-con e-parent\" data-id=\"6bec815\" data-element_type=\"container\">\n\t\t\t\t\t<div class=\"e-con-inner\">\n\t\t<div class=\"elementor-element elementor-element-cebaf40 e-con-full e-flex e-con e-child\" data-id=\"cebaf40\" data-element_type=\"container\">\n\t\t\t\t<div class=\"elementor-element elementor-element-2460cb0 elementor-widget elementor-widget-image\" data-id=\"2460cb0\" data-element_type=\"widget\" data-widget_type=\"image.default\">\n\t\t\t\t<div class=\"elementor-widget-container\">\n\t\t\t\t\t\t\t\t\t\t\t\t\t<img fetchpriority=\"high\" decoding=\"async\" width=\"768\" height=\"768\" src=\"https:\/\/custom-rugs.org\/wp-content\/uploads\/2024\/12\/topographic-pattern-wool-rug-sand-ivory-9x12-tufted-picture-768x768.jpg\" class=\"attachment-medium_large size-medium_large wp-image-2305\" alt=\"Topographisches Muster Wollteppich Sand Elfenbein 9x12 getuftet\" srcset=\"https:\/\/custom-rugs.org\/wp-content\/uploads\/2024\/12\/topographic-pattern-wool-rug-sand-ivory-9x12-tufted-picture-768x768.jpg 768w, https:\/\/custom-rugs.org\/wp-content\/uploads\/2024\/12\/topographic-pattern-wool-rug-sand-ivory-9x12-tufted-picture-300x300.jpg 300w, https:\/\/custom-rugs.org\/wp-content\/uploads\/2024\/12\/topographic-pattern-wool-rug-sand-ivory-9x12-tufted-picture-1024x1024.jpg 1024w, https:\/\/custom-rugs.org\/wp-content\/uploads\/2024\/12\/topographic-pattern-wool-rug-sand-ivory-9x12-tufted-picture-150x150.jpg 150w, https:\/\/custom-rugs.org\/wp-content\/uploads\/2024\/12\/topographic-pattern-wool-rug-sand-ivory-9x12-tufted-picture-1536x1536.jpg 1536w, https:\/\/custom-rugs.org\/wp-content\/uploads\/2024\/12\/topographic-pattern-wool-rug-sand-ivory-9x12-tufted-picture.jpg 1600w\" sizes=\"(max-width: 768px) 100vw, 768px\" \/>\t\t\t\t\t\t\t\t\t\t\t\t\t<\/div>\n\t\t\t\t<\/div>\n\t\t\t\t<\/div>\n\t\t<div class=\"elementor-element elementor-element-07c745d e-con-full e-flex e-con e-child\" data-id=\"07c745d\" data-element_type=\"container\">\n\t\t\t\t<div class=\"elementor-element elementor-element-0b89d65 elementor-widget elementor-widget-shortcode\" data-id=\"0b89d65\" data-element_type=\"widget\" data-widget_type=\"shortcode.default\">\n\t\t\t\t<div class=\"elementor-widget-container\">\n\t\t\t\t\t<div class=\"elementor-shortcode\"><nav aria-label=\"Semmelbr\u00f6sel\" class=\"rank-math-breadcrumb\"><p><span class=\"last\">Startseite<\/span><\/p><\/nav><\/div>\n\t\t\t\t<\/div>\n\t\t\t\t<\/div>\n\t\t\t\t<div class=\"elementor-element elementor-element-345ac27 elementor-widget elementor-widget-heading\" data-id=\"345ac27\" data-element_type=\"widget\" data-widget_type=\"heading.default\">\n\t\t\t\t<div class=\"elementor-widget-container\">\n\t\t\t<h1 class=\"elementor-heading-title elementor-size-default\">Abstrakter Topographischer Wollteppich, handgetuftet, 9\u00d712\u2032, Sand &amp; Elfenbein<\/h1>\t\t<\/div>\n\t\t\t\t<\/div>\n\t\t\t\t<div class=\"elementor-element elementor-element-24a63c3 elementor-widget elementor-widget-text-editor\" data-id=\"24a63c3\" data-element_type=\"widget\" data-widget_type=\"text-editor.default\">\n\t\t\t\t<div class=\"elementor-widget-container\">\n\t\t\t\t\t\t\t<ul><li>Handgetuftete neuseel\u00e4ndische Wolle f\u00fcr au\u00dfergew\u00f6hnliche Weichheit und Haltbarkeit<\/li><li>Organisches topografisches Muster mit flie\u00dfenden Konturlinien in Sandt\u00f6nen<\/li><li>Die mehrstufige geschnitzte Textur schafft eine atemberaubende visuelle Dimension<\/li><li>Symmetrisches, von einem Medaillon inspiriertes Design mit zeitlosem Reiz<\/li><li>Nahtlose Verbindung von zeitgen\u00f6ssischer Kunst und traditioneller Handwerkskunst<\/li><\/ul>\t\t\t\t\t\t<\/div>\n\t\t\t\t<\/div>\n\t\t\t\t<div class=\"elementor-element elementor-element-efa55df elementor-align-left elementor-widget elementor-widget-button\" data-id=\"efa55df\" data-element_type=\"widget\" data-widget_type=\"button.default\">\n\t\t\t\t<div class=\"elementor-widget-container\">\n\t\t\t\t\t<div class=\"elementor-button-wrapper\">\n\t\t\t<a class=\"elementor-button elementor-button-link elementor-size-sm\" href=\"https:\/\/custom-rugs.org\/de\/contact\/\" target=\"_blank\">\n\t\t\t\t\t\t<span class=\"elementor-button-content-wrapper\">\n\t\t\t\t\t\t\t\t\t<span class=\"elementor-button-text\">Angebot einholen<\/span>\n\t\t\t\t\t<\/span>\n\t\t\t\t\t<\/a>\n\t\t<\/div>\n\t\t\t\t<\/div>\n\t\t\t\t<\/div>\n\t\t\t\t<\/div>\n\t\t\t\t\t<\/div>\n\t\t\t\t<\/div>\n\t\t<div class=\"elementor-element elementor-element-fa12669 e-flex e-con-boxed e-con e-parent\" data-id=\"fa12669\" data-element_type=\"container\" data-settings=\"{&quot;background_background&quot;:&quot;classic&quot;}\">\n\t\t\t\t\t<div class=\"e-con-inner\">\n\t\t<div class=\"elementor-element elementor-element-029fe79 e-con-full e-flex e-con e-child\" data-id=\"029fe79\" data-element_type=\"container\">\n\t\t\t\t<div class=\"elementor-element elementor-element-d486c05 elementor-widget-divider--view-line elementor-widget elementor-widget-divider\" data-id=\"d486c05\" data-element_type=\"widget\" data-widget_type=\"divider.default\">\n\t\t\t\t<div class=\"elementor-widget-container\">\n\t\t\t\t\t<div class=\"elementor-divider\">\n\t\t\t<span class=\"elementor-divider-separator\">\n\t\t\t\t\t\t<\/span>\n\t\t<\/div>\n\t\t\t\t<\/div>\n\t\t\t\t<\/div>\n\t\t\t\t<div class=\"elementor-element elementor-element-892458b elementor-widget elementor-widget-heading\" data-id=\"892458b\" data-element_type=\"widget\" data-widget_type=\"heading.default\">\n\t\t\t\t<div class=\"elementor-widget-container\">\n\t\t\t<div class=\"elementor-heading-title elementor-size-default\">Beschreibung des Produkts<\/div>\t\t<\/div>\n\t\t\t\t<\/div>\n\t\t\t\t<div class=\"elementor-element elementor-element-d900d10 elementor-widget elementor-widget-text-editor\" data-id=\"d900d10\" data-element_type=\"widget\" data-widget_type=\"text-editor.default\">\n\t\t\t\t<div class=\"elementor-widget-container\">\n\t\t\t\t\t\t\t<p>In diesem fesselnden, handgetufteten Meisterwerk trifft Natur auf Kunstfertigkeit.<br \/>Inspiriert von topografischen Karten und organischen Formationen, flie\u00dfen konzentrische Muster in harmonischen Sand- und Elfenbeint\u00f6nen \u00fcber die Oberfl\u00e4che.<br \/>Jede geschnitzte Linie erzeugt eine faszinierende Tiefe und verwandelt den Boden in eine Landschaft von raffinierter Ruhe.<\/p><p><strong>HIGHLIGHTS:<\/strong><\/p><ul><li>Handgetuftet von erfahrenen Kunsthandwerkern aus hochwertiger neuseel\u00e4ndischer Wolle<\/li><li>Mit geschnitzten Konturenmustern und mehrstufiger Textur<\/li><li>Erh\u00e4ltlich in individuellen Gr\u00f6\u00dfen und ma\u00dfgeschneiderten Farbkombinationen<\/li><\/ul><p><strong>Abmessungen und Gewicht<\/strong><\/p><ul><li>270 x 370 cm \/ 9 x 12 Fu\u00df (-\/+5 cm oder 2 Zoll)<\/li><li>Dicke = 1,5 cm \/ 0,5 Zoll<\/li><li>55 kg \/ 121 Pfund<\/li><\/ul><p><strong>Material<\/strong><\/p><ul><li>100% Neuseel\u00e4ndische Wolle<\/li><\/ul><p><strong>Produktionsvorlaufzeit<\/strong><\/p><p>Jeder von uns gefertigte Teppich ist ein Unikat nach Ma\u00df.<\/p><ul><li>Produktionszeit: 15 - 20 Arbeitstage<\/li><li>Dieser Zeitrahmen beginnt nach der Best\u00e4tigung Ihrer Bestellung<\/li><li>Jeder Teppich wird speziell nach Ihren W\u00fcnschen angefertigt<\/li><li>Unsere Kunsthandwerker gew\u00e4hrleisten die Qualit\u00e4t in jeder Phase des Prozesses<\/li><\/ul><p>Bitte beachten:<\/p><ul><li>Arbeitstage ohne Wochenenden und Feiertage<\/li><li>Komplexe Entw\u00fcrfe k\u00f6nnen zus\u00e4tzliche Zeit erfordern<\/li><li>Wir werden unser Bestes tun, um dringende Bestellungen so schnell wie m\u00f6glich zu versenden.<\/li><\/ul><p>Wir danken Ihnen f\u00fcr Ihre Geduld, w\u00e4hrend wir Ihren einmaligen Teppich herstellen.<br \/>Qualit\u00e4tshandwerk braucht seine Zeit, aber wir versprechen, dass sich das Warten lohnt.<\/p>\t\t\t\t\t\t<\/div>\n\t\t\t\t<\/div>\n\t\t\t\t<\/div>\n\t\t\t\t\t<\/div>\n\t\t\t\t<\/div>\n\t\t\t\t<\/div>","protected":false},"excerpt":{"rendered":"<p>Abstract Topographic Wool Area Rug, Hand-Tufted, 9\u00d712\u2032, Sand &amp; Ivory New Zealand wool hand-tufted for exceptional softness and durability Organic topographic pattern with flowing contour lines in sand tones Multi-level carved texture creates stunning visual dimension Symmetrical medallion-inspired design offers timeless appeal Seamless blend of contemporary art and traditional craftsmanship Ask a Quote Product Description [&hellip;]<\/p>","protected":false},"author":1,"featured_media":2305,"parent":2236,"menu_order":0,"comment_status":"closed","ping_status":"closed","template":"","meta":{"rank_math_lock_modified_date":false,"_uag_custom_page_level_css":"","site-sidebar-layout":"no-sidebar","site-content-layout":"page-builder","ast-site-content-layout":"full-width-container","site-content-style":"default","site-sidebar-style":"default","ast-global-header-display":"","ast-banner-title-visibility":"","ast-main-header-display":"","ast-hfb-above-header-display":"","ast-hfb-below-header-display":"","ast-hfb-mobile-header-display":"","site-post-title":"disabled","ast-breadcrumbs-content":"","ast-featured-img":"disabled","footer-sml-layout":"","theme-transparent-header-meta":"","adv-header-id-meta":"","stick-header-meta":"","header-above-stick-meta":"","header-main-stick-meta":"","header-below-stick-meta":"","astra-migrate-meta-layouts":"set","ast-page-background-enabled":"default","ast-page-background-meta":{"desktop":{"background-color":"","background-image":"","background-repeat":"repeat","background-position":"center center","background-size":"auto","background-attachment":"scroll","background-type":"","background-media":"","overlay-type":"","overlay-color":"","overlay-opacity":"","overlay-gradient":""},"tablet":{"background-color":"","background-image":"","background-repeat":"repeat","background-position":"center center","background-size":"auto","background-attachment":"scroll","background-type":"","background-media":"","overlay-type":"","overlay-color":"","overlay-opacity":"","overlay-gradient":""},"mobile":{"background-color":"","background-image":"","background-repeat":"repeat","background-position":"center center","background-size":"auto","background-attachment":"scroll","background-type":"","background-media":"","overlay-type":"","overlay-color":"","overlay-opacity":"","overlay-gradient":""}},"ast-content-background-meta":{"desktop":{"background-color":"var(--ast-global-color-5)","background-image":"","background-repeat":"repeat","background-position":"center center","background-size":"auto","background-attachment":"scroll","background-type":"","background-media":"","overlay-type":"","overlay-color":"","overlay-opacity":"","overlay-gradient":""},"tablet":{"background-color":"var(--ast-global-color-5)","background-image":"","background-repeat":"repeat","background-position":"center center","background-size":"auto","background-attachment":"scroll","background-type":"","background-media":"","overlay-type":"","overlay-color":"","overlay-opacity":"","overlay-gradient":""},"mobile":{"background-color":"var(--ast-global-color-5)","background-image":"","background-repeat":"repeat","background-position":"center center","background-size":"auto","background-attachment":"scroll","background-type":"","background-media":"","overlay-type":"","overlay-color":"","overlay-opacity":"","overlay-gradient":""}},"_joinchat":[],"footnotes":""},"class_list":["post-2303","page","type-page","status-publish","has-post-thumbnail","hentry"],"uagb_featured_image_src":{"full":["https:\/\/custom-rugs.org\/wp-content\/uploads\/2024\/12\/topographic-pattern-wool-rug-sand-ivory-9x12-tufted-picture.jpg",1600,1600,false],"thumbnail":["https:\/\/custom-rugs.org\/wp-content\/uploads\/2024\/12\/topographic-pattern-wool-rug-sand-ivory-9x12-tufted-picture-150x150.jpg",150,150,true],"medium":["https:\/\/custom-rugs.org\/wp-content\/uploads\/2024\/12\/topographic-pattern-wool-rug-sand-ivory-9x12-tufted-picture-300x300.jpg",300,300,true],"medium_large":["https:\/\/custom-rugs.org\/wp-content\/uploads\/2024\/12\/topographic-pattern-wool-rug-sand-ivory-9x12-tufted-picture-768x768.jpg",768,768,true],"large":["https:\/\/custom-rugs.org\/wp-content\/uploads\/2024\/12\/topographic-pattern-wool-rug-sand-ivory-9x12-tufted-picture-1024x1024.jpg",1024,1024,true],"1536x1536":["https:\/\/custom-rugs.org\/wp-content\/uploads\/2024\/12\/topographic-pattern-wool-rug-sand-ivory-9x12-tufted-picture-1536x1536.jpg",1536,1536,true],"2048x2048":["https:\/\/custom-rugs.org\/wp-content\/uploads\/2024\/12\/topographic-pattern-wool-rug-sand-ivory-9x12-tufted-picture.jpg",1600,1600,false],"trp-custom-language-flag":["https:\/\/custom-rugs.org\/wp-content\/uploads\/2024\/12\/topographic-pattern-wool-rug-sand-ivory-9x12-tufted-picture.jpg",12,12,false],"crp_thumbnail":["https:\/\/custom-rugs.org\/wp-content\/uploads\/2024\/12\/topographic-pattern-wool-rug-sand-ivory-9x12-tufted-picture-150x150.jpg",150,150,true]},"uagb_author_info":{"display_name":"Custom Rugs","author_link":"https:\/\/custom-rugs.org\/de\/author\/admin-hang\/"},"uagb_comment_info":0,"uagb_excerpt":"Abstract Topographic Wool Area Rug, Hand-Tufted, 9\u00d712\u2032, Sand &amp; Ivory New Zealand wool hand-tufted for exceptional softness and durability Organic topographic pattern with flowing contour lines in sand tones Multi-level carved texture creates stunning visual dimension Symmetrical medallion-inspired design offers timeless appeal Seamless blend of contemporary art and traditional craftsmanship Ask a Quote Product Description&hellip;","_links":{"self":[{"href":"https:\/\/custom-rugs.org\/de\/wp-json\/wp\/v2\/pages\/2303","targetHints":{"allow":["GET"]}}],"collection":[{"href":"https:\/\/custom-rugs.org\/de\/wp-json\/wp\/v2\/pages"}],"about":[{"href":"https:\/\/custom-rugs.org\/de\/wp-json\/wp\/v2\/types\/page"}],"author":[{"embeddable":true,"href":"https:\/\/custom-rugs.org\/de\/wp-json\/wp\/v2\/users\/1"}],"replies":[{"embeddable":true,"href":"https:\/\/custom-rugs.org\/de\/wp-json\/wp\/v2\/comments?post=2303"}],"version-history":[{"count":0,"href":"https:\/\/custom-rugs.org\/de\/wp-json\/wp\/v2\/pages\/2303\/revisions"}],"up":[{"embeddable":true,"href":"https:\/\/custom-rugs.org\/de\/wp-json\/wp\/v2\/pages\/2236"}],"wp:featuredmedia":[{"embeddable":true,"href":"https:\/\/custom-rugs.org\/de\/wp-json\/wp\/v2\/media\/2305"}],"wp:attachment":[{"href":"https:\/\/custom-rugs.org\/de\/wp-json\/wp\/v2\/media?parent=2303"}],"curies":[{"name":"wp","href":"https:\/\/api.w.org\/{rel}","templated":true}]}}