{"id":2297,"date":"2024-12-03T18:48:22","date_gmt":"2024-12-03T10:48:22","guid":{"rendered":"https:\/\/custom-rugs.org\/?page_id=2297"},"modified":"2024-12-03T18:50:48","modified_gmt":"2024-12-03T10:50:48","slug":"abstract-spiral-brown-tufted-wool-rug-9x12","status":"publish","type":"page","link":"https:\/\/custom-rugs.org\/de\/abstract-rugs\/abstract-spiral-brown-tufted-wool-rug-9x12\/","title":{"rendered":"Abstrakte Spirale Braun getuftet Wolle Teppich 9'x12\u2032"},"content":{"rendered":"<div data-elementor-type=\"wp-page\" data-elementor-id=\"2297\" class=\"elementor elementor-2297\">\n\t\t\t\t<div class=\"elementor-element elementor-element-af9c614 e-flex e-con-boxed e-con e-parent\" data-id=\"af9c614\" data-element_type=\"container\">\n\t\t\t\t\t<div class=\"e-con-inner\">\n\t\t<div class=\"elementor-element elementor-element-a5bfc32 e-con-full e-flex e-con e-child\" data-id=\"a5bfc32\" data-element_type=\"container\">\n\t\t\t\t<div class=\"elementor-element elementor-element-3371f27 elementor-widget elementor-widget-image\" data-id=\"3371f27\" data-element_type=\"widget\" data-widget_type=\"image.default\">\n\t\t\t\t<div class=\"elementor-widget-container\">\n\t\t\t\t\t\t\t\t\t\t\t\t\t<img fetchpriority=\"high\" decoding=\"async\" width=\"768\" height=\"768\" src=\"https:\/\/custom-rugs.org\/wp-content\/uploads\/2024\/12\/abstract-spiral-tufted-wool-rug-brown-9x12-picture-768x768.jpg\" class=\"attachment-medium_large size-medium_large wp-image-2299\" alt=\"Abstrakte Spirale getufteter Wollteppich braun 9x12\" srcset=\"https:\/\/custom-rugs.org\/wp-content\/uploads\/2024\/12\/abstract-spiral-tufted-wool-rug-brown-9x12-picture-768x768.jpg 768w, https:\/\/custom-rugs.org\/wp-content\/uploads\/2024\/12\/abstract-spiral-tufted-wool-rug-brown-9x12-picture-300x300.jpg 300w, https:\/\/custom-rugs.org\/wp-content\/uploads\/2024\/12\/abstract-spiral-tufted-wool-rug-brown-9x12-picture-1024x1024.jpg 1024w, https:\/\/custom-rugs.org\/wp-content\/uploads\/2024\/12\/abstract-spiral-tufted-wool-rug-brown-9x12-picture-150x150.jpg 150w, https:\/\/custom-rugs.org\/wp-content\/uploads\/2024\/12\/abstract-spiral-tufted-wool-rug-brown-9x12-picture-1536x1536.jpg 1536w, https:\/\/custom-rugs.org\/wp-content\/uploads\/2024\/12\/abstract-spiral-tufted-wool-rug-brown-9x12-picture.jpg 1600w\" sizes=\"(max-width: 768px) 100vw, 768px\" \/>\t\t\t\t\t\t\t\t\t\t\t\t\t<\/div>\n\t\t\t\t<\/div>\n\t\t\t\t<\/div>\n\t\t<div class=\"elementor-element elementor-element-064a072 e-con-full e-flex e-con e-child\" data-id=\"064a072\" data-element_type=\"container\">\n\t\t\t\t<div class=\"elementor-element elementor-element-42e034e elementor-widget elementor-widget-shortcode\" data-id=\"42e034e\" data-element_type=\"widget\" data-widget_type=\"shortcode.default\">\n\t\t\t\t<div class=\"elementor-widget-container\">\n\t\t\t\t\t<div class=\"elementor-shortcode\"><nav aria-label=\"Semmelbr\u00f6sel\" class=\"rank-math-breadcrumb\"><p><span class=\"last\">Startseite<\/span><\/p><\/nav><\/div>\n\t\t\t\t<\/div>\n\t\t\t\t<\/div>\n\t\t\t\t<div class=\"elementor-element elementor-element-b03693e elementor-widget elementor-widget-heading\" data-id=\"b03693e\" data-element_type=\"widget\" data-widget_type=\"heading.default\">\n\t\t\t\t<div class=\"elementor-widget-container\">\n\t\t\t<h1 class=\"elementor-heading-title elementor-size-default\">Abstrakte Spirale Braun getuftet Wolle Teppich 9'x12\u2032<\/h1>\t\t<\/div>\n\t\t\t\t<\/div>\n\t\t\t\t<div class=\"elementor-element elementor-element-7011850 elementor-widget elementor-widget-text-editor\" data-id=\"7011850\" data-element_type=\"widget\" data-widget_type=\"text-editor.default\">\n\t\t\t\t<div class=\"elementor-widget-container\">\n\t\t\t\t\t\t\t<ul><li>Individuell getufteter Teppich mit abstraktem Spiralmuster<\/li><li>Hergestellt aus hochwertiger neuseel\u00e4ndischer Wolle<\/li><li>Handgefertigt mit Liebe zum Detail<\/li><li>Gro\u00dfes Format 9'x12\u2032 f\u00fcr ger\u00e4umige R\u00e4ume<\/li><li>Satte Braunt\u00f6ne f\u00fcr elegantes Dekor<\/li><\/ul>\t\t\t\t\t\t<\/div>\n\t\t\t\t<\/div>\n\t\t\t\t<div class=\"elementor-element elementor-element-13c5a7a elementor-align-left elementor-widget elementor-widget-button\" data-id=\"13c5a7a\" data-element_type=\"widget\" data-widget_type=\"button.default\">\n\t\t\t\t<div class=\"elementor-widget-container\">\n\t\t\t\t\t<div class=\"elementor-button-wrapper\">\n\t\t\t<a class=\"elementor-button elementor-button-link elementor-size-sm\" href=\"https:\/\/custom-rugs.org\/de\/contact\/\" target=\"_blank\">\n\t\t\t\t\t\t<span class=\"elementor-button-content-wrapper\">\n\t\t\t\t\t\t\t\t\t<span class=\"elementor-button-text\">Angebot einholen<\/span>\n\t\t\t\t\t<\/span>\n\t\t\t\t\t<\/a>\n\t\t<\/div>\n\t\t\t\t<\/div>\n\t\t\t\t<\/div>\n\t\t\t\t<\/div>\n\t\t\t\t\t<\/div>\n\t\t\t\t<\/div>\n\t\t<div class=\"elementor-element elementor-element-829e142 e-flex e-con-boxed e-con e-parent\" data-id=\"829e142\" data-element_type=\"container\" data-settings=\"{&quot;background_background&quot;:&quot;classic&quot;}\">\n\t\t\t\t\t<div class=\"e-con-inner\">\n\t\t<div class=\"elementor-element elementor-element-60bf82e e-con-full e-flex e-con e-child\" data-id=\"60bf82e\" data-element_type=\"container\">\n\t\t\t\t<div class=\"elementor-element elementor-element-0b9657d elementor-widget-divider--view-line elementor-widget elementor-widget-divider\" data-id=\"0b9657d\" data-element_type=\"widget\" data-widget_type=\"divider.default\">\n\t\t\t\t<div class=\"elementor-widget-container\">\n\t\t\t\t\t<div class=\"elementor-divider\">\n\t\t\t<span class=\"elementor-divider-separator\">\n\t\t\t\t\t\t<\/span>\n\t\t<\/div>\n\t\t\t\t<\/div>\n\t\t\t\t<\/div>\n\t\t\t\t<div class=\"elementor-element elementor-element-fb2b172 elementor-widget elementor-widget-heading\" data-id=\"fb2b172\" data-element_type=\"widget\" data-widget_type=\"heading.default\">\n\t\t\t\t<div class=\"elementor-widget-container\">\n\t\t\t<div class=\"elementor-heading-title elementor-size-default\">Beschreibung des Produkts<\/div>\t\t<\/div>\n\t\t\t\t<\/div>\n\t\t\t\t<div class=\"elementor-element elementor-element-6611392 elementor-widget elementor-widget-text-editor\" data-id=\"6611392\" data-element_type=\"widget\" data-widget_type=\"text-editor.default\">\n\t\t\t\t<div class=\"elementor-widget-container\">\n\t\t\t\t\t\t\t<p>Unser abstrakter Wollteppich Spiral entsteht aus dem Zusammenspiel von Form und Textur, inspiriert von den faszinierenden Mustern der Natur.<br \/>Dieses individuell getuftete Meisterwerk aus hochwertiger neuseel\u00e4ndischer Wolle bringt einen Hauch von organischer Eleganz in Ihren Wohnraum.<br \/>Das verschlungene Spiralmuster in verschiedenen Braunt\u00f6nen schafft einen fesselnden visuellen Rhythmus, der zum Betrachten und Bewundern einl\u00e4dt.<\/p><p><strong>H\u00f6hepunkte:<\/strong><\/p><ul><li>Handgefertigt aus hochwertiger neuseel\u00e4ndischer Wolle f\u00fcr Langlebigkeit und Weichheit<\/li><li>Ma\u00dfgeschneiderte Tufting-Konstruktion f\u00fcr au\u00dfergew\u00f6hnliche Qualit\u00e4t und einzigartigen Charakter<\/li><li>Vielseitiges Format 9'x12\u2032, perfekt f\u00fcr gro\u00dfe Wohn- oder Schlafr\u00e4ume<\/li><\/ul>\t\t\t\t\t\t<\/div>\n\t\t\t\t<\/div>\n\t\t\t\t<\/div>\n\t\t\t\t\t<\/div>\n\t\t\t\t<\/div>\n\t\t\t\t<\/div>","protected":false},"excerpt":{"rendered":"<p>Abstract Spiral Brown Tufted Wool Rug 9\u2019x12\u2032 Custom tufted rug with abstract spiral design Made from premium New Zealand wool Handcrafted with attention to detail Large 9\u2019x12\u2032 size for spacious rooms Rich brown tones for elegant decor Ask a Quote Product Description Our Abstract Spiral Wool Rug emerges from the interplay of form and texture, [&hellip;]<\/p>","protected":false},"author":1,"featured_media":2299,"parent":2236,"menu_order":0,"comment_status":"closed","ping_status":"closed","template":"","meta":{"rank_math_lock_modified_date":false,"_uag_custom_page_level_css":"","site-sidebar-layout":"no-sidebar","site-content-layout":"page-builder","ast-site-content-layout":"full-width-container","site-content-style":"default","site-sidebar-style":"default","ast-global-header-display":"","ast-banner-title-visibility":"","ast-main-header-display":"","ast-hfb-above-header-display":"","ast-hfb-below-header-display":"","ast-hfb-mobile-header-display":"","site-post-title":"disabled","ast-breadcrumbs-content":"","ast-featured-img":"disabled","footer-sml-layout":"","theme-transparent-header-meta":"","adv-header-id-meta":"","stick-header-meta":"","header-above-stick-meta":"","header-main-stick-meta":"","header-below-stick-meta":"","astra-migrate-meta-layouts":"set","ast-page-background-enabled":"default","ast-page-background-meta":{"desktop":{"background-color":"","background-image":"","background-repeat":"repeat","background-position":"center center","background-size":"auto","background-attachment":"scroll","background-type":"","background-media":"","overlay-type":"","overlay-color":"","overlay-opacity":"","overlay-gradient":""},"tablet":{"background-color":"","background-image":"","background-repeat":"repeat","background-position":"center center","background-size":"auto","background-attachment":"scroll","background-type":"","background-media":"","overlay-type":"","overlay-color":"","overlay-opacity":"","overlay-gradient":""},"mobile":{"background-color":"","background-image":"","background-repeat":"repeat","background-position":"center center","background-size":"auto","background-attachment":"scroll","background-type":"","background-media":"","overlay-type":"","overlay-color":"","overlay-opacity":"","overlay-gradient":""}},"ast-content-background-meta":{"desktop":{"background-color":"var(--ast-global-color-5)","background-image":"","background-repeat":"repeat","background-position":"center center","background-size":"auto","background-attachment":"scroll","background-type":"","background-media":"","overlay-type":"","overlay-color":"","overlay-opacity":"","overlay-gradient":""},"tablet":{"background-color":"var(--ast-global-color-5)","background-image":"","background-repeat":"repeat","background-position":"center center","background-size":"auto","background-attachment":"scroll","background-type":"","background-media":"","overlay-type":"","overlay-color":"","overlay-opacity":"","overlay-gradient":""},"mobile":{"background-color":"var(--ast-global-color-5)","background-image":"","background-repeat":"repeat","background-position":"center center","background-size":"auto","background-attachment":"scroll","background-type":"","background-media":"","overlay-type":"","overlay-color":"","overlay-opacity":"","overlay-gradient":""}},"_joinchat":[],"footnotes":""},"class_list":["post-2297","page","type-page","status-publish","has-post-thumbnail","hentry"],"uagb_featured_image_src":{"full":["https:\/\/custom-rugs.org\/wp-content\/uploads\/2024\/12\/abstract-spiral-tufted-wool-rug-brown-9x12-picture.jpg",1600,1600,false],"thumbnail":["https:\/\/custom-rugs.org\/wp-content\/uploads\/2024\/12\/abstract-spiral-tufted-wool-rug-brown-9x12-picture-150x150.jpg",150,150,true],"medium":["https:\/\/custom-rugs.org\/wp-content\/uploads\/2024\/12\/abstract-spiral-tufted-wool-rug-brown-9x12-picture-300x300.jpg",300,300,true],"medium_large":["https:\/\/custom-rugs.org\/wp-content\/uploads\/2024\/12\/abstract-spiral-tufted-wool-rug-brown-9x12-picture-768x768.jpg",768,768,true],"large":["https:\/\/custom-rugs.org\/wp-content\/uploads\/2024\/12\/abstract-spiral-tufted-wool-rug-brown-9x12-picture-1024x1024.jpg",1024,1024,true],"1536x1536":["https:\/\/custom-rugs.org\/wp-content\/uploads\/2024\/12\/abstract-spiral-tufted-wool-rug-brown-9x12-picture-1536x1536.jpg",1536,1536,true],"2048x2048":["https:\/\/custom-rugs.org\/wp-content\/uploads\/2024\/12\/abstract-spiral-tufted-wool-rug-brown-9x12-picture.jpg",1600,1600,false],"trp-custom-language-flag":["https:\/\/custom-rugs.org\/wp-content\/uploads\/2024\/12\/abstract-spiral-tufted-wool-rug-brown-9x12-picture.jpg",12,12,false],"crp_thumbnail":["https:\/\/custom-rugs.org\/wp-content\/uploads\/2024\/12\/abstract-spiral-tufted-wool-rug-brown-9x12-picture-150x150.jpg",150,150,true]},"uagb_author_info":{"display_name":"Custom Rugs","author_link":"https:\/\/custom-rugs.org\/de\/author\/admin-hang\/"},"uagb_comment_info":0,"uagb_excerpt":"Abstract Spiral Brown Tufted Wool Rug 9\u2019x12\u2032 Custom tufted rug with abstract spiral design Made from premium New Zealand wool Handcrafted with attention to detail Large 9\u2019x12\u2032 size for spacious rooms Rich brown tones for elegant decor Ask a Quote Product Description Our Abstract Spiral Wool Rug emerges from the interplay of form and texture,&hellip;","_links":{"self":[{"href":"https:\/\/custom-rugs.org\/de\/wp-json\/wp\/v2\/pages\/2297","targetHints":{"allow":["GET"]}}],"collection":[{"href":"https:\/\/custom-rugs.org\/de\/wp-json\/wp\/v2\/pages"}],"about":[{"href":"https:\/\/custom-rugs.org\/de\/wp-json\/wp\/v2\/types\/page"}],"author":[{"embeddable":true,"href":"https:\/\/custom-rugs.org\/de\/wp-json\/wp\/v2\/users\/1"}],"replies":[{"embeddable":true,"href":"https:\/\/custom-rugs.org\/de\/wp-json\/wp\/v2\/comments?post=2297"}],"version-history":[{"count":0,"href":"https:\/\/custom-rugs.org\/de\/wp-json\/wp\/v2\/pages\/2297\/revisions"}],"up":[{"embeddable":true,"href":"https:\/\/custom-rugs.org\/de\/wp-json\/wp\/v2\/pages\/2236"}],"wp:featuredmedia":[{"embeddable":true,"href":"https:\/\/custom-rugs.org\/de\/wp-json\/wp\/v2\/media\/2299"}],"wp:attachment":[{"href":"https:\/\/custom-rugs.org\/de\/wp-json\/wp\/v2\/media?parent=2297"}],"curies":[{"name":"wp","href":"https:\/\/api.w.org\/{rel}","templated":true}]}}