{"id":2282,"date":"2024-12-03T18:05:22","date_gmt":"2024-12-03T10:05:22","guid":{"rendered":"https:\/\/custom-rugs.org\/?page_id=2282"},"modified":"2024-12-03T18:08:38","modified_gmt":"2024-12-03T10:08:38","slug":"abstract-mosaic-gray-tufted-wool-rug-8x10","status":"publish","type":"page","link":"https:\/\/custom-rugs.org\/de\/abstract-rugs\/abstract-mosaic-gray-tufted-wool-rug-8x10\/","title":{"rendered":"Abstraktes Mosaik Grau Getufteter Wollteppich 8'x10\u2032"},"content":{"rendered":"<div data-elementor-type=\"wp-page\" data-elementor-id=\"2282\" class=\"elementor elementor-2282\">\n\t\t\t\t<div class=\"elementor-element elementor-element-a6c0af2 e-flex e-con-boxed e-con e-parent\" data-id=\"a6c0af2\" data-element_type=\"container\">\n\t\t\t\t\t<div class=\"e-con-inner\">\n\t\t<div class=\"elementor-element elementor-element-b8d8ec7 e-con-full e-flex e-con e-child\" data-id=\"b8d8ec7\" data-element_type=\"container\">\n\t\t\t\t<div class=\"elementor-element elementor-element-3ff8ae4 elementor-widget elementor-widget-image\" data-id=\"3ff8ae4\" data-element_type=\"widget\" data-widget_type=\"image.default\">\n\t\t\t\t<div class=\"elementor-widget-container\">\n\t\t\t\t\t\t\t\t\t\t\t\t\t<img fetchpriority=\"high\" decoding=\"async\" width=\"768\" height=\"768\" src=\"https:\/\/custom-rugs.org\/wp-content\/uploads\/2024\/12\/abstract-mosaic-wool-rug-gray-brown-8x10-picture-768x768.jpg\" class=\"attachment-medium_large size-medium_large wp-image-2284\" alt=\"Abstraktes Mosaik Wollteppich grau braun 8x10\" srcset=\"https:\/\/custom-rugs.org\/wp-content\/uploads\/2024\/12\/abstract-mosaic-wool-rug-gray-brown-8x10-picture-768x768.jpg 768w, https:\/\/custom-rugs.org\/wp-content\/uploads\/2024\/12\/abstract-mosaic-wool-rug-gray-brown-8x10-picture-300x300.jpg 300w, https:\/\/custom-rugs.org\/wp-content\/uploads\/2024\/12\/abstract-mosaic-wool-rug-gray-brown-8x10-picture-1024x1024.jpg 1024w, https:\/\/custom-rugs.org\/wp-content\/uploads\/2024\/12\/abstract-mosaic-wool-rug-gray-brown-8x10-picture-150x150.jpg 150w, https:\/\/custom-rugs.org\/wp-content\/uploads\/2024\/12\/abstract-mosaic-wool-rug-gray-brown-8x10-picture-1536x1536.jpg 1536w, https:\/\/custom-rugs.org\/wp-content\/uploads\/2024\/12\/abstract-mosaic-wool-rug-gray-brown-8x10-picture.jpg 1600w\" sizes=\"(max-width: 768px) 100vw, 768px\" \/>\t\t\t\t\t\t\t\t\t\t\t\t\t<\/div>\n\t\t\t\t<\/div>\n\t\t\t\t<\/div>\n\t\t<div class=\"elementor-element elementor-element-0830751 e-con-full e-flex e-con e-child\" data-id=\"0830751\" data-element_type=\"container\">\n\t\t\t\t<div class=\"elementor-element elementor-element-0997767 elementor-widget elementor-widget-shortcode\" data-id=\"0997767\" data-element_type=\"widget\" data-widget_type=\"shortcode.default\">\n\t\t\t\t<div class=\"elementor-widget-container\">\n\t\t\t\t\t<div class=\"elementor-shortcode\"><nav aria-label=\"Semmelbr\u00f6sel\" class=\"rank-math-breadcrumb\"><p><span class=\"last\">Startseite<\/span><\/p><\/nav><\/div>\n\t\t\t\t<\/div>\n\t\t\t\t<\/div>\n\t\t\t\t<div class=\"elementor-element elementor-element-ed9ac3d elementor-widget elementor-widget-heading\" data-id=\"ed9ac3d\" data-element_type=\"widget\" data-widget_type=\"heading.default\">\n\t\t\t\t<div class=\"elementor-widget-container\">\n\t\t\t<h1 class=\"elementor-heading-title elementor-size-default\">Abstraktes Mosaik Grau Getufteter Wollteppich 8'x10\u2032<\/h1>\t\t<\/div>\n\t\t\t\t<\/div>\n\t\t\t\t<div class=\"elementor-element elementor-element-6b018f1 elementor-widget elementor-widget-text-editor\" data-id=\"6b018f1\" data-element_type=\"widget\" data-widget_type=\"text-editor.default\">\n\t\t\t\t<div class=\"elementor-widget-container\">\n\t\t\t\t\t\t\t<ul><li>Individuell getufteter Teppich mit abstraktem Mosaikmuster<\/li><li>Hergestellt aus hochwertiger neuseel\u00e4ndischer Wolle<\/li><li>Handgefertigt mit fachm\u00e4nnischer Pr\u00e4zision<\/li><li>Ger\u00e4umiges Format 8'x10\u2032 f\u00fcr gr\u00f6\u00dfere R\u00e4ume<\/li><li>Elegante Grau- und Braunt\u00f6ne f\u00fcr Vielseitigkeit<\/li><\/ul>\t\t\t\t\t\t<\/div>\n\t\t\t\t<\/div>\n\t\t\t\t<div class=\"elementor-element elementor-element-ed5312d elementor-align-left elementor-widget elementor-widget-button\" data-id=\"ed5312d\" data-element_type=\"widget\" data-widget_type=\"button.default\">\n\t\t\t\t<div class=\"elementor-widget-container\">\n\t\t\t\t\t<div class=\"elementor-button-wrapper\">\n\t\t\t<a class=\"elementor-button elementor-button-link elementor-size-sm\" href=\"https:\/\/custom-rugs.org\/de\/contact\/\" target=\"_blank\">\n\t\t\t\t\t\t<span class=\"elementor-button-content-wrapper\">\n\t\t\t\t\t\t\t\t\t<span class=\"elementor-button-text\">Angebot einholen<\/span>\n\t\t\t\t\t<\/span>\n\t\t\t\t\t<\/a>\n\t\t<\/div>\n\t\t\t\t<\/div>\n\t\t\t\t<\/div>\n\t\t\t\t<\/div>\n\t\t\t\t\t<\/div>\n\t\t\t\t<\/div>\n\t\t<div class=\"elementor-element elementor-element-c7ce114 e-flex e-con-boxed e-con e-parent\" data-id=\"c7ce114\" data-element_type=\"container\" data-settings=\"{&quot;background_background&quot;:&quot;classic&quot;}\">\n\t\t\t\t\t<div class=\"e-con-inner\">\n\t\t<div class=\"elementor-element elementor-element-79c682f e-con-full e-flex e-con e-child\" data-id=\"79c682f\" data-element_type=\"container\">\n\t\t\t\t<div class=\"elementor-element elementor-element-623d4db elementor-widget-divider--view-line elementor-widget elementor-widget-divider\" data-id=\"623d4db\" data-element_type=\"widget\" data-widget_type=\"divider.default\">\n\t\t\t\t<div class=\"elementor-widget-container\">\n\t\t\t\t\t<div class=\"elementor-divider\">\n\t\t\t<span class=\"elementor-divider-separator\">\n\t\t\t\t\t\t<\/span>\n\t\t<\/div>\n\t\t\t\t<\/div>\n\t\t\t\t<\/div>\n\t\t\t\t<div class=\"elementor-element elementor-element-e5d6e9f elementor-widget elementor-widget-heading\" data-id=\"e5d6e9f\" data-element_type=\"widget\" data-widget_type=\"heading.default\">\n\t\t\t\t<div class=\"elementor-widget-container\">\n\t\t\t<div class=\"elementor-heading-title elementor-size-default\">Beschreibung des Produkts<\/div>\t\t<\/div>\n\t\t\t\t<\/div>\n\t\t\t\t<div class=\"elementor-element elementor-element-ec48b2d elementor-widget elementor-widget-text-editor\" data-id=\"ec48b2d\" data-element_type=\"widget\" data-widget_type=\"text-editor.default\">\n\t\t\t\t<div class=\"elementor-widget-container\">\n\t\t\t\t\t\t\t<p>Unser abstrakter Mosaik-Wollteppich ist ein Zeugnis f\u00fcr die Sch\u00f6nheit organischer Formen, die durch modernes Design neu interpretiert werden.<br \/>Dieses individuell getuftete Meisterwerk aus hochwertiger neuseel\u00e4ndischer Wolle bringt einen Hauch von moderner Eleganz in Ihren Wohnbereich.<br \/>Das komplizierte, mosaikartige Muster in verschiedenen Grau- und Braunt\u00f6nen schafft eine fesselnde visuelle Textur, die sowohl zum Bewundern als auch zum Nachdenken einl\u00e4dt.<\/p><p><strong>H\u00f6hepunkte:<\/strong><\/p><ul><li>Sorgf\u00e4ltig handgefertigt aus hochwertiger neuseel\u00e4ndischer Wolle f\u00fcr Langlebigkeit und luxuri\u00f6ses Gef\u00fchl<\/li><li>Die ma\u00dfgeschneiderte Tufting-Konstruktion gew\u00e4hrleistet au\u00dfergew\u00f6hnliche Qualit\u00e4t und einzigartigen k\u00fcnstlerischen Charakter<\/li><li>Die vielseitige Gr\u00f6\u00dfe von 8'x10\u2032 eignet sich perfekt f\u00fcr Wohnzimmer, Essbereiche oder Hauptschlafzimmer<\/li><\/ul>\t\t\t\t\t\t<\/div>\n\t\t\t\t<\/div>\n\t\t\t\t<\/div>\n\t\t\t\t\t<\/div>\n\t\t\t\t<\/div>\n\t\t\t\t<\/div>","protected":false},"excerpt":{"rendered":"<p>Abstract Mosaic Gray Tufted Wool Rug 8\u2019x10\u2032 Custom tufted rug with abstract mosaic design Made from premium New Zealand wool Handcrafted with expert precision Spacious 8\u2019x10\u2032 size for larger rooms Elegant gray and brown tones for versatility Ask a Quote Product Description Our Abstract Mosaic Wool Rug is a testament to the beauty of organic [&hellip;]<\/p>","protected":false},"author":1,"featured_media":2284,"parent":2236,"menu_order":0,"comment_status":"closed","ping_status":"closed","template":"","meta":{"rank_math_lock_modified_date":false,"_uag_custom_page_level_css":"","site-sidebar-layout":"no-sidebar","site-content-layout":"page-builder","ast-site-content-layout":"full-width-container","site-content-style":"default","site-sidebar-style":"default","ast-global-header-display":"","ast-banner-title-visibility":"","ast-main-header-display":"","ast-hfb-above-header-display":"","ast-hfb-below-header-display":"","ast-hfb-mobile-header-display":"","site-post-title":"disabled","ast-breadcrumbs-content":"","ast-featured-img":"disabled","footer-sml-layout":"","theme-transparent-header-meta":"","adv-header-id-meta":"","stick-header-meta":"","header-above-stick-meta":"","header-main-stick-meta":"","header-below-stick-meta":"","astra-migrate-meta-layouts":"set","ast-page-background-enabled":"default","ast-page-background-meta":{"desktop":{"background-color":"","background-image":"","background-repeat":"repeat","background-position":"center center","background-size":"auto","background-attachment":"scroll","background-type":"","background-media":"","overlay-type":"","overlay-color":"","overlay-opacity":"","overlay-gradient":""},"tablet":{"background-color":"","background-image":"","background-repeat":"repeat","background-position":"center center","background-size":"auto","background-attachment":"scroll","background-type":"","background-media":"","overlay-type":"","overlay-color":"","overlay-opacity":"","overlay-gradient":""},"mobile":{"background-color":"","background-image":"","background-repeat":"repeat","background-position":"center center","background-size":"auto","background-attachment":"scroll","background-type":"","background-media":"","overlay-type":"","overlay-color":"","overlay-opacity":"","overlay-gradient":""}},"ast-content-background-meta":{"desktop":{"background-color":"var(--ast-global-color-5)","background-image":"","background-repeat":"repeat","background-position":"center center","background-size":"auto","background-attachment":"scroll","background-type":"","background-media":"","overlay-type":"","overlay-color":"","overlay-opacity":"","overlay-gradient":""},"tablet":{"background-color":"var(--ast-global-color-5)","background-image":"","background-repeat":"repeat","background-position":"center center","background-size":"auto","background-attachment":"scroll","background-type":"","background-media":"","overlay-type":"","overlay-color":"","overlay-opacity":"","overlay-gradient":""},"mobile":{"background-color":"var(--ast-global-color-5)","background-image":"","background-repeat":"repeat","background-position":"center center","background-size":"auto","background-attachment":"scroll","background-type":"","background-media":"","overlay-type":"","overlay-color":"","overlay-opacity":"","overlay-gradient":""}},"_joinchat":[],"footnotes":""},"class_list":["post-2282","page","type-page","status-publish","has-post-thumbnail","hentry"],"uagb_featured_image_src":{"full":["https:\/\/custom-rugs.org\/wp-content\/uploads\/2024\/12\/abstract-mosaic-wool-rug-gray-brown-8x10-picture.jpg",1600,1600,false],"thumbnail":["https:\/\/custom-rugs.org\/wp-content\/uploads\/2024\/12\/abstract-mosaic-wool-rug-gray-brown-8x10-picture-150x150.jpg",150,150,true],"medium":["https:\/\/custom-rugs.org\/wp-content\/uploads\/2024\/12\/abstract-mosaic-wool-rug-gray-brown-8x10-picture-300x300.jpg",300,300,true],"medium_large":["https:\/\/custom-rugs.org\/wp-content\/uploads\/2024\/12\/abstract-mosaic-wool-rug-gray-brown-8x10-picture-768x768.jpg",768,768,true],"large":["https:\/\/custom-rugs.org\/wp-content\/uploads\/2024\/12\/abstract-mosaic-wool-rug-gray-brown-8x10-picture-1024x1024.jpg",1024,1024,true],"1536x1536":["https:\/\/custom-rugs.org\/wp-content\/uploads\/2024\/12\/abstract-mosaic-wool-rug-gray-brown-8x10-picture-1536x1536.jpg",1536,1536,true],"2048x2048":["https:\/\/custom-rugs.org\/wp-content\/uploads\/2024\/12\/abstract-mosaic-wool-rug-gray-brown-8x10-picture.jpg",1600,1600,false],"trp-custom-language-flag":["https:\/\/custom-rugs.org\/wp-content\/uploads\/2024\/12\/abstract-mosaic-wool-rug-gray-brown-8x10-picture.jpg",12,12,false],"crp_thumbnail":["https:\/\/custom-rugs.org\/wp-content\/uploads\/2024\/12\/abstract-mosaic-wool-rug-gray-brown-8x10-picture-150x150.jpg",150,150,true]},"uagb_author_info":{"display_name":"Custom Rugs","author_link":"https:\/\/custom-rugs.org\/de\/author\/admin-hang\/"},"uagb_comment_info":0,"uagb_excerpt":"Abstract Mosaic Gray Tufted Wool Rug 8\u2019x10\u2032 Custom tufted rug with abstract mosaic design Made from premium New Zealand wool Handcrafted with expert precision Spacious 8\u2019x10\u2032 size for larger rooms Elegant gray and brown tones for versatility Ask a Quote Product Description Our Abstract Mosaic Wool Rug is a testament to the beauty of organic&hellip;","_links":{"self":[{"href":"https:\/\/custom-rugs.org\/de\/wp-json\/wp\/v2\/pages\/2282","targetHints":{"allow":["GET"]}}],"collection":[{"href":"https:\/\/custom-rugs.org\/de\/wp-json\/wp\/v2\/pages"}],"about":[{"href":"https:\/\/custom-rugs.org\/de\/wp-json\/wp\/v2\/types\/page"}],"author":[{"embeddable":true,"href":"https:\/\/custom-rugs.org\/de\/wp-json\/wp\/v2\/users\/1"}],"replies":[{"embeddable":true,"href":"https:\/\/custom-rugs.org\/de\/wp-json\/wp\/v2\/comments?post=2282"}],"version-history":[{"count":0,"href":"https:\/\/custom-rugs.org\/de\/wp-json\/wp\/v2\/pages\/2282\/revisions"}],"up":[{"embeddable":true,"href":"https:\/\/custom-rugs.org\/de\/wp-json\/wp\/v2\/pages\/2236"}],"wp:featuredmedia":[{"embeddable":true,"href":"https:\/\/custom-rugs.org\/de\/wp-json\/wp\/v2\/media\/2284"}],"wp:attachment":[{"href":"https:\/\/custom-rugs.org\/de\/wp-json\/wp\/v2\/media?parent=2282"}],"curies":[{"name":"wp","href":"https:\/\/api.w.org\/{rel}","templated":true}]}}