{"id":2261,"date":"2024-12-03T17:52:51","date_gmt":"2024-12-03T09:52:51","guid":{"rendered":"https:\/\/custom-rugs.org\/?page_id=2261"},"modified":"2024-12-03T17:56:10","modified_gmt":"2024-12-03T09:56:10","slug":"abstract-geometric-wool-rug-modern-triangle-pattern-8x10-custom-tufted","status":"publish","type":"page","link":"https:\/\/custom-rugs.org\/de\/abstract-rugs\/abstract-geometric-wool-rug-modern-triangle-pattern-8x10-custom-tufted\/","title":{"rendered":"Abstrakter geometrischer Wollteppich - Modernes Dreiecksmuster, 8\u00d710\u2032 Individuell getuftet"},"content":{"rendered":"<div data-elementor-type=\"wp-page\" data-elementor-id=\"2261\" class=\"elementor elementor-2261\">\n\t\t\t\t<div class=\"elementor-element elementor-element-7d84c7f e-flex e-con-boxed e-con e-parent\" data-id=\"7d84c7f\" data-element_type=\"container\">\n\t\t\t\t\t<div class=\"e-con-inner\">\n\t\t<div class=\"elementor-element elementor-element-bb5f356 e-con-full e-flex e-con e-child\" data-id=\"bb5f356\" data-element_type=\"container\">\n\t\t\t\t<div class=\"elementor-element elementor-element-23d225c elementor-widget elementor-widget-image\" data-id=\"23d225c\" data-element_type=\"widget\" data-widget_type=\"image.default\">\n\t\t\t\t<div class=\"elementor-widget-container\">\n\t\t\t\t\t\t\t\t\t\t\t\t\t<img fetchpriority=\"high\" decoding=\"async\" width=\"768\" height=\"768\" src=\"https:\/\/custom-rugs.org\/wp-content\/uploads\/2024\/12\/tufted-wool-geometric-rug-red-purple-lime-8x10-picture-768x768.jpg\" class=\"attachment-medium_large size-medium_large wp-image-2263\" alt=\"Getufteter geometrischer Wollteppich rot lila kalk 8x10\" srcset=\"https:\/\/custom-rugs.org\/wp-content\/uploads\/2024\/12\/tufted-wool-geometric-rug-red-purple-lime-8x10-picture-768x768.jpg 768w, https:\/\/custom-rugs.org\/wp-content\/uploads\/2024\/12\/tufted-wool-geometric-rug-red-purple-lime-8x10-picture-300x300.jpg 300w, https:\/\/custom-rugs.org\/wp-content\/uploads\/2024\/12\/tufted-wool-geometric-rug-red-purple-lime-8x10-picture-1024x1024.jpg 1024w, https:\/\/custom-rugs.org\/wp-content\/uploads\/2024\/12\/tufted-wool-geometric-rug-red-purple-lime-8x10-picture-150x150.jpg 150w, https:\/\/custom-rugs.org\/wp-content\/uploads\/2024\/12\/tufted-wool-geometric-rug-red-purple-lime-8x10-picture-1536x1536.jpg 1536w, https:\/\/custom-rugs.org\/wp-content\/uploads\/2024\/12\/tufted-wool-geometric-rug-red-purple-lime-8x10-picture.jpg 1600w\" sizes=\"(max-width: 768px) 100vw, 768px\" \/>\t\t\t\t\t\t\t\t\t\t\t\t\t<\/div>\n\t\t\t\t<\/div>\n\t\t\t\t<\/div>\n\t\t<div class=\"elementor-element elementor-element-69c567e e-con-full e-flex e-con e-child\" data-id=\"69c567e\" data-element_type=\"container\">\n\t\t\t\t<div class=\"elementor-element elementor-element-0fcf8a8 elementor-widget elementor-widget-shortcode\" data-id=\"0fcf8a8\" data-element_type=\"widget\" data-widget_type=\"shortcode.default\">\n\t\t\t\t<div class=\"elementor-widget-container\">\n\t\t\t\t\t<div class=\"elementor-shortcode\"><nav aria-label=\"Semmelbr\u00f6sel\" class=\"rank-math-breadcrumb\"><p><span class=\"last\">Startseite<\/span><\/p><\/nav><\/div>\n\t\t\t\t<\/div>\n\t\t\t\t<\/div>\n\t\t\t\t<div class=\"elementor-element elementor-element-54f7626 elementor-widget elementor-widget-heading\" data-id=\"54f7626\" data-element_type=\"widget\" data-widget_type=\"heading.default\">\n\t\t\t\t<div class=\"elementor-widget-container\">\n\t\t\t<h1 class=\"elementor-heading-title elementor-size-default\">Abstrakter geometrischer Wollteppich - Modernes Dreiecksmuster, 8\u00d710\u2032 Individuell getuftet<\/h1>\t\t<\/div>\n\t\t\t\t<\/div>\n\t\t\t\t<div class=\"elementor-element elementor-element-f00fa15 elementor-widget elementor-widget-text-editor\" data-id=\"f00fa15\" data-element_type=\"widget\" data-widget_type=\"text-editor.default\">\n\t\t\t\t<div class=\"elementor-widget-container\">\n\t\t\t\t\t\t\t<ul><li>Hochwertige neuseel\u00e4ndische Wolle, individuell getuftet f\u00fcr h\u00f6chste Haltbarkeit<\/li><li>K\u00fchnes geometrisches Design mit leuchtend roten, lila und limonenfarbenen Dreiecken<\/li><li>Dynamisches, abstraktes Muster erzeugt eine auff\u00e4llige visuelle Bewegung<\/li><li>Pl\u00fcschflorh\u00f6he perfekt f\u00fcr moderne Wohnr\u00e4ume<\/li><li>Jeder Teppich wird von erfahrenen Handwerkern handgefertigt und hat einen einzigartigen Charakter<\/li><\/ul>\t\t\t\t\t\t<\/div>\n\t\t\t\t<\/div>\n\t\t\t\t<div class=\"elementor-element elementor-element-6e33a19 elementor-align-left elementor-widget elementor-widget-button\" data-id=\"6e33a19\" data-element_type=\"widget\" data-widget_type=\"button.default\">\n\t\t\t\t<div class=\"elementor-widget-container\">\n\t\t\t\t\t<div class=\"elementor-button-wrapper\">\n\t\t\t<a class=\"elementor-button elementor-button-link elementor-size-sm\" href=\"https:\/\/custom-rugs.org\/de\/contact\/\" target=\"_blank\">\n\t\t\t\t\t\t<span class=\"elementor-button-content-wrapper\">\n\t\t\t\t\t\t\t\t\t<span class=\"elementor-button-text\">Angebot einholen<\/span>\n\t\t\t\t\t<\/span>\n\t\t\t\t\t<\/a>\n\t\t<\/div>\n\t\t\t\t<\/div>\n\t\t\t\t<\/div>\n\t\t\t\t<\/div>\n\t\t\t\t\t<\/div>\n\t\t\t\t<\/div>\n\t\t<div class=\"elementor-element elementor-element-0b870c1 e-flex e-con-boxed e-con e-parent\" data-id=\"0b870c1\" data-element_type=\"container\" data-settings=\"{&quot;background_background&quot;:&quot;classic&quot;}\">\n\t\t\t\t\t<div class=\"e-con-inner\">\n\t\t<div class=\"elementor-element elementor-element-c5e6091 e-con-full e-flex e-con e-child\" data-id=\"c5e6091\" data-element_type=\"container\">\n\t\t\t\t<div class=\"elementor-element elementor-element-fab30c6 elementor-widget-divider--view-line elementor-widget elementor-widget-divider\" data-id=\"fab30c6\" data-element_type=\"widget\" data-widget_type=\"divider.default\">\n\t\t\t\t<div class=\"elementor-widget-container\">\n\t\t\t\t\t<div class=\"elementor-divider\">\n\t\t\t<span class=\"elementor-divider-separator\">\n\t\t\t\t\t\t<\/span>\n\t\t<\/div>\n\t\t\t\t<\/div>\n\t\t\t\t<\/div>\n\t\t\t\t<div class=\"elementor-element elementor-element-04b1747 elementor-widget elementor-widget-heading\" data-id=\"04b1747\" data-element_type=\"widget\" data-widget_type=\"heading.default\">\n\t\t\t\t<div class=\"elementor-widget-container\">\n\t\t\t<div class=\"elementor-heading-title elementor-size-default\">Beschreibung des Produkts<\/div>\t\t<\/div>\n\t\t\t\t<\/div>\n\t\t\t\t<div class=\"elementor-element elementor-element-86d8eef elementor-widget elementor-widget-text-editor\" data-id=\"86d8eef\" data-element_type=\"widget\" data-widget_type=\"text-editor.default\">\n\t\t\t\t<div class=\"elementor-widget-container\">\n\t\t\t\t\t\t\t<p>Prism Dance entsteht aus der k\u00fchnen Kreuzung von geometrischer Pr\u00e4zision und k\u00fcnstlerischer Spontaneit\u00e4t.<br \/>Wie ein in der Zeit eingefrorenes Kaleidoskop tanzen leuchtende Dreiecke in Rot, Violett und Limonengr\u00fcn \u00fcber eine makellose Leinwand.<br \/>Dieser individuell getuftete Teppich bringt zeitgen\u00f6ssischen k\u00fcnstlerischen Ausdruck in Ihren Wohnbereich.<\/p><p><strong>HIGHLIGHTS:<\/strong><\/p><ul><li>Individuell getuftet von erfahrenen Handwerkern aus hochwertiger neuseel\u00e4ndischer Wolle<\/li><li>Dynamisches geometrisches Muster mit pr\u00e4zisen eckigen Formen<\/li><li>Erh\u00e4ltlich in verschiedenen Gr\u00f6\u00dfen und individuellen Farbvarianten<\/li><\/ul><p><strong>Abmessungen und Gewicht<\/strong><\/p><ul><li>240 x 300 cm \/ 8 x 10 Fu\u00df (-\/+5 cm oder 2 Zoll)<\/li><li>Dicke = 1,5 cm \/ 0,5 Zoll<\/li><li>41 kg \/ 90 Pfund<\/li><\/ul><p><strong>Material<\/strong><\/p><ul><li>100% Neuseel\u00e4ndische Wolle<\/li><\/ul><p><strong>Produktionsvorlaufzeit<\/strong><\/p><p>Jeder von uns gefertigte Teppich ist ein Unikat nach Ma\u00df.<\/p><ul><li>Produktionszeit: 15 - 20 Arbeitstage<\/li><li>Dieser Zeitrahmen beginnt nach der Best\u00e4tigung Ihrer Bestellung<\/li><li>Jeder Teppich wird speziell nach Ihren W\u00fcnschen angefertigt<\/li><li>Unsere Kunsthandwerker gew\u00e4hrleisten die Qualit\u00e4t in jeder Phase des Prozesses<\/li><\/ul><p>Bitte beachten:<\/p><ul><li>Arbeitstage ohne Wochenenden und Feiertage<\/li><li>Komplexe Entw\u00fcrfe k\u00f6nnen zus\u00e4tzliche Zeit erfordern<\/li><li>Wir werden unser Bestes tun, um dringende Bestellungen so schnell wie m\u00f6glich zu versenden.<\/li><\/ul><p>Wir danken Ihnen f\u00fcr Ihre Geduld, w\u00e4hrend wir Ihren einmaligen Teppich herstellen.<br \/>Qualit\u00e4tshandwerk braucht seine Zeit, aber wir versprechen, dass sich das Warten lohnt.<\/p>\t\t\t\t\t\t<\/div>\n\t\t\t\t<\/div>\n\t\t\t\t<\/div>\n\t\t\t\t\t<\/div>\n\t\t\t\t<\/div>\n\t\t\t\t<\/div>","protected":false},"excerpt":{"rendered":"<p>Abstrakter geometrischer Wollteppich - modernes Dreiecksmuster, 8\u00d710\u2032 Individuell getuftet Hochwertige Neuseelandwolle, individuell getuftet f\u00fcr \u00fcberlegene Langlebigkeit K\u00fchnes geometrisches Design mit lebhaften roten, lilafarbenen und kalkfarbenen Dreiecken Dynamisches abstraktes Muster sorgt f\u00fcr auff\u00e4llige visuelle Bewegung Pl\u00fcschige Florh\u00f6he, perfekt f\u00fcr moderne Wohnr\u00e4ume Jeder Teppich wird von qualifizierten Kunsthandwerkern handgefertigt und hat einen einzigartigen Charakter Fragen Sie [...]<\/p>","protected":false},"author":1,"featured_media":2263,"parent":2236,"menu_order":0,"comment_status":"closed","ping_status":"closed","template":"","meta":{"rank_math_lock_modified_date":false,"_uag_custom_page_level_css":"","site-sidebar-layout":"no-sidebar","site-content-layout":"page-builder","ast-site-content-layout":"full-width-container","site-content-style":"default","site-sidebar-style":"default","ast-global-header-display":"","ast-banner-title-visibility":"","ast-main-header-display":"","ast-hfb-above-header-display":"","ast-hfb-below-header-display":"","ast-hfb-mobile-header-display":"","site-post-title":"disabled","ast-breadcrumbs-content":"","ast-featured-img":"disabled","footer-sml-layout":"","theme-transparent-header-meta":"","adv-header-id-meta":"","stick-header-meta":"","header-above-stick-meta":"","header-main-stick-meta":"","header-below-stick-meta":"","astra-migrate-meta-layouts":"set","ast-page-background-enabled":"default","ast-page-background-meta":{"desktop":{"background-color":"","background-image":"","background-repeat":"repeat","background-position":"center center","background-size":"auto","background-attachment":"scroll","background-type":"","background-media":"","overlay-type":"","overlay-color":"","overlay-opacity":"","overlay-gradient":""},"tablet":{"background-color":"","background-image":"","background-repeat":"repeat","background-position":"center center","background-size":"auto","background-attachment":"scroll","background-type":"","background-media":"","overlay-type":"","overlay-color":"","overlay-opacity":"","overlay-gradient":""},"mobile":{"background-color":"","background-image":"","background-repeat":"repeat","background-position":"center center","background-size":"auto","background-attachment":"scroll","background-type":"","background-media":"","overlay-type":"","overlay-color":"","overlay-opacity":"","overlay-gradient":""}},"ast-content-background-meta":{"desktop":{"background-color":"var(--ast-global-color-5)","background-image":"","background-repeat":"repeat","background-position":"center center","background-size":"auto","background-attachment":"scroll","background-type":"","background-media":"","overlay-type":"","overlay-color":"","overlay-opacity":"","overlay-gradient":""},"tablet":{"background-color":"var(--ast-global-color-5)","background-image":"","background-repeat":"repeat","background-position":"center center","background-size":"auto","background-attachment":"scroll","background-type":"","background-media":"","overlay-type":"","overlay-color":"","overlay-opacity":"","overlay-gradient":""},"mobile":{"background-color":"var(--ast-global-color-5)","background-image":"","background-repeat":"repeat","background-position":"center center","background-size":"auto","background-attachment":"scroll","background-type":"","background-media":"","overlay-type":"","overlay-color":"","overlay-opacity":"","overlay-gradient":""}},"_joinchat":[],"footnotes":""},"class_list":["post-2261","page","type-page","status-publish","has-post-thumbnail","hentry"],"uagb_featured_image_src":{"full":["https:\/\/custom-rugs.org\/wp-content\/uploads\/2024\/12\/tufted-wool-geometric-rug-red-purple-lime-8x10-picture.jpg",1600,1600,false],"thumbnail":["https:\/\/custom-rugs.org\/wp-content\/uploads\/2024\/12\/tufted-wool-geometric-rug-red-purple-lime-8x10-picture-150x150.jpg",150,150,true],"medium":["https:\/\/custom-rugs.org\/wp-content\/uploads\/2024\/12\/tufted-wool-geometric-rug-red-purple-lime-8x10-picture-300x300.jpg",300,300,true],"medium_large":["https:\/\/custom-rugs.org\/wp-content\/uploads\/2024\/12\/tufted-wool-geometric-rug-red-purple-lime-8x10-picture-768x768.jpg",768,768,true],"large":["https:\/\/custom-rugs.org\/wp-content\/uploads\/2024\/12\/tufted-wool-geometric-rug-red-purple-lime-8x10-picture-1024x1024.jpg",1024,1024,true],"1536x1536":["https:\/\/custom-rugs.org\/wp-content\/uploads\/2024\/12\/tufted-wool-geometric-rug-red-purple-lime-8x10-picture-1536x1536.jpg",1536,1536,true],"2048x2048":["https:\/\/custom-rugs.org\/wp-content\/uploads\/2024\/12\/tufted-wool-geometric-rug-red-purple-lime-8x10-picture.jpg",1600,1600,false],"trp-custom-language-flag":["https:\/\/custom-rugs.org\/wp-content\/uploads\/2024\/12\/tufted-wool-geometric-rug-red-purple-lime-8x10-picture.jpg",12,12,false],"crp_thumbnail":["https:\/\/custom-rugs.org\/wp-content\/uploads\/2024\/12\/tufted-wool-geometric-rug-red-purple-lime-8x10-picture-150x150.jpg",150,150,true]},"uagb_author_info":{"display_name":"Custom Rugs","author_link":"https:\/\/custom-rugs.org\/de\/author\/admin-hang\/"},"uagb_comment_info":0,"uagb_excerpt":"Abstract Geometric Wool Rug \u2013 Modern Triangle Pattern, 8\u00d710\u2032 Custom Tufted Premium New Zealand wool custom tufted for superior durability Bold geometric design with vibrant red, purple, and lime triangles Dynamic abstract pattern creates striking visual movement Plush pile height perfect for modern living spaces Each rug handcrafted by skilled artisans for unique character Ask&hellip;","_links":{"self":[{"href":"https:\/\/custom-rugs.org\/de\/wp-json\/wp\/v2\/pages\/2261","targetHints":{"allow":["GET"]}}],"collection":[{"href":"https:\/\/custom-rugs.org\/de\/wp-json\/wp\/v2\/pages"}],"about":[{"href":"https:\/\/custom-rugs.org\/de\/wp-json\/wp\/v2\/types\/page"}],"author":[{"embeddable":true,"href":"https:\/\/custom-rugs.org\/de\/wp-json\/wp\/v2\/users\/1"}],"replies":[{"embeddable":true,"href":"https:\/\/custom-rugs.org\/de\/wp-json\/wp\/v2\/comments?post=2261"}],"version-history":[{"count":0,"href":"https:\/\/custom-rugs.org\/de\/wp-json\/wp\/v2\/pages\/2261\/revisions"}],"up":[{"embeddable":true,"href":"https:\/\/custom-rugs.org\/de\/wp-json\/wp\/v2\/pages\/2236"}],"wp:featuredmedia":[{"embeddable":true,"href":"https:\/\/custom-rugs.org\/de\/wp-json\/wp\/v2\/media\/2263"}],"wp:attachment":[{"href":"https:\/\/custom-rugs.org\/de\/wp-json\/wp\/v2\/media?parent=2261"}],"curies":[{"name":"wp","href":"https:\/\/api.w.org\/{rel}","templated":true}]}}