{"id":2241,"date":"2024-12-03T17:39:43","date_gmt":"2024-12-03T09:39:43","guid":{"rendered":"https:\/\/custom-rugs.org\/?page_id=2241"},"modified":"2024-12-03T17:55:54","modified_gmt":"2024-12-03T09:55:54","slug":"70s-retro-geometric-wool-area-rug-hand-tufted-6x9-mauve-plum","status":"publish","type":"page","link":"https:\/\/custom-rugs.org\/de\/abstract-rugs\/70s-retro-geometric-wool-area-rug-hand-tufted-6x9-mauve-plum\/","title":{"rendered":"70s Retro Geometrischer Wollteppich, handgetuftet, 6\u00d79\u2032, Mauve &amp; Pflaume"},"content":{"rendered":"<div data-elementor-type=\"wp-page\" data-elementor-id=\"2241\" class=\"elementor elementor-2241\">\n\t\t\t\t<div class=\"elementor-element elementor-element-717757d e-flex e-con-boxed e-con e-parent\" data-id=\"717757d\" data-element_type=\"container\">\n\t\t\t\t\t<div class=\"e-con-inner\">\n\t\t<div class=\"elementor-element elementor-element-286e4d8 e-con-full e-flex e-con e-child\" data-id=\"286e4d8\" data-element_type=\"container\">\n\t\t\t\t<div class=\"elementor-element elementor-element-61ecc93 elementor-widget elementor-widget-image\" data-id=\"61ecc93\" data-element_type=\"widget\" data-widget_type=\"image.default\">\n\t\t\t\t<div class=\"elementor-widget-container\">\n\t\t\t\t\t\t\t\t\t\t\t\t\t<img fetchpriority=\"high\" decoding=\"async\" width=\"768\" height=\"768\" src=\"https:\/\/custom-rugs.org\/wp-content\/uploads\/2024\/12\/retro-geometric-wool-rug-mauve-plum-6x9-tufted-picture-768x768.jpg\" class=\"attachment-medium_large size-medium_large wp-image-2243\" alt=\"Retro geometrischer Wollteppich mauve pflaume 6x9 getuftet\" srcset=\"https:\/\/custom-rugs.org\/wp-content\/uploads\/2024\/12\/retro-geometric-wool-rug-mauve-plum-6x9-tufted-picture-768x768.jpg 768w, https:\/\/custom-rugs.org\/wp-content\/uploads\/2024\/12\/retro-geometric-wool-rug-mauve-plum-6x9-tufted-picture-300x300.jpg 300w, https:\/\/custom-rugs.org\/wp-content\/uploads\/2024\/12\/retro-geometric-wool-rug-mauve-plum-6x9-tufted-picture-1024x1024.jpg 1024w, https:\/\/custom-rugs.org\/wp-content\/uploads\/2024\/12\/retro-geometric-wool-rug-mauve-plum-6x9-tufted-picture-150x150.jpg 150w, https:\/\/custom-rugs.org\/wp-content\/uploads\/2024\/12\/retro-geometric-wool-rug-mauve-plum-6x9-tufted-picture-1536x1536.jpg 1536w, https:\/\/custom-rugs.org\/wp-content\/uploads\/2024\/12\/retro-geometric-wool-rug-mauve-plum-6x9-tufted-picture.jpg 1600w\" sizes=\"(max-width: 768px) 100vw, 768px\" \/>\t\t\t\t\t\t\t\t\t\t\t\t\t<\/div>\n\t\t\t\t<\/div>\n\t\t\t\t<\/div>\n\t\t<div class=\"elementor-element elementor-element-319da4d e-con-full e-flex e-con e-child\" data-id=\"319da4d\" data-element_type=\"container\">\n\t\t\t\t<div class=\"elementor-element elementor-element-abd7e4c elementor-widget elementor-widget-shortcode\" data-id=\"abd7e4c\" data-element_type=\"widget\" data-widget_type=\"shortcode.default\">\n\t\t\t\t<div class=\"elementor-widget-container\">\n\t\t\t\t\t<div class=\"elementor-shortcode\"><nav aria-label=\"Semmelbr\u00f6sel\" class=\"rank-math-breadcrumb\"><p><span class=\"last\">Startseite<\/span><\/p><\/nav><\/div>\n\t\t\t\t<\/div>\n\t\t\t\t<\/div>\n\t\t\t\t<div class=\"elementor-element elementor-element-a4bdd09 elementor-widget elementor-widget-heading\" data-id=\"a4bdd09\" data-element_type=\"widget\" data-widget_type=\"heading.default\">\n\t\t\t\t<div class=\"elementor-widget-container\">\n\t\t\t<h1 class=\"elementor-heading-title elementor-size-default\">70s Retro Geometrischer Wollteppich, handgetuftet, 6\u00d79\u2032, Mauve &amp; Pflaume<\/h1>\t\t<\/div>\n\t\t\t\t<\/div>\n\t\t\t\t<div class=\"elementor-element elementor-element-472532b elementor-widget elementor-widget-text-editor\" data-id=\"472532b\" data-element_type=\"widget\" data-widget_type=\"text-editor.default\">\n\t\t\t\t<div class=\"elementor-widget-container\">\n\t\t\t\t\t\t\t<ul><li>Hochwertige neuseel\u00e4ndische Wolle handgetuftet mit 70er-Jahre-Design<\/li><li>Kr\u00e4ftige rechteckige Muster in Mauve mit Akzenten in Pflaume<\/li><li>Geschnitzte geometrische Formen erzeugen einen raffinierten Schichtungseffekt<\/li><li>Schwebende Retro-Rahmen bieten dynamische visuelle Bewegung<\/li><li>Tonalvariationen verleihen dem minimalistischen Design Tiefe<\/li><\/ul>\t\t\t\t\t\t<\/div>\n\t\t\t\t<\/div>\n\t\t\t\t<div class=\"elementor-element elementor-element-46ac2ca elementor-align-left elementor-widget elementor-widget-button\" data-id=\"46ac2ca\" data-element_type=\"widget\" data-widget_type=\"button.default\">\n\t\t\t\t<div class=\"elementor-widget-container\">\n\t\t\t\t\t<div class=\"elementor-button-wrapper\">\n\t\t\t<a class=\"elementor-button elementor-button-link elementor-size-sm\" href=\"https:\/\/custom-rugs.org\/de\/contact\/\" target=\"_blank\">\n\t\t\t\t\t\t<span class=\"elementor-button-content-wrapper\">\n\t\t\t\t\t\t\t\t\t<span class=\"elementor-button-text\">Angebot einholen<\/span>\n\t\t\t\t\t<\/span>\n\t\t\t\t\t<\/a>\n\t\t<\/div>\n\t\t\t\t<\/div>\n\t\t\t\t<\/div>\n\t\t\t\t<\/div>\n\t\t\t\t\t<\/div>\n\t\t\t\t<\/div>\n\t\t<div class=\"elementor-element elementor-element-01e85ae e-flex e-con-boxed e-con e-parent\" data-id=\"01e85ae\" data-element_type=\"container\" data-settings=\"{&quot;background_background&quot;:&quot;classic&quot;}\">\n\t\t\t\t\t<div class=\"e-con-inner\">\n\t\t<div class=\"elementor-element elementor-element-b2355fd e-con-full e-flex e-con e-child\" data-id=\"b2355fd\" data-element_type=\"container\">\n\t\t\t\t<div class=\"elementor-element elementor-element-1005a65 elementor-widget-divider--view-line elementor-widget elementor-widget-divider\" data-id=\"1005a65\" data-element_type=\"widget\" data-widget_type=\"divider.default\">\n\t\t\t\t<div class=\"elementor-widget-container\">\n\t\t\t\t\t<div class=\"elementor-divider\">\n\t\t\t<span class=\"elementor-divider-separator\">\n\t\t\t\t\t\t<\/span>\n\t\t<\/div>\n\t\t\t\t<\/div>\n\t\t\t\t<\/div>\n\t\t\t\t<div class=\"elementor-element elementor-element-7a90534 elementor-widget elementor-widget-heading\" data-id=\"7a90534\" data-element_type=\"widget\" data-widget_type=\"heading.default\">\n\t\t\t\t<div class=\"elementor-widget-container\">\n\t\t\t<div class=\"elementor-heading-title elementor-size-default\">Beschreibung des Produkts<\/div>\t\t<\/div>\n\t\t\t\t<\/div>\n\t\t\t\t<div class=\"elementor-element elementor-element-e6659a9 elementor-widget elementor-widget-text-editor\" data-id=\"e6659a9\" data-element_type=\"widget\" data-widget_type=\"text-editor.default\">\n\t\t\t\t<div class=\"elementor-widget-container\">\n\t\t\t\t\t\t\t<p>Dieses handgefertigte St\u00fcck zelebriert die k\u00fchne Raffinesse des Designs der 1970er Jahre und f\u00e4ngt eine \u00c4ra des furchtlosen Stils ein.<br \/>Schwebende rechteckige Rahmen in Mauve und tiefer Pflaume sorgen f\u00fcr eine markante architektonische Pr\u00e4senz.<br \/>Jedes geschnitzte Detail unterstreicht das Zusammenspiel der Dimensionen und bringt die Vintage-Moderne in zeitgen\u00f6ssische R\u00e4ume.<\/p><p><strong>HIGHLIGHTS:<\/strong><\/p><ul><li>Handgetuftet von erfahrenen Kunsthandwerkern aus hochwertiger neuseel\u00e4ndischer Wolle<\/li><li>Mit kultigen geometrischen Mustern der 70er Jahre und geschnitzten Details<\/li><li>Erh\u00e4ltlich in benutzerdefinierten Gr\u00f6\u00dfen und von der Zeit inspirierten Farbvarianten<\/li><\/ul><p><strong>Abmessungen und Gewicht<\/strong><\/p><ul><li>180 x 270 cm \/ 6 x 9 Fu\u00df (-\/+5 cm oder 2 Zoll)<\/li><li>Dicke = 1,5 cm \/ 0,5 Zoll<\/li><li>28 kg \/ 61 Pfund<\/li><\/ul><p><strong>Material<\/strong><\/p><ul><li>100% Neuseel\u00e4ndische Wolle<\/li><\/ul><p><strong>Produktionsvorlaufzeit<\/strong><\/p><p>Jeder von uns gefertigte Teppich ist ein Unikat nach Ma\u00df.<\/p><ul><li>Produktionszeit: 15 - 20 Arbeitstage<\/li><li>Dieser Zeitrahmen beginnt nach der Best\u00e4tigung Ihrer Bestellung<\/li><li>Jeder Teppich wird speziell nach Ihren W\u00fcnschen angefertigt<\/li><li>Unsere Kunsthandwerker gew\u00e4hrleisten die Qualit\u00e4t in jeder Phase des Prozesses<\/li><\/ul><p>Bitte beachten:<\/p><ul><li>Arbeitstage ohne Wochenenden und Feiertage<\/li><li>Komplexe Entw\u00fcrfe k\u00f6nnen zus\u00e4tzliche Zeit erfordern<\/li><li>Wir werden unser Bestes tun, um dringende Bestellungen so schnell wie m\u00f6glich zu versenden.<\/li><\/ul><p>Wir danken Ihnen f\u00fcr Ihre Geduld, w\u00e4hrend wir Ihren einmaligen Teppich herstellen.<br \/>Qualit\u00e4tshandwerk braucht seine Zeit, aber wir versprechen, dass sich das Warten lohnt.<\/p>\t\t\t\t\t\t<\/div>\n\t\t\t\t<\/div>\n\t\t\t\t<\/div>\n\t\t\t\t\t<\/div>\n\t\t\t\t<\/div>\n\t\t\t\t<\/div>","protected":false},"excerpt":{"rendered":"<p>70s Retro Geometric Wool Area Rug, Hand-Tufted, 6\u00d79\u2032, Mauve &amp; Plum Hochwertige Neuseeland Wolle handgetuftet mit Vintage 70s Design K\u00fchne rechteckige Muster in Mauve mit tiefen Pflaumen Akzenten Geschnitzte geometrische Formen schaffen raffinierte geschichtete Wirkung Schwebende Retro-Rahmen bieten dynamische visuelle Bewegung Tonal Variationen f\u00fcgen Tiefe zu minimalistischen Design Fragen Sie ein Angebot Produktbeschreibung [...]<\/p>","protected":false},"author":1,"featured_media":2243,"parent":2236,"menu_order":0,"comment_status":"closed","ping_status":"closed","template":"","meta":{"rank_math_lock_modified_date":false,"_uag_custom_page_level_css":"","site-sidebar-layout":"no-sidebar","site-content-layout":"page-builder","ast-site-content-layout":"full-width-container","site-content-style":"default","site-sidebar-style":"default","ast-global-header-display":"","ast-banner-title-visibility":"","ast-main-header-display":"","ast-hfb-above-header-display":"","ast-hfb-below-header-display":"","ast-hfb-mobile-header-display":"","site-post-title":"disabled","ast-breadcrumbs-content":"","ast-featured-img":"disabled","footer-sml-layout":"","theme-transparent-header-meta":"","adv-header-id-meta":"","stick-header-meta":"","header-above-stick-meta":"","header-main-stick-meta":"","header-below-stick-meta":"","astra-migrate-meta-layouts":"set","ast-page-background-enabled":"default","ast-page-background-meta":{"desktop":{"background-color":"","background-image":"","background-repeat":"repeat","background-position":"center center","background-size":"auto","background-attachment":"scroll","background-type":"","background-media":"","overlay-type":"","overlay-color":"","overlay-opacity":"","overlay-gradient":""},"tablet":{"background-color":"","background-image":"","background-repeat":"repeat","background-position":"center center","background-size":"auto","background-attachment":"scroll","background-type":"","background-media":"","overlay-type":"","overlay-color":"","overlay-opacity":"","overlay-gradient":""},"mobile":{"background-color":"","background-image":"","background-repeat":"repeat","background-position":"center center","background-size":"auto","background-attachment":"scroll","background-type":"","background-media":"","overlay-type":"","overlay-color":"","overlay-opacity":"","overlay-gradient":""}},"ast-content-background-meta":{"desktop":{"background-color":"var(--ast-global-color-5)","background-image":"","background-repeat":"repeat","background-position":"center center","background-size":"auto","background-attachment":"scroll","background-type":"","background-media":"","overlay-type":"","overlay-color":"","overlay-opacity":"","overlay-gradient":""},"tablet":{"background-color":"var(--ast-global-color-5)","background-image":"","background-repeat":"repeat","background-position":"center center","background-size":"auto","background-attachment":"scroll","background-type":"","background-media":"","overlay-type":"","overlay-color":"","overlay-opacity":"","overlay-gradient":""},"mobile":{"background-color":"var(--ast-global-color-5)","background-image":"","background-repeat":"repeat","background-position":"center center","background-size":"auto","background-attachment":"scroll","background-type":"","background-media":"","overlay-type":"","overlay-color":"","overlay-opacity":"","overlay-gradient":""}},"_joinchat":[],"footnotes":""},"class_list":["post-2241","page","type-page","status-publish","has-post-thumbnail","hentry"],"uagb_featured_image_src":{"full":["https:\/\/custom-rugs.org\/wp-content\/uploads\/2024\/12\/retro-geometric-wool-rug-mauve-plum-6x9-tufted-picture.jpg",1600,1600,false],"thumbnail":["https:\/\/custom-rugs.org\/wp-content\/uploads\/2024\/12\/retro-geometric-wool-rug-mauve-plum-6x9-tufted-picture-150x150.jpg",150,150,true],"medium":["https:\/\/custom-rugs.org\/wp-content\/uploads\/2024\/12\/retro-geometric-wool-rug-mauve-plum-6x9-tufted-picture-300x300.jpg",300,300,true],"medium_large":["https:\/\/custom-rugs.org\/wp-content\/uploads\/2024\/12\/retro-geometric-wool-rug-mauve-plum-6x9-tufted-picture-768x768.jpg",768,768,true],"large":["https:\/\/custom-rugs.org\/wp-content\/uploads\/2024\/12\/retro-geometric-wool-rug-mauve-plum-6x9-tufted-picture-1024x1024.jpg",1024,1024,true],"1536x1536":["https:\/\/custom-rugs.org\/wp-content\/uploads\/2024\/12\/retro-geometric-wool-rug-mauve-plum-6x9-tufted-picture-1536x1536.jpg",1536,1536,true],"2048x2048":["https:\/\/custom-rugs.org\/wp-content\/uploads\/2024\/12\/retro-geometric-wool-rug-mauve-plum-6x9-tufted-picture.jpg",1600,1600,false],"trp-custom-language-flag":["https:\/\/custom-rugs.org\/wp-content\/uploads\/2024\/12\/retro-geometric-wool-rug-mauve-plum-6x9-tufted-picture.jpg",12,12,false],"crp_thumbnail":["https:\/\/custom-rugs.org\/wp-content\/uploads\/2024\/12\/retro-geometric-wool-rug-mauve-plum-6x9-tufted-picture-150x150.jpg",150,150,true]},"uagb_author_info":{"display_name":"Custom Rugs","author_link":"https:\/\/custom-rugs.org\/de\/author\/admin-hang\/"},"uagb_comment_info":0,"uagb_excerpt":"70s Retro Geometric Wool Area Rug, Hand-Tufted, 6\u00d79\u2032, Mauve &amp; Plum Premium New Zealand wool hand-tufted with vintage 70s design Bold rectangular patterns in mauve with deep plum accents Carved geometric shapes create sophisticated layered effect Floating retro frames offer dynamic visual movement Tonal variations add depth to minimalist design Ask a Quote Product Description&hellip;","_links":{"self":[{"href":"https:\/\/custom-rugs.org\/de\/wp-json\/wp\/v2\/pages\/2241","targetHints":{"allow":["GET"]}}],"collection":[{"href":"https:\/\/custom-rugs.org\/de\/wp-json\/wp\/v2\/pages"}],"about":[{"href":"https:\/\/custom-rugs.org\/de\/wp-json\/wp\/v2\/types\/page"}],"author":[{"embeddable":true,"href":"https:\/\/custom-rugs.org\/de\/wp-json\/wp\/v2\/users\/1"}],"replies":[{"embeddable":true,"href":"https:\/\/custom-rugs.org\/de\/wp-json\/wp\/v2\/comments?post=2241"}],"version-history":[{"count":0,"href":"https:\/\/custom-rugs.org\/de\/wp-json\/wp\/v2\/pages\/2241\/revisions"}],"up":[{"embeddable":true,"href":"https:\/\/custom-rugs.org\/de\/wp-json\/wp\/v2\/pages\/2236"}],"wp:featuredmedia":[{"embeddable":true,"href":"https:\/\/custom-rugs.org\/de\/wp-json\/wp\/v2\/media\/2243"}],"wp:attachment":[{"href":"https:\/\/custom-rugs.org\/de\/wp-json\/wp\/v2\/media?parent=2241"}],"curies":[{"name":"wp","href":"https:\/\/api.w.org\/{rel}","templated":true}]}}